{"id":8662,"date":"2023-01-31T23:03:47","date_gmt":"2023-01-31T22:03:47","guid":{"rendered":"https:\/\/balavander.com\/?post_type=product&#038;p=8662"},"modified":"2026-05-03T03:13:54","modified_gmt":"2026-05-03T01:13:54","slug":"eco-glow-concentration-mirisna-sveca","status":"publish","type":"product","link":"https:\/\/balavander.com\/ru\/prodavnica\/eco-glow-concentration-mirisna-sveca\/","title":{"rendered":"Eco Glow \u2013 \u041a\u043e\u043d\u0446\u0435\u043d\u0442\u0440\u0430\u0446\u0438\u044f \u2013 \u0430\u0440\u043e\u043c\u0430\u0442\u0438\u0447\u0435\u0441\u043a\u0430\u044f \u0441\u0432\u0435\u0447\u0430skaya svecha"},"content":{"rendered":"<p><strong>Eco Glow \u041a\u043e\u043d\u0446\u0435\u043d\u0442\u0440\u0430\u0446\u0438\u044f <\/strong>\u0430\u0440\u043e\u043c\u0430\u0442\u0438\u0447\u0435\u0441\u043a\u0430\u044f \u0441\u0432\u0435\u0447\u0430 \u0438\u0437 100% \u043d\u0430\u0442\u0443\u0440\u0430\u043b\u044c\u043d\u043e\u0433\u043e \u0441\u043e\u0435\u0432\u043e\u0433\u043e \u0432\u043e\u0441\u043a\u0430 \u0432 \u0441\u0442\u0435\u043a\u043b\u044f\u043d\u043d\u043e\u043c \u0441\u0442\u0430\u043a\u0430\u043d\u0447\u0438\u043a\u0435.<br \/>\n\u0415\u0433\u043e \u0430\u0440\u043e\u043c\u0430\u0442 \u043c\u043e\u0436\u043d\u043e \u043e\u043f\u0438\u0441\u0430\u0442\u044c \u043a\u0430\u043a \u0443\u0441\u043f\u043e\u043a\u0430\u0438\u0432\u0430\u044e\u0449\u0438\u0439 \u0430\u0440\u043e\u043c\u0430\u0442 \u0441\u043c\u0435\u0441\u0438 \u044d\u0444\u0438\u0440\u043d\u044b\u0445 \u043c\u0430\u0441\u0435\u043b \u043b\u0435\u043c\u043e\u043d\u0433\u0440\u0430\u0441\u0441\u0430, \u0440\u043e\u0437\u043c\u0430\u0440\u0438\u043d\u0430 \u0438 \u043c\u044f\u0442\u044b.<br \/>\n\u042d\u0442\u043e\u0442 \u0431\u043b\u0430\u0433\u043e\u0443\u0445\u0430\u044e\u0449\u0438\u0439 \u0430\u0440\u043e\u043c\u0430\u0442 \u043f\u043e\u043c\u043e\u0436\u0435\u0442 \u0432\u0430\u043c \u0441\u043e\u0441\u0440\u0435\u0434\u043e\u0442\u043e\u0447\u0438\u0442\u044c\u0441\u044f \u0438 \u0443\u0441\u043f\u043e\u043a\u043e\u0438\u0442\u044c \u043c\u044b\u0441\u043b\u0438, \u043f\u043e\u043a\u0430 \u0432\u044b \u043e\u0442\u0434\u044b\u0445\u0430\u0435\u0442\u0435 \u0432 \u0442\u0435\u043f\u043b\u0435 \u0441\u0432\u043e\u0435\u0433\u043e \u0434\u043e\u043c\u0430.<br \/>\n\u0415\u0433\u043e \u0443\u043d\u0438\u043a\u0430\u043b\u044c\u043d\u044b\u0439 \u0434\u0438\u0437\u0430\u0439\u043d \u0438 \u043d\u0435\u043f\u043e\u0432\u0442\u043e\u0440\u0438\u043c\u043e\u0435 \u0441\u043e\u0447\u0435\u0442\u0430\u043d\u0438\u0435 \u0446\u0432\u0435\u0442\u043e\u0432 \u0433\u0430\u0440\u0430\u043d\u0442\u0438\u0440\u0443\u044e\u0442, \u0447\u0442\u043e \u043e\u043d \u0432\u043f\u0438\u0448\u0435\u0442\u0441\u044f \u0432 \u043b\u044e\u0431\u043e\u0435 \u0436\u0438\u043b\u043e\u0435 \u043f\u0440\u043e\u0441\u0442\u0440\u0430\u043d\u0441\u0442\u0432\u043e \u0438 \u0441\u0434\u0435\u043b\u0430\u0435\u0442 \u0435\u0433\u043e \u0431\u043e\u043b\u0435\u0435 \u043a\u0440\u0430\u0441\u0438\u0432\u044b\u043c.<\/p>\n<p>\u0421\u043e\u0435\u0432\u044b\u0435 \u0441\u0432\u0435\u0447\u0438 \u043d\u0430\u043c\u043d\u043e\u0433\u043e \u0431\u0435\u0437\u043e\u043f\u0430\u0441\u043d\u0435\u0435 \u0438 \u043d\u0430\u043c\u043d\u043e\u0433\u043e \u043f\u043e\u043b\u0435\u0437\u043d\u0435\u0435 \u043e\u0431\u044b\u0447\u043d\u044b\u0445 \u0441\u0432\u0435\u0447\u0435\u0439, \u043f\u043e\u0442\u043e\u043c\u0443 \u0447\u0442\u043e \u043e\u043d\u0438 \u0441\u0434\u0435\u043b\u0430\u043d\u044b \u0438\u0437 \u0432\u043e\u0441\u043a\u0430 \u0440\u0430\u0441\u0442\u0438\u0442\u0435\u043b\u044c\u043d\u043e\u0433\u043e \u043f\u0440\u043e\u0438\u0441\u0445\u043e\u0436\u0434\u0435\u043d\u0438\u044f, \u043a\u043e\u0442\u043e\u0440\u044b\u0439 \u043d\u0435 \u0441\u043e\u0434\u0435\u0440\u0436\u0438\u0442 \u043a\u0430\u043d\u0446\u0435\u0440\u043e\u0433\u0435\u043d\u043d\u044b\u0445 \u0447\u0430\u0441\u0442\u0438\u0446, \u043f\u043e\u044d\u0442\u043e\u043c\u0443 \u043e\u043d\u0438 \u043f\u043e\u0434\u0445\u043e\u0434\u044f\u0442 \u0438 \u0434\u043b\u044f \u0432\u0435\u0433\u0430\u043d\u043e\u0432.<\/p>\n<p>\u0412\u0440\u0435\u043c\u044f \u0433\u043e\u0440\u0435\u043d\u0438\u044f \u0442\u0430\u043a\u0436\u0435 \u043d\u0430\u043c\u043d\u043e\u0433\u043e \u0434\u043e\u043b\u044c\u0448\u0435, \u0447\u0435\u043c \u0443 \u043e\u0431\u044b\u0447\u043d\u044b\u0445 \u0441\u0432\u0435\u0447\u0435\u0439.<\/p>\n<p><strong>\u0418\u043d\u0433\u0440\u0435\u0434\u0438\u0435\u043d\u0442\u044b:<\/strong><br \/>\n\u2013 \u0425\u043b\u043e\u043f\u043a\u043e\u0432\u044b\u0439 \u0444\u0438\u0442\u0438\u043b\u044c WEDO \u0432\u044b\u0441\u0448\u0435\u0433\u043e \u043a\u0430\u0447\u0435\u0441\u0442\u0432\u0430<br \/>\n\u2013 100% \u0441\u043e\u0435\u0432\u044b\u0439 \u0432\u043e\u0441\u043a<br \/>\n\u2013 \u042d\u0444\u0438\u0440\u043d\u043e\u0435 \u043c\u0430\u0441\u043b\u043e \u043b\u0435\u043c\u043e\u043d\u0433\u0440\u0430\u0441\u0441\u0430<br \/>\n\u2013 \u042d\u0444\u0438\u0440\u043d\u043e\u0435 \u043c\u0430\u0441\u043b\u043e \u0440\u043e\u0437\u043c\u0430\u0440\u0438\u043d\u0430<br \/>\n\u2013 \u042d\u0444\u0438\u0440\u043d\u043e\u0435 \u043c\u0430\u0441\u043b\u043e \u043c\u044f\u0442\u044b \u043f\u0435\u0440\u0435\u0447\u043d\u043e\u0439<br \/>\n\u2013 \u0421\u0442\u0435\u043a\u043b\u044f\u043d\u043d\u0430\u044f \u0447\u0430\u0448\u043a\u0430<\/p>\n<p>\u0412\u0435\u0441 \u043d\u0435\u0442\u0442\u043e: <strong>180 \u0433<br \/>\n<\/strong>\u0412\u0440\u0435\u043c\u044f \u0433\u043e\u0440\u0435\u043d\u0438\u044f: <strong>40+ \u0447\u0430\u0441\u043e\u0432<\/strong><\/p>","protected":false},"excerpt":{"rendered":"<div class=\"flex-1 overflow-hidden\">\n<div class=\"react-scroll-to-bottom--css-hcocl-79elbk h-full\">\n<div class=\"react-scroll-to-bottom--css-hcocl-1n7m0yu\">\n<div class=\"flex flex-col pb-9 text-sm\">\n<div class=\"w-full text-token-text-primary\" data-testid=\"conversation-turn-43\">\n<div class=\"px-4 py-2 justify-center text-base md:gap-6 m-auto\">\n<div class=\"flex flex-1 text-base mx-auto gap-3 md:px-5 lg:px-1 xl:px-5 md:max-w-3xl lg:max-w-[40rem] xl:max-w-[48rem] group final-completion\">\n<div class=\"relative flex w-full flex-col lg:w-[calc(100%-115px)] agent-turn\">\n<div class=\"flex-col gap-1 md:gap-3\">\n<div class=\"flex flex-grow flex-col max-w-full\">\n<div class=\"min-h-[20px] text-message flex flex-col items-start gap-3 whitespace-pre-wrap break-words [.text-message+&amp;]:mt-5 overflow-x-auto\" data-message-author-role=\"assistant\" data-message-id=\"16281a02-74d7-41b5-918e-faab13824e65\">\n<div class=\"markdown prose w-full break-words dark:prose-invert dark\">\n<p>Eco Glow Concentration je prirodna soja sve\u0107a u elegantnoj staklenoj \u010da\u0161i. Umiruju\u0107i miris limunove trave, ruzmarina i mente poma\u017ee koncentraciji i opu\u0161tanju u domu. Unikatan dizajn i paleta boja prilagodljivi su svakom prostoru, dodaju\u0107i mu lepotu.<\/p>\n<p>Soja sve\u0107e su sigurne i zdrave, bez kancerogenih \u010destica, idealne za vegane. Sa 40+ sati gorenja, pru\u017eaju dugotrajno u\u017eivanje. Pamu\u010dni WEDO fitilj i pa\u017eljivo odabrani sastojci garantuju vrhunski kvalitet. Osvetlite prostor uz Eco Glow Concentration i do\u017eivite spoj mira i koncentracije.<\/p>\n<\/div>\n<\/div>\n<\/div>\n<\/div>\n<\/div>\n<\/div>\n<\/div>\n<\/div>\n<\/div>\n<\/div>\n<\/div>\n<\/div>\n","protected":false},"featured_media":8655,"comment_status":"open","ping_status":"closed","template":"","meta":{"wprm-recipe-roundup-name":"","wprm-recipe-roundup-description":""},"product_brand":[],"product_cat":[28,26],"product_tag":[],"class_list":{"0":"post-8662","1":"product","2":"type-product","3":"status-publish","4":"has-post-thumbnail","6":"product_cat-mirisne-svece-od-sojinog-voska","7":"product_cat-aromaterapija","9":"first","10":"onbackorder","11":"taxable","12":"shipping-taxable","13":"purchasable","14":"product-type-simple"},"_links":{"self":[{"href":"https:\/\/balavander.com\/ru\/wp-json\/wp\/v2\/product\/8662","targetHints":{"allow":["GET"]}}],"collection":[{"href":"https:\/\/balavander.com\/ru\/wp-json\/wp\/v2\/product"}],"about":[{"href":"https:\/\/balavander.com\/ru\/wp-json\/wp\/v2\/types\/product"}],"replies":[{"embeddable":true,"href":"https:\/\/balavander.com\/ru\/wp-json\/wp\/v2\/comments?post=8662"}],"wp:featuredmedia":[{"embeddable":true,"href":"https:\/\/balavander.com\/ru\/wp-json\/wp\/v2\/media\/8655"}],"wp:attachment":[{"href":"https:\/\/balavander.com\/ru\/wp-json\/wp\/v2\/media?parent=8662"}],"wp:term":[{"taxonomy":"product_brand","embeddable":true,"href":"https:\/\/balavander.com\/ru\/wp-json\/wp\/v2\/product_brand?post=8662"},{"taxonomy":"product_cat","embeddable":true,"href":"https:\/\/balavander.com\/ru\/wp-json\/wp\/v2\/product_cat?post=8662"},{"taxonomy":"product_tag","embeddable":true,"href":"https:\/\/balavander.com\/ru\/wp-json\/wp\/v2\/product_tag?post=8662"}],"curies":[{"name":"wp","href":"https:\/\/api.w.org\/{rel}","templated":true}]}}