{"id":597,"date":"2020-12-29T03:27:14","date_gmt":"2020-12-29T02:27:14","guid":{"rendered":"https:\/\/balavander.com\/?post_type=product&#038;p=597"},"modified":"2026-04-29T01:38:46","modified_gmt":"2026-04-28T23:38:46","slug":"elan-mirisna-so-za-kupanje","status":"publish","type":"product","link":"https:\/\/balavander.com\/ru\/prodavnica\/elan-mirisna-so-za-kupanje\/","title":{"rendered":"Elan \u2013 \u0441\u043e\u043b\u044c \u0434\u043b\u044f \u0432\u0430\u043d\u043d"},"content":{"rendered":"<div class=\"_xlr\"><\/div>\n<h2>\u0421\u043e\u043b\u044c \u0434\u043b\u044f \u0432\u0430\u043d\u043d\u044b \u2013 \u041d\u0430\u0442\u0443\u0440\u0430\u043b\u044c\u043d\u0430\u044f \u0440\u043e\u0441\u043a\u043e\u0448\u044c \u0434\u043b\u044f \u0442\u0435\u043b\u0430 \u0438 \u0443\u043c\u0430<\/h2>\n<p>\u041f\u043e\u0433\u0440\u0443\u0437\u0438\u0442\u0435\u0441\u044c \u0432 \u043c\u0438\u0440 \u0440\u0430\u0441\u0441\u043b\u0430\u0431\u043b\u0435\u043d\u0438\u044f \u0441 <strong>Elan<\/strong> &#8211; <strong>\u0441\u043e\u043b\u044c \u0434\u043b\u044f \u0432\u0430\u043d\u043d\u044b<\/strong>, \u0438\u0434\u0435\u0430\u043b\u044c\u043d\u043e\u0439 \u043a\u043e\u043c\u0431\u0438\u043d\u0430\u0446\u0438\u0435\u0439 \u043d\u0430\u0442\u0443\u0440\u0430\u043b\u044c\u043d\u044b\u0445 \u043a\u043e\u043c\u043f\u043e\u043d\u0435\u043d\u0442\u043e\u0432 \u0438 \u0430\u0440\u043e\u043c\u0430\u0442\u0435\u0440\u0430\u043f\u0435\u0432\u0442\u0438\u0447\u0435\u0441\u043a\u0438\u0445 \u043f\u0440\u0435\u0438\u043c\u0443\u0449\u0435\u0441\u0442\u0432.<br \/>\n\u0420\u0430\u0437\u0440\u0430\u0431\u043e\u0442\u0430\u043d\u043d\u0430\u044f \u0434\u043b\u044f \u0432\u0441\u0435\u0445 \u0442\u0438\u043f\u043e\u0432 \u043a\u043e\u0436\u0438, \u044d\u0442\u0430 \u0441\u043e\u043b\u044c \u043f\u0440\u0435\u0432\u0440\u0430\u0449\u0430\u0435\u0442 \u0435\u0436\u0435\u0434\u043d\u0435\u0432\u043d\u044b\u0439 \u0443\u0445\u043e\u0434 \u0432 \u0440\u0438\u0442\u0443\u0430\u043b \u043f\u043e\u043a\u043e\u044f, \u043a\u0440\u0430\u0441\u043e\u0442\u044b \u0438 \u0432\u043e\u0441\u0441\u0442\u0430\u043d\u043e\u0432\u043b\u0435\u043d\u0438\u044f.<\/p>\n<h3>\u041f\u0440\u0438\u043c\u0435\u043d\u0435\u043d\u0438\u0435<\/h3>\n<p>\u042d\u0442\u0430 \u043c\u043d\u043e\u0433\u043e\u0444\u0443\u043d\u043a\u0446\u0438\u043e\u043d\u0430\u043b\u044c\u043d\u0430\u044f <strong>\u0441\u043e\u043b\u044c \u0434\u043b\u044f \u0432\u0430\u043d\u043d\u044b<\/strong> \u043c\u043e\u0436\u0435\u0442 \u0438\u0441\u043f\u043e\u043b\u044c\u0437\u043e\u0432\u0430\u0442\u044c\u0441\u044f \u0434\u043b\u044f:<\/p>\n<ul>\n<li><strong>\u0421\u043a\u0440\u0430\u0431 \u0434\u043b\u044f \u0442\u0435\u043b\u0430<\/strong>: \u041b\u0435\u0433\u043a\u0438\u043c\u0438 \u043a\u0440\u0443\u0433\u043e\u0432\u044b\u043c\u0438 \u0434\u0432\u0438\u0436\u0435\u043d\u0438\u044f\u043c\u0438 \u0443\u0434\u0430\u043b\u0438\u0442\u0435 \u043c\u0435\u0440\u0442\u0432\u044b\u0435 \u043a\u043b\u0435\u0442\u043a\u0438 \u043a\u043e\u0436\u0438 \u0438 \u0441\u0442\u0438\u043c\u0443\u043b\u0438\u0440\u0443\u0439\u0442\u0435 \u043e\u0431\u043d\u043e\u0432\u043b\u0435\u043d\u0438\u0435.<\/li>\n<li><strong>\u0420\u0430\u0441\u0441\u043b\u0430\u0431\u043b\u044f\u044e\u0449\u0438\u0435 \u0432\u0430\u043d\u043d\u044b<\/strong>: \u0414\u043e\u0431\u0430\u0432\u044c\u0442\u0435 \u0433\u043e\u0440\u0441\u0442\u044c \u0441\u043e\u043b\u0438 \u0432 \u0442\u0435\u043f\u043b\u0443\u044e \u0432\u0430\u043d\u043d\u0443 \u0438 \u043f\u0440\u0435\u0434\u0430\u0439\u0442\u0435\u0441\u044c \u0443\u0441\u043f\u043e\u043a\u0430\u0438\u0432\u0430\u044e\u0449\u0435\u043c\u0443 \u0434\u0435\u0439\u0441\u0442\u0432\u0438\u044e \u044d\u0444\u0438\u0440\u043d\u044b\u0445 \u043c\u0430\u0441\u0435\u043b \u0438 \u043c\u0438\u043d\u0435\u0440\u0430\u043b\u043e\u0432.<\/li>\n<li><strong>\u041f\u0435\u0434\u0438\u043a\u044e\u0440<\/strong>: \u0421\u043c\u044f\u0433\u0447\u0438\u0442\u0435 \u043a\u043e\u0436\u0443 \u0441\u0442\u043e\u043f \u0438 \u043e\u0441\u0432\u0435\u0436\u0438\u0442\u0435 \u0443\u0441\u0442\u0430\u0432\u0448\u0438\u0435 \u043d\u043e\u0433\u0438 \u0434\u043e\u0431\u0430\u0432\u043b\u0435\u043d\u0438\u0435\u043c \u0441\u043e\u043b\u0438 \u0432 \u0442\u0435\u043f\u043b\u0443\u044e \u0432\u043e\u0434\u0443.<\/li>\n<\/ul>\n<h3>\u041a\u043e\u043c\u043f\u043e\u043d\u0435\u043d\u0442\u044b \u0432\u044b\u0441\u0448\u0435\u0433\u043e \u043a\u0430\u0447\u0435\u0441\u0442\u0432\u0430<\/h3>\n<ul>\n<li><strong>\u041c\u043e\u0440\u0441\u043a\u0430\u044f \u0441\u043e\u043b\u044c \u041c\u0435\u0440\u0442\u0432\u043e\u0433\u043e \u043c\u043e\u0440\u044f<\/strong>: \u041d\u0430\u0442\u0443\u0440\u0430\u043b\u044c\u043d\u044b\u0439 \u0438\u0441\u0442\u043e\u0447\u043d\u0438\u043a \u043c\u0438\u043d\u0435\u0440\u0430\u043b\u043e\u0432, \u043a\u043e\u0442\u043e\u0440\u044b\u0435 \u0434\u0435\u0442\u043e\u043a\u0441\u0438\u0444\u0438\u0446\u0438\u0440\u0443\u044e\u0442 \u0438 \u0432\u043e\u0441\u0441\u0442\u0430\u043d\u0430\u0432\u043b\u0438\u0432\u0430\u044e\u0442 \u043a\u043e\u0436\u0443.<\/li>\n<li><strong>\u0421\u043e\u043b\u044c \u042d\u043f\u0441\u043e\u043c\u0430<\/strong>: \u0411\u043e\u0433\u0430\u0442\u0430 \u043c\u0430\u0433\u043d\u0438\u0439-\u0441\u0443\u043b\u044c\u0444\u0430\u0442\u043e\u043c, \u043f\u043e\u043c\u043e\u0433\u0430\u0435\u0442 \u0440\u0430\u0441\u0441\u043b\u0430\u0431\u043b\u044f\u0442\u044c \u043c\u044b\u0448\u0446\u044b \u0438 \u043e\u0441\u0432\u043e\u0431\u043e\u0436\u0434\u0430\u0442\u044c \u043e\u0442 \u0441\u0442\u0440\u0435\u0441\u0441\u0430.<\/li>\n<li><strong>\u041e\u043b\u0438\u0432\u043a\u043e\u0432\u043e\u0435 \u043c\u0430\u0441\u043b\u043e \u043d\u0435\u0440\u0430\u0444\u0438\u043d\u0438\u0440\u043e\u0432\u0430\u043d\u043d\u043e\u0435<\/strong>: \u0413\u043b\u0443\u0431\u043e\u043a\u043e \u0443\u0432\u043b\u0430\u0436\u043d\u044f\u0435\u0442 \u0438 \u043f\u0438\u0442\u0430\u0435\u0442 \u043a\u043e\u0436\u0443, \u0434\u0435\u043b\u0430\u044f \u0435\u0435 \u043c\u044f\u0433\u043a\u043e\u0439 \u0438 \u0433\u043b\u0430\u0434\u043a\u043e\u0439.<\/li>\n<li><strong>\u042d\u0444\u0438\u0440\u043d\u043e\u0435 \u043c\u0430\u0441\u043b\u043e \u043b\u0430\u0432\u0430\u043d\u0434\u044b<\/strong>: \u0423\u0441\u043f\u043e\u043a\u0430\u0438\u0432\u0430\u0435\u0442 \u0443\u043c \u0438 \u0442\u0435\u043b\u043e, \u043e\u0431\u0435\u0441\u043f\u0435\u0447\u0438\u0432\u0430\u044f \u0438\u0434\u0435\u0430\u043b\u044c\u043d\u0443\u044e \u0430\u0440\u043e\u043c\u0430\u0442\u0435\u0440\u0430\u043f\u0435\u0432\u0442\u0438\u0447\u0435\u0441\u043a\u0443\u044e \u0433\u0430\u0440\u043c\u043e\u043d\u0438\u044e.<\/li>\n<li><strong>\u0421\u0443\u0448\u0435\u043d\u044b\u0439 \u0446\u0432\u0435\u0442\u043e\u043a \u043b\u0430\u0432\u0430\u043d\u0434\u044b<\/strong>: \u0412\u0438\u0437\u0443\u0430\u043b\u044c\u043d\u043e \u0438 \u0430\u0440\u043e\u043c\u0430\u0442\u0438\u0447\u0435\u0441\u043a\u0438 \u043e\u0431\u043e\u0433\u0430\u0449\u0430\u0435\u0442 \u043a\u0430\u0436\u0434\u043e\u0435 \u0438\u0441\u043f\u043e\u043b\u044c\u0437\u043e\u0432\u0430\u043d\u0438\u0435, \u0434\u043e\u0431\u0430\u0432\u043b\u044f\u044f \u043d\u043e\u0442\u043a\u0443 \u0440\u043e\u0441\u043a\u043e\u0448\u0438.<\/li>\n<li><strong>\u0412\u0430\u043d\u0438\u043b\u044c<\/strong>: \u0422\u0435\u043f\u043b\u044b\u0439, \u0440\u0430\u0441\u0441\u043b\u0430\u0431\u043b\u044f\u044e\u0449\u0438\u0439 \u0430\u0440\u043e\u043c\u0430\u0442, \u043a\u043e\u0442\u043e\u0440\u044b\u0439 \u043e\u0441\u0432\u0435\u0436\u0430\u0435\u0442 \u0438 \u043e\u043a\u0443\u0442\u044b\u0432\u0430\u0435\u0442 \u043a\u043e\u0436\u0443 \u043d\u0435\u0436\u043d\u044b\u043c \u0430\u0440\u043e\u043c\u0430\u0442\u043e\u043c.<\/li>\n<\/ul>\n<h3>\u0421\u043f\u043e\u0441\u043e\u0431 \u043f\u0440\u0438\u043c\u0435\u043d\u0435\u043d\u0438\u044f<\/h3>\n<ul>\n<li><strong>\u0425\u0440\u0430\u043d\u0435\u043d\u0438\u0435<\/strong>: \u0425\u0440\u0430\u043d\u0438\u0442\u0435 \u0441\u043e\u043b\u044c \u0434\u043b\u044f \u0432\u0430\u043d\u043d\u044b \u0432 \u0441\u0443\u0445\u043e\u043c \u0438 \u043f\u0440\u043e\u0445\u043b\u0430\u0434\u043d\u043e\u043c \u043c\u0435\u0441\u0442\u0435 \u0432 \u043e\u0440\u0438\u0433\u0438\u043d\u0430\u043b\u044c\u043d\u043e\u0439 \u0443\u043f\u0430\u043a\u043e\u0432\u043a\u0435, \u0447\u0442\u043e\u0431\u044b \u0441\u043e\u0445\u0440\u0430\u043d\u0438\u0442\u044c \u0441\u0432\u0435\u0436\u0435\u0441\u0442\u044c \u0438 \u0430\u0440\u043e\u043c\u0430\u0442.<\/li>\n<li><strong>\u0418\u0441\u043f\u043e\u043b\u044c\u0437\u043e\u0432\u0430\u043d\u0438\u0435<\/strong>: \u0414\u043e\u0431\u0430\u0432\u044c\u0442\u0435 \u0433\u043e\u0440\u0441\u0442\u044c \u0441\u043e\u043b\u0438 (\u043f\u0440\u0438\u043c\u0435\u0440\u043d\u043e 20-30 \u0433) \u0432 \u0442\u0435\u043f\u043b\u0443\u044e \u0432\u0430\u043d\u043d\u0443 \u0438\u043b\u0438 \u0438\u0441\u043f\u043e\u043b\u044c\u0437\u0443\u0439\u0442\u0435 \u043a\u0430\u043a \u0441\u043a\u0440\u0430\u0431 \u0434\u043b\u044f \u0442\u0435\u043b\u0430.<\/li>\n<\/ul>\n<h3>\u0412\u0435\u0441 \u043d\u0435\u0442\u0442\u043e: 180 \u0433 (\u0414\u043e\u0441\u0442\u0430\u0442\u043e\u0447\u043d\u043e \u0434\u043b\u044f 6\u20139 \u0432\u0430\u043d\u043d)<\/h3>\n<h3>\u041f\u0440\u0435\u0438\u043c\u0443\u0449\u0435\u0441\u0442\u0432\u0430 \u043d\u0430\u0448\u0435\u0439 \u0441\u043e\u043b\u0438 \u0434\u043b\u044f \u0432\u0430\u043d\u043d\u044b<\/h3>\n<ol>\n<li><strong>\u0413\u043b\u0443\u0431\u043e\u043a\u0430\u044f \u0440\u0435\u043b\u0430\u043a\u0441\u0430\u0446\u0438\u044f<\/strong>: \u041c\u0438\u043d\u0435\u0440\u0430\u043b\u044b \u0438\u0437 \u043c\u043e\u0440\u0441\u043a\u043e\u0439 \u0441\u043e\u043b\u0438 \u0438 \u0441\u043e\u043b\u0438 \u042d\u043f\u0441\u043e\u043c\u0430 \u0443\u0441\u043f\u043e\u043a\u0430\u0438\u0432\u0430\u044e\u0442 \u043c\u044b\u0448\u0446\u044b, \u043e\u0441\u0432\u043e\u0431\u043e\u0436\u0434\u0430\u044e\u0442 \u043d\u0430\u043f\u0440\u044f\u0436\u0435\u043d\u0438\u0435 \u0438 \u0441\u043d\u0438\u0436\u0430\u044e\u0442 \u0441\u0442\u0440\u0435\u0441\u0441.<\/li>\n<li><strong>\u0414\u0435\u0442\u043e\u043a\u0441\u0438\u043a\u0430\u0446\u0438\u044f \u043a\u043e\u0436\u0438<\/strong>: \u0421\u043e\u043b\u044c \u0434\u043b\u044f \u0432\u0430\u043d\u043d\u044b \u043f\u043e\u043c\u043e\u0433\u0430\u0435\u0442 \u0432 \u0443\u0441\u0442\u0440\u0430\u043d\u0435\u043d\u0438\u0438 \u0442\u043e\u043a\u0441\u0438\u043d\u043e\u0432, \u0432\u043e\u0441\u0441\u0442\u0430\u043d\u0430\u0432\u043b\u0438\u0432\u0430\u044f \u0432\u0430\u0448\u0443 \u043a\u043e\u0436\u0443 \u0438 \u0443\u043c.<\/li>\n<li><strong>\u041d\u0430\u0442\u0443\u0440\u0430\u043b\u044c\u043d\u043e\u0435 \u0443\u0432\u043b\u0430\u0436\u043d\u0435\u043d\u0438\u0435<\/strong>: \u041e\u043b\u0438\u0432\u043a\u043e\u0432\u043e\u0435 \u043c\u0430\u0441\u043b\u043e \u0434\u0435\u043b\u0430\u0435\u0442 \u043a\u043e\u0436\u0443 \u043c\u044f\u0433\u043a\u043e\u0439 \u0438 \u0443\u0445\u043e\u0436\u0435\u043d\u043d\u043e\u0439 \u043f\u043e\u0441\u043b\u0435 \u043a\u0430\u0436\u0434\u043e\u0439 \u043f\u0440\u043e\u0446\u0435\u0434\u0443\u0440\u044b.<\/li>\n<li><strong>\u0410\u0440\u043e\u043c\u0430\u0442\u0435\u0440\u0430\u043f\u0438\u044f<\/strong>: \u041a\u043e\u043c\u0431\u0438\u043d\u0430\u0446\u0438\u044f \u043b\u0430\u0432\u0430\u043d\u0434\u044b \u0438 \u0432\u0430\u043d\u0438\u043b\u0438 \u0441\u043e\u0437\u0434\u0430\u0435\u0442 \u0440\u0430\u0441\u0441\u043b\u0430\u0431\u043b\u044f\u044e\u0449\u0443\u044e \u0430\u0442\u043c\u043e\u0441\u0444\u0435\u0440\u0443 \u0432 \u0432\u0430\u0448\u0435\u043c \u0434\u043e\u043c\u0435.<\/li>\n<\/ol>\n<h3>\u041d\u0430\u0441\u043b\u0430\u0436\u0434\u0430\u0439\u0442\u0435\u0441\u044c \u0440\u043e\u0441\u043a\u043e\u0448\u043d\u044b\u043c \u043c\u043e\u043c\u0435\u043d\u0442\u043e\u043c \u0442\u043e\u043b\u044c\u043a\u043e \u0434\u043b\u044f \u0432\u0430\u0441<\/h3>\n<p><strong>Elan<\/strong> &#8211; <strong>\u0441\u043e\u043b\u044c \u0434\u043b\u044f \u0432\u0430\u043d\u043d\u044b<\/strong> \u043e\u0431\u0435\u0441\u043f\u0435\u0447\u0438\u0432\u0430\u0435\u0442 \u043c\u043e\u043c\u0435\u043d\u0442\u044b \u043f\u043e\u043b\u043d\u043e\u0433\u043e \u0440\u0430\u0441\u0441\u043b\u0430\u0431\u043b\u0435\u043d\u0438\u044f, \u0431\u0430\u043b\u0430\u043d\u0441\u0438\u0440\u0443\u044f \u0442\u0435\u043b\u043e \u0438 \u0443\u043c \u0432 \u0433\u0430\u0440\u043c\u043e\u043d\u0438\u0438 \u043f\u0440\u0438\u0440\u043e\u0434\u044b.<br \/>\n\u0421 \u043a\u0430\u0436\u0434\u043e\u0439 \u0432\u0430\u043d\u043d\u043e\u0439 \u043f\u043e\u0447\u0443\u0432\u0441\u0442\u0432\u0443\u0439\u0442\u0435, \u043a\u0430\u043a \u0441\u0442\u0440\u0435\u0441\u0441 \u0438\u0441\u0447\u0435\u0437\u0430\u0435\u0442, \u0430 \u0432\u0430\u0448\u0430 \u043a\u043e\u0436\u0430 \u0441\u0442\u0430\u043d\u043e\u0432\u0438\u0442\u0441\u044f \u0433\u043b\u0430\u0434\u043a\u043e\u0439, \u043c\u044f\u0433\u043a\u043e\u0439 \u0438 \u0441\u0438\u044f\u044e\u0449\u0435\u0439.<\/p>\n<p>\u041f\u0440\u0435\u0434\u0430\u0439\u0442\u0435\u0441\u044c \u043e\u0447\u0430\u0440\u043e\u0432\u0430\u043d\u0438\u044e \u043d\u0430\u0442\u0443\u0440\u0430\u043b\u044c\u043d\u043e\u0433\u043e \u0443\u0445\u043e\u0434\u0430 \u0438 \u0441\u0434\u0435\u043b\u0430\u0439\u0442\u0435 \u0435\u0436\u0435\u0434\u043d\u0435\u0432\u043d\u0443\u044e \u0440\u0443\u0442\u0438\u043d\u0443 \u043e\u0441\u043e\u0431\u0435\u043d\u043d\u044b\u043c \u043e\u043f\u044b\u0442\u043e\u043c!<\/p>\n<p><iframe title=\"\u0432\u0438\u0434\u0435\u043e\u043f\u043b\u0435\u0435\u0440 \u044e\u0442\u0443\u0431\" src=\"https:\/\/www.youtube.com\/embed\/M6dKZdtQXAA?si=sYku5HKRpZ1n0pD9\" width=\"560\" height=\"315\" frameborder=\"0\" allowfullscreen=\"allowfullscreen\"><\/iframe><\/p>","protected":false},"excerpt":{"rendered":"<div class=\"w-full text-token-text-primary\" data-testid=\"conversation-turn-7\">\n<div class=\"px-4 py-2 justify-center text-base md:gap-6 m-auto\">\n<div class=\"flex flex-1 text-base mx-auto gap-3 md:px-5 lg:px-1 xl:px-5 md:max-w-3xl lg:max-w-[40rem] xl:max-w-[48rem] group final-completion\">\n<div class=\"relative flex w-full flex-col lg:w-[calc(100%-115px)] agent-turn\">\n<div class=\"flex-col gap-1 md:gap-3\">\n<div class=\"flex flex-grow flex-col max-w-full\">\n<div class=\"min-h-[20px] text-message flex flex-col items-start gap-3 whitespace-pre-wrap break-words [.text-message+&amp;]:mt-5 overflow-x-auto\" data-message-author-role=\"assistant\" data-message-id=\"000856e9-77ac-4a35-b02c-603dbbf72188\">\n<div class=\"markdown prose w-full break-words dark:prose-invert dark\">\n<p><strong>Elan<\/strong> je prirodna mirisna so za kupanje sa uljem lavandom i su\u0161enim cvetovima lavande .<br \/>\nPru\u017ea jedinstvenu kombinaciju li\u010dne higijene i aromaterapije za sve tipove ko\u017ee.<\/p>\n<p>Sa sastojcima poput morske soli iz mrtvog mora, epsom soli, nerafinisanog maslinovog ulja, eteri\u010dnog ulja lavande, su\u0161enih cvetova lavande i vanile, ovo sredstvo \u010dini ne samo idealnim za \u010di\u0161\u0107enje i odr\u017eavanje ko\u017ee, ve\u0107 i za duboko opu\u0161tanje.<\/p>\n<p>Pakovanje sadr\u017ei 180g \u010diste luksuzne i mirisne nege, koji vas ne\u0107e ostaviti ravnodu\u0161nim.<\/p>\n<\/div>\n<\/div>\n<\/div>\n<\/div>\n<\/div>\n<\/div>\n<\/div>\n<\/div>\n","protected":false},"featured_media":13655,"comment_status":"open","ping_status":"closed","template":"","meta":{"wprm-recipe-roundup-name":"","wprm-recipe-roundup-description":""},"product_brand":[],"product_cat":[31,26,92,30,95],"product_tag":[151,146,152,145],"class_list":{"0":"post-597","1":"product","2":"type-product","3":"status-publish","4":"has-post-thumbnail","6":"product_cat-mirisna-so-za-kupanje","7":"product_cat-aromaterapija","8":"product_cat-nega-koze","9":"product_cat-prirodna-kozmetika","10":"product_cat-veganska-kozmetika","11":"product_tag-epsom-so","12":"product_tag-lavanda","13":"product_tag-morska-so","14":"product_tag-vegan","16":"first","17":"instock","18":"taxable","19":"shipping-taxable","20":"purchasable","21":"product-type-simple"},"_links":{"self":[{"href":"https:\/\/balavander.com\/ru\/wp-json\/wp\/v2\/product\/597","targetHints":{"allow":["GET"]}}],"collection":[{"href":"https:\/\/balavander.com\/ru\/wp-json\/wp\/v2\/product"}],"about":[{"href":"https:\/\/balavander.com\/ru\/wp-json\/wp\/v2\/types\/product"}],"replies":[{"embeddable":true,"href":"https:\/\/balavander.com\/ru\/wp-json\/wp\/v2\/comments?post=597"}],"wp:featuredmedia":[{"embeddable":true,"href":"https:\/\/balavander.com\/ru\/wp-json\/wp\/v2\/media\/13655"}],"wp:attachment":[{"href":"https:\/\/balavander.com\/ru\/wp-json\/wp\/v2\/media?parent=597"}],"wp:term":[{"taxonomy":"product_brand","embeddable":true,"href":"https:\/\/balavander.com\/ru\/wp-json\/wp\/v2\/product_brand?post=597"},{"taxonomy":"product_cat","embeddable":true,"href":"https:\/\/balavander.com\/ru\/wp-json\/wp\/v2\/product_cat?post=597"},{"taxonomy":"product_tag","embeddable":true,"href":"https:\/\/balavander.com\/ru\/wp-json\/wp\/v2\/product_tag?post=597"}],"curies":[{"name":"wp","href":"https:\/\/api.w.org\/{rel}","templated":true}]}}