{"id":5471,"date":"2021-11-19T15:26:57","date_gmt":"2021-11-19T14:26:57","guid":{"rendered":"https:\/\/balavander.com\/?post_type=product&#038;p=5471"},"modified":"2026-05-02T02:27:56","modified_gmt":"2026-05-02T00:27:56","slug":"poklon-set-za-bebe","status":"publish","type":"product","link":"https:\/\/balavander.com\/ru\/prodavnica\/poklon-set-za-bebe\/","title":{"rendered":"\u041f\u043e\u0434\u0430\u0440\u043e\u0447\u043d\u044b\u0439 \u043d\u0430\u0431\u043e\u0440 \u2013 \u0434\u043b\u044f \u043c\u043b\u0430\u0434\u0435\u043d\u0446\u0435\u0432"},"content":{"rendered":"<p><strong>\u041f\u043e\u0434\u0430\u0440\u043e\u0447\u043d\u044b\u0439 \u043d\u0430\u0431\u043e\u0440 - \u0434\u043b\u044f \u043c\u043b\u0430\u0434\u0435\u043d\u0446\u0435\u0432 \u0438\u043b\u0438 \u043f\u043e\u0434\u0430\u0440\u043e\u043a \u043d\u043e\u0432\u043e\u0440\u043e\u0436\u0434\u0435\u043d\u043d\u043e\u043c\u0443<\/strong>\u00a0\u2014 \u044d\u0442\u043e \u0442\u0449\u0430\u0442\u0435\u043b\u044c\u043d\u043e \u0440\u0430\u0437\u0440\u0430\u0431\u043e\u0442\u0430\u043d\u043d\u044b\u0439 \u0438 \u0441\u043f\u0435\u0446\u0438\u0430\u043b\u044c\u043d\u043e \u0440\u0430\u0437\u0440\u0430\u0431\u043e\u0442\u0430\u043d\u043d\u044b\u0439 \u043d\u0430\u0431\u043e\u0440 \u043d\u0430\u0442\u0443\u0440\u0430\u043b\u044c\u043d\u044b\u0445 \u0441\u0440\u0435\u0434\u0441\u0442\u0432 \u0434\u043b\u044f \u0443\u0445\u043e\u0434\u0430 \u0437\u0430 \u043d\u0435\u0436\u043d\u043e\u0439 \u0434\u0435\u0442\u0441\u043a\u043e\u0439 \u043a\u043e\u0436\u0435\u0439. \u042d\u0442\u043e\u0442 \u043d\u0430\u0431\u043e\u0440 \u0441\u0442\u0430\u043d\u0435\u0442 \u0438\u0434\u0435\u0430\u043b\u044c\u043d\u044b\u043c \u043f\u043e\u0434\u0430\u0440\u043a\u043e\u043c \u0434\u043b\u044f \u0432\u0441\u0435\u0445 \u043c\u043e\u043b\u043e\u0434\u044b\u0445 \u0440\u043e\u0434\u0438\u0442\u0435\u043b\u0435\u0439, \u043a\u043e\u0442\u043e\u0440\u044b\u0435 \u0445\u043e\u0442\u044f\u0442 \u043e\u0431\u0435\u0441\u043f\u0435\u0447\u0438\u0442\u044c \u0441\u0432\u043e\u0438\u043c \u043c\u0430\u043b\u044b\u0448\u0430\u043c \u043d\u0430\u0438\u043b\u0443\u0447\u0448\u0438\u0439 \u0443\u0445\u043e\u0434.<\/p>\n<p>\u042d\u0442\u043e\u0442 \u043d\u0430\u0431\u043e\u0440 \u0441\u043e\u0434\u0435\u0440\u0436\u0438\u0442 \u0432\u044b\u0441\u043e\u043a\u043e\u043a\u0430\u0447\u0435\u0441\u0442\u0432\u0435\u043d\u043d\u044b\u0435 \u043d\u0430\u0442\u0443\u0440\u0430\u043b\u044c\u043d\u044b\u0435 \u043a\u0440\u0435\u043c\u044b \u0438 \u043d\u0430\u0442\u0443\u0440\u0430\u043b\u044c\u043d\u043e\u0435 \u043c\u044b\u043b\u043e, \u0440\u0430\u0437\u0440\u0430\u0431\u043e\u0442\u0430\u043d\u043d\u044b\u0435 \u0441 \u0437\u0430\u0431\u043e\u0442\u043e\u0439 \u043e \u043a\u043e\u0436\u0435 \u043c\u0430\u043b\u044b\u0448\u0430. \u0412\u0441\u0435 \u0444\u043e\u0440\u043c\u0443\u043b\u044b, \u0432\u0445\u043e\u0434\u044f\u0449\u0438\u0435 \u0432 \u043d\u0430\u0431\u043e\u0440, \u0442\u0449\u0430\u0442\u0435\u043b\u044c\u043d\u043e \u043f\u043e\u0434\u043e\u0431\u0440\u0430\u043d\u044b \u0434\u043b\u044f \u0443\u0432\u043b\u0430\u0436\u043d\u0435\u043d\u0438\u044f, \u0437\u0430\u0449\u0438\u0442\u044b \u0438 \u0443\u0445\u043e\u0434\u0430 \u0437\u0430 \u043a\u043e\u0436\u0435\u0439 \u043c\u0430\u043b\u044b\u0448\u0430 \u0431\u0435\u0437 \u0438\u0441\u043f\u043e\u043b\u044c\u0437\u043e\u0432\u0430\u043d\u0438\u044f \u0432\u0440\u0435\u0434\u043d\u044b\u0445 \u0445\u0438\u043c\u0438\u0447\u0435\u0441\u043a\u0438\u0445 \u0432\u0435\u0449\u0435\u0441\u0442\u0432 \u0438\u043b\u0438 \u0430\u0433\u0440\u0435\u0441\u0441\u0438\u0432\u043d\u044b\u0445 \u0438\u043d\u0433\u0440\u0435\u0434\u0438\u0435\u043d\u0442\u043e\u0432.<\/p>\n<p>\u041e\u0434\u0438\u043d \u0438\u0437 \u043f\u0440\u043e\u0434\u0443\u043a\u0442\u043e\u0432 \u044d\u0442\u043e\u0433\u043e \u043d\u0430\u0431\u043e\u0440\u0430 \u2014 \u043c\u044f\u0433\u043a\u0438\u0439 \u0443\u0432\u043b\u0430\u0436\u043d\u044f\u044e\u0449\u0438\u0439 \u043a\u0440\u0435\u043c \u0434\u043b\u044f \u043a\u043e\u0436\u0438, \u0431\u043e\u0433\u0430\u0442\u044b\u0439 \u043d\u0430\u0442\u0443\u0440\u0430\u043b\u044c\u043d\u044b\u043c\u0438 \u0438\u043d\u0433\u0440\u0435\u0434\u0438\u0435\u043d\u0442\u0430\u043c\u0438, \u0442\u0430\u043a\u0438\u043c\u0438 \u043a\u0430\u043a \u043c\u0430\u0441\u043b\u043e \u0436\u043e\u0436\u043e\u0431\u0430, \u0440\u043e\u043c\u0430\u0448\u043a\u0430, \u043c\u0435\u043b\u0438\u0441\u0441\u0430, \u0431\u0435\u0441\u0441\u043c\u0435\u0440\u0442\u043d\u0438\u043a \u0438 \u043b\u0430\u0432\u0430\u043d\u0434\u0430. \u042d\u0442\u043e\u0442 \u043a\u0440\u0435\u043c \u043f\u043e\u043c\u043e\u0436\u0435\u0442 \u043f\u043e\u0434\u0434\u0435\u0440\u0436\u0438\u0432\u0430\u0442\u044c \u0435\u0441\u0442\u0435\u0441\u0442\u0432\u0435\u043d\u043d\u0443\u044e \u0432\u043b\u0430\u0436\u043d\u043e\u0441\u0442\u044c \u043a\u043e\u0436\u0438 \u043c\u0430\u043b\u044b\u0448\u0430, \u043f\u0440\u0435\u0434\u043e\u0442\u0432\u0440\u0430\u0449\u0430\u044f \u0441\u0443\u0445\u043e\u0441\u0442\u044c \u0438 \u0440\u0430\u0437\u0434\u0440\u0430\u0436\u0435\u043d\u0438\u0435.<\/p>\n<p>\u0421\u0443\u0449\u0435\u0441\u0442\u0432\u0443\u0435\u0442 \u0442\u0430\u043a\u0436\u0435 \u043a\u0440\u0435\u043c \u043e\u0442 \u043e\u043f\u0440\u0435\u043b\u043e\u0441\u0442\u0435\u0439, \u0441\u043f\u0435\u0446\u0438\u0430\u043b\u044c\u043d\u043e \u0440\u0430\u0437\u0440\u0430\u0431\u043e\u0442\u0430\u043d\u043d\u044b\u0439 \u0434\u043b\u044f \u0437\u0430\u0449\u0438\u0442\u044b \u043e\u0442 \u0432\u043b\u0430\u0433\u0438 \u0438 \u0440\u0430\u0437\u0434\u0440\u0430\u0436\u0435\u043d\u0438\u0439, \u043a\u043e\u0442\u043e\u0440\u044b\u0435 \u043c\u043e\u0433\u0443\u0442 \u0432\u043e\u0437\u043d\u0438\u043a\u043d\u0443\u0442\u044c \u043f\u0440\u0438 \u043d\u043e\u0448\u0435\u043d\u0438\u0438 \u043f\u043e\u0434\u0433\u0443\u0437\u043d\u0438\u043a\u043e\u0432. \u042d\u0442\u043e\u0442 \u043a\u0440\u0435\u043c \u043e\u0431\u043e\u0433\u0430\u0449\u0435\u043d \u0442\u0430\u043a\u0438\u043c\u0438 \u0438\u043d\u0433\u0440\u0435\u0434\u0438\u0435\u043d\u0442\u0430\u043c\u0438, \u043a\u0430\u043a \u043e\u043a\u0441\u0438\u0434 \u0446\u0438\u043d\u043a\u0430 \u0438 \u043d\u0430\u0442\u0443\u0440\u0430\u043b\u044c\u043d\u044b\u0435 \u043c\u0430\u0441\u043b\u0430, \u043a\u043e\u0442\u043e\u0440\u044b\u0435 \u0443\u0441\u043f\u043e\u043a\u0430\u0438\u0432\u0430\u044e\u0442 \u0438 \u0437\u0430\u0449\u0438\u0449\u0430\u044e\u0442 \u043a\u043e\u0436\u0443 \u043c\u0430\u043b\u044b\u0448\u0430.<\/p>\n<p>\u041a\u0440\u043e\u043c\u0435 \u0442\u043e\u0433\u043e, \u0432 \u043d\u0430\u0431\u043e\u0440 \u0432\u0445\u043e\u0434\u0438\u0442 \u043d\u0430\u0442\u0443\u0440\u0430\u043b\u044c\u043d\u043e\u0435 \u043c\u044b\u043b\u043e \u0434\u043b\u044f \u0432\u0430\u043d\u043d\u044b, \u043a\u043e\u0442\u043e\u0440\u043e\u0435 \u0431\u0435\u0440\u0435\u0436\u043d\u043e \u043e\u0447\u0438\u0449\u0430\u0435\u0442 \u043a\u043e\u0436\u0443 \u043c\u0430\u043b\u044b\u0448\u0430, \u043d\u0435 \u0432\u044b\u0441\u0443\u0448\u0438\u0432\u0430\u044f \u0438 \u043d\u0435 \u0440\u0430\u0437\u0434\u0440\u0430\u0436\u0430\u044f \u0435\u0451. \u042d\u0442\u043e \u043c\u044b\u043b\u043e \u0441\u043e\u0437\u0434\u0430\u0451\u0442 \u0433\u0443\u0441\u0442\u0443\u044e \u043a\u0440\u0435\u043c\u043e\u043e\u0431\u0440\u0430\u0437\u043d\u0443\u044e \u043f\u0435\u043d\u0443, \u043a\u043e\u0442\u043e\u0440\u0430\u044f \u0431\u0435\u0440\u0435\u0436\u043d\u043e \u043e\u0447\u0438\u0449\u0430\u0435\u0442 \u043a\u043e\u0436\u0443 \u043c\u0430\u043b\u044b\u0448\u0430, \u0434\u0435\u043b\u0430\u044f \u0435\u0451 \u043c\u044f\u0433\u043a\u043e\u0439 \u0438 \u0443\u0432\u043b\u0430\u0436\u043d\u0451\u043d\u043d\u043e\u0439.<\/p>\n<p>Vse produkty v etom nabore tshchatel'no upakovany chtoby byt' bezopasnymi i prostymi v ispol'zovanii. Kazhdyy ingrediyent tshchatel'no otbran, prinimaya vo vnimaniye chuvstvitel'nuyu prirodu detskoy kozhi i osobyye potrebnosti kotoryye ona imeet.<\/p>\n<p><strong>\u041f\u043e\u0434\u0430\u0440\u043e\u0447\u043d\u044b\u0439 \u043d\u0430\u0431\u043e\u0440 \u2013 \u0434\u043b\u044f \u043c\u043b\u0430\u0434\u0435\u043d\u0446\u0435\u0432<\/strong> - \u0432\u044b\u0431\u043e\u0440, \u043a\u043e\u0442\u043e\u0440\u044b\u0439 \u043e\u0431\u0435\u0441\u043f\u0435\u0447\u0438\u0442 \u043a\u0430\u0436\u0434\u043e\u043c\u0443 \u0440\u043e\u0434\u0438\u0442\u0435\u043b\u044e \u0443\u0432\u0435\u0440\u0435\u043d\u043d\u043e\u0441\u0442\u044c \u0438 \u0443\u0434\u043e\u0432\u043b\u0435\u0442\u0432\u043e\u0440\u0435\u043d\u0438\u0435, \u0437\u043d\u0430\u044f, \u0447\u0442\u043e \u043e\u043d \u0438\u0441\u043f\u043e\u043b\u044c\u0437\u0443\u0435\u0442 \u0441\u0440\u0435\u0434\u0441\u0442\u0432\u0430, \u0442\u0449\u0430\u0442\u0435\u043b\u044c\u043d\u043e \u0440\u0430\u0437\u0440\u0430\u0431\u043e\u0442\u0430\u043d\u043d\u044b\u0435 \u0434\u043b\u044f \u043d\u0430\u0438\u043b\u0443\u0447\u0448\u0435\u0433\u043e \u0443\u0445\u043e\u0434\u0430 \u0437\u0430 \u0441\u0432\u043e\u0438\u043c \u043c\u0430\u043b\u044b\u0448\u043e\u043c. \u042d\u0442\u043e\u0442 \u043d\u0430\u0431\u043e\u0440 \u0431\u0435\u0440\u0435\u0436\u043d\u043e \u043f\u0438\u0442\u0430\u0435\u0442, \u0443\u0432\u043b\u0430\u0436\u043d\u044f\u0435\u0442 \u0438 \u0437\u0430\u0449\u0438\u0449\u0430\u0435\u0442 \u043a\u043e\u0436\u0443 \u043c\u0430\u043b\u044b\u0448\u0430, \u0434\u0435\u043b\u0430\u044f \u0435\u0451 \u043c\u044f\u0433\u043a\u043e\u0439, \u0433\u043b\u0430\u0434\u043a\u043e\u0439 \u0438 \u0437\u0434\u043e\u0440\u043e\u0432\u043e\u0439.<\/p>\n<p>&nbsp;<\/p>\n<p>Dolazak novog \u010dlana porodice je poseban trenutak, i ni\u0161ta ne govori &#8220;Dobrodo\u0161ao!&#8221; bolje od pa\u017eljivo odabranih proizvoda za negu bebe. Na\u0161 poklon set prirodne kozmetike za bebe je kreiran sa najve\u0107om brigom prema osetljivoj ko\u017ei novoro\u0111en\u010deta. Uz pa\u017eljivo izabrane prirodne kreme i sapun za kupanje, ovaj set predstavlja pravi izraz ljubavi i nege.<\/p>\n<h3>\u041d\u0430\u0442\u0443\u0440\u0430\u043b\u044c\u043d\u044b\u0439 \u043a\u0440\u0435\u043c \u0434\u043b\u044f \u043d\u0435\u0436\u043d\u043e\u0441\u0442\u0438 \u043a\u043e\u0436\u0438<\/h3>\n<p>\u0412 \u043d\u0430\u0448 \u043f\u043e\u0434\u0430\u0440\u043e\u0447\u043d\u044b\u0439 \u043d\u0430\u0431\u043e\u0440 \u0432\u0445\u043e\u0434\u0438\u0442 \u043d\u0430\u0442\u0443\u0440\u0430\u043b\u044c\u043d\u044b\u0439 \u043a\u0440\u0435\u043c, \u0441\u043f\u0435\u0446\u0438\u0430\u043b\u044c\u043d\u043e \u0440\u0430\u0437\u0440\u0430\u0431\u043e\u0442\u0430\u043d\u043d\u044b\u0439 \u0434\u043b\u044f \u0441\u043c\u044f\u0433\u0447\u0435\u043d\u0438\u044f \u0438 \u0443\u0432\u043b\u0430\u0436\u043d\u0435\u043d\u0438\u044f \u043d\u0435\u0436\u043d\u043e\u0439 \u043a\u043e\u0436\u0438 \u043c\u0430\u043b\u044b\u0448\u0430. \u0421\u043e\u0441\u0442\u0430\u0432 \u0442\u0449\u0430\u0442\u0435\u043b\u044c\u043d\u043e \u043f\u043e\u0434\u043e\u0431\u0440\u0430\u043d, \u0431\u0435\u0437 \u0430\u0433\u0440\u0435\u0441\u0441\u0438\u0432\u043d\u044b\u0445 \u0445\u0438\u043c\u0438\u0447\u0435\u0441\u043a\u0438\u0445 \u0432\u0435\u0449\u0435\u0441\u0442\u0432 \u0438 \u043e\u0442\u0434\u0443\u0448\u0435\u043a. \u042d\u0442\u043e\u0442 \u043a\u0440\u0435\u043c \u043e\u0431\u0435\u0441\u043f\u0435\u0447\u0438\u0432\u0430\u0435\u0442 \u0431\u0435\u0440\u0435\u0436\u043d\u044b\u0439 \u0443\u0445\u043e\u0434, \u043f\u043e\u043c\u043e\u0433\u0430\u044f \u043f\u043e\u0434\u0434\u0435\u0440\u0436\u0438\u0432\u0430\u0442\u044c \u0435\u0441\u0442\u0435\u0441\u0442\u0432\u0435\u043d\u043d\u0443\u044e \u0432\u043b\u0430\u0436\u043d\u043e\u0441\u0442\u044c \u043a\u043e\u0436\u0438 \u0438 \u043f\u0440\u0435\u0434\u043e\u0442\u0432\u0440\u0430\u0449\u0430\u0442\u044c \u0441\u0443\u0445\u043e\u0441\u0442\u044c.<\/p>\n<h3>\u0417\u0430\u0449\u0438\u0442\u0430 \u043e\u0431\u043b\u0430\u0441\u0442\u0438 \u043f\u043e\u0434\u0433\u0443\u0437\u043d\u0438\u043a\u0430 \u043d\u0430\u0442\u0443\u0440\u0430\u043b\u044c\u043d\u044b\u043c\u0438 \u0438\u043d\u0433\u0440\u0435\u0434\u0438\u0435\u043d\u0442\u0430\u043c\u0438<\/h3>\n<p>\u0411\u0435\u0437\u043e\u043f\u0430\u0441\u043d\u044b\u0439 \u0438 \u0431\u0435\u0440\u0435\u0436\u043d\u044b\u0439 \u0443\u0445\u043e\u0434 \u0437\u0430 \u043a\u043e\u0436\u0435\u0439 \u0432\u043e\u043a\u0440\u0443\u0433 \u043f\u043e\u0434\u0433\u0443\u0437\u043d\u0438\u043a\u0430 \u043a\u0440\u0430\u0439\u043d\u0435 \u0432\u0430\u0436\u0435\u043d. \u0412 \u043d\u0430\u0448 \u043f\u043e\u0434\u0430\u0440\u043e\u0447\u043d\u044b\u0439 \u043d\u0430\u0431\u043e\u0440 \u0442\u0430\u043a\u0436\u0435 \u0432\u0445\u043e\u0434\u0438\u0442 \u043a\u0440\u0435\u043c \u0434\u043b\u044f \u0443\u0445\u043e\u0434\u0430 \u0437\u0430 \u043a\u043e\u0436\u0435\u0439 \u0432\u043e\u043a\u0440\u0443\u0433 \u043f\u043e\u0434\u0433\u0443\u0437\u043d\u0438\u043a\u0430 \u0441 \u043d\u0430\u0442\u0443\u0440\u0430\u043b\u044c\u043d\u044b\u043c\u0438 \u0438\u043d\u0433\u0440\u0435\u0434\u0438\u0435\u043d\u0442\u0430\u043c\u0438. \u042d\u0442\u043e\u0442 \u043a\u0440\u0435\u043c \u0443\u0445\u0430\u0436\u0438\u0432\u0430\u0435\u0442 \u0437\u0430 \u0447\u0443\u0432\u0441\u0442\u0432\u0438\u0442\u0435\u043b\u044c\u043d\u043e\u0439 \u043a\u043e\u0436\u0435\u0439, \u0441\u043e\u0437\u0434\u0430\u0432\u0430\u044f \u0437\u0430\u0449\u0438\u0442\u043d\u044b\u0439 \u0441\u043b\u043e\u0439, \u043a\u043e\u0442\u043e\u0440\u044b\u0439 \u043f\u043e\u043c\u043e\u0433\u0430\u0435\u0442 \u043f\u0440\u0435\u0434\u043e\u0442\u0432\u0440\u0430\u0442\u0438\u0442\u044c \u0440\u0430\u0437\u0434\u0440\u0430\u0436\u0435\u043d\u0438\u0435 \u0438 \u043f\u043e\u043a\u0440\u0430\u0441\u043d\u0435\u043d\u0438\u0435, \u0432\u044b\u0437\u0432\u0430\u043d\u043d\u044b\u0435 \u043e\u043f\u0440\u0435\u043b\u043e\u0441\u0442\u044c\u044e.<\/p>\n<h3>\u041d\u0430\u0442\u0443\u0440\u0430\u043b\u044c\u043d\u043e\u0435 \u043c\u044b\u043b\u043e \u0434\u043b\u044f \u043d\u0435\u0436\u043d\u043e\u0433\u043e \u043a\u0443\u043f\u0430\u043d\u0438\u044f<\/h3>\n<p>\u041a\u0443\u043f\u0430\u043d\u0438\u0435 \u2014 \u044d\u0442\u043e \u043e\u0441\u043e\u0431\u044b\u0439 \u043c\u043e\u043c\u0435\u043d\u0442, \u043a\u043e\u0433\u0434\u0430 \u0432\u044b \u043c\u043e\u0436\u0435\u0442\u0435 \u043f\u043e\u0447\u0443\u0432\u0441\u0442\u0432\u043e\u0432\u0430\u0442\u044c \u0435\u0434\u0438\u043d\u0435\u043d\u0438\u0435 \u0441 \u043c\u0430\u043b\u044b\u0448\u043e\u043c. \u041d\u0430\u0448\u0435 \u043d\u0430\u0442\u0443\u0440\u0430\u043b\u044c\u043d\u043e\u0435 \u043c\u044b\u043b\u043e \u0434\u043b\u044f \u0432\u0430\u043d\u043d\u044b \u043d\u0435\u0436\u043d\u043e\u0435 \u0438 \u043c\u044f\u0433\u043a\u043e\u0435, \u043e\u043d\u043e \u0431\u0435\u0440\u0435\u0436\u043d\u043e \u043e\u0447\u0438\u0449\u0430\u0435\u0442 \u043a\u043e\u0436\u0443 \u043c\u0430\u043b\u044b\u0448\u0430, \u043d\u0435 \u0432\u044b\u0437\u044b\u0432\u0430\u044f \u0440\u0430\u0437\u0434\u0440\u0430\u0436\u0435\u043d\u0438\u044f. \u0411\u0435\u0437 \u043b\u0438\u0448\u043d\u0438\u0445 \u0445\u0438\u043c\u0438\u043a\u0430\u0442\u043e\u0432 \u0438 \u043e\u0442\u0434\u0443\u0448\u0435\u043a, \u044d\u0442\u043e \u043c\u044b\u043b\u043e \u043e\u0441\u0442\u0430\u0432\u043b\u044f\u0435\u0442 \u043a\u043e\u0436\u0443 \u0447\u0438\u0441\u0442\u043e\u0439 \u0438 \u0430\u0440\u043e\u043c\u0430\u0442\u043d\u043e\u0439.<\/p>","protected":false},"excerpt":{"rendered":"<div class=\"flex-1 overflow-hidden\">\n<div class=\"react-scroll-to-bottom--css-hcocl-79elbk h-full\">\n<div class=\"react-scroll-to-bottom--css-hcocl-1n7m0yu\">\n<div class=\"flex flex-col pb-9 text-sm\">\n<div class=\"w-full text-token-text-primary\" data-testid=\"conversation-turn-3\">\n<div class=\"px-4 py-2 justify-center text-base md:gap-6 m-auto\">\n<div class=\"flex flex-1 text-base mx-auto gap-3 md:px-5 lg:px-1 xl:px-5 md:max-w-3xl lg:max-w-[40rem] xl:max-w-[48rem] group final-completion\">\n<div class=\"relative flex w-full flex-col lg:w-[calc(100%-115px)] agent-turn\">\n<div class=\"flex-col gap-1 md:gap-3\">\n<div class=\"flex flex-grow flex-col max-w-full\">\n<div class=\"min-h-[20px] text-message flex flex-col items-start gap-3 whitespace-pre-wrap break-words [.text-message+&amp;]:mt-5 overflow-x-auto\" data-message-author-role=\"assistant\" data-message-id=\"7e16af72-4d87-4130-9276-d1316fc323c4\">\n<div class=\"markdown prose w-full break-words dark:prose-invert dark\">\n<p>Poklon set za bebe je pa\u017eljivo osmi\u0161ljen set prirodnih proizvoda za ne\u017enu bebinu ko\u017eu.<\/p>\n<p>Sadr\u017ei visokokvalitetne kreme i sapun, formulirane bez \u0161tetnih hemikalija.<br \/>\nBlaga krema za vla\u017eenje odr\u017eava prirodnu vla\u017enost, dok krema za za\u0161titu od pelenskog osipa \u0161titi od vlage i iritacija.<br \/>\nPrirodni sapun za kupanje nudi ne\u017eno \u010di\u0161\u0107enje bez isu\u0161ivanja.<\/p>\n<p>Svaki proizvod je pa\u017eljivo pakovan za sigurnu upotrebu, pru\u017eaju\u0107i najbolju negu za bebinu ko\u017eu.<br \/>\nOvaj set je izbor koji roditeljima pru\u017ea sigurnost i zadovoljstvo znaju\u0107i da koriste proizvode dizajnirane sa posebnom pa\u017enjom za njihovu bebu, \u010dine\u0107i ko\u017eu mekom, glatkom i zdravom.<\/p>\n<p>Dobrodo\u0161lica novom \u010dlanu porodice uz ljubav i negu na\u0161eg pa\u017eljivo kreiranog poklon seta za bebe.<\/p>\n<\/div>\n<\/div>\n<\/div>\n<\/div>\n<\/div>\n<\/div>\n<\/div>\n<\/div>\n<\/div>\n<\/div>\n<\/div>\n<\/div>\n","protected":false},"featured_media":12348,"comment_status":"open","ping_status":"closed","template":"","meta":{"wprm-recipe-roundup-name":"","wprm-recipe-roundup-description":""},"product_brand":[],"product_cat":[337,92,143,30,142],"product_tag":[],"class_list":{"0":"post-5471","1":"product","2":"type-product","3":"status-publish","4":"has-post-thumbnail","6":"product_cat-poklon-setovi","7":"product_cat-nega-koze","8":"product_cat-nega-za-bebe","9":"product_cat-prirodna-kozmetika","10":"product_cat-prirodna-krema","12":"first","13":"instock","14":"sale","15":"taxable","16":"shipping-taxable","17":"purchasable","18":"product-type-simple"},"_links":{"self":[{"href":"https:\/\/balavander.com\/ru\/wp-json\/wp\/v2\/product\/5471","targetHints":{"allow":["GET"]}}],"collection":[{"href":"https:\/\/balavander.com\/ru\/wp-json\/wp\/v2\/product"}],"about":[{"href":"https:\/\/balavander.com\/ru\/wp-json\/wp\/v2\/types\/product"}],"replies":[{"embeddable":true,"href":"https:\/\/balavander.com\/ru\/wp-json\/wp\/v2\/comments?post=5471"}],"wp:featuredmedia":[{"embeddable":true,"href":"https:\/\/balavander.com\/ru\/wp-json\/wp\/v2\/media\/12348"}],"wp:attachment":[{"href":"https:\/\/balavander.com\/ru\/wp-json\/wp\/v2\/media?parent=5471"}],"wp:term":[{"taxonomy":"product_brand","embeddable":true,"href":"https:\/\/balavander.com\/ru\/wp-json\/wp\/v2\/product_brand?post=5471"},{"taxonomy":"product_cat","embeddable":true,"href":"https:\/\/balavander.com\/ru\/wp-json\/wp\/v2\/product_cat?post=5471"},{"taxonomy":"product_tag","embeddable":true,"href":"https:\/\/balavander.com\/ru\/wp-json\/wp\/v2\/product_tag?post=5471"}],"curies":[{"name":"wp","href":"https:\/\/api.w.org\/{rel}","templated":true}]}}