{"id":5434,"date":"2021-11-18T20:30:31","date_gmt":"2021-11-18T19:30:31","guid":{"rendered":"https:\/\/balavander.com\/?post_type=product&#038;p=5434"},"modified":"2026-04-23T02:27:37","modified_gmt":"2026-04-23T00:27:37","slug":"eco-glow-dream","status":"publish","type":"product","link":"https:\/\/balavander.com\/ru\/prodavnica\/eco-glow-dream\/","title":{"rendered":"Eco Glow \u2013 Dream \u2013 \u0430\u0440\u043e\u043c\u0430\u0442\u0438\u0447\u0435\u0441\u043a\u0430\u044f \u0441\u0432\u0435\u0447\u0430"},"content":{"rendered":"<p><strong>Eco Glow &#8211; Dream <\/strong>\u0430\u0440\u043e\u043c\u0430\u0442\u0438\u0447\u0435\u0441\u043a\u0430\u044f \u0441\u0432\u0435\u0447\u0430 \u0438\u0437 100% \u043d\u0430\u0442\u0443\u0440\u0430\u043b\u044c\u043d\u043e\u0433\u043e \u0441\u043e\u0435\u0432\u043e\u0433\u043e \u0432\u043e\u0441\u043a\u0430 \u0432 \u0441\u0442\u0435\u043a\u043b\u044f\u043d\u043d\u043e\u0439 \u0431\u0430\u043d\u043a\u0435.<br \/>\n\u0410\u0440\u043e\u043c\u0430\u0442 \u044d\u0442\u043e\u0439 \u0441\u0432\u0435\u0447\u0438 \u2014 \u0441\u043e\u0431\u043b\u0430\u0437\u043d\u0438\u0442\u0435\u043b\u044c\u043d\u043e\u0435 \u0441\u043e\u0447\u0435\u0442\u0430\u043d\u0438\u0435 \u043a\u043e\u043a\u043e\u0441\u0430 \u0438 \u0441\u043b\u0430\u0434\u043a\u043e\u0439 \u0432\u0430\u043d\u0438\u043b\u0438.<\/p>\n<p>\u0421\u043e\u0435\u0432\u044b\u0435 \u0441\u0432\u0435\u0447\u0438 \u0433\u043e\u0440\u0430\u0437\u0434\u043e \u0431\u0435\u0437\u043e\u043f\u0430\u0441\u043d\u0435\u0435 \u0438 \u043f\u043e\u043b\u0435\u0437\u043d\u0435\u0435 \u043e\u0431\u044b\u0447\u043d\u044b\u0445 \u0441\u0432\u0435\u0447\u0435\u0439 \u0438\u0437 \u043f\u0430\u0440\u0430\u0444\u0438\u043d\u0430.<br \/>\n\u041e\u043d\u0438 \u0438\u0437\u0433\u043e\u0442\u043e\u0432\u043b\u0435\u043d\u044b \u0438\u0437 \u0432\u043e\u0441\u043a\u0430 \u0440\u0430\u0441\u0442\u0438\u0442\u0435\u043b\u044c\u043d\u043e\u0433\u043e \u043f\u0440\u043e\u0438\u0441\u0445\u043e\u0436\u0434\u0435\u043d\u0438\u044f, \u043a\u043e\u0442\u043e\u0440\u044b\u0439 \u043d\u0435 \u0441\u043e\u0434\u0435\u0440\u0436\u0438\u0442 \u043a\u0430\u043d\u0446\u0435\u0440\u043e\u0433\u0435\u043d\u043d\u044b\u0445 \u0447\u0430\u0441\u0442\u0438\u0446 \u0438 \u043d\u0435 \u0432\u044b\u0434\u0435\u043b\u044f\u0435\u0442 \u0434\u044b\u043c\u0430 \u043f\u0440\u0438 \u0433\u043e\u0440\u0435\u043d\u0438\u0438.<br \/>\n\u041e\u043d\u0438 \u0431\u0435\u0437\u043e\u043f\u0430\u0441\u043d\u044b \u0434\u043b\u044f \u0438\u0441\u043f\u043e\u043b\u044c\u0437\u043e\u0432\u0430\u043d\u0438\u044f \u0432 \u043f\u043e\u043c\u0435\u0449\u0435\u043d\u0438\u044f\u0445, \u0433\u0434\u0435 \u043d\u0430\u0445\u043e\u0434\u044f\u0442\u0441\u044f \u0431\u0435\u0440\u0435\u043c\u0435\u043d\u043d\u044b\u0435 \u0436\u0435\u043d\u0449\u0438\u043d\u044b \u0438 \u0434\u0435\u0442\u0438.<\/p>\n<p class=\"translation-block\">\u0421\u043e\u0435\u0432\u044b\u0439 \u0432\u043e\u0441\u043a \u0431\u0438\u043e\u0440\u0430\u0437\u043b\u0430\u0433\u0430\u0435\u043c \u0438 \u043d\u0435 \u043e\u043a\u0430\u0437\u044b\u0432\u0430\u0435\u0442 \u043d\u0435\u0433\u0430\u0442\u0438\u0432\u043d\u043e\u0433\u043e \u0432\u043e\u0437\u0434\u0435\u0439\u0441\u0442\u0432\u0438\u044f \u043d\u0430 \u043e\u043a\u0440\u0443\u0436\u0430\u044e\u0449\u0443\u044e \u0441\u0440\u0435\u0434\u0443.<br>\n\u041f\u043e\u0441\u043a\u043e\u043b\u044c\u043a\u0443 \u0441\u043e\u0435\u0432\u044b\u0435 \u0441\u0432\u0435\u0447\u0438 \u0438\u0437\u0433\u043e\u0442\u0430\u0432\u043b\u0438\u0432\u0430\u044e\u0442\u0441\u044f \u0438\u0441\u043a\u043b\u044e\u0447\u0438\u0442\u0435\u043b\u044c\u043d\u043e \u0438\u0437 \u0440\u0430\u0441\u0442\u0438\u0442\u0435\u043b\u044c\u043d\u044b\u0445 \u0438\u043d\u0433\u0440\u0435\u0434\u0438\u0435\u043d\u0442\u043e\u0432, \u043e\u043d\u0438 \u043f\u043e\u0434\u0445\u043e\u0434\u044f\u0442 \u0434\u043b\u044f \u0432\u0435\u0433\u0430\u043d\u043e\u0432.<br>\n\u0412\u0440\u0435\u043c\u044f \u0433\u043e\u0440\u0435\u043d\u0438\u044f \u0442\u0430\u043a\u0436\u0435 \u0437\u043d\u0430\u0447\u0438\u0442\u0435\u043b\u044c\u043d\u043e \u0434\u043e\u043b\u044c\u0448\u0435, \u0447\u0435\u043c \u0443 \u043e\u0431\u044b\u0447\u043d\u044b\u0445 \u0441\u0432\u0435\u0447\u0435\u0439.<br>\n\u041f\u043e\u0441\u043b\u0435 \u0438\u0441\u043f\u043e\u043b\u044c\u0437\u043e\u0432\u0430\u043d\u0438\u044f \u0443\u043f\u0430\u043a\u043e\u0432\u043a\u0443 \u043c\u043e\u0436\u043d\u043e \u0438\u0441\u043f\u043e\u043b\u044c\u0437\u043e\u0432\u0430\u0442\u044c \u0434\u043b\u044f \u0434\u0440\u0443\u0433\u0438\u0445 \u0446\u0435\u043b\u0435\u0439, \u0442\u0430\u043a \u043a\u0430\u043a \u043e\u0441\u0442\u0430\u0442\u043a\u0438 \u0432\u043e\u0441\u043a\u0430 \u043b\u0435\u0433\u043a\u043e \u0443\u0434\u0430\u043b\u044f\u044e\u0442\u0441\u044f.<\/p>\n<p><strong>\u041d\u0435\u0442\u0442\u043e<\/strong>: 180 \u0433<br \/>\n<strong>\u0412\u0440\u0435\u043c\u044f \u0433\u043e\u0440\u0435\u043d\u0438\u044f: <\/strong>40+ \u0447\u0430\u0441\u043e\u0432<\/p>","protected":false},"excerpt":{"rendered":"<div class=\"flex-1 overflow-hidden\">\n<div class=\"react-scroll-to-bottom--css-hcocl-79elbk h-full\">\n<div class=\"react-scroll-to-bottom--css-hcocl-1n7m0yu\">\n<div class=\"flex flex-col pb-9 text-sm\">\n<div class=\"w-full text-token-text-primary\" data-testid=\"conversation-turn-3\">\n<div class=\"px-4 py-2 justify-center text-base md:gap-6 m-auto\">\n<div class=\"flex flex-1 text-base mx-auto gap-3 md:px-5 lg:px-1 xl:px-5 md:max-w-3xl lg:max-w-[40rem] xl:max-w-[48rem] group final-completion\">\n<div class=\"relative flex w-full flex-col lg:w-[calc(100%-115px)] agent-turn\">\n<div class=\"flex-col gap-1 md:gap-3\">\n<div class=\"flex flex-grow flex-col max-w-full\">\n<div class=\"min-h-[20px] text-message flex flex-col items-start gap-3 whitespace-pre-wrap break-words [.text-message+&amp;]:mt-5 overflow-x-auto\" data-message-author-role=\"assistant\" data-message-id=\"a953a587-6f42-4846-8072-00e404ccb2e2\">\n<div class=\"markdown prose w-full break-words dark:prose-invert dark\">\n<p>Eco Glow &#8211; Dream je privla\u010dna sojina sve\u0107a u staklenoj tegli sa 100% prirodnim sojinim voskom.<\/p>\n<p>U\u017eivajte u o\u010daravaju\u0107em mirisu kokosa i slatkog vanilinog nota.<br \/>\nSoja sve\u0107e pru\u017eaju sigurnost, bez kancerogenih \u010destica i dima, idealne su za trudnice i decu.<br \/>\nEkolo\u0161ki prihvatljive, veganske, s dugim vremenom gorenja od 40+ sati.<\/p>\n<p>Nakon kori\u0161\u0107enja, reciklirajte ambala\u017eu lako uklanjanjem voska.<br \/>\nU\u017eivajte u luksuzu svestranosti i bezbednosti ove sve\u0107e koja \u010duva i okolinu.<\/p>\n<\/div>\n<\/div>\n<\/div>\n<\/div>\n<\/div>\n<\/div>\n<\/div>\n<\/div>\n<\/div>\n<\/div>\n<\/div>\n<\/div>\n","protected":false},"featured_media":5435,"comment_status":"open","ping_status":"closed","template":"","meta":{"wprm-recipe-roundup-name":"","wprm-recipe-roundup-description":""},"product_brand":[],"product_cat":[28,26,95],"product_tag":[148,145],"class_list":{"0":"post-5434","1":"product","2":"type-product","3":"status-publish","4":"has-post-thumbnail","6":"product_cat-mirisne-svece-od-sojinog-voska","7":"product_cat-aromaterapija","8":"product_cat-veganska-kozmetika","9":"product_tag-mirisne-svece","10":"product_tag-vegan","12":"first","13":"onbackorder","14":"taxable","15":"shipping-taxable","16":"purchasable","17":"product-type-simple"},"_links":{"self":[{"href":"https:\/\/balavander.com\/ru\/wp-json\/wp\/v2\/product\/5434","targetHints":{"allow":["GET"]}}],"collection":[{"href":"https:\/\/balavander.com\/ru\/wp-json\/wp\/v2\/product"}],"about":[{"href":"https:\/\/balavander.com\/ru\/wp-json\/wp\/v2\/types\/product"}],"replies":[{"embeddable":true,"href":"https:\/\/balavander.com\/ru\/wp-json\/wp\/v2\/comments?post=5434"}],"wp:featuredmedia":[{"embeddable":true,"href":"https:\/\/balavander.com\/ru\/wp-json\/wp\/v2\/media\/5435"}],"wp:attachment":[{"href":"https:\/\/balavander.com\/ru\/wp-json\/wp\/v2\/media?parent=5434"}],"wp:term":[{"taxonomy":"product_brand","embeddable":true,"href":"https:\/\/balavander.com\/ru\/wp-json\/wp\/v2\/product_brand?post=5434"},{"taxonomy":"product_cat","embeddable":true,"href":"https:\/\/balavander.com\/ru\/wp-json\/wp\/v2\/product_cat?post=5434"},{"taxonomy":"product_tag","embeddable":true,"href":"https:\/\/balavander.com\/ru\/wp-json\/wp\/v2\/product_tag?post=5434"}],"curies":[{"name":"wp","href":"https:\/\/api.w.org\/{rel}","templated":true}]}}