{"id":5420,"date":"2021-11-18T15:48:18","date_gmt":"2021-11-18T14:48:18","guid":{"rendered":"https:\/\/balavander.com\/?post_type=product&#038;p=5420"},"modified":"2026-04-20T02:27:36","modified_gmt":"2026-04-20T00:27:36","slug":"eco-glow-sinus","status":"publish","type":"product","link":"https:\/\/balavander.com\/ru\/prodavnica\/eco-glow-sinus\/","title":{"rendered":"Eco Glow \u2013 Sinus \u2013 \u0430\u0440\u043e\u043c\u0430\u0442\u0438\u0447\u0435\u0441\u043a\u0430\u044f \u0441\u0432\u0435\u0447\u0430"},"content":{"rendered":"<p><strong>Eco Glow \u2013 Sinus <\/strong>\u0430\u0440\u043e\u043c\u0430\u0442\u0438\u0447\u0435\u0441\u043a\u0430\u044f \u0441\u0432\u0435\u0447\u0430 \u0438\u0437 100% \u043d\u0430\u0442\u0443\u0440\u0430\u043b\u044c\u043d\u043e\u0433\u043e \u0441\u043e\u0435\u0432\u043e\u0433\u043e \u0432\u043e\u0441\u043a\u0430 \u0432 \u0441\u0442\u0435\u043a\u043b\u044f\u043d\u043d\u043e\u0439 \u0431\u0430\u043d\u043a\u0435.<br \/>\n\u0410\u0440\u043e\u043c\u0430\u0442 \u044d\u0442\u043e\u0439 \u0441\u0432\u0435\u0447\u0438 \u043c\u043e\u0436\u043d\u043e \u043e\u043f\u0438\u0441\u0430\u0442\u044c \u043a\u0430\u043a \u043e\u0441\u0432\u0435\u0436\u0430\u044e\u0449\u0443\u044e \u043a\u043e\u043c\u0431\u0438\u043d\u0430\u0446\u0438\u044e \u043c\u044f\u0442\u044b \u0438 \u044d\u0432\u043a\u0430\u043b\u0438\u043f\u0442\u0430 \u0441 \u043d\u043e\u0442\u043a\u0430\u043c\u0438 \u043c\u043e\u0449\u043d\u043e\u0433\u043e \u0447\u0430\u0439\u043d\u043e\u0433\u043e \u0434\u0435\u0440\u0435\u0432\u0430.<\/p>\n<p>\u042d\u0442\u0430 \u0441\u0432\u0435\u0447\u0430 \u043f\u043e\u043c\u043e\u0436\u0435\u0442 \u0432\u0430\u043c \u0432\u044b\u043b\u0435\u0447\u0438\u0442\u044c \u0437\u0430\u043b\u043e\u0436\u0435\u043d\u043d\u043e\u0441\u0442\u044c \u043f\u0430\u0437\u0443\u0445 \u0438 \u0434\u044b\u0445\u0430\u0442\u0435\u043b\u044c\u043d\u044b\u0445 \u043f\u0443\u0442\u0435\u0439.<br \/>\n\u041e\u0441\u0432\u0435\u0436\u0430\u044e\u0449\u0438\u0439 \u0430\u0440\u043e\u043c\u0430\u0442 \u044d\u0444\u0438\u0440\u043d\u044b\u0445 \u043c\u0430\u0441\u0435\u043b \u0438 \u0441\u043e\u0435\u0432\u043e\u0433\u043e \u0432\u043e\u0441\u043a\u0430 \u043d\u0430\u043f\u043e\u043b\u043d\u0438\u0442 \u0432\u0430\u0448 \u0434\u043e\u043c \u043f\u0440\u0435\u043a\u0440\u0430\u0441\u043d\u044b\u043c \u043e\u0441\u0432\u0435\u0436\u0430\u044e\u0449\u0438\u043c \u0430\u0440\u043e\u043c\u0430\u0442\u043e\u043c \u0438 \u0432 \u0442\u043e \u0436\u0435 \u0432\u0440\u0435\u043c\u044f \u043f\u043e\u043c\u043e\u0436\u0435\u0442 \u0432\u0430\u043c \u043b\u0435\u0433\u0447\u0435 \u0441\u043f\u0440\u0430\u0432\u0438\u0442\u044c\u0441\u044f \u0441 \u043f\u0440\u043e\u0431\u043b\u0435\u043c\u0430\u043c\u0438 \u043d\u043e\u0441\u043e\u0432\u044b\u0445 \u043f\u0430\u0437\u0443\u0445.<\/p>\n<p>\u0420\u0435\u043a\u043e\u043c\u0435\u043d\u0434\u0443\u0435\u0442\u0441\u044f \u043b\u044e\u0434\u044f\u043c, \u0441\u043a\u043b\u043e\u043d\u043d\u044b\u043c \u043a \u0440\u0430\u0437\u043b\u0438\u0447\u043d\u044b\u043c \u0430\u043b\u043b\u0435\u0440\u0433\u0438\u044f\u043c \u0438 \u043f\u0440\u043e\u0431\u043b\u0435\u043c\u0430\u043c \u0441 \u0437\u0430\u043b\u043e\u0436\u0435\u043d\u043d\u043e\u0441\u0442\u044c\u044e \u043d\u043e\u0441\u043e\u0432\u044b\u0445 \u043f\u0430\u0437\u0443\u0445.<\/p>\n<p>\u042d\u0442\u0443 \u0441\u0432\u0435\u0447\u0443 \u043c\u043e\u0436\u043d\u043e \u0438\u0441\u043f\u043e\u043b\u044c\u0437\u043e\u0432\u0430\u0442\u044c \u043a\u0430\u043a \u0430\u0440\u043e\u043c\u0430\u0442\u0435\u0440\u0430\u043f\u0435\u0432\u0442\u0438\u0447\u0435\u0441\u043a\u043e\u0435 \u0441\u0440\u0435\u0434\u0441\u0442\u0432\u043e \u0438\u043b\u0438 \u0434\u043b\u044f \u0438\u043d\u0433\u0430\u043b\u044f\u0446\u0438\u0439, \u0442\u0430\u043a \u043a\u0430\u043a \u0432\u0441\u0435 \u0438\u043d\u0433\u0440\u0435\u0434\u0438\u0435\u043d\u0442\u044b \u0430\u0431\u0441\u043e\u043b\u044e\u0442\u043d\u043e \u043d\u0430\u0442\u0443\u0440\u0430\u043b\u044c\u043d\u044b\u0435, \u043c\u043e\u0436\u043d\u043e \u043d\u0435 \u0431\u043e\u044f\u0442\u044c\u0441\u044f \u043f\u043e\u0431\u043e\u0447\u043d\u044b\u0445 \u044d\u0444\u0444\u0435\u043a\u0442\u043e\u0432.<\/p>\n<p>\u0421\u043e\u0435\u0432\u044b\u0435 \u0441\u0432\u0435\u0447\u0438 \u0433\u043e\u0440\u0430\u0437\u0434\u043e \u0431\u0435\u0437\u043e\u043f\u0430\u0441\u043d\u0435\u0435 \u0438 \u043f\u043e\u043b\u0435\u0437\u043d\u0435\u0435 \u043e\u0431\u044b\u0447\u043d\u044b\u0445 \u0441\u0432\u0435\u0447\u0435\u0439 \u0438\u0437 \u043f\u0430\u0440\u0430\u0444\u0438\u043d\u0430.<br \/>\n\u041e\u043d\u0438 \u0438\u0437\u0433\u043e\u0442\u043e\u0432\u043b\u0435\u043d\u044b \u0438\u0437 \u0432\u043e\u0441\u043a\u0430 \u0440\u0430\u0441\u0442\u0438\u0442\u0435\u043b\u044c\u043d\u043e\u0433\u043e \u043f\u0440\u043e\u0438\u0441\u0445\u043e\u0436\u0434\u0435\u043d\u0438\u044f, \u043a\u043e\u0442\u043e\u0440\u044b\u0439 \u043d\u0435 \u0441\u043e\u0434\u0435\u0440\u0436\u0438\u0442 \u043a\u0430\u043d\u0446\u0435\u0440\u043e\u0433\u0435\u043d\u043d\u044b\u0445 \u0447\u0430\u0441\u0442\u0438\u0446 \u0438 \u043d\u0435 \u0432\u044b\u0434\u0435\u043b\u044f\u0435\u0442 \u0434\u044b\u043c\u0430 \u043f\u0440\u0438 \u0433\u043e\u0440\u0435\u043d\u0438\u0438.<br \/>\n\u041e\u043d\u0438 \u0431\u0435\u0437\u043e\u043f\u0430\u0441\u043d\u044b \u0434\u043b\u044f \u0438\u0441\u043f\u043e\u043b\u044c\u0437\u043e\u0432\u0430\u043d\u0438\u044f \u0432 \u043f\u043e\u043c\u0435\u0449\u0435\u043d\u0438\u044f\u0445, \u0433\u0434\u0435 \u043d\u0430\u0445\u043e\u0434\u044f\u0442\u0441\u044f \u0431\u0435\u0440\u0435\u043c\u0435\u043d\u043d\u044b\u0435 \u0436\u0435\u043d\u0449\u0438\u043d\u044b \u0438 \u0434\u0435\u0442\u0438.<\/p>\n<p class=\"translation-block\">\u0421\u043e\u0435\u0432\u044b\u0439 \u0432\u043e\u0441\u043a \u0431\u0438\u043e\u0440\u0430\u0437\u043b\u0430\u0433\u0430\u0435\u043c \u0438 \u043d\u0435 \u043e\u043a\u0430\u0437\u044b\u0432\u0430\u0435\u0442 \u043d\u0435\u0433\u0430\u0442\u0438\u0432\u043d\u043e\u0433\u043e \u0432\u043e\u0437\u0434\u0435\u0439\u0441\u0442\u0432\u0438\u044f \u043d\u0430 \u043e\u043a\u0440\u0443\u0436\u0430\u044e\u0449\u0443\u044e \u0441\u0440\u0435\u0434\u0443.<br>\n\u041f\u043e\u0441\u043a\u043e\u043b\u044c\u043a\u0443 \u0441\u043e\u0435\u0432\u044b\u0435 \u0441\u0432\u0435\u0447\u0438 \u0438\u0437\u0433\u043e\u0442\u0430\u0432\u043b\u0438\u0432\u0430\u044e\u0442\u0441\u044f \u0438\u0441\u043a\u043b\u044e\u0447\u0438\u0442\u0435\u043b\u044c\u043d\u043e \u0438\u0437 \u0440\u0430\u0441\u0442\u0438\u0442\u0435\u043b\u044c\u043d\u044b\u0445 \u0438\u043d\u0433\u0440\u0435\u0434\u0438\u0435\u043d\u0442\u043e\u0432, \u043e\u043d\u0438 \u043f\u043e\u0434\u0445\u043e\u0434\u044f\u0442 \u0434\u043b\u044f \u0432\u0435\u0433\u0430\u043d\u043e\u0432.<br>\n\u0412\u0440\u0435\u043c\u044f \u0433\u043e\u0440\u0435\u043d\u0438\u044f \u0442\u0430\u043a\u0436\u0435 \u0437\u043d\u0430\u0447\u0438\u0442\u0435\u043b\u044c\u043d\u043e \u0434\u043e\u043b\u044c\u0448\u0435, \u0447\u0435\u043c \u0443 \u043e\u0431\u044b\u0447\u043d\u044b\u0445 \u0441\u0432\u0435\u0447\u0435\u0439.<br>\n\u041f\u043e\u0441\u043b\u0435 \u0438\u0441\u043f\u043e\u043b\u044c\u0437\u043e\u0432\u0430\u043d\u0438\u044f \u0443\u043f\u0430\u043a\u043e\u0432\u043a\u0443 \u043c\u043e\u0436\u043d\u043e \u0438\u0441\u043f\u043e\u043b\u044c\u0437\u043e\u0432\u0430\u0442\u044c \u0434\u043b\u044f \u0434\u0440\u0443\u0433\u0438\u0445 \u0446\u0435\u043b\u0435\u0439, \u0442\u0430\u043a \u043a\u0430\u043a \u043e\u0441\u0442\u0430\u0442\u043a\u0438 \u0432\u043e\u0441\u043a\u0430 \u043b\u0435\u0433\u043a\u043e \u0443\u0434\u0430\u043b\u044f\u044e\u0442\u0441\u044f.<\/p>\n<p><strong>\u041d\u0435\u0442\u0442\u043e<\/strong>: 180 \u0433<br \/>\n<strong>\u0412\u0440\u0435\u043c\u044f \u0433\u043e\u0440\u0435\u043d\u0438\u044f: <\/strong>40+ \u0447\u0430\u0441\u043e\u0432<\/p>","protected":false},"excerpt":{"rendered":"<div class=\"flex-1 overflow-hidden\">\n<div class=\"react-scroll-to-bottom--css-hcocl-79elbk h-full\">\n<div class=\"react-scroll-to-bottom--css-hcocl-1n7m0yu\">\n<div class=\"flex flex-col pb-9 text-sm\">\n<div class=\"w-full text-token-text-primary\" data-testid=\"conversation-turn-3\">\n<div class=\"px-4 py-2 justify-center text-base md:gap-6 m-auto\">\n<div class=\"flex flex-1 text-base mx-auto gap-3 md:px-5 lg:px-1 xl:px-5 md:max-w-3xl lg:max-w-[40rem] xl:max-w-[48rem] group final-completion\">\n<div class=\"relative flex w-full flex-col lg:w-[calc(100%-115px)] agent-turn\">\n<div class=\"flex-col gap-1 md:gap-3\">\n<div class=\"flex flex-grow flex-col max-w-full\">\n<div class=\"min-h-[20px] text-message flex flex-col items-start gap-3 whitespace-pre-wrap break-words [.text-message+&amp;]:mt-5 overflow-x-auto\" data-message-author-role=\"assistant\" data-message-id=\"2fb990d7-7a60-40f6-bc6c-4d1b127e280c\">\n<div class=\"markdown prose w-full break-words dark:prose-invert dark\">\n<p>Eco Glow &#8211; Sinus je prirodna sojina mirisna sve\u0107a koja donosi osve\u017eavaju\u0107u kombinaciju mente, eukaliptusa i \u010dajnog drveta.<\/p>\n<p>Savr\u0161ena za tretiranje za\u010depljenih sinusa i disajnih puteva, ova sve\u0107a pru\u017ea predivnu aromu eteri\u010dnih ulja i sojinog voska.<br \/>\nPreporu\u010duje se osobama s alergijama i sinusnim problemima. Bezbedna za trudnice i decu, sojine sve\u0107e su zdravija alternativa parafinskim sve\u0107ama, biorazgradive su i pogodne za vegane.<\/p>\n<p>S vremenom gorenja od 40+ sati, ova sve\u0107a \u010dini va\u0161 dom osve\u017eenim i harmoni\u010dnim, dok se ambala\u017ea lako reciklira.<br \/>\nU\u017eivajte u prirodi bez brige!<\/p>\n<\/div>\n<\/div>\n<\/div>\n<\/div>\n<\/div>\n<\/div>\n<\/div>\n<\/div>\n<\/div>\n<\/div>\n<\/div>\n<\/div>\n<div class=\"w-full pt-2 md:pt-0 dark:border-white\/20 md:border-transparent md:dark:border-transparent md:w-[calc(100%-.5rem)]\">\n<form class=\"stretch mx-2 flex flex-row gap-3 last:mb-2 md:mx-4 md:last:mb-6 lg:mx-auto lg:max-w-2xl xl:max-w-3xl\">\n<div class=\"relative flex h-full flex-1 items-stretch md:flex-col\">\n<div class=\"flex w-full items-center\"><\/div>\n<\/div>\n<\/form>\n<\/div>\n","protected":false},"featured_media":5421,"comment_status":"open","ping_status":"closed","template":"","meta":{"wprm-recipe-roundup-name":"","wprm-recipe-roundup-description":""},"product_brand":[],"product_cat":[28,26,95],"product_tag":[148,145],"class_list":{"0":"post-5420","1":"product","2":"type-product","3":"status-publish","4":"has-post-thumbnail","6":"product_cat-mirisne-svece-od-sojinog-voska","7":"product_cat-aromaterapija","8":"product_cat-veganska-kozmetika","9":"product_tag-mirisne-svece","10":"product_tag-vegan","12":"first","13":"onbackorder","14":"taxable","15":"shipping-taxable","16":"purchasable","17":"product-type-simple"},"_links":{"self":[{"href":"https:\/\/balavander.com\/ru\/wp-json\/wp\/v2\/product\/5420","targetHints":{"allow":["GET"]}}],"collection":[{"href":"https:\/\/balavander.com\/ru\/wp-json\/wp\/v2\/product"}],"about":[{"href":"https:\/\/balavander.com\/ru\/wp-json\/wp\/v2\/types\/product"}],"replies":[{"embeddable":true,"href":"https:\/\/balavander.com\/ru\/wp-json\/wp\/v2\/comments?post=5420"}],"wp:featuredmedia":[{"embeddable":true,"href":"https:\/\/balavander.com\/ru\/wp-json\/wp\/v2\/media\/5421"}],"wp:attachment":[{"href":"https:\/\/balavander.com\/ru\/wp-json\/wp\/v2\/media?parent=5420"}],"wp:term":[{"taxonomy":"product_brand","embeddable":true,"href":"https:\/\/balavander.com\/ru\/wp-json\/wp\/v2\/product_brand?post=5420"},{"taxonomy":"product_cat","embeddable":true,"href":"https:\/\/balavander.com\/ru\/wp-json\/wp\/v2\/product_cat?post=5420"},{"taxonomy":"product_tag","embeddable":true,"href":"https:\/\/balavander.com\/ru\/wp-json\/wp\/v2\/product_tag?post=5420"}],"curies":[{"name":"wp","href":"https:\/\/api.w.org\/{rel}","templated":true}]}}