{"id":3199,"date":"2021-08-17T13:30:38","date_gmt":"2021-08-17T11:30:38","guid":{"rendered":"https:\/\/balavander.com\/?post_type=product&#038;p=3199"},"modified":"2026-04-27T02:27:23","modified_gmt":"2026-04-27T00:27:23","slug":"tahiti-prirodni-sapun","status":"publish","type":"product","link":"https:\/\/balavander.com\/ru\/prodavnica\/tahiti-prirodni-sapun\/","title":{"rendered":"Tahiti - \u043d\u0430\u0442\u0443\u0440\u0430\u043b\u044c\u043d\u043e\u0435 \u043c\u044b\u043b\u043e"},"content":{"rendered":"<div class=\"_xlr\">\n<p><strong>\u041f\u0440\u0438\u043c\u0435\u043d\u0435\u043d\u0438\u0435:<\/strong><br \/>\n\u0421\u0440\u0435\u0434\u0441\u0442\u0432\u043e \u0434\u043b\u044f \u043b\u0438\u0447\u043d\u043e\u0439 \u0433\u0438\u0433\u0438\u0435\u043d\u044b \u0434\u043b\u044f \u0432\u0441\u0435\u0445 \u0442\u0438\u043f\u043e\u0432 \u043a\u043e\u0436\u0438.<\/p>\n<p><strong>\u0421\u043f\u043e\u0441\u043e\u0431 \u043f\u0440\u0438\u043c\u0435\u043d\u0435\u043d\u0438\u044f:<\/strong><br \/>\n\u041f\u0435\u0440\u0435\u0434 \u043f\u0440\u0438\u043c\u0435\u043d\u0435\u043d\u0438\u0435\u043c \u0445\u0440\u0430\u043d\u0438\u0442\u044c \u0432 \u0441\u0443\u0445\u043e\u043c \u0438 \u043f\u0440\u043e\u0445\u043b\u0430\u0434\u043d\u043e\u043c \u043c\u0435\u0441\u0442\u0435 \u0432 \u043e\u0440\u0438\u0433\u0438\u043d\u0430\u043b\u044c\u043d\u043e\u0439 \u0443\u043f\u0430\u043a\u043e\u0432\u043a\u0435.<br \/>\n\u0427\u0442\u043e\u0431\u044b \u043d\u0430\u0442\u0443\u0440\u0430\u043b\u044c\u043d\u043e\u0435 \u043c\u044b\u043b\u043e \u0434\u043e\u043b\u044c\u0448\u0435 \u0441\u043b\u0443\u0436\u0438\u043b\u043e, \u043f\u043e\u0441\u043b\u0435 \u0438\u0441\u043f\u043e\u043b\u044c\u0437\u043e\u0432\u0430\u043d\u0438\u044f \u043f\u043e\u043b\u043e\u0436\u0438\u0442\u0435 \u0435\u0433\u043e \u0432 \u0441\u0443\u0445\u043e\u0435 \u043c\u0435\u0441\u0442\u043e.<\/p>\n<\/div>\n<p class=\"translation-block\"><strong>\u0421\u043e\u0441\u0442\u0430\u0432i<\/strong>:<br \/>\n\u2013 \u041d\u0435\u0440\u0430\u0444\u0438\u043d\u0438\u0440\u043e\u0432\u0430\u043d\u043d\u043e\u0435 \u043e\u043b\u0438\u0432\u043a\u043e\u0432\u043e\u0435 \u043c\u0430\u0441\u043b\u043e<br \/>\n\u2013 \u041f\u0430\u043b\u044c\u043c\u043e\u0432\u043e\u0435 \u043c\u0430\u0441\u043b\u043e<br \/>\n\u2013 \u041a\u0430\u0441\u0442\u043e\u0440\u043e\u0432\u043e\u0435 \u043c\u0430\u0441\u043b\u043e<br \/>\n\u2013 \u041d\u0435\u0440\u0430\u0444\u0438\u043d\u0438\u0440\u043e\u0432\u0430\u043d\u043d\u043e\u0435 \u043a\u043e\u043a\u043e\u0441\u043e\u0432\u043e\u0435 \u043c\u0430\u0441\u043b\u043e<br \/>\n\u2013 \u041a\u0430\u043e\u043b\u0438\u043d\u043e\u0432\u0430\u044f \u0433\u043b\u0438\u043d\u0430\n\u2013 \u0414\u0438\u043e\u043a\u0441\u0438\u0434 \u0442\u0438\u0442\u0430\u043d\u0430 (\n\u0431\u0435\u0437 \u043d\u0430\u043d\u043e\u0447\u0430\u0441\u0442\u0438\u0446\n)<br \/>\n\u2013 \u0410\u0440\u043e\u043c\u0430\u0442\u0438\u0447\u0435\u0441\u043a\u043e\u0435 \u043c\u0430\u0441\u043b\u043e \u0446\u0432\u0435\u0442\u043a\u0430 \u0442\u0430\u0438\u0442\u0438<\/p>\n<p><strong>\u041d\u0435\u0442\u0442\u043e<\/strong>: 90 \u0433<\/p>\n<p><span style=\"color: #008080;\"><strong>\u2714 100% \u043d\u0430\u0442\u0443\u0440\u0430\u043b\u044c\u043d\u043e<br \/>\n\u2714 \u0432\u0435\u0433\u0430\u043d<br \/>\n\u2714 \u043f\u0440\u0435\u043c\u0438\u0443\u043c \u043a\u0430\u0447\u0435\u0441\u0442\u0432\u043e<br \/>\n\u2714 \u0440\u0443\u0447\u043d\u0430\u044f \u0440\u0430\u0431\u043e\u0442\u0430<br \/>\n\u2714 \u043d\u0435 \u0442\u0435\u0441\u0442\u0438\u0440\u043e\u0432\u0430\u043d\u043e \u043d\u0430 \u0436\u0438\u0432\u043e\u0442\u043d\u044b\u0445<\/strong><\/span><\/p>","protected":false},"excerpt":{"rendered":"<div class=\"flex-1 overflow-hidden\">\n<div class=\"react-scroll-to-bottom--css-hcocl-79elbk h-full\">\n<div class=\"react-scroll-to-bottom--css-hcocl-1n7m0yu\">\n<div class=\"flex flex-col pb-9 text-sm\">\n<div class=\"w-full text-token-text-primary\" data-testid=\"conversation-turn-3\">\n<div class=\"px-4 py-2 justify-center text-base md:gap-6 m-auto\">\n<div class=\"flex flex-1 text-base mx-auto gap-3 md:px-5 lg:px-1 xl:px-5 md:max-w-3xl lg:max-w-[40rem] xl:max-w-[48rem] group final-completion\">\n<div class=\"relative flex w-full flex-col lg:w-[calc(100%-115px)] agent-turn\">\n<div class=\"flex-col gap-1 md:gap-3\">\n<div class=\"flex flex-grow flex-col max-w-full\">\n<div class=\"min-h-[20px] text-message flex flex-col items-start gap-3 whitespace-pre-wrap break-words [.text-message+&amp;]:mt-5 overflow-x-auto\" data-message-author-role=\"assistant\" data-message-id=\"2625f50e-12ba-475b-bf96-9712dfb44387\">\n<div class=\"markdown prose w-full break-words dark:prose-invert dark\">\n<p>Iskoristite 100% prirodnu snagu na\u0161eg sapuna za li\u010dnu higijenu, prilago\u0111enog svim tipovima ko\u017ee.<\/p>\n<p>Sa pa\u017eljivo odabranim sastojcima poput nerafinisanog maslinovog i kokosovog ulja, te kaolin gline za dodatnu negu, ovo je premium proizvod vrhunskog kvaliteta. Na\u0161 sapun je veganski, handmade, te ne sadr\u017ei nano \u010destice, dok je miris oboga\u0107een zanosnim uljem tahiti cveta.<\/p>\n<p>\u010cuvajte ga na suvom mestu kako biste produ\u017eili njegovu trajnost. Pru\u017eite ko\u017ei luksuznu njegu bez okrutnosti prema \u017eivotinjama.<br \/>\nNeto te\u017eina: 90g. U\u017eivajte u prirodnoj lepoti uz na\u0161 prirodni sapun!<\/p>\n<\/div>\n<\/div>\n<\/div>\n<\/div>\n<\/div>\n<\/div>\n<\/div>\n<\/div>\n<\/div>\n<\/div>\n<\/div>\n<\/div>\n","protected":false},"featured_media":10283,"comment_status":"open","ping_status":"closed","template":"","meta":{"wprm-recipe-roundup-name":"","wprm-recipe-roundup-description":""},"product_brand":[],"product_cat":[32,26,92,30,95],"product_tag":[144],"class_list":{"0":"post-3199","1":"product","2":"type-product","3":"status-publish","4":"has-post-thumbnail","6":"product_cat-prirodni-sapuni","7":"product_cat-aromaterapija","8":"product_cat-nega-koze","9":"product_cat-prirodna-kozmetika","10":"product_cat-veganska-kozmetika","11":"product_tag-prirodni-sapun","13":"first","14":"instock","15":"taxable","16":"shipping-taxable","17":"purchasable","18":"product-type-simple"},"_links":{"self":[{"href":"https:\/\/balavander.com\/ru\/wp-json\/wp\/v2\/product\/3199","targetHints":{"allow":["GET"]}}],"collection":[{"href":"https:\/\/balavander.com\/ru\/wp-json\/wp\/v2\/product"}],"about":[{"href":"https:\/\/balavander.com\/ru\/wp-json\/wp\/v2\/types\/product"}],"replies":[{"embeddable":true,"href":"https:\/\/balavander.com\/ru\/wp-json\/wp\/v2\/comments?post=3199"}],"wp:featuredmedia":[{"embeddable":true,"href":"https:\/\/balavander.com\/ru\/wp-json\/wp\/v2\/media\/10283"}],"wp:attachment":[{"href":"https:\/\/balavander.com\/ru\/wp-json\/wp\/v2\/media?parent=3199"}],"wp:term":[{"taxonomy":"product_brand","embeddable":true,"href":"https:\/\/balavander.com\/ru\/wp-json\/wp\/v2\/product_brand?post=3199"},{"taxonomy":"product_cat","embeddable":true,"href":"https:\/\/balavander.com\/ru\/wp-json\/wp\/v2\/product_cat?post=3199"},{"taxonomy":"product_tag","embeddable":true,"href":"https:\/\/balavander.com\/ru\/wp-json\/wp\/v2\/product_tag?post=3199"}],"curies":[{"name":"wp","href":"https:\/\/api.w.org\/{rel}","templated":true}]}}