{"id":2475,"date":"2021-05-25T12:19:33","date_gmt":"2021-05-25T10:19:33","guid":{"rendered":"https:\/\/balavander.com\/?post_type=product&#038;p=2475"},"modified":"2026-05-14T01:39:43","modified_gmt":"2026-05-13T23:39:43","slug":"rosie-prirodni-sapun","status":"publish","type":"product","link":"https:\/\/balavander.com\/ru\/prodavnica\/rosie-prirodni-sapun\/","title":{"rendered":"Rosie \u2013 \u043c\u044b\u043b\u043e \u0434\u043b\u044f \u0438\u043d\u0442\u0438\u043c\u043d\u043e\u0439 \u0433\u0438\u0433\u0438\u0435\u043d\u044b"},"content":{"rendered":"<div class=\"_xlr\">\n<p><strong>\u041f\u0440\u0438\u043c\u0435\u043d\u0435\u043d\u0438\u0435:<\/strong><br \/>\n\u0421\u0440\u0435\u0434\u0441\u0442\u0432\u043e \u0434\u043b\u044f \u043b\u0438\u0447\u043d\u043e\u0439 \u0433\u0438\u0433\u0438\u0435\u043d\u044b \u0438 \u0434\u043b\u044f \u0433\u0438\u0433\u0438\u0435\u043d\u044b \u0438\u043d\u0442\u0438\u043c\u043d\u044b\u0445 \u0437\u043e\u043d.<\/p>\n<p><strong>\u0421\u043f\u043e\u0441\u043e\u0431 \u043f\u0440\u0438\u043c\u0435\u043d\u0435\u043d\u0438\u044f:<\/strong><br \/>\n\u041f\u0435\u0440\u0435\u0434 \u043f\u0440\u0438\u043c\u0435\u043d\u0435\u043d\u0438\u0435\u043c \u0445\u0440\u0430\u043d\u0438\u0442\u044c \u0432 \u0441\u0443\u0445\u043e\u043c \u0438 \u043f\u0440\u043e\u0445\u043b\u0430\u0434\u043d\u043e\u043c \u043c\u0435\u0441\u0442\u0435 \u0432 \u043e\u0440\u0438\u0433\u0438\u043d\u0430\u043b\u044c\u043d\u043e\u0439 \u0443\u043f\u0430\u043a\u043e\u0432\u043a\u0435.<br \/>\n\u0427\u0442\u043e\u0431\u044b \u043d\u0430\u0442\u0443\u0440\u0430\u043b\u044c\u043d\u043e\u0435 \u043c\u044b\u043b\u043e \u0434\u043e\u043b\u044c\u0448\u0435 \u0441\u043b\u0443\u0436\u0438\u043b\u043e, \u043f\u043e\u0441\u043b\u0435 \u0438\u0441\u043f\u043e\u043b\u044c\u0437\u043e\u0432\u0430\u043d\u0438\u044f \u043f\u043e\u043b\u043e\u0436\u0438\u0442\u0435 \u0435\u0433\u043e \u0432 \u0441\u0443\u0445\u043e\u0435 \u043c\u0435\u0441\u0442\u043e.<\/p>\n<p>\u00a0<\/p>\n<\/div>\n<p class=\"translation-block\"><strong>\u0421\u043e\u0441\u0442\u0430\u0432<\/strong>:<br \/>\n\u2013 \u0420\u043e\u0437\u043e\u0432\u043e\u0435 \u043c\u0430\u0441\u043b\u043e<br \/>\n\u2013 \u041d\u0435\u0440\u0430\u0444\u0438\u043d\u0438\u0440\u043e\u0432\u0430\u043d\u043d\u043e\u0435 \u043e\u043b\u0438\u0432\u043a\u043e\u0432\u043e\u0435 \u043c\u0430\u0441\u043b\u043e<br \/>\n\u2013 \u041f\u0430\u043b\u044c\u043c\u043e\u0432\u043e\u0435 \u043c\u0430\u0441\u043b\u043e<br \/>\n\u2013 \u041d\u0435\u0440\u0430\u0444\u0438\u043d\u0438\u0440\u043e\u0432\u0430\u043d\u043d\u043e\u0435 \u043a\u043e\u043a\u043e\u0441\u043e\u0432\u043e\u0435 \u043c\u0430\u0441\u043b\u043e<br \/>\n\u2013 \u041a\u0430\u0441\u0442\u043e\u0440\u043e\u0432\u043e\u0435 \u043c\u0430\u0441\u043b\u043e<br \/>\n\u2013 \u041c\u0430\u0441\u043b\u043e \u0448\u0438<br \/>\n\u2013 \u042d\u0444\u0438\u0440\u043d\u043e\u0435 \u043c\u0430\u0441\u043b\u043e \u0433\u0435\u0440\u0430\u043d\u0438<\/p>\n<p><strong>\u041d\u0435\u0442\u0442\u043e<\/strong>: 80 \u0433<\/p>\n<p><span style=\"color: #008080;\"><strong>\u2714 100% \u043d\u0430\u0442\u0443\u0440\u0430\u043b\u044c\u043d\u043e<br \/>\n\u2714 \u0432\u0435\u0433\u0430\u043d<br \/>\n\u2714 \u043f\u0440\u0435\u043c\u0438\u0443\u043c \u043a\u0430\u0447\u0435\u0441\u0442\u0432\u043e<br \/>\n\u2714 \u0440\u0443\u0447\u043d\u0430\u044f \u0440\u0430\u0431\u043e\u0442\u0430<br \/>\n\u2714 \u043d\u0435 \u0442\u0435\u0441\u0442\u0438\u0440\u043e\u0432\u0430\u043d\u043e \u043d\u0430 \u0436\u0438\u0432\u043e\u0442\u043d\u044b\u0445<\/strong><\/span><\/p>\n<p>\u00a0<\/p>\n<p>\u041d\u0430\u0442\u0443\u0440\u0430\u043b\u044c\u043d\u0430\u044f \u0438\u043d\u0442\u0438\u043c\u043d\u0430\u044f \u0433\u0438\u0433\u0438\u0435\u043d\u0430 \u0441\u0442\u0430\u043d\u043e\u0432\u0438\u0442\u0441\u044f \u0432\u0441\u0435 \u0431\u043e\u043b\u0435\u0435 \u0432\u0430\u0436\u043d\u043e\u0439 \u0434\u043b\u044f \u0436\u0435\u043d\u0449\u0438\u043d, \u0441\u0442\u0440\u0435\u043c\u044f\u0449\u0438\u0445\u0441\u044f \u043a \u043f\u0440\u043e\u0434\u0443\u043a\u0442\u0430\u043c, \u043e\u0431\u0435\u0441\u043f\u0435\u0447\u0438\u0432\u0430\u044e\u0449\u0438\u043c \u043d\u0435\u0436\u043d\u044b\u0439 \u0438 \u044d\u0444\u0444\u0435\u043a\u0442\u0438\u0432\u043d\u044b\u0439 \u0443\u0445\u043e\u0434. \u041d\u0430\u0448\u0435 \u043c\u044b\u043b\u043e \u0434\u043b\u044f \u0438\u043d\u0442\u0438\u043c\u043d\u043e\u0439 \u0433\u0438\u0433\u0438\u0435\u043d\u044b \u043f\u0440\u0435\u0434\u0441\u0442\u0430\u0432\u043b\u044f\u0435\u0442 \u0438\u0434\u0435\u0430\u043b\u044c\u043d\u044b\u0439 \u0432\u044b\u0431\u043e\u0440 \u0434\u043b\u044f \u0432\u0441\u0435\u0445, \u043a\u0442\u043e \u0445\u043e\u0447\u0435\u0442 \u0441\u043e\u0445\u0440\u0430\u043d\u0438\u0442\u044c \u043e\u043f\u0442\u0438\u043c\u0430\u043b\u044c\u043d\u044b\u0439 \u0431\u0430\u043b\u0430\u043d\u0441 \u0438 \u0441\u0432\u0435\u0436\u0435\u0441\u0442\u044c. \u0420\u0430\u0437\u0440\u0430\u0431\u043e\u0442\u0430\u043d\u043d\u043e\u0435 \u0441 \u0437\u0430\u0431\u043e\u0442\u043e\u0439 \u043e \u043f\u0440\u0438\u0440\u043e\u0434\u0435 \u0438 \u0432\u0430\u0448\u0435\u043c \u043a\u043e\u043c\u0444\u043e\u0440\u0442\u0435, \u043d\u0430\u0448\u0435 \u043c\u044b\u043b\u043e \u043e\u0431\u043e\u0433\u0430\u0449\u0435\u043d\u043e \u0440\u0430\u0441\u0442\u0438\u0442\u0435\u043b\u044c\u043d\u044b\u043c\u0438 \u043c\u0430\u0441\u043b\u0430\u043c\u0438, \u043c\u0430\u0441\u043b\u043e\u043c \u0448\u0438 \u0438 \u044d\u0444\u0438\u0440\u043d\u044b\u043c \u043c\u0430\u0441\u043b\u043e\u043c \u0433\u0435\u0440\u0430\u043d\u0438.<\/p>\n<h3>\u0418\u0434\u0435\u0430\u043b\u044c\u043d\u0430\u044f pH-\u0441\u0431\u0430\u043b\u0430\u043d\u0441\u0438\u0440\u043e\u0432\u0430\u043d\u043d\u043e\u0441\u0442\u044c<\/h3>\n<p>\u041d\u0430\u0448\u0435 \u043c\u044b\u043b\u043e \u0441\u043f\u0435\u0446\u0438\u0430\u043b\u044c\u043d\u043e \u0440\u0430\u0437\u0440\u0430\u0431\u043e\u0442\u0430\u043d\u043e \u0434\u043b\u044f \u043f\u043e\u0434\u0434\u0435\u0440\u0436\u0430\u043d\u0438\u044f \u0435\u0441\u0442\u0435\u0441\u0442\u0432\u0435\u043d\u043d\u043e\u0433\u043e pH-\u0431\u0430\u043b\u0430\u043d\u0441\u0430 \u0438\u043d\u0442\u0438\u043c\u043d\u043e\u0439 \u0437\u043e\u043d\u044b. \u0415\u0433\u043e \u0441\u0431\u0430\u043b\u0430\u043d\u0441\u0438\u0440\u043e\u0432\u0430\u043d\u043d\u043e\u0435 \u0437\u043d\u0430\u0447\u0435\u043d\u0438\u0435 pH \u043f\u043e\u043c\u043e\u0433\u0430\u0435\u0442 \u0441\u043e\u0445\u0440\u0430\u043d\u0438\u0442\u044c \u0435\u0441\u0442\u0435\u0441\u0442\u0432\u0435\u043d\u043d\u0443\u044e \u043c\u0438\u043a\u0440\u043e\u0444\u043b\u043e\u0440\u0443, \u043f\u0440\u0435\u0434\u043e\u0442\u0432\u0440\u0430\u0449\u0430\u044f \u0440\u0430\u0437\u0434\u0440\u0430\u0436\u0435\u043d\u0438\u044f \u0438 \u0434\u0438\u0441\u043a\u043e\u043c\u0444\u043e\u0440\u0442. \u041d\u0435\u0437\u0430\u0432\u0438\u0441\u0438\u043c\u043e \u043e\u0442 \u0432\u0430\u0448\u0435\u0433\u043e \u0442\u0438\u043f\u0430 \u043a\u043e\u0436\u0438, \u043d\u0430\u0448\u0435 \u043c\u044b\u043b\u043e \u043f\u0440\u0435\u0434\u043b\u0430\u0433\u0430\u0435\u0442 \u043d\u0435\u0436\u043d\u043e\u0435 \u043e\u0447\u0438\u0449\u0435\u043d\u0438\u0435 \u0438 \u0443\u0445\u043e\u0434 \u0431\u0435\u0437 \u043d\u0430\u0440\u0443\u0448\u0435\u043d\u0438\u044f \u0435\u0441\u0442\u0435\u0441\u0442\u0432\u0435\u043d\u043d\u043e\u0433\u043e \u0431\u0430\u043b\u0430\u043d\u0441\u0430.<\/p>\n<h3>\u041d\u0430\u0442\u0443\u0440\u0430\u043b\u044c\u043d\u044b\u0435 \u043a\u043e\u043c\u043f\u043e\u043d\u0435\u043d\u0442\u044b \u0434\u043b\u044f \u043d\u0435\u0436\u043d\u043e\u0441\u0442\u0438<\/h3>\n<p>\u041e\u0442\u0432\u0435\u0442\u0441\u0442\u0432\u0435\u043d\u043d\u043e\u0441\u0442\u044c \u043f\u0435\u0440\u0435\u0434 \u043f\u0440\u0438\u0440\u043e\u0434\u043e\u0439 \u0438 \u0432\u0430\u0448\u0438\u043c \u0437\u0434\u043e\u0440\u043e\u0432\u044c\u0435\u043c \u044f\u0432\u043b\u044f\u0435\u0442\u0441\u044f \u043a\u043b\u044e\u0447\u0435\u0432\u043e\u0439 \u0434\u043b\u044f \u043d\u0430\u0448\u0435\u0433\u043e \u043f\u0440\u043e\u0434\u0443\u043a\u0442\u0430. \u041d\u0430\u0448\u0435 \u043c\u044b\u043b\u043e \u0438\u0437\u0433\u043e\u0442\u0430\u0432\u043b\u0438\u0432\u0430\u0435\u0442\u0441\u044f \u043d\u0430 \u0440\u0430\u0441\u0442\u0438\u0442\u0435\u043b\u044c\u043d\u043e\u0439 \u043e\u0441\u043d\u043e\u0432\u0435, \u0438\u0441\u043f\u043e\u043b\u044c\u0437\u0443\u044f \u0432\u044b\u0441\u043e\u043a\u043e\u043a\u0430\u0447\u0435\u0441\u0442\u0432\u0435\u043d\u043d\u044b\u0435 \u0440\u0430\u0441\u0442\u0438\u0442\u0435\u043b\u044c\u043d\u044b\u0435 \u043c\u0430\u0441\u043b\u0430 \u0438 \u043c\u0430\u0441\u043b\u043e \u0448\u0438. \u042d\u0442\u0438 \u043d\u0430\u0442\u0443\u0440\u0430\u043b\u044c\u043d\u044b\u0435 \u043a\u043e\u043c\u043f\u043e\u043d\u0435\u043d\u0442\u044b \u043e\u0431\u0435\u0441\u043f\u0435\u0447\u0438\u0432\u0430\u044e\u0442 \u0443\u0432\u043b\u0430\u0436\u043d\u0435\u043d\u0438\u0435 \u0438 \u0441\u043c\u044f\u0433\u0447\u0435\u043d\u0438\u0435 \u043a\u043e\u0436\u0438, \u043e\u0441\u0442\u0430\u0432\u043b\u044f\u044f \u0435\u0435 \u0433\u043b\u0430\u0434\u043a\u043e\u0439 \u0438 \u0443\u0445\u043e\u0436\u0435\u043d\u043d\u043e\u0439.<\/p>\n<h3>\u042d\u0444\u0438\u0440\u043d\u043e\u0435 \u043c\u0430\u0441\u043b\u043e \u0433\u0435\u0440\u0430\u043d\u0438 \u0434\u043b\u044f \u043e\u0449\u0443\u0449\u0435\u043d\u0438\u044f \u0441\u0432\u0435\u0436\u0435\u0441\u0442\u0438<\/h3>\n<p>\u041d\u0430\u0448\u0435 \u043c\u044b\u043b\u043e \u043e\u0431\u043e\u0433\u0430\u0449\u0435\u043d\u043e \u044d\u0444\u0438\u0440\u043d\u044b\u043c \u043c\u0430\u0441\u043b\u043e\u043c \u0433\u0435\u0440\u0430\u043d\u0438, \u0441\u0432\u043e\u0439\u0441\u0442\u0432\u0430 \u043a\u043e\u0442\u043e\u0440\u043e\u0433\u043e \u0434\u0430\u0440\u044f\u0442 \u043e\u0449\u0443\u0449\u0435\u043d\u0438\u0435 \u0441\u0432\u0435\u0436\u0435\u0441\u0442\u0438 \u0438 \u0447\u0438\u0441\u0442\u043e\u0442\u044b. \u042d\u0442\u043e \u044d\u0444\u0438\u0440\u043d\u043e\u0435 \u043c\u0430\u0441\u043b\u043e \u0438\u0437\u0432\u0435\u0441\u0442\u043d\u043e \u0441\u0432\u043e\u0438\u043c\u0438 \u0430\u043d\u0442\u0438\u0431\u0430\u043a\u0442\u0435\u0440\u0438\u0430\u043b\u044c\u043d\u044b\u043c\u0438 \u0438 \u0443\u0441\u043f\u043e\u043a\u0430\u0438\u0432\u0430\u044e\u0449\u0438\u043c\u0438 \u0441\u0432\u043e\u0439\u0441\u0442\u0432\u0430\u043c\u0438, \u043e\u0431\u0435\u0441\u043f\u0435\u0447\u0438\u0432\u0430\u044f \u0434\u043e\u043f\u043e\u043b\u043d\u0438\u0442\u0435\u043b\u044c\u043d\u0443\u044e \u043f\u043e\u0434\u0434\u0435\u0440\u0436\u043a\u0443 \u0438\u043d\u0442\u0438\u043c\u043d\u043e\u0439 \u0433\u0438\u0433\u0438\u0435\u043d\u044b.<\/p>\n<h3>\u0420\u043e\u0437\u043e\u0432\u043e\u0435 \u043c\u0430\u0441\u043b\u043e \u0434\u043b\u044f \u0440\u043e\u0441\u043a\u043e\u0448\u043d\u043e\u0433\u043e \u0443\u0445\u043e\u0434\u0430<\/h3>\n<p>\u0414\u043e\u043f\u043e\u043b\u043d\u044f\u044f \u0431\u043e\u0433\u0430\u0442\u0441\u0442\u0432\u043e \u043d\u0430\u0448\u0435\u0433\u043e \u043c\u044b\u043b\u0430 \u0434\u043b\u044f \u0438\u043d\u0442\u0438\u043c\u043d\u043e\u0439 \u0433\u0438\u0433\u0438\u0435\u043d\u044b, \u043c\u044b\u043b\u043e \u0442\u0430\u043a\u0436\u0435 \u0441\u043e\u0434\u0435\u0440\u0436\u0438\u0442 \u0434\u0440\u0430\u0433\u043e\u0446\u0435\u043d\u043d\u043e\u0435 \u0440\u043e\u0437\u043e\u0432\u043e\u0435 \u043c\u0430\u0441\u043b\u043e, \u043a\u043e\u0442\u043e\u0440\u043e\u0435 \u043f\u0440\u0438\u0434\u0430\u0451\u0442 \u0443\u0445\u043e\u0434\u0443 \u0440\u043e\u0441\u043a\u043e\u0448\u043d\u044b\u0439 \u043e\u0442\u0442\u0435\u043d\u043e\u043a. \u0420\u043e\u0437\u043e\u0432\u043e\u0435 \u043c\u0430\u0441\u043b\u043e \u0438\u0437\u0432\u0435\u0441\u0442\u043d\u043e \u0441\u0432\u043e\u0438\u043c\u0438 \u0443\u0432\u043b\u0430\u0436\u043d\u044f\u044e\u0449\u0438\u043c\u0438 \u0438 \u0443\u0441\u043f\u043e\u043a\u0430\u0438\u0432\u0430\u044e\u0449\u0438\u043c\u0438 \u0441\u0432\u043e\u0439\u0441\u0442\u0432\u0430\u043c\u0438. \u041e\u043d\u043e \u0441\u043f\u043e\u0441\u043e\u0431\u0441\u0442\u0432\u0443\u0435\u0442 \u0432\u043e\u0441\u0441\u0442\u0430\u043d\u043e\u0432\u043b\u0435\u043d\u0438\u044e \u0438 \u043e\u043c\u043e\u043b\u043e\u0436\u0435\u043d\u0438\u044e \u043a\u043e\u0436\u0438, \u0434\u0435\u043b\u0430\u044f \u0435\u0451 \u043c\u044f\u0433\u043a\u043e\u0439 \u0438 \u0437\u0434\u043e\u0440\u043e\u0432\u043e\u0439. \u0412 \u0441\u043e\u0447\u0435\u0442\u0430\u043d\u0438\u0438 \u0441 \u0434\u0440\u0443\u0433\u0438\u043c\u0438 \u043d\u0430\u0442\u0443\u0440\u0430\u043b\u044c\u043d\u044b\u043c\u0438 \u0438\u043d\u0433\u0440\u0435\u0434\u0438\u0435\u043d\u0442\u0430\u043c\u0438 \u0440\u043e\u0437\u043e\u0432\u043e\u0435 \u043c\u0430\u0441\u043b\u043e \u043e\u0431\u0435\u0441\u043f\u0435\u0447\u0438\u0432\u0430\u0435\u0442 \u0434\u043e\u043f\u043e\u043b\u043d\u0438\u0442\u0435\u043b\u044c\u043d\u044b\u0439 \u0443\u0445\u043e\u0434 \u0438 \u0434\u0435\u043b\u0430\u0435\u0442 \u043d\u0430\u0448\u0435 \u043c\u044b\u043b\u043e \u0434\u043b\u044f \u0438\u043d\u0442\u0438\u043c\u043d\u043e\u0439 \u0433\u0438\u0433\u0438\u0435\u043d\u044b \u0443\u043d\u0438\u043a\u0430\u043b\u044c\u043d\u044b\u043c \u043d\u0430\u0441\u043b\u0430\u0436\u0434\u0435\u043d\u0438\u0435\u043c \u0434\u043b\u044f \u0432\u0441\u0435\u0445 \u0432\u0430\u0448\u0438\u0445 \u0447\u0443\u0432\u0441\u0442\u0432.<\/p>","protected":false},"excerpt":{"rendered":"<div class=\"flex-1 overflow-hidden\">\n<div class=\"react-scroll-to-bottom--css-hcocl-79elbk h-full\">\n<div class=\"react-scroll-to-bottom--css-hcocl-1n7m0yu\">\n<div class=\"flex flex-col pb-9 text-sm\">\n<div class=\"w-full text-token-text-primary\" data-testid=\"conversation-turn-3\">\n<div class=\"px-4 py-2 justify-center text-base md:gap-6 m-auto\">\n<div class=\"flex flex-1 text-base mx-auto gap-3 md:px-5 lg:px-1 xl:px-5 md:max-w-3xl lg:max-w-[40rem] xl:max-w-[48rem] group final-completion\">\n<div class=\"relative flex w-full flex-col lg:w-[calc(100%-115px)] agent-turn\">\n<div class=\"flex-col gap-1 md:gap-3\">\n<div class=\"flex flex-grow flex-col max-w-full\">\n<div class=\"min-h-[20px] text-message flex flex-col items-start gap-3 whitespace-pre-wrap break-words [.text-message+&amp;]:mt-5 overflow-x-auto\" data-message-author-role=\"assistant\" data-message-id=\"4018ba8c-4c5b-4210-be1d-4e7bb6e5e6f9\">\n<div class=\"markdown prose w-full break-words dark:prose-invert dark\">\n<p>Prirodan sapun za intimnu higijenu pru\u017ea ne\u017enu i efikasnu negu.<\/p>\n<p>Formulisan sa pa\u017enjom prema prirodi i udobnosti, oboga\u0107en je biljnim uljima, shea puterom i esencijalnim uljem geranijuma. Savr\u0161eno balansiran pH odr\u017eava prirodnu mikrofloru, spre\u010davaju\u0107i iritacije. Bez obzira na tip ko\u017ee, nudi ne\u017eno \u010di\u0161\u0107enje i negu.<\/p>\n<\/div>\n<\/div>\n<\/div>\n<\/div>\n<\/div>\n<\/div>\n<\/div>\n<\/div>\n<\/div>\n<\/div>\n<\/div>\n<\/div>\n<div class=\"w-full pt-2 md:pt-0 dark:border-white\/20 md:border-transparent md:dark:border-transparent md:w-[calc(100%-.5rem)]\">\n<form class=\"stretch mx-2 flex flex-row gap-3 last:mb-2 md:mx-4 md:last:mb-6 lg:mx-auto lg:max-w-2xl xl:max-w-3xl\">\n<div class=\"relative flex h-full flex-1 items-stretch md:flex-col\">\n<div class=\"flex w-full items-center\"><\/div>\n<\/div>\n<\/form>\n<\/div>\n","protected":false},"featured_media":4623,"comment_status":"open","ping_status":"closed","template":"","meta":{"wprm-recipe-roundup-name":"","wprm-recipe-roundup-description":""},"product_brand":[],"product_cat":[94,26,30,32,95],"product_tag":[144],"class_list":{"0":"post-2475","1":"product","2":"type-product","3":"status-publish","4":"has-post-thumbnail","6":"product_cat-intimna-nega","7":"product_cat-aromaterapija","8":"product_cat-prirodna-kozmetika","9":"product_cat-prirodni-sapuni","10":"product_cat-veganska-kozmetika","11":"product_tag-prirodni-sapun","13":"first","14":"instock","15":"taxable","16":"shipping-taxable","17":"purchasable","18":"product-type-simple"},"_links":{"self":[{"href":"https:\/\/balavander.com\/ru\/wp-json\/wp\/v2\/product\/2475","targetHints":{"allow":["GET"]}}],"collection":[{"href":"https:\/\/balavander.com\/ru\/wp-json\/wp\/v2\/product"}],"about":[{"href":"https:\/\/balavander.com\/ru\/wp-json\/wp\/v2\/types\/product"}],"replies":[{"embeddable":true,"href":"https:\/\/balavander.com\/ru\/wp-json\/wp\/v2\/comments?post=2475"}],"wp:featuredmedia":[{"embeddable":true,"href":"https:\/\/balavander.com\/ru\/wp-json\/wp\/v2\/media\/4623"}],"wp:attachment":[{"href":"https:\/\/balavander.com\/ru\/wp-json\/wp\/v2\/media?parent=2475"}],"wp:term":[{"taxonomy":"product_brand","embeddable":true,"href":"https:\/\/balavander.com\/ru\/wp-json\/wp\/v2\/product_brand?post=2475"},{"taxonomy":"product_cat","embeddable":true,"href":"https:\/\/balavander.com\/ru\/wp-json\/wp\/v2\/product_cat?post=2475"},{"taxonomy":"product_tag","embeddable":true,"href":"https:\/\/balavander.com\/ru\/wp-json\/wp\/v2\/product_tag?post=2475"}],"curies":[{"name":"wp","href":"https:\/\/api.w.org\/{rel}","templated":true}]}}