{"id":3814,"date":"2021-09-10T23:32:54","date_gmt":"2021-09-10T21:32:54","guid":{"rendered":"https:\/\/balavander.com\/?page_id=3814"},"modified":"2025-01-14T11:53:06","modified_gmt":"2025-01-14T10:53:06","slug":"povracaj-novca","status":"publish","type":"page","link":"https:\/\/balavander.com\/ru\/povracaj-novca\/","title":{"rendered":"\u0423\u0441\u043b\u043e\u0432\u0438\u044f \u0432\u043e\u0437\u0432\u0440\u0430\u0442\u0430"},"content":{"rendered":"<div data-elementor-type=\"wp-page\" data-elementor-id=\"3814\" class=\"elementor elementor-3814\">\n\t\t\t\t\t\t<section class=\"elementor-section elementor-top-section elementor-element elementor-element-ce1c6ad elementor-section-boxed elementor-section-height-default elementor-section-height-default elementor-invisible\" data-id=\"ce1c6ad\" data-element_type=\"section\" data-e-type=\"section\" data-settings=\"{&quot;background_background&quot;:&quot;classic&quot;,&quot;animation&quot;:&quot;fadeIn&quot;}\">\n\t\t\t\t\t\t\t<div class=\"elementor-background-overlay\"><\/div>\n\t\t\t\t\t\t\t<div class=\"elementor-container elementor-column-gap-default\">\n\t\t\t\t\t<div class=\"elementor-column elementor-col-100 elementor-top-column elementor-element elementor-element-5180560\" data-id=\"5180560\" data-element_type=\"column\" data-e-type=\"column\">\n\t\t\t<div class=\"elementor-widget-wrap elementor-element-populated\">\n\t\t\t\t\t\t<div class=\"elementor-element elementor-element-5f61d50 elementor-widget elementor-widget-text-editor\" data-id=\"5f61d50\" data-element_type=\"widget\" data-e-type=\"widget\" data-widget_type=\"text-editor.default\">\n\t\t\t\t<div class=\"elementor-widget-container\">\n\t\t\t\t\t\t\t\t\t<p>\u041d\u0430\u0448\u0430 \u043f\u043e\u043b\u0438\u0442\u0438\u043a\u0430 \u0432\u043e\u0437\u0432\u0440\u0430\u0442\u0430 \u0434\u0435\u043d\u0435\u0433 \u0438\u043b\u0438 \u0437\u0430\u043c\u0435\u043d\u044b \u043f\u0440\u043e\u0434\u0443\u043a\u0442\u0430 \u0434\u0435\u0439\u0441\u0442\u0432\u0443\u0435\u0442 14 \u0434\u043d\u0435\u0439.\n\u0415\u0441\u043b\u0438 \u043f\u0440\u043e\u0448\u043b\u043e 14 \u0434\u043d\u0435\u0439 \u0441 \u043c\u043e\u043c\u0435\u043d\u0442\u0430 \u043f\u043e\u043a\u0443\u043f\u043a\u0438 \u043f\u0440\u043e\u0434\u0443\u043a\u0442\u0430, \u043c\u044b \u043d\u0435 \u0441\u043c\u043e\u0436\u0435\u043c \u043f\u0440\u0435\u0434\u043e\u0441\u0442\u0430\u0432\u0438\u0442\u044c \u0432\u0430\u043c \u0432\u043e\u0437\u0432\u0440\u0430\u0442 \u0434\u0435\u043d\u0435\u0433 \u0438\u043b\u0438 \u0437\u0430\u043c\u0435\u043d\u0443 \u043f\u0440\u043e\u0434\u0443\u043a\u0442\u0430.<\/p>\n<p>\u0427\u0442\u043e\u0431\u044b \u043c\u044b \u043c\u043e\u0433\u043b\u0438 \u043e\u0434\u043e\u0431\u0440\u0438\u0442\u044c \u0437\u0430\u043c\u0435\u043d\u0443 \u043f\u0440\u043e\u0434\u0443\u043a\u0442\u0430, \u043f\u0440\u043e\u0434\u0443\u043a\u0442 \u0434\u043e\u043b\u0436\u0435\u043d \u0431\u044b\u0442\u044c \u043d\u0435\u0438\u0441\u043f\u043e\u043b\u044c\u0437\u043e\u0432\u0430\u043d\u043d\u044b\u043c \u0438 \u0432 \u043e\u0440\u0438\u0433\u0438\u043d\u0430\u043b\u044c\u043d\u043e\u0439 \u0443\u043f\u0430\u043a\u043e\u0432\u043a\u0435.<\/p>\n<p>\u0427\u0442\u043e\u0431\u044b \u043c\u044b \u043c\u043e\u0433\u043b\u0438 \u043e\u0441\u0443\u0449\u0435\u0441\u0442\u0432\u0438\u0442\u044c \u0437\u0430\u043c\u0435\u043d\u0443 \u043f\u0440\u043e\u0434\u0443\u043a\u0442\u0430, \u043d\u0435\u043e\u0431\u0445\u043e\u0434\u0438\u043c\u043e \u043f\u0440\u0438\u043b\u043e\u0436\u0438\u0442\u044c \u0447\u0435\u043a \u0438\u043b\u0438 \u0434\u043e\u043a\u0430\u0437\u0430\u0442\u0435\u043b\u044c\u0441\u0442\u0432\u043e \u043f\u043e\u043a\u0443\u043f\u043a\u0438.<\/p>\n<p>\u041f\u043e\u0441\u043b\u0435 \u0442\u043e\u0433\u043e \u043a\u0430\u043a \u043c\u044b \u043f\u043e\u043b\u0443\u0447\u0438\u043c \u0438 \u043f\u0440\u043e\u0432\u0435\u0440\u0438\u043c \u0432\u043e\u0437\u0432\u0440\u0430\u0449\u0435\u043d\u043d\u044b\u0439 \u043f\u0440\u043e\u0434\u0443\u043a\u0442, \u043c\u044b \u043e\u0442\u043f\u0440\u0430\u0432\u0438\u043c \u0432\u0430\u043c \u044d\u043b\u0435\u043a\u0442\u0440\u043e\u043d\u043d\u043e\u0435 \u043f\u0438\u0441\u044c\u043c\u043e \u0438 \u0443\u0432\u0435\u0434\u043e\u043c\u0438\u043c \u0432\u0430\u0441 \u043e \u043f\u043e\u043b\u0443\u0447\u0435\u043d\u043d\u043e\u043c \u043f\u0440\u043e\u0434\u0443\u043a\u0442\u0435.\n\u041c\u044b \u0442\u0430\u043a\u0436\u0435 \u0443\u0432\u0435\u0434\u043e\u043c\u0438\u043c \u0432\u0430\u0441, \u043e\u0434\u043e\u0431\u0440\u0435\u043d\u0430 \u0438\u043b\u0438 \u043e\u0442\u043a\u043b\u043e\u043d\u0435\u043d\u0430 \u0437\u0430\u043c\u0435\u043d\u0430 \u0438 \u0432\u043e\u0437\u0432\u0440\u0430\u0442 \u0434\u0435\u043d\u0435\u0433.<\/p>\n<p>\u0415\u0441\u043b\u0438 \u0432\u043e\u0437\u0432\u0440\u0430\u0442 \u0434\u0435\u043d\u0435\u0433 \u043e\u0434\u043e\u0431\u0440\u0435\u043d, \u0432\u044b \u0431\u0443\u0434\u0435\u0442\u0435 \u0443\u0432\u0435\u0434\u043e\u043c\u043b\u0435\u043d\u044b \u043e \u043d\u0435\u043e\u0431\u0445\u043e\u0434\u0438\u043c\u043e\u0441\u0442\u0438 \u043f\u0440\u0435\u0434\u043e\u0441\u0442\u0430\u0432\u0438\u0442\u044c \u043d\u0430\u043c \u0441\u0447\u0435\u0442, \u043d\u0430 \u043a\u043e\u0442\u043e\u0440\u044b\u0439 \u0432\u044b \u0445\u043e\u0442\u0438\u0442\u0435 \u043f\u043e\u043b\u0443\u0447\u0438\u0442\u044c \u0434\u0435\u043d\u044c\u0433\u0438 \u0432 \u0442\u0435\u0447\u0435\u043d\u0438\u0435 3 \u0440\u0430\u0431\u043e\u0447\u0438\u0445 \u0434\u043d\u0435\u0439.<\/p>\n<p><b>\u0417\u0430\u0434\u0435\u0440\u0436\u043a\u0430 \u0432\u043e\u0437\u0432\u0440\u0430\u0442\u0430 \u0434\u0435\u043d\u0435\u0433<\/b><\/p>\n<p>\u0415\u0441\u043b\u0438 \u043f\u043e \u043a\u0430\u043a\u043e\u0439-\u043b\u0438\u0431\u043e \u043f\u0440\u0438\u0447\u0438\u043d\u0435 \u0432\u043e\u0437\u0432\u0440\u0430\u0442 \u0434\u0435\u043d\u0435\u0433 \u043d\u0435 \u043e\u0431\u0440\u0430\u0431\u043e\u0442\u0430\u043d \u0432\u043e\u0432\u0440\u0435\u043c\u044f, \u0441\u0432\u044f\u0436\u0438\u0442\u0435\u0441\u044c \u0441 \u043d\u0430\u043c\u0438 \u043f\u043e \u0430\u0434\u0440\u0435\u0441\u0443 <a href=\"mailto:office@balavander.com\">office@balavander.com<\/a><\/p>\n<p><b>\u0422\u043e\u0432\u0430\u0440\u044b \u0441\u043e \u0441\u043a\u0438\u0434\u043a\u043e\u0439<\/b><\/p>\n<p>\u0422\u043e\u0432\u0430\u0440\u044b \u0441\u043e \u0441\u043a\u0438\u0434\u043a\u043e\u0439 \u043d\u0435 \u043c\u043e\u0433\u0443\u0442 \u0431\u044b\u0442\u044c \u0432\u043e\u0437\u0432\u0440\u0430\u0449\u0435\u043d\u044b.<\/p>\n<p>\u041c\u044b \u043f\u0440\u0435\u0434\u043e\u0441\u0442\u0430\u0432\u0438\u043c \u0437\u0430\u043c\u0435\u043d\u0443 \u043f\u0440\u043e\u0434\u0443\u043a\u0442\u0430, \u0435\u0441\u043b\u0438 \u043f\u0440\u043e\u0434\u0443\u043a\u0442 \u0431\u044b\u043b \u043f\u043e\u0432\u0440\u0435\u0436\u0434\u0435\u043d \u0432\u043e \u0432\u0440\u0435\u043c\u044f \u0442\u0440\u0430\u043d\u0441\u043f\u043e\u0440\u0442\u0438\u0440\u043e\u0432\u043a\u0438.<br \/>\u0427\u0442\u043e\u0431\u044b \u043e\u0431\u0440\u0430\u0431\u043e\u0442\u0430\u0442\u044c \u0437\u0430\u043f\u0440\u043e\u0441 \u043d\u0430 \u0437\u0430\u043c\u0435\u043d\u0443 \u043f\u0440\u043e\u0434\u0443\u043a\u0442\u0430, \u0443\u0432\u0435\u0434\u043e\u043c\u0438\u0442\u0435 \u043d\u0430\u0441 \u043f\u043e \u044d\u043b\u0435\u043a\u0442\u0440\u043e\u043d\u043d\u043e\u0439 \u043f\u043e\u0447\u0442\u0435, \u0441\u0432\u044f\u0436\u0438\u0442\u0435\u0441\u044c \u0441 \u043d\u0430\u043c\u0438 \u043f\u043e \u0430\u0434\u0440\u0435\u0441\u0443 <a href=\"mailto:office@balavander.com\">office@balavander.com<\/a>.<\/p>\n<h2>\u0412\u043e\u0437\u0432\u0440\u0430\u0442 \u0441\u0440\u0435\u0434\u0441\u0442\u0432<\/h2>\n<p>\u0412 \u0441\u043b\u0443\u0447\u0430\u0435 \u0432\u043e\u0437\u0432\u0440\u0430\u0442\u0430 \u0442\u043e\u0432\u0430\u0440\u0430 \u0438 \u0432\u043e\u0437\u0432\u0440\u0430\u0442\u0430 \u0441\u0440\u0435\u0434\u0441\u0442\u0432 \u043f\u043e\u043a\u0443\u043f\u0430\u0442\u0435\u043b\u044e, \u043a\u043e\u0442\u043e\u0440\u044b\u0439 \u0440\u0430\u043d\u0435\u0435 \u043e\u043f\u043b\u0430\u0442\u0438\u043b \u043e\u0434\u043d\u043e\u0439 \u0438\u0437 \u043f\u043b\u0430\u0442\u0435\u0436\u043d\u044b\u0445 \u043a\u0430\u0440\u0442, \u0447\u0430\u0441\u0442\u0438\u0447\u043d\u043e \u0438\u043b\u0438 \u043f\u043e\u043b\u043d\u043e\u0441\u0442\u044c\u044e, \u043d\u0435\u0437\u0430\u0432\u0438\u0441\u0438\u043c\u043e \u043e\u0442 \u043f\u0440\u0438\u0447\u0438\u043d\u044b \u0432\u043e\u0437\u0432\u0440\u0430\u0442\u0430, <a href=\"https:\/\/balavander.com\/ru\/\">balavander.com<\/a> \u043e\u0431\u044f\u0437\u0430\u043d \u043e\u0441\u0443\u0449\u0435\u0441\u0442\u0432\u043b\u044f\u0442\u044c \u0432\u043e\u0437\u0432\u0440\u0430\u0442 \u0438\u0441\u043a\u043b\u044e\u0447\u0438\u0442\u0435\u043b\u044c\u043d\u043e \u0447\u0435\u0440\u0435\u0437 \u043c\u0435\u0442\u043e\u0434\u044b \u043e\u043f\u043b\u0430\u0442\u044b VISA, EC\/MC, Maestro, Amex \u0438 Dina, \u0447\u0442\u043e \u043e\u0437\u043d\u0430\u0447\u0430\u0435\u0442, \u0447\u0442\u043e \u0431\u0430\u043d\u043a \u043f\u043e \u0437\u0430\u043f\u0440\u043e\u0441\u0443 \u043f\u0440\u043e\u0434\u0430\u0432\u0446\u0430 \u043e\u0441\u0443\u0449\u0435\u0441\u0442\u0432\u0438\u0442 \u0432\u043e\u0437\u0432\u0440\u0430\u0442 \u0441\u0440\u0435\u0434\u0441\u0442\u0432 \u043d\u0430 \u0441\u0447\u0435\u0442 \u043f\u043e\u043b\u044c\u0437\u043e\u0432\u0430\u0442\u0435\u043b\u044f \u043a\u0430\u0440\u0442\u044b.<\/p>\n<h2>\u0412\u043e\u0437\u0432\u0440\u0430\u0442 \u043f\u0440\u043e\u0434\u0443\u043a\u0442\u0430<\/h2>\n<p>\u0427\u0442\u043e\u0431\u044b \u0432\u0435\u0440\u043d\u0443\u0442\u044c \u043a\u0443\u043f\u043b\u0435\u043d\u043d\u044b\u0439 \u043f\u0440\u043e\u0434\u0443\u043a\u0442, \u0443\u0432\u0435\u0434\u043e\u043c\u0438\u0442\u0435 \u043d\u0430\u0441 \u043f\u043e \u044d\u043b\u0435\u043a\u0442\u0440\u043e\u043d\u043d\u043e\u0439 \u043f\u043e\u0447\u0442\u0435 <a href=\"mailto:office@balavander.com\">office@balavander.com<\/a> \u0438 \u043e\u0442\u043f\u0440\u0430\u0432\u044c\u0442\u0435 \u043f\u0440\u043e\u0434\u0443\u043a\u0442 \u043f\u043e \u0430\u0434\u0440\u0435\u0441\u0443 Bulevar cara Lazara 108, 21000 \u041d\u043e\u0432\u0438 \u0421\u0430\u0434, Balavander Cosmetics<\/p>\n<p>\u0421\u0442\u043e\u0438\u043c\u043e\u0441\u0442\u044c \u043e\u0431\u0440\u0430\u0442\u043d\u043e\u0439 \u0434\u043e\u0441\u0442\u0430\u0432\u043a\u0438 \u043f\u0440\u043e\u0434\u0443\u043a\u0442\u0430 \u043e\u043f\u043b\u0430\u0447\u0438\u0432\u0430\u0435\u0442 \u043f\u043e\u043a\u0443\u043f\u0430\u0442\u0435\u043b\u044c. <br \/>\u0421\u0442\u043e\u0438\u043c\u043e\u0441\u0442\u044c \u0434\u043e\u0441\u0442\u0430\u0432\u043a\u0438 \u043d\u0435 \u0432\u043a\u043b\u044e\u0447\u0435\u043d\u0430 \u0432 \u0432\u043e\u0437\u0432\u0440\u0430\u0442 \u0434\u0435\u043d\u0435\u0433.<\/p>\n<p>\u00a0<\/p>\n<h2>\u041f\u043e\u043c\u043e\u0449\u044c?<\/h2>\n<p><\/p>\n<p>\u0421\u0432\u044f\u0436\u0438\u0442\u0435\u0441\u044c \u0441 \u043d\u0430\u043c\u0438 \u043f\u043e \u044d\u043b\u0435\u043a\u0442\u0440\u043e\u043d\u043d\u043e\u0439 \u043f\u043e\u0447\u0442\u0435 <a href=\"mailto:office@balavander.com\">office@balavander.com<\/a> \u043f\u043e \u0432\u0441\u0435\u043c \u0432\u043e\u043f\u0440\u043e\u0441\u0430\u043c, \u0441\u0432\u044f\u0437\u0430\u043d\u043d\u044b\u043c \u0441 \u0432\u043e\u0437\u0432\u0440\u0430\u0442\u043e\u043c \u0434\u0435\u043d\u0435\u0433, \u0432\u043e\u0437\u0432\u0440\u0430\u0442\u043e\u043c \u043f\u0440\u043e\u0434\u0443\u043a\u0442\u0430 \u0438\u043b\u0438 \u0437\u0430\u043c\u0435\u043d\u043e\u0439 \u043f\u0440\u043e\u0434\u0443\u043a\u0442\u0430.<\/p>\t\t\t\t\t\t\t\t<\/div>\n\t\t\t\t<\/div>\n\t\t\t\t\t<\/div>\n\t\t<\/div>\n\t\t\t\t\t<\/div>\n\t\t<\/section>\n\t\t\t\t<\/div>","protected":false},"excerpt":{"rendered":"<p>Na\u0161a politika povra\u0107aja novca ili zamene proizvoda traje 14 dana. Ukoliko je pro\u0161lo 14 dana od kupovine proizvoda, ne\u0107emo biti u mogu\u0107nosti da Vam omogu\u0107imo povra\u0107aj novca ili zamanu proizvoda. Da bi bili u mogu\u0107nosti da Vam odobrimo zamenu proizvoda, proizvod mora biti nekori\u0161\u0107en i u originalnom pakovanju. Da bi [&hellip;]<\/p>\n","protected":false},"author":1,"featured_media":0,"parent":0,"menu_order":0,"comment_status":"closed","ping_status":"closed","template":"","meta":{"wprm-recipe-roundup-name":"","wprm-recipe-roundup-description":"","footnotes":""},"class_list":["post-3814","page","type-page","status-publish","hentry"],"_links":{"self":[{"href":"https:\/\/balavander.com\/ru\/wp-json\/wp\/v2\/pages\/3814","targetHints":{"allow":["GET"]}}],"collection":[{"href":"https:\/\/balavander.com\/ru\/wp-json\/wp\/v2\/pages"}],"about":[{"href":"https:\/\/balavander.com\/ru\/wp-json\/wp\/v2\/types\/page"}],"author":[{"embeddable":true,"href":"https:\/\/balavander.com\/ru\/wp-json\/wp\/v2\/users\/1"}],"replies":[{"embeddable":true,"href":"https:\/\/balavander.com\/ru\/wp-json\/wp\/v2\/comments?post=3814"}],"version-history":[{"count":0,"href":"https:\/\/balavander.com\/ru\/wp-json\/wp\/v2\/pages\/3814\/revisions"}],"wp:attachment":[{"href":"https:\/\/balavander.com\/ru\/wp-json\/wp\/v2\/media?parent=3814"}],"curies":[{"name":"wp","href":"https:\/\/api.w.org\/{rel}","templated":true}]}}