{"id":3790,"date":"2021-09-10T23:17:39","date_gmt":"2021-09-10T21:17:39","guid":{"rendered":"https:\/\/balavander.com\/?page_id=3790"},"modified":"2025-01-14T11:56:50","modified_gmt":"2025-01-14T10:56:50","slug":"dostava","status":"publish","type":"page","link":"https:\/\/balavander.com\/ru\/dostava\/","title":{"rendered":"\u0414\u043e\u0441\u0442\u0430\u0432\u043a\u0430"},"content":{"rendered":"<div data-elementor-type=\"wp-page\" data-elementor-id=\"3790\" class=\"elementor elementor-3790\">\n\t\t\t\t\t\t<section class=\"elementor-section elementor-top-section elementor-element elementor-element-edc05f0 elementor-section-boxed elementor-section-height-default elementor-section-height-default\" data-id=\"edc05f0\" data-element_type=\"section\" data-e-type=\"section\">\n\t\t\t\t\t\t<div class=\"elementor-container elementor-column-gap-default\">\n\t\t\t\t\t<div class=\"elementor-column elementor-col-100 elementor-top-column elementor-element elementor-element-4f757a0\" data-id=\"4f757a0\" data-element_type=\"column\" data-e-type=\"column\">\n\t\t\t<div class=\"elementor-widget-wrap elementor-element-populated\">\n\t\t\t\t\t\t<div class=\"elementor-element elementor-element-a0c199d elementor-widget elementor-widget-heading\" data-id=\"a0c199d\" data-element_type=\"widget\" data-e-type=\"widget\" data-widget_type=\"heading.default\">\n\t\t\t\t<div class=\"elementor-widget-container\">\n\t\t\t\t\t<h3 class=\"elementor-heading-title elementor-size-default\">\u041f\u043e\u043b\u0443\u0447\u0435\u043d\u0438\u0435 \u0442\u043e\u0432\u0430\u0440\u0430<\/h3>\t\t\t\t<\/div>\n\t\t\t\t<\/div>\n\t\t\t\t<div class=\"elementor-element elementor-element-022b993 elementor-widget elementor-widget-text-editor\" data-id=\"022b993\" data-element_type=\"widget\" data-e-type=\"widget\" data-widget_type=\"text-editor.default\">\n\t\t\t\t<div class=\"elementor-widget-container\">\n\t\t\t\t\t\t\t\t\t<p>\u041f\u043e\u043b\u0443\u0447\u0435\u043d\u0438\u0435 \u0442\u043e\u0432\u0430\u0440\u0430 \u0432\u043e\u0437\u043c\u043e\u0436\u043d\u043e \u0442\u043e\u043b\u044c\u043a\u043e \u043f\u043e \u043f\u0440\u0435\u0434\u0432\u0430\u0440\u0438\u0442\u0435\u043b\u044c\u043d\u043e\u0439 \u0434\u043e\u0433\u043e\u0432\u043e\u0440\u0451\u043d\u043d\u043e\u0441\u0442\u0438 \u0441 \u043f\u0440\u043e\u0434\u0430\u0432\u0446\u043e\u043c \u0447\u0435\u0440\u0435\u0437 \u043e\u0444\u0438\u0446\u0438\u0430\u043b\u044c\u043d\u044b\u0439 \u043a\u0430\u043d\u0430\u043b \u0441\u0432\u044f\u0437\u0438.<\/p>\t\t\t\t\t\t\t\t<\/div>\n\t\t\t\t<\/div>\n\t\t\t\t<div class=\"elementor-element elementor-element-db813ea elementor-widget elementor-widget-heading\" data-id=\"db813ea\" data-element_type=\"widget\" data-e-type=\"widget\" data-widget_type=\"heading.default\">\n\t\t\t\t<div class=\"elementor-widget-container\">\n\t\t\t\t\t<h3 class=\"elementor-heading-title elementor-size-default\">\u0414\u041e\u0421\u0422\u0410\u0412\u041a\u0410 \u0422\u041e\u0412\u0410\u0420\u0410<\/h3>\t\t\t\t<\/div>\n\t\t\t\t<\/div>\n\t\t\t\t<div class=\"elementor-element elementor-element-6752fcf elementor-widget elementor-widget-text-editor\" data-id=\"6752fcf\" data-element_type=\"widget\" data-e-type=\"widget\" data-widget_type=\"text-editor.default\">\n\t\t\t\t<div class=\"elementor-widget-container\">\n\t\t\t\t\t\t\t\t\t<p>\u0414\u043e\u0441\u0442\u0430\u0432\u043a\u0430 \u0442\u043e\u0432\u0430\u0440\u043e\u0432, \u0437\u0430\u043a\u0430\u0437\u0430\u043d\u043d\u044b\u0445 \u0447\u0435\u0440\u0435\u0437 \u043d\u0430\u0448 \u0438\u043d\u0442\u0435\u0440\u043d\u0435\u0442-\u043c\u0430\u0433\u0430\u0437\u0438\u043d, \u043e\u0441\u0443\u0449\u0435\u0441\u0442\u0432\u043b\u044f\u0435\u0442\u0441\u044f \u043a\u0443\u0440\u044c\u0435\u0440\u0441\u043a\u043e\u0439 \u0441\u043b\u0443\u0436\u0431\u043e\u0439 \u043f\u043e \u0442\u0435\u0440\u0440\u0438\u0442\u043e\u0440\u0438\u0438 \u0420\u0435\u0441\u043f\u0443\u0431\u043b\u0438\u043a\u0438 \u0421\u0435\u0440\u0431\u0438\u044f \u0438\u043b\u0438 \u0432 \u0434\u0440\u0443\u0433\u0438\u0435 \u0441\u0442\u0440\u0430\u043d\u044b. \u041a\u0443\u0440\u044c\u0435\u0440\u0441\u043a\u0430\u044f \u0441\u043b\u0443\u0436\u0431\u0430, \u043e\u0441\u0443\u0449\u0435\u0441\u0442\u0432\u043b\u044f\u044e\u0449\u0430\u044f \u0434\u043e\u0441\u0442\u0430\u0432\u043a\u0443, \u2014 Post Express, \u0431\u043b\u0430\u0433\u043e\u0434\u0430\u0440\u044f \u043d\u0430\u0434\u0451\u0436\u043d\u043e\u043c\u0443 \u0438 \u044d\u043a\u043e\u043d\u043e\u043c\u0438\u0447\u043d\u043e\u043c\u0443 \u0441\u043f\u043e\u0441\u043e\u0431\u0443 \u043e\u0442\u043f\u0440\u0430\u0432\u043a\u0438 \u043f\u043e\u0441\u044b\u043b\u043e\u043a.<\/p>\t\t\t\t\t\t\t\t<\/div>\n\t\t\t\t<\/div>\n\t\t\t\t<div class=\"elementor-element elementor-element-283fc72 elementor-widget elementor-widget-heading\" data-id=\"283fc72\" data-element_type=\"widget\" data-e-type=\"widget\" data-widget_type=\"heading.default\">\n\t\t\t\t<div class=\"elementor-widget-container\">\n\t\t\t\t\t<h3 class=\"elementor-heading-title elementor-size-default\">\u0421\u0420\u041e\u041a \u0414\u041e\u0421\u0422\u0410\u0412\u041a\u0418<\/h3>\t\t\t\t<\/div>\n\t\t\t\t<\/div>\n\t\t\t\t<div class=\"elementor-element elementor-element-a13a33d elementor-widget__width-initial elementor-widget elementor-widget-text-editor\" data-id=\"a13a33d\" data-element_type=\"widget\" data-e-type=\"widget\" data-widget_type=\"text-editor.default\">\n\t\t\t\t<div class=\"elementor-widget-container\">\n\t\t\t\t\t\t\t\t\t<p>\u041f\u043e\u0441\u044b\u043b\u043a\u0443 \u043d\u0430 \u0432\u0430\u0448 \u0430\u0434\u0440\u0435\u0441 \u0434\u043e\u0441\u0442\u0430\u0432\u043b\u044f\u044e\u0442 \u043a\u0443\u0440\u044c\u0435\u0440\u044b Post Express \u0432 \u043f\u0435\u0440\u0438\u043e\u0434 \u0441 <b>8:00 \u0434\u043e 18:00<\/b>. <br>\u041f\u043e\u0436\u0430\u043b\u0443\u0439\u0441\u0442\u0430, \u043e\u0431\u0435\u0441\u043f\u0435\u0447\u044c\u0442\u0435 \u043f\u0440\u0438\u0441\u0443\u0442\u0441\u0442\u0432\u0438\u0435 \u043b\u0438\u0446\u0430 \u043f\u043e \u0443\u043a\u0430\u0437\u0430\u043d\u043d\u043e\u043c\u0443 \u0430\u0434\u0440\u0435\u0441\u0443 \u0432 \u044d\u0442\u043e \u0432\u0440\u0435\u043c\u044f, \u0447\u0442\u043e\u0431\u044b \u043f\u0440\u0438\u043d\u044f\u0442\u044c \u043f\u043e\u0441\u044b\u043b\u043a\u0443. <br>\u0415\u0441\u043b\u0438 \u044d\u0442\u043e \u043d\u0435\u0432\u043e\u0437\u043c\u043e\u0436\u043d\u043e, \u0432\u0430\u0448 \u0437\u0430\u043a\u0430\u0437 \u0431\u0443\u0434\u0435\u0442 \u043e\u0436\u0438\u0434\u0430\u0442\u044c \u0432\u0430\u0441 \u0432 \u0431\u043b\u0438\u0436\u0430\u0439\u0448\u0435\u043c \u043f\u043e\u0447\u0442\u043e\u0432\u043e\u043c \u043e\u0442\u0434\u0435\u043b\u0435\u043d\u0438\u0438 \u043d\u0435 \u0431\u043e\u043b\u0435\u0435 5 \u0440\u0430\u0431\u043e\u0447\u0438\u0445 \u0434\u043d\u0435\u0439.<br><br><b>\u0412\u0430\u0436\u043d\u043e:<\/b><br><i>\u0415\u0441\u043b\u0438 \u0441\u0440\u043e\u043a \u043f\u043e\u043b\u0443\u0447\u0435\u043d\u0438\u044f \u043f\u043e\u0441\u044b\u043b\u043a\u0438 \u0438\u0441\u0442\u0435\u0447\u0451\u0442 \u0438 \u043e\u043d\u0430 \u0431\u0443\u0434\u0435\u0442 \u0432\u043e\u0437\u0432\u0440\u0430\u0449\u0435\u043d\u0430, \u0432\u044b \u0431\u043e\u043b\u044c\u0448\u0435 \u043d\u0435 \u0441\u043c\u043e\u0436\u0435\u0442\u0435 \u043e\u0444\u043e\u0440\u043c\u043b\u044f\u0442\u044c \u0437\u0430\u043a\u0430\u0437\u044b \u043d\u0430 \u043d\u0430\u0448\u0435\u043c \u0441\u0430\u0439\u0442\u0435.<\/i><\/p>\n<p>\u0415\u0441\u043b\u0438 \u0432\u044b \u0437\u0430\u043c\u0435\u0442\u0438\u0442\u0435, \u0447\u0442\u043e \u0442\u0440\u0430\u043d\u0441\u043f\u043e\u0440\u0442\u043d\u0430\u044f \u043a\u043e\u0440\u043e\u0431\u043a\u0430 \u0441\u0435\u0440\u044c\u0451\u0437\u043d\u043e \u043f\u043e\u0432\u0440\u0435\u0436\u0434\u0435\u043d\u0430 \u0438 \u0437\u0430\u043f\u043e\u0434\u043e\u0437\u0440\u0438\u0442\u0435, \u0447\u0442\u043e \u0442\u043e\u0432\u0430\u0440 \u043c\u043e\u0433 \u043f\u043e\u0441\u0442\u0440\u0430\u0434\u0430\u0442\u044c, \u043e\u0442\u043a\u0430\u0436\u0438\u0442\u0435\u0441\u044c \u043e\u0442 \u043f\u043e\u043b\u0443\u0447\u0435\u043d\u0438\u044f \u043f\u043e\u0441\u044b\u043b\u043a\u0438 \u0438 \u043d\u0435\u043c\u0435\u0434\u043b\u0435\u043d\u043d\u043e \u0441\u043e\u043e\u0431\u0449\u0438\u0442\u0435 \u043d\u0430\u043c. <br>\u0415\u0441\u043b\u0438 \u043f\u043e\u0441\u044b\u043b\u043a\u0430 \u0432\u043d\u0435\u0448\u043d\u0435 \u043d\u0435 \u043f\u043e\u0432\u0440\u0435\u0436\u0434\u0435\u043d\u0430, \u0441\u043f\u043e\u043a\u043e\u0439\u043d\u043e \u043f\u0440\u0438\u043c\u0438\u0442\u0435 \u0435\u0451 \u0438 \u043f\u043e\u0434\u043f\u0438\u0448\u0438\u0442\u0435 \u0430\u0434\u0440\u0435\u0441\u043d\u0443\u044e \u043d\u0430\u043a\u043b\u0430\u0434\u043d\u0443\u044e \u043a\u0443\u0440\u044c\u0435\u0440\u0443.<\/p>\t\t\t\t\t\t\t\t<\/div>\n\t\t\t\t<\/div>\n\t\t\t\t<div class=\"elementor-element elementor-element-3ed3956 elementor-widget elementor-widget-heading\" data-id=\"3ed3956\" data-element_type=\"widget\" data-e-type=\"widget\" data-widget_type=\"heading.default\">\n\t\t\t\t<div class=\"elementor-widget-container\">\n\t\t\t\t\t<h3 class=\"elementor-heading-title elementor-size-default\">\u0421\u041f\u041e\u0421\u041e\u0411 \u041e\u041f\u041b\u0410\u0422\u042b \u0418 \u0421\u0422\u041e\u0418\u041c\u041e\u0421\u0422\u042c \u0414\u041e\u0421\u0422\u0410\u0412\u041a\u0418<\/h3>\t\t\t\t<\/div>\n\t\t\t\t<\/div>\n\t\t\t\t<div class=\"elementor-element elementor-element-207dc37 elementor-widget elementor-widget-text-editor\" data-id=\"207dc37\" data-element_type=\"widget\" data-e-type=\"widget\" data-widget_type=\"text-editor.default\">\n\t\t\t\t<div class=\"elementor-widget-container\">\n\t\t\t\t\t\t\t\t\t<p>\u041e\u043f\u043b\u0430\u0442\u0430 \u043d\u0430\u043b\u0438\u0447\u043d\u044b\u043c\u0438 \u043f\u0440\u0438 \u043f\u043e\u043b\u0443\u0447\u0435\u043d\u0438\u0438 \u043f\u043e \u0430\u0434\u0440\u0435\u0441\u0443, \u0443\u043a\u0430\u0437\u0430\u043d\u043d\u043e\u043c\u0443 \u043f\u0440\u0438 \u043e\u0444\u043e\u0440\u043c\u043b\u0435\u043d\u0438\u0438 \u0437\u0430\u043a\u0430\u0437\u0430.<\/p><p>\u0414\u043e\u0441\u0442\u0430\u0432\u043a\u0430 \u0437\u0430\u043a\u0430\u0437\u043e\u0432 \u043d\u0430 \u0441\u0443\u043c\u043c\u0443 \u0441\u0432\u044b\u0448\u0435 3000,00 \u0434\u0438\u043d\u0430\u0440 <strong>\u0431\u0435\u0441\u043f\u043b\u0430\u0442\u043d\u0430<\/strong>.<br \/>\u0411\u0435\u0441\u043f\u043b\u0430\u0442\u043d\u0430\u044f \u0434\u043e\u0441\u0442\u0430\u0432\u043a\u0430 \u043d\u0435\u0434\u043e\u0441\u0442\u0443\u043f\u043d\u0430 \u043f\u0440\u0438 \u0438\u0441\u043f\u043e\u043b\u044c\u0437\u043e\u0432\u0430\u043d\u0438\u0438 \u0440\u0430\u0437\u043b\u0438\u0447\u043d\u044b\u0445 \u043a\u0443\u043f\u043e\u043d\u043e\u0432 \u043d\u0430 \u0441\u043a\u0438\u0434\u043a\u0443.<br \/><br \/>\u0414\u043b\u044f \u043e\u0441\u0442\u0430\u043b\u044c\u043d\u044b\u0445 \u0437\u0430\u043a\u0430\u0437\u043e\u0432 \u0441\u0442\u043e\u0438\u043c\u043e\u0441\u0442\u044c \u0434\u043e\u0441\u0442\u0430\u0432\u043a\u0438 \u043e\u043f\u0440\u0435\u0434\u0435\u043b\u044f\u0435\u0442\u0441\u044f \u0441\u043e\u0433\u043b\u0430\u0441\u043d\u043e \u0442\u0430\u0440\u0438\u0444\u0430\u043c \u043a\u0443\u0440\u044c\u0435\u0440\u0441\u043a\u043e\u0439 \u0441\u043b\u0443\u0436\u0431\u044b.<\/p><p>Ukoliko kao na\u010din pla\u0107anja odaberete \u201cUplata na ra\u010dun\u201d, va\u0161a porud\u017ebina \u0107e biti poslata\u00a0<span style=\"font-weight: bold;\">\u043f\u043e\u0441\u043b\u0435 \u0437\u0430\u0440\u0435\u0433\u0438\u0441\u0442\u0440\u0438\u0440\u043e\u0432\u0430\u043d\u043d\u043e\u0439 \u043e\u043f\u043b\u0430\u0442\u044b<\/span>\u00a0\u043d\u0430 \u0441\u0447\u0435\u0442\u0443.<br \/>Ukoliko kao na\u010din pla\u0107anja odaberete \u201cPla\u0107anje karticom\u201d, va\u0161a porud\u017ebina \u0107e biti poslata\u00a0<span style=\"font-weight: bold;\">\u043f\u043e\u0441\u043b\u0435 \u0437\u0430\u0440\u0435\u0433\u0438\u0441\u0442\u0440\u0438\u0440\u043e\u0432\u0430\u043d\u043d\u043e\u0439 \u043e\u043f\u043b\u0430\u0442\u044b<\/span>\u00a0\u043d\u0430 \u0441\u0447\u0435\u0442\u0443.<\/p><p><b>\u041f\u0440\u0438\u043c\u0435\u0447\u0430\u043d\u0438\u0435: <\/b>\u0415\u0441\u043b\u0438 \u0432\u044b \u0445\u043e\u0442\u0438\u0442\u0435, \u0447\u0442\u043e\u0431\u044b \u0432\u0430\u0448 \u0437\u0430\u043a\u0430\u0437 \u0431\u044b\u043b \u043e\u0442\u043f\u0440\u0430\u0432\u043b\u0435\u043d \u0434\u0440\u0443\u0433\u0438\u043c \u0441\u043f\u043e\u0441\u043e\u0431\u043e\u043c, \u0432\u044b \u043c\u043e\u0436\u0435\u0442\u0435 \u0443\u043a\u0430\u0437\u0430\u0442\u044c \u044d\u0442\u043e \u043f\u0440\u0438 \u043e\u0444\u043e\u0440\u043c\u043b\u0435\u043d\u0438\u0438 \u0437\u0430\u043a\u0430\u0437\u0430.<\/p>\t\t\t\t\t\t\t\t<\/div>\n\t\t\t\t<\/div>\n\t\t\t\t\t<\/div>\n\t\t<\/div>\n\t\t\t\t\t<\/div>\n\t\t<\/section>\n\t\t\t\t<\/div>","protected":false},"excerpt":{"rendered":"<p>Preuzimanje proizvoda Preuzimanje proizvoda mogu\u0107e je jedino uz prethodni dogovor sa prodavcem, putem zvani\u010dnog kanala komunikacije. DOSTAVA PROIZVODA Dostava proizvoda koje ste poru\u010dili preko na\u0161e internet prodavnice vr\u0161i se putem kurirske slu\u017ebe na teritoriji Republike Srbije ili drugih zemalja. Kurirska slu\u017eba koja vr\u0161i isporuku je Post Express zbog sigurnog i [&hellip;]<\/p>\n","protected":false},"author":1,"featured_media":0,"parent":0,"menu_order":0,"comment_status":"closed","ping_status":"closed","template":"","meta":{"wprm-recipe-roundup-name":"","wprm-recipe-roundup-description":"","footnotes":""},"class_list":["post-3790","page","type-page","status-publish","hentry"],"_links":{"self":[{"href":"https:\/\/balavander.com\/ru\/wp-json\/wp\/v2\/pages\/3790","targetHints":{"allow":["GET"]}}],"collection":[{"href":"https:\/\/balavander.com\/ru\/wp-json\/wp\/v2\/pages"}],"about":[{"href":"https:\/\/balavander.com\/ru\/wp-json\/wp\/v2\/types\/page"}],"author":[{"embeddable":true,"href":"https:\/\/balavander.com\/ru\/wp-json\/wp\/v2\/users\/1"}],"replies":[{"embeddable":true,"href":"https:\/\/balavander.com\/ru\/wp-json\/wp\/v2\/comments?post=3790"}],"version-history":[{"count":0,"href":"https:\/\/balavander.com\/ru\/wp-json\/wp\/v2\/pages\/3790\/revisions"}],"wp:attachment":[{"href":"https:\/\/balavander.com\/ru\/wp-json\/wp\/v2\/media?parent=3790"}],"curies":[{"name":"wp","href":"https:\/\/api.w.org\/{rel}","templated":true}]}}