{"id":17399,"date":"2025-11-05T19:07:30","date_gmt":"2025-11-05T18:07:30","guid":{"rendered":"https:\/\/balavander.com\/?page_id=17399"},"modified":"2025-11-06T09:38:16","modified_gmt":"2025-11-06T08:38:16","slug":"black-friday-pre-order","status":"publish","type":"page","link":"https:\/\/balavander.com\/ru\/black-friday-pre-order\/","title":{"rendered":"Black Friday"},"content":{"rendered":"<div class=\"wpb-content-wrapper\"><div  class=\"sec_row container\"><div class=\"vc_row wpb_row vc_row-fluid align-center text-center vc_custom_1517743350320\"><div class=\"wpb_column vc_column_container vc_col-sm-12 vc_col-lg-7 vc_col-md-10 et-dark-column\"><div class=\"vc_column-inner\"><div class=\"wpb_wrapper\">\n\t<div class=\"wpb_text_column wpb_content_element  \" >\n\t\t<div class=\"wpb_wrapper\">\n\t\t\t<h5 class=\"fancy-title accent-color\" style=\"text-align: center;\">Ne propusti<\/h5>\n<h1 style=\"text-align: center;\">Black Friday sti\u017ee uskoro!<br \/>\n\ud83d\udda4<\/h1>\n<p style=\"text-align: center;\">Pripremi se za najve\u0107e popuste u godini \u2013 odbrojavanje je po\u010delo!<br \/>\nIskoristi priliku da obnovi\u0161 zalihe svoje omiljene prirodne kozmetike po sni\u017eenim cenama.<\/p>\n\n\t\t<\/div>\n\t<\/div>\n\n\t<div id=\"et-countdown-69f4b636cbad9\" class=\"et-countdown  countdown-size-md countdown-color- caption-color-\" data-utc=\"\" data-date=\"11\/24\/2025 00:00:00\">\n\t\t<ul class=\"et-countdown-ul\">\n\t\t\t<li>\n\t\t\t\t<span class=\"days timestamp\">00<\/span>\n\t\t\t\t<span class=\"timelabel\">days<\/span>\n\t\t\t<\/li>\n\t\t\t<li>\n\t\t\t\t<span class=\"hours timestamp\">00<\/span>\n\t\t\t\t<span class=\"timelabel\">hours<\/span>\n\t\t\t<\/li>\n\t\t\t<li>\n\t\t\t\t<span class=\"minutes timestamp\">00<\/span>\n\t\t\t\t<span class=\"timelabel\">minutes<\/span>\n\t\t\t<\/li>\n\t\t\t<li>\n\t\t\t\t<span class=\"seconds timestamp\">00<\/span>\n\t\t\t\t<span class=\"timelabel\">seconds<\/span>\n\t\t\t<\/li>\n\t\t<\/ul>\n\t<\/div>\n\t<\/div><\/div><\/div><\/div><\/div><div  class=\"sec_row container-fluid\"><div class=\"vc_row wpb_row vc_row-fluid no-padding video-bg-row vc_custom_1562735210623 vc_row-has-fill vc_row-o-full-height vc_row-o-columns-stretch vc_row-o-equal-height vc_row-o-content-middle vc_row-flex\"><div class=\"wpb_column vc_column_container vc_col-sm-12 vc_col-md-6 et-light-column\"><div class=\"vc_column-inner\"><div class=\"wpb_wrapper\"><div class=\"vc_row wpb_row vc_inner vc_row-fluid vc_custom_1562734895463 vc_row-has-fill vc_row-o-equal-height vc_row-o-content-middle vc_row-flex\"><div class=\"wpb_column vc_column_container vc_col-sm-12 et-dark-column\"><div class=\"vc_column-inner  vc_custom_1562725835995\"><div class=\"wpb_wrapper\">\n\t<div class=\"wpb_text_column wpb_content_element   vc_custom_1762368547054\" >\n\t\t<div class=\"wpb_wrapper\">\n\t\t\t<h5 class=\"fancy-title accent-color postline-large\">Ne propustite<\/h5>\n<h1>Black Friday ponuda<\/h1>\n<p>&#8220;U\u017eivaj u neodoljivim popustima na prirodne sapune, kreme, ulja i serume koji neguju tvoju ko\u017eu.&#8221;<\/p>\n\n\t\t<\/div>\n\t<\/div>\n<\/div><\/div><\/div><\/div><\/div><\/div><\/div><div data-vc-parallax=\"1.5\" data-vc-parallax-image=\"\" class=\"text-center wpb_column vc_column_container vc_col-sm-12 vc_col-md-6 et-dark-column vc_col-has-fill vc_general vc_parallax vc_parallax-content-moving\"><div class=\"vc_column-inner  vc_custom_1762366926473\"><div class=\"wpb_wrapper\"><\/div><\/div><\/div><\/div><\/div><div  class=\"sec_row container\"><div class=\"vc_row wpb_row vc_row-fluid vc_custom_1762366797737 vc_row-o-content-middle vc_row-flex\"><div class=\"wpb_column vc_column_container vc_col-sm-4 et-dark-column\"><div class=\"vc_column-inner\"><div class=\"wpb_wrapper\"><\/div><\/div><\/div><div class=\"wpb_column vc_column_container vc_col-sm-4 et-dark-column\"><div class=\"vc_column-inner\"><div class=\"wpb_wrapper\">\n\t<div class=\"wpb_text_column wpb_content_element  \" >\n\t\t<div class=\"wpb_wrapper\">\n\t\t\t<h2 style=\"text-align: center;\">Prijavi se na na\u0161 newsletter i prvi saznajte kada po\u010dinju popusti!<\/h2>\n\n\t\t<\/div>\n\t<\/div>\n<div class=\"wpforms-container \" id=\"wpforms-12\"><form id=\"wpforms-form-12\" class=\"wpforms-validate wpforms-form\" data-formid=\"12\" method=\"post\" enctype=\"multipart\/form-data\" action=\"\/ru\/wp-json\/wp\/v2\/pages\/17399\" data-token=\"63876b81b4ef26148df95499f8eccf99\" data-token-time=\"1777645110\"><noscript class=\"wpforms-error-noscript\">\u0414\u043b\u044f \u0437\u0430\u043f\u043e\u043b\u043d\u0435\u043d\u0438\u044f \u0434\u0430\u043d\u043d\u043e\u0439 \u0444\u043e\u0440\u043c\u044b \u0432\u043a\u043b\u044e\u0447\u0438\u0442\u0435 JavaScript \u0432 \u0431\u0440\u0430\u0443\u0437\u0435\u0440\u0435.<\/noscript><div class=\"wpforms-field-container\"><div id=\"wpforms-12-field_0-container\" class=\"wpforms-field wpforms-field-name\" data-field-id=\"0\"><label class=\"wpforms-field-label\" for=\"wpforms-12-field_0\">Ime i Prezime <span class=\"wpforms-required-label\">*<\/span><\/label><input type=\"text\" id=\"wpforms-12-field_0\" class=\"wpforms-field-large wpforms-field-required\" name=\"wpforms[fields][0]\" required><div class=\"wpforms-field-description\">Va\u0161e ime i prezime<\/div><\/div><div id=\"wpforms-12-field_1-container\" class=\"wpforms-field wpforms-field-email\" data-field-id=\"1\"><label class=\"wpforms-field-label\" for=\"wpforms-12-field_1\">Email <span class=\"wpforms-required-label\">*<\/span><\/label><input type=\"email\" id=\"wpforms-12-field_1\" class=\"wpforms-field-large wpforms-field-required\" name=\"wpforms[fields][1]\" spellcheck=\"false\" required><\/div><div id=\"wpforms-12-field_2-container\" class=\"wpforms-field wpforms-field-textarea\" data-field-id=\"2\"><label class=\"wpforms-field-label\" for=\"wpforms-12-field_2\">Poruka <span class=\"wpforms-required-label\">*<\/span><\/label><textarea id=\"wpforms-12-field_2\" class=\"wpforms-field-medium wpforms-field-required\" name=\"wpforms[fields][2]\" required><\/textarea><div class=\"wpforms-field-description\">Napi\u0161ite poruku<\/div><\/div><\/div><!-- .wpforms-field-container --><div class=\"wpforms-field wpforms-field-hp\"><label for=\"wpforms-12-field-hp\" class=\"wpforms-field-label\">Message<\/label><input type=\"text\" name=\"wpforms[hp]\" id=\"wpforms-12-field-hp\" class=\"wpforms-field-medium\"><\/div><div class=\"wpforms-recaptcha-container wpforms-is-turnstile\" ><div class=\"wpforms-turnstile\" data-sitekey=\"0x4AAAAAABvEd4Y7GF-08Ct2\" data-action=\"FormID-12\"><\/div><input type=\"text\" name=\"g-recaptcha-hidden\" class=\"wpforms-recaptcha-hidden\" style=\"position:absolute!important;clip:rect(0,0,0,0)!important;height:1px!important;width:1px!important;border:0!important;overflow:hidden!important;padding:0!important;margin:0!important;\" data-rule-turnstile=\"1\"><\/div><div class=\"wpforms-submit-container\" ><input type=\"hidden\" name=\"wpforms[id]\" value=\"12\"><input type=\"hidden\" name=\"page_title\" value=\"\"><input type=\"hidden\" name=\"page_url\" value=\"https:\/\/balavander.com\/ru\/wp-json\/wp\/v2\/pages\/17399\"><input type=\"hidden\" name=\"url_referer\" value=\"\"><button type=\"submit\" name=\"wpforms[submit]\" id=\"wpforms-submit-12\" class=\"wpforms-submit\" data-alt-text=\"\u0160aljem...\" data-submit-text=\"Po\u0161alji\" aria-live=\"assertive\" value=\"wpforms-submit\">Po\u0161alji<\/button><\/div><\/form><\/div>  <!-- .wpforms-container --><\/div><\/div><\/div><div class=\"wpb_column vc_column_container vc_col-sm-4 et-dark-column\"><div class=\"vc_column-inner\"><div class=\"wpb_wrapper\"><\/div><\/div><\/div><\/div><\/div>\n<\/div>","protected":false},"excerpt":{"rendered":"Ne propusti Black Friday sti\u017ee uskoro! \ud83d\udda4 Pripremi se za najve\u0107e popuste u godini \u2013 odbrojavanje je po\u010delo! Iskoristi priliku da obnovi\u0161 zalihe svoje omiljene prirodne kozmetike po sni\u017eenim cenama. 00 days 00 hours 00 minutes 00 seconds Ne propustite Black Friday ponuda \"U\u017eivaj u neodoljivim popustima na prirodne sapune, [...]","protected":false},"author":1,"featured_media":17371,"parent":0,"menu_order":0,"comment_status":"closed","ping_status":"closed","template":"","meta":{"wprm-recipe-roundup-name":"","wprm-recipe-roundup-description":"","footnotes":""},"class_list":["post-17399","page","type-page","status-publish","has-post-thumbnail","hentry"],"_links":{"self":[{"href":"https:\/\/balavander.com\/ru\/wp-json\/wp\/v2\/pages\/17399","targetHints":{"allow":["GET"]}}],"collection":[{"href":"https:\/\/balavander.com\/ru\/wp-json\/wp\/v2\/pages"}],"about":[{"href":"https:\/\/balavander.com\/ru\/wp-json\/wp\/v2\/types\/page"}],"author":[{"embeddable":true,"href":"https:\/\/balavander.com\/ru\/wp-json\/wp\/v2\/users\/1"}],"replies":[{"embeddable":true,"href":"https:\/\/balavander.com\/ru\/wp-json\/wp\/v2\/comments?post=17399"}],"version-history":[{"count":0,"href":"https:\/\/balavander.com\/ru\/wp-json\/wp\/v2\/pages\/17399\/revisions"}],"wp:featuredmedia":[{"embeddable":true,"href":"https:\/\/balavander.com\/ru\/wp-json\/wp\/v2\/media\/17371"}],"wp:attachment":[{"href":"https:\/\/balavander.com\/ru\/wp-json\/wp\/v2\/media?parent=17399"}],"curies":[{"name":"wp","href":"https:\/\/api.w.org\/{rel}","templated":true}]}}