{"id":8662,"date":"2023-01-31T23:03:47","date_gmt":"2023-01-31T22:03:47","guid":{"rendered":"https:\/\/balavander.com\/?post_type=product&#038;p=8662"},"modified":"2026-05-08T03:14:07","modified_gmt":"2026-05-08T01:14:07","slug":"eco-glow-concentration-mirisna-sveca","status":"publish","type":"product","link":"https:\/\/balavander.com\/en\/prodavnica\/eco-glow-concentration-mirisna-sveca\/","title":{"rendered":"Eco Glow \u2013 Concentration \u2013 soywax candle"},"content":{"rendered":"<p><strong>Eco Glow Concentration <\/strong>is a scented candle made of 100% natural soy wax in a glass jar.<br \/>\nIts scent can be described as a soothing aroma of a blend of essential oils of lemongrass, rosemary and mint.<br \/>\nThis fragrant aroma will help you maintain concentration and calm your thoughts while you relax in the warmth of your home.<br \/>\nIts unique design and distinctive color blend ensure it will fit into any living space and make it more beautiful.<\/p>\n<p>Soywax candles are much safer and more importantly much healthier then regular paraffin candles.<\/p>\n<p>Burn time is much longer then with regular candles.<\/p>\n<p><strong>Ingredients:<\/strong><br \/>\n\u2013 Cotton WEDO wick<br \/>\n\u2013 100% soy wax<br \/>\n\u2013 Essential oil of lemongrass<br \/>\n\u2013 Essential oil of rosemary<br \/>\n\u2013 Essential oil of mint<br \/>\n\u2013 Glass<\/p>\n<p>Net weight: <strong>180 g<br \/>\n<\/strong>Burning time: <strong>40+ hours<\/strong><\/p>","protected":false},"excerpt":{"rendered":"<div class=\"flex-1 overflow-hidden\">\n<div class=\"react-scroll-to-bottom--css-hcocl-79elbk h-full\">\n<div class=\"react-scroll-to-bottom--css-hcocl-1n7m0yu\">\n<div class=\"flex flex-col pb-9 text-sm\">\n<div class=\"w-full text-token-text-primary\" data-testid=\"conversation-turn-43\">\n<div class=\"px-4 py-2 justify-center text-base md:gap-6 m-auto\">\n<div class=\"flex flex-1 text-base mx-auto gap-3 md:px-5 lg:px-1 xl:px-5 md:max-w-3xl lg:max-w-[40rem] xl:max-w-[48rem] group final-completion\">\n<div class=\"relative flex w-full flex-col lg:w-[calc(100%-115px)] agent-turn\">\n<div class=\"flex-col gap-1 md:gap-3\">\n<div class=\"flex flex-grow flex-col max-w-full\">\n<div class=\"min-h-[20px] text-message flex flex-col items-start gap-3 whitespace-pre-wrap break-words [.text-message+&amp;]:mt-5 overflow-x-auto\" data-message-author-role=\"assistant\" data-message-id=\"16281a02-74d7-41b5-918e-faab13824e65\">\n<div class=\"markdown prose w-full break-words dark:prose-invert dark\">\n<p>Eco Glow Concentration je prirodna soja sve\u0107a u elegantnoj staklenoj \u010da\u0161i. Umiruju\u0107i miris limunove trave, ruzmarina i mente poma\u017ee koncentraciji i opu\u0161tanju u domu. Unikatan dizajn i paleta boja prilagodljivi su svakom prostoru, dodaju\u0107i mu lepotu.<\/p>\n<p>Soja sve\u0107e su sigurne i zdrave, bez kancerogenih \u010destica, idealne za vegane. Sa 40+ sati gorenja, pru\u017eaju dugotrajno u\u017eivanje. Pamu\u010dni WEDO fitilj i pa\u017eljivo odabrani sastojci garantuju vrhunski kvalitet. Osvetlite prostor uz Eco Glow Concentration i do\u017eivite spoj mira i koncentracije.<\/p>\n<\/div>\n<\/div>\n<\/div>\n<\/div>\n<\/div>\n<\/div>\n<\/div>\n<\/div>\n<\/div>\n<\/div>\n<\/div>\n<\/div>\n","protected":false},"featured_media":8655,"comment_status":"open","ping_status":"closed","template":"","meta":{"wprm-recipe-roundup-name":"","wprm-recipe-roundup-description":""},"product_brand":[],"product_cat":[28,26],"product_tag":[],"class_list":{"0":"post-8662","1":"product","2":"type-product","3":"status-publish","4":"has-post-thumbnail","6":"product_cat-mirisne-svece-od-sojinog-voska","7":"product_cat-aromaterapija","9":"first","10":"onbackorder","11":"taxable","12":"shipping-taxable","13":"purchasable","14":"product-type-simple"},"_links":{"self":[{"href":"https:\/\/balavander.com\/en\/wp-json\/wp\/v2\/product\/8662","targetHints":{"allow":["GET"]}}],"collection":[{"href":"https:\/\/balavander.com\/en\/wp-json\/wp\/v2\/product"}],"about":[{"href":"https:\/\/balavander.com\/en\/wp-json\/wp\/v2\/types\/product"}],"replies":[{"embeddable":true,"href":"https:\/\/balavander.com\/en\/wp-json\/wp\/v2\/comments?post=8662"}],"wp:featuredmedia":[{"embeddable":true,"href":"https:\/\/balavander.com\/en\/wp-json\/wp\/v2\/media\/8655"}],"wp:attachment":[{"href":"https:\/\/balavander.com\/en\/wp-json\/wp\/v2\/media?parent=8662"}],"wp:term":[{"taxonomy":"product_brand","embeddable":true,"href":"https:\/\/balavander.com\/en\/wp-json\/wp\/v2\/product_brand?post=8662"},{"taxonomy":"product_cat","embeddable":true,"href":"https:\/\/balavander.com\/en\/wp-json\/wp\/v2\/product_cat?post=8662"},{"taxonomy":"product_tag","embeddable":true,"href":"https:\/\/balavander.com\/en\/wp-json\/wp\/v2\/product_tag?post=8662"}],"curies":[{"name":"wp","href":"https:\/\/api.w.org\/{rel}","templated":true}]}}