{"id":5434,"date":"2021-11-18T20:30:31","date_gmt":"2021-11-18T19:30:31","guid":{"rendered":"https:\/\/balavander.com\/?post_type=product&#038;p=5434"},"modified":"2026-04-26T02:27:47","modified_gmt":"2026-04-26T00:27:47","slug":"eco-glow-dream","status":"publish","type":"product","link":"https:\/\/balavander.com\/en\/prodavnica\/eco-glow-dream\/","title":{"rendered":"Eco Glow - Dream - soywax candle"},"content":{"rendered":"<p><strong>Eco Glow &#8211; Dream <\/strong>is scented candle made of 100% natural soy wax in a glass jar.<br \/>\nThe scent of this candle is a seductive combination of coconut and the sweet aroma of vanilla.<\/p>\n<p>Soy candles are much safer and healthier than regular candles made from paraffin wax.<br \/>\nThey are made from plant-based wax that does not contain carcinogenic particles and does not emit smoke when burned.<br \/>\nThey are safe to use in spaces where pregnant women and children are present.<\/p>\n<p class=\"translation-block\">Soy wax is biodegradable and does not have a negative impact on the environment.<br>\nSince soy candles are made exclusively from plant-based ingredients, they are suitable for vegans.<br>\nThe burning time is also much longer compared to regular candles.<br>\nAfter use, you can repurpose the packaging as wax residue is easy to remove.<\/p>\n<p><strong>Net weight<\/strong>: 180 g<br \/>\n<strong>Burning time: <\/strong>40+ hours<\/p>","protected":false},"excerpt":{"rendered":"<div class=\"flex-1 overflow-hidden\">\n<div class=\"react-scroll-to-bottom--css-hcocl-79elbk h-full\">\n<div class=\"react-scroll-to-bottom--css-hcocl-1n7m0yu\">\n<div class=\"flex flex-col pb-9 text-sm\">\n<div class=\"w-full text-token-text-primary\" data-testid=\"conversation-turn-3\">\n<div class=\"px-4 py-2 justify-center text-base md:gap-6 m-auto\">\n<div class=\"flex flex-1 text-base mx-auto gap-3 md:px-5 lg:px-1 xl:px-5 md:max-w-3xl lg:max-w-[40rem] xl:max-w-[48rem] group final-completion\">\n<div class=\"relative flex w-full flex-col lg:w-[calc(100%-115px)] agent-turn\">\n<div class=\"flex-col gap-1 md:gap-3\">\n<div class=\"flex flex-grow flex-col max-w-full\">\n<div class=\"min-h-[20px] text-message flex flex-col items-start gap-3 whitespace-pre-wrap break-words [.text-message+&amp;]:mt-5 overflow-x-auto\" data-message-author-role=\"assistant\" data-message-id=\"a953a587-6f42-4846-8072-00e404ccb2e2\">\n<div class=\"markdown prose w-full break-words dark:prose-invert dark\">\n<p>Eco Glow &#8211; Dream je privla\u010dna sojina sve\u0107a u staklenoj tegli sa 100% prirodnim sojinim voskom.<\/p>\n<p>U\u017eivajte u o\u010daravaju\u0107em mirisu kokosa i slatkog vanilinog nota.<br \/>\nSoja sve\u0107e pru\u017eaju sigurnost, bez kancerogenih \u010destica i dima, idealne su za trudnice i decu.<br \/>\nEkolo\u0161ki prihvatljive, veganske, s dugim vremenom gorenja od 40+ sati.<\/p>\n<p>Nakon kori\u0161\u0107enja, reciklirajte ambala\u017eu lako uklanjanjem voska.<br \/>\nU\u017eivajte u luksuzu svestranosti i bezbednosti ove sve\u0107e koja \u010duva i okolinu.<\/p>\n<\/div>\n<\/div>\n<\/div>\n<\/div>\n<\/div>\n<\/div>\n<\/div>\n<\/div>\n<\/div>\n<\/div>\n<\/div>\n<\/div>\n","protected":false},"featured_media":5435,"comment_status":"open","ping_status":"closed","template":"","meta":{"wprm-recipe-roundup-name":"","wprm-recipe-roundup-description":""},"product_brand":[],"product_cat":[28,26,95],"product_tag":[148,145],"class_list":{"0":"post-5434","1":"product","2":"type-product","3":"status-publish","4":"has-post-thumbnail","6":"product_cat-mirisne-svece-od-sojinog-voska","7":"product_cat-aromaterapija","8":"product_cat-veganska-kozmetika","9":"product_tag-mirisne-svece","10":"product_tag-vegan","12":"first","13":"onbackorder","14":"taxable","15":"shipping-taxable","16":"purchasable","17":"product-type-simple"},"_links":{"self":[{"href":"https:\/\/balavander.com\/en\/wp-json\/wp\/v2\/product\/5434","targetHints":{"allow":["GET"]}}],"collection":[{"href":"https:\/\/balavander.com\/en\/wp-json\/wp\/v2\/product"}],"about":[{"href":"https:\/\/balavander.com\/en\/wp-json\/wp\/v2\/types\/product"}],"replies":[{"embeddable":true,"href":"https:\/\/balavander.com\/en\/wp-json\/wp\/v2\/comments?post=5434"}],"wp:featuredmedia":[{"embeddable":true,"href":"https:\/\/balavander.com\/en\/wp-json\/wp\/v2\/media\/5435"}],"wp:attachment":[{"href":"https:\/\/balavander.com\/en\/wp-json\/wp\/v2\/media?parent=5434"}],"wp:term":[{"taxonomy":"product_brand","embeddable":true,"href":"https:\/\/balavander.com\/en\/wp-json\/wp\/v2\/product_brand?post=5434"},{"taxonomy":"product_cat","embeddable":true,"href":"https:\/\/balavander.com\/en\/wp-json\/wp\/v2\/product_cat?post=5434"},{"taxonomy":"product_tag","embeddable":true,"href":"https:\/\/balavander.com\/en\/wp-json\/wp\/v2\/product_tag?post=5434"}],"curies":[{"name":"wp","href":"https:\/\/api.w.org\/{rel}","templated":true}]}}