{"id":5420,"date":"2021-11-18T15:48:18","date_gmt":"2021-11-18T14:48:18","guid":{"rendered":"https:\/\/balavander.com\/?post_type=product&#038;p=5420"},"modified":"2026-05-09T02:27:40","modified_gmt":"2026-05-09T00:27:40","slug":"eco-glow-sinus","status":"publish","type":"product","link":"https:\/\/balavander.com\/en\/prodavnica\/eco-glow-sinus\/","title":{"rendered":"Eco Glow - Sinus - soywax candle"},"content":{"rendered":"<p><strong>Eco Glow \u2013 Sinus <\/strong>is scented candle made of 100% natural soy wax in a glass jar.<br \/>\nThe scent of this candle can be described as a refreshing combination of mint and eucalyptus, with a hint of powerful tea tree.<\/p>\n<p>This candle will help you in treating clogged sinuses and airways.<br \/>\nThe refreshing scent of essential oils and soy wax will fill your home with a wonderful, invigorating aroma, while also helping you to better cope with sinus problems.<\/p>\n<p>Recommended for people prone to various allergies and sinus congestion problems.<\/p>\n<p>You can use this candle as an aromatherapy aid or for inhalation, as all the ingredients are completely natural, with no risk of unwanted effects.<\/p>\n<p>Soy candles are much safer and healthier than regular candles made from paraffin wax.<br \/>\nThey are made from plant-based wax that does not contain carcinogenic particles and does not emit smoke when burned.<br \/>\nThey are safe to use in spaces where pregnant women and children are present.<\/p>\n<p class=\"translation-block\">Soy wax is biodegradable and does not have a negative impact on the environment.<br>\nSince soy candles are made exclusively from plant-based ingredients, they are suitable for vegans.<br>\nThe burning time is also much longer compared to regular candles.<br>\nAfter use, you can repurpose the packaging as wax residue is easy to remove.<\/p>\n<p><strong>Net weight<\/strong>: 180 g<br \/>\n<strong>Burning time: <\/strong>40+ hours<\/p>","protected":false},"excerpt":{"rendered":"<div class=\"flex-1 overflow-hidden\">\n<div class=\"react-scroll-to-bottom--css-hcocl-79elbk h-full\">\n<div class=\"react-scroll-to-bottom--css-hcocl-1n7m0yu\">\n<div class=\"flex flex-col pb-9 text-sm\">\n<div class=\"w-full text-token-text-primary\" data-testid=\"conversation-turn-3\">\n<div class=\"px-4 py-2 justify-center text-base md:gap-6 m-auto\">\n<div class=\"flex flex-1 text-base mx-auto gap-3 md:px-5 lg:px-1 xl:px-5 md:max-w-3xl lg:max-w-[40rem] xl:max-w-[48rem] group final-completion\">\n<div class=\"relative flex w-full flex-col lg:w-[calc(100%-115px)] agent-turn\">\n<div class=\"flex-col gap-1 md:gap-3\">\n<div class=\"flex flex-grow flex-col max-w-full\">\n<div class=\"min-h-[20px] text-message flex flex-col items-start gap-3 whitespace-pre-wrap break-words [.text-message+&amp;]:mt-5 overflow-x-auto\" data-message-author-role=\"assistant\" data-message-id=\"2fb990d7-7a60-40f6-bc6c-4d1b127e280c\">\n<div class=\"markdown prose w-full break-words dark:prose-invert dark\">\n<p>Eco Glow &#8211; Sinus je prirodna sojina mirisna sve\u0107a koja donosi osve\u017eavaju\u0107u kombinaciju mente, eukaliptusa i \u010dajnog drveta.<\/p>\n<p>Savr\u0161ena za tretiranje za\u010depljenih sinusa i disajnih puteva, ova sve\u0107a pru\u017ea predivnu aromu eteri\u010dnih ulja i sojinog voska.<br \/>\nPreporu\u010duje se osobama s alergijama i sinusnim problemima. Bezbedna za trudnice i decu, sojine sve\u0107e su zdravija alternativa parafinskim sve\u0107ama, biorazgradive su i pogodne za vegane.<\/p>\n<p>S vremenom gorenja od 40+ sati, ova sve\u0107a \u010dini va\u0161 dom osve\u017eenim i harmoni\u010dnim, dok se ambala\u017ea lako reciklira.<br \/>\nU\u017eivajte u prirodi bez brige!<\/p>\n<\/div>\n<\/div>\n<\/div>\n<\/div>\n<\/div>\n<\/div>\n<\/div>\n<\/div>\n<\/div>\n<\/div>\n<\/div>\n<\/div>\n<div class=\"w-full pt-2 md:pt-0 dark:border-white\/20 md:border-transparent md:dark:border-transparent md:w-[calc(100%-.5rem)]\">\n<form class=\"stretch mx-2 flex flex-row gap-3 last:mb-2 md:mx-4 md:last:mb-6 lg:mx-auto lg:max-w-2xl xl:max-w-3xl\">\n<div class=\"relative flex h-full flex-1 items-stretch md:flex-col\">\n<div class=\"flex w-full items-center\"><\/div>\n<\/div>\n<\/form>\n<\/div>\n","protected":false},"featured_media":5421,"comment_status":"open","ping_status":"closed","template":"","meta":{"wprm-recipe-roundup-name":"","wprm-recipe-roundup-description":""},"product_brand":[],"product_cat":[28,26,95],"product_tag":[148,145],"class_list":{"0":"post-5420","1":"product","2":"type-product","3":"status-publish","4":"has-post-thumbnail","6":"product_cat-mirisne-svece-od-sojinog-voska","7":"product_cat-aromaterapija","8":"product_cat-veganska-kozmetika","9":"product_tag-mirisne-svece","10":"product_tag-vegan","12":"first","13":"onbackorder","14":"taxable","15":"shipping-taxable","16":"purchasable","17":"product-type-simple"},"_links":{"self":[{"href":"https:\/\/balavander.com\/en\/wp-json\/wp\/v2\/product\/5420","targetHints":{"allow":["GET"]}}],"collection":[{"href":"https:\/\/balavander.com\/en\/wp-json\/wp\/v2\/product"}],"about":[{"href":"https:\/\/balavander.com\/en\/wp-json\/wp\/v2\/types\/product"}],"replies":[{"embeddable":true,"href":"https:\/\/balavander.com\/en\/wp-json\/wp\/v2\/comments?post=5420"}],"wp:featuredmedia":[{"embeddable":true,"href":"https:\/\/balavander.com\/en\/wp-json\/wp\/v2\/media\/5421"}],"wp:attachment":[{"href":"https:\/\/balavander.com\/en\/wp-json\/wp\/v2\/media?parent=5420"}],"wp:term":[{"taxonomy":"product_brand","embeddable":true,"href":"https:\/\/balavander.com\/en\/wp-json\/wp\/v2\/product_brand?post=5420"},{"taxonomy":"product_cat","embeddable":true,"href":"https:\/\/balavander.com\/en\/wp-json\/wp\/v2\/product_cat?post=5420"},{"taxonomy":"product_tag","embeddable":true,"href":"https:\/\/balavander.com\/en\/wp-json\/wp\/v2\/product_tag?post=5420"}],"curies":[{"name":"wp","href":"https:\/\/api.w.org\/{rel}","templated":true}]}}