{"id":3197,"date":"2021-08-17T01:58:13","date_gmt":"2021-08-16T23:58:13","guid":{"rendered":"https:\/\/balavander.com\/?post_type=product&#038;p=3197"},"modified":"2026-04-16T04:39:17","modified_gmt":"2026-04-16T02:39:17","slug":"flora-lavender-face-serum","status":"publish","type":"product","link":"https:\/\/balavander.com\/en\/prodavnica\/flora-lavanda-serum-za-lice\/","title":{"rendered":"Flora - Lavender - Skin serum"},"content":{"rendered":"<div class=\"_xlr\">\n<p><strong>Primena:<\/strong><br \/>\nSerum za lice i sredstvo za negu ko\u017ee i kose.<\/p>\n<p>&nbsp;<\/p>\n<p><strong>Na\u010din upotrebe:<\/strong><br \/>\nPre upotrebe \u010duvati na suvom i hladnom mestu u originalnoj ambala\u017ei.<br \/>\nNaneti nekoliko kapi na suve delove ko\u017ee ili kose.<\/p>\n<\/div>\n<p>&nbsp;<\/p>\n<p class=\" translation-block\"><strong>Sastojci<\/strong>:<br \/>\n\u2013 Su\u0161eni cvetovi lavande<br \/>\n\u2013 Nerafinisano maslinovo ulje<br \/>\n\u2013 Nerafinisano ulje semenki gro\u017e\u0111a<\/p>\n<p><strong>Neto<\/strong>: 50 ml<\/p>\n<p><span style=\"color: #008080;\"><strong>\u2714\u00a0100% prirodno<br \/>\n\u2714\u00a0vegan<br \/>\n\u2714\u00a0premium kvalitet<br \/>\n\u2714\u00a0handmade<br \/>\n\u2714\u00a0nije testirano na \u017eivotinjama<\/strong><\/span><\/p>\n<blockquote><p>Ljubi\u010dasto blago polja na\u0161ih<br \/>\nU kapi seruma satkano<br \/>\nDa tvoju lepotu prirodnu<br \/>\nProbudi ne\u017eno, lagano<\/p><\/blockquote>\n<p>&nbsp;<\/p>\n<p>Do\u017eivite potpunu harmoniju sa na\u0161im organskim lavandinim uljem, stvorenim posebno za ljude poput Vas &#8211; osoba koje cene holisti\u010dko blagostanje, odr\u017eivost i vrhunski kvalitet. Na\u0161a formula je savr\u0161ena za Va\u0161u ko\u017eu i du\u0161u, pru\u017eaju\u0107i trajni ose\u0107aj relaksacije i smanjenje stresa. Odabrana s pa\u017enjom i predano\u0161\u0107u prema prirodi, na\u0161a organska lavanda proizvodi miris koji \u0107e osvojiti Va\u0161e srce.<\/p>\n<p>U\u0111ite u svet organske lepote gde se kvalitet sre\u0107e s odr\u017eivo\u0161\u0107u. Sve na\u0161e proizvode kreiramo sa stra\u0161\u0107u prema ekolo\u0161kim vrednostima koje delimo s Vama. Sa jasnim informacijama o sastojcima, na\u0161a pri\u010da o transparentnosti i odgovornosti prati svaki proizvod. Va\u0161a potraga za prirodnim i luksuznim proizvodima zavr\u0161ava ovde. Otkrijte na\u0161u ekskluzivnu ponudu i osve\u017eite svoju rutinu lepote sa proizvodima koji ne samo da \u010duvaju Va\u0161u ko\u017eu ve\u0107 i na\u0161u planetu.<\/p>\n<h3><strong>Za \u0161ta se koristi lavandin serum i lavandino ulje?<\/strong><\/h3>\n<p><strong>Flora &#8211; Lavanda &#8211; Serum za lice<\/strong>\u00a0je jedinstven proizvod iz razloga \u0161to ima vi\u0161estruku i \u0161iroku primenu.<br \/>\nMo\u017ee se korisititi kao:<\/p>\n<ul>\n<li>prirodni serum za lice<\/li>\n<li>prirodni serum protiv bubuljica<\/li>\n<li>prirodno ulje za skidanje \u0161minke<\/li>\n<li>prirodni repelent protiv komaraca i insekata<\/li>\n<li>protiv iritacija i crvenila na ko\u017ei<\/li>\n<li>kao antiseptik prilikom opekotina ili ujeda insekata<\/li>\n<li>kao aromaterapeutsko sredstvo za opu\u0161tanje<\/li>\n<li>kao prirodno ulje za negu kose ili brade<\/li>\n<\/ul>\n<h3><strong>Kako se koristi lavandin serum za lice?<\/strong><\/h3>\n<p>Lavandino ulje mo\u017eete koristiti u razne svrhe: za negu ko\u017ee i negu lica, naro\u010dito predela oko o\u010diju, za smirivanje iritacija i crvenila na ko\u017ei ili kao prvo pomo\u0107 kod opekotina ili ujeda insekata, zatim za negu kose ili kao ulje za bradu. Lavandino ulje \u010dak mo\u017eete koristiti i u ishrani kao dodatak salatama.<br \/>\nNakapajte nekoliko kapi lavandinog ulja i utrljajte na \u017eeljeno mesto i ostavite da ko\u017ea upije. Ponavljajte postupak po potrebi.<\/p>\n<p>Vi\u0161e o lavandi i lavandinom ulju mo\u017eete pro\u010ditati u na\u0161em <a href=\"https:\/\/balavander.com\/ulje-lavande-za-pocetnike\/\">vodi\u010du za lavandu<\/a>.<\/p>\n<p>&nbsp;<\/p>\n<p><iframe title=\"YouTube video player\" src=\"https:\/\/www.youtube.com\/embed\/kD3egL3R2Qs?si=yGEn_U2bjZLE8gru\" width=\"560\" height=\"315\" frameborder=\"0\" allowfullscreen=\"allowfullscreen\"><\/iframe><\/p>\n<p>&nbsp;<\/p>\n<h3><strong>\u0160ta jo\u0161 treba znati o Lavandinom ulju?<\/strong><\/h3>\n<div class=\"flex-1 overflow-hidden\">\n<div class=\"react-scroll-to-bottom--css-gnssx-79elbk h-full\">\n<div class=\"react-scroll-to-bottom--css-gnssx-1n7m0yu\">\n<div class=\"flex flex-col pb-9 text-sm\">\n<div class=\"w-full text-token-text-primary\" data-testid=\"conversation-turn-3\">\n<div class=\"px-4 py-2 justify-center text-base md:gap-6 m-auto\">\n<div class=\"flex flex-1 text-base mx-auto gap-3 md:px-5 lg:px-1 xl:px-5 md:max-w-3xl lg:max-w-[40rem] xl:max-w-[48rem] } group final-completion\">\n<div class=\"relative flex w-full flex-col lg:w-[calc(100%-115px)] agent-turn\">\n<div class=\"flex-col gap-1 md:gap-3\">\n<div class=\"flex flex-grow flex-col max-w-full\">\n<div class=\"min-h-[20px] text-message flex flex-col items-start gap-3 whitespace-pre-wrap break-words [.text-message+&amp;]:mt-5 overflow-x-auto\" data-message-author-role=\"assistant\" data-message-id=\"964f4172-6216-449b-a792-03fa244d0762\">\n<div class=\"markdown prose w-full break-words dark:prose-invert dark\">\n<p>Uz sve ove prednosti koje Lavanda &#8211; Serum za lice pru\u017ea, va\u017eno je naglasiti da je ovaj proizvod proizveden pa\u017eljivim i tradicionalnim metodama, s posebnom pa\u017enjom posve\u0107enom svakom koraku procesa. Svi sastojci se pa\u017eljivo biraju kako bi se postigao najvi\u0161i standard kvaliteta, a svaka bo\u010dica ovog seruma nosi sa sobom spoj tradicije, prirodnosti i savremene nege.<\/p>\n<p>Lavandino ulje, koje je klju\u010dni sastojak ovog seruma, poznato je po svojim umiruju\u0107im i antisepti\u010dkim svojstvima. Su\u0161eni cvetovi lavande pridodaju proizvodu ne\u017ean i prirodan miris, \u010dine\u0107i svaki trenutak kori\u0161\u0107enja ovog seruma iskustvom za sva \u010dula.<\/p>\n<p>Svestrana primena ovog seruma omogu\u0107ava da postane va\u0161 verni saveznik u svakodnevnoj nezi ko\u017ee i kose. Bez obzira da li \u017eelite posti\u0107i besprekorno hidriranu ko\u017eu lica, re\u0161iti se ne\u017eeljenih bubuljica ili u\u017eivati u aromaterapeutskim benefitima lavande, ovaj serum ima odgovor na sve va\u0161e potrebe.<\/p>\n<p>Dodatno, zbog svoje 100% prirodne i veganske formule, ovaj proizvod nije samo dobar za va\u0161u ko\u017eu, ve\u0107 i za planetu. Bez testiranja na \u017eivotinjama i sa pa\u017eljivo odabranim sastojcima, Lavanda &#8211; Serum za lice je odraz posve\u0107enosti eti\u010dkom pristupu u svetu nege lepote.<\/p>\n<p>Neka va\u0161a rutina nege ko\u017ee postane iskustvo opu\u0161tanja i luksuza uz ovaj premium proizvod koji pru\u017ea sve\u017einu lavande u svakoj kapljici. Uz Flora &#8211; Lavanda &#8211; Serum za lice, osetite harmoniju prirode na svom licu i kosi, pru\u017eaju\u0107i im negu koja dolazi direktno iz srca prirode.<\/p>\n<\/div>\n<\/div>\n<\/div>\n<\/div>\n<\/div>\n<\/div>\n<\/div>\n<\/div>\n<\/div>\n<\/div>\n<\/div>\n<\/div>\n","protected":false},"excerpt":{"rendered":"<p>Flora - Lavender - Face serum combines luxury and nature. With 100% natural ingredients including dried lavender flowers, unrefined olive oil and grape seed oil, this serum offers gentleness to the skin and soul. Vegan, handmade and not tested on animals, it guarantees top quality.<\/p>\n<p>The serum has a variety of uses \u2013 from a natural face serum to an oil for hair or beard care. Experience relaxation and harmony with the heart-wrenching scent of lavender, providing holistic well-being and long-lasting care from the heart of nature.<\/p>","protected":false},"featured_media":10108,"comment_status":"open","ping_status":"closed","template":"","meta":{"wprm-recipe-roundup-name":"","wprm-recipe-roundup-description":""},"product_brand":[],"product_cat":[331,26,364,93,92,91,30,95],"product_tag":[146,336],"class_list":{"0":"post-3197","1":"product","2":"type-product","3":"status-publish","4":"has-post-thumbnail","6":"product_cat-infuzovano-ulje","7":"product_cat-aromaterapija","8":"product_cat-nega-brade","9":"product_cat-nega-kose","10":"product_cat-nega-koze","11":"product_cat-nega-lica","12":"product_cat-prirodna-kozmetika","13":"product_cat-veganska-kozmetika","14":"product_tag-lavanda","15":"product_tag-macerat","17":"first","18":"instock","19":"sale","20":"featured","21":"taxable","22":"shipping-taxable","23":"purchasable","24":"product-type-simple"},"_links":{"self":[{"href":"https:\/\/balavander.com\/en\/wp-json\/wp\/v2\/product\/3197","targetHints":{"allow":["GET"]}}],"collection":[{"href":"https:\/\/balavander.com\/en\/wp-json\/wp\/v2\/product"}],"about":[{"href":"https:\/\/balavander.com\/en\/wp-json\/wp\/v2\/types\/product"}],"replies":[{"embeddable":true,"href":"https:\/\/balavander.com\/en\/wp-json\/wp\/v2\/comments?post=3197"}],"wp:featuredmedia":[{"embeddable":true,"href":"https:\/\/balavander.com\/en\/wp-json\/wp\/v2\/media\/10108"}],"wp:attachment":[{"href":"https:\/\/balavander.com\/en\/wp-json\/wp\/v2\/media?parent=3197"}],"wp:term":[{"taxonomy":"product_brand","embeddable":true,"href":"https:\/\/balavander.com\/en\/wp-json\/wp\/v2\/product_brand?post=3197"},{"taxonomy":"product_cat","embeddable":true,"href":"https:\/\/balavander.com\/en\/wp-json\/wp\/v2\/product_cat?post=3197"},{"taxonomy":"product_tag","embeddable":true,"href":"https:\/\/balavander.com\/en\/wp-json\/wp\/v2\/product_tag?post=3197"}],"curies":[{"name":"wp","href":"https:\/\/api.w.org\/{rel}","templated":true}]}}