{"id":12341,"date":"2024-06-17T22:31:30","date_gmt":"2024-06-17T20:31:30","guid":{"rendered":"https:\/\/balavander.com\/?post_type=product&#038;p=12341"},"modified":"2026-05-04T04:38:50","modified_gmt":"2026-05-04T02:38:50","slug":"poklon-set-summer","status":"publish","type":"product","link":"https:\/\/balavander.com\/en\/prodavnica\/poklon-set-summer\/","title":{"rendered":"Gift set \u2013 Summer"},"content":{"rendered":"<h2 data-sourcepos=\"1:1-1:71\">Poklon Set \u2013 Summer: Oaza prirodne sve\u017eine za Va\u0161e letnje avanture!<\/h2>\n<p data-sourcepos=\"3:1-3:175\"><strong>Enjoy the sun without worry!<\/strong> Poklon Set \u2013 Summer nudi savr\u0161enu negu za Va\u0161u ko\u017eu tokom letnjih dana, sa 100% prirodnim sastojcima koji su ne\u017eni prema ko\u017ei i okru\u017eenju.<\/p>\n<p data-sourcepos=\"5:1-5:48\"><strong>What is included in this perfect summer set?<\/strong><\/p>\n<ul data-sourcepos=\"7:1-11:0\">\n<li data-sourcepos=\"7:1-7:232\"><strong>Natural hydrosol from organic lavender in spray:<\/strong> This refreshing tonic hydrates, soothes and relieves irritations and sunburns. It is ideal for application before and after sunbathing, and can also be used for hair and face care.<\/li>\n<li data-sourcepos=\"8:1-8:212\"><strong>Natural sunscreen cream:<\/strong> Protect your skin from harmful UV radiation with this lightweight cream made from natural ingredients. The cream deeply hydrates and nourishes the skin, leaving it smooth and radiant. It is ideal for use after sunbathing, where it preserves skin hydration and the acquired tan.<\/li>\n<li data-sourcepos=\"9:1-9:177\"><strong>Natural deodorant:<\/strong> This deodorant without aluminum and baking soda neutralizes unpleasant odors and provides long-lasting freshness with the help of essential oils of lavender, sage and lemongrass.<\/li>\n<li data-sourcepos=\"10:1-11:0\"><strong>Natural soap with exotic scent of tahiti flower:<\/strong> U\u017eivajte u luksuznoj peni i ne\u017enom \u010di\u0161\u0107enju s ovim sapunom napravljenim od maslinovog, kokosovog, palminog i ulja ricinusa. Egzoti\u010dni miris tahiti cveta doda\u0107e dozu letnjeg raspolo\u017eenja Va\u0161oj kupki.<\/li>\n<\/ul>\n<p data-sourcepos=\"12:1-12:39\"><strong>Za\u0161to odabrati Poklon Set \u2013 Summer?<\/strong><\/p>\n<ul data-sourcepos=\"14:1-18:0\">\n<li data-sourcepos=\"14:1-14:134\"><strong>100% natural ingredients:<\/strong> Our products are made from the highest quality natural ingredients, without harmful chemicals and additives.<\/li>\n<li data-sourcepos=\"15:1-15:84\"><strong>Gentle to the skin:<\/strong> Moreover, they are suitable for all skin types, even for sensitive skin.<\/li>\n<li data-sourcepos=\"16:1-16:94\"><strong>Care for the environment:<\/strong> Our eco-friendly packaging without plastic contributes to environmental preservation.<\/li>\n<li data-sourcepos=\"17:1-18:0\"><strong>Perfect gift:<\/strong> Poklon Set \u2013 Summer je idealan poklon za sve koji vole prirodu i brigu o sebi.<\/li>\n<\/ul>\n<p data-sourcepos=\"19:1-19:82\"><strong>U\u017eivajte u letu bez brige i osetite blagodeti prirode uz Poklon Set \u2013 Summer!<\/strong><\/p>","protected":false},"excerpt":{"rendered":"<p><strong>Enjoy the sun without worry!<\/strong><br \/>\nGift Set - Summer offers perfect care for your skin during summer days, with 100% natural ingredients that are gentle on the skin and the environment.<br \/>\nEverything you need to enjoy this summer!<\/p>","protected":false},"featured_media":12342,"comment_status":"open","ping_status":"closed","template":"","meta":{"wprm-recipe-roundup-name":"","wprm-recipe-roundup-description":""},"product_brand":[],"product_cat":[337,92,30,95],"product_tag":[],"class_list":{"0":"post-12341","1":"product","2":"type-product","3":"status-publish","4":"has-post-thumbnail","6":"product_cat-poklon-setovi","7":"product_cat-nega-koze","8":"product_cat-prirodna-kozmetika","9":"product_cat-veganska-kozmetika","11":"first","12":"instock","13":"sale","14":"taxable","15":"shipping-taxable","16":"purchasable","17":"product-type-simple"},"_links":{"self":[{"href":"https:\/\/balavander.com\/en\/wp-json\/wp\/v2\/product\/12341","targetHints":{"allow":["GET"]}}],"collection":[{"href":"https:\/\/balavander.com\/en\/wp-json\/wp\/v2\/product"}],"about":[{"href":"https:\/\/balavander.com\/en\/wp-json\/wp\/v2\/types\/product"}],"replies":[{"embeddable":true,"href":"https:\/\/balavander.com\/en\/wp-json\/wp\/v2\/comments?post=12341"}],"wp:featuredmedia":[{"embeddable":true,"href":"https:\/\/balavander.com\/en\/wp-json\/wp\/v2\/media\/12342"}],"wp:attachment":[{"href":"https:\/\/balavander.com\/en\/wp-json\/wp\/v2\/media?parent=12341"}],"wp:term":[{"taxonomy":"product_brand","embeddable":true,"href":"https:\/\/balavander.com\/en\/wp-json\/wp\/v2\/product_brand?post=12341"},{"taxonomy":"product_cat","embeddable":true,"href":"https:\/\/balavander.com\/en\/wp-json\/wp\/v2\/product_cat?post=12341"},{"taxonomy":"product_tag","embeddable":true,"href":"https:\/\/balavander.com\/en\/wp-json\/wp\/v2\/product_tag?post=12341"}],"curies":[{"name":"wp","href":"https:\/\/api.w.org\/{rel}","templated":true}]}}