{"id":3814,"date":"2021-09-10T23:32:54","date_gmt":"2021-09-10T21:32:54","guid":{"rendered":"https:\/\/balavander.com\/?page_id=3814"},"modified":"2025-01-14T11:53:06","modified_gmt":"2025-01-14T10:53:06","slug":"povracaj-novca","status":"publish","type":"page","link":"https:\/\/balavander.com\/en\/povracaj-novca\/","title":{"rendered":"Refund policy"},"content":{"rendered":"<div data-elementor-type=\"wp-page\" data-elementor-id=\"3814\" class=\"elementor elementor-3814\">\n\t\t\t\t\t\t<section class=\"elementor-section elementor-top-section elementor-element elementor-element-ce1c6ad elementor-section-boxed elementor-section-height-default elementor-section-height-default elementor-invisible\" data-id=\"ce1c6ad\" data-element_type=\"section\" data-e-type=\"section\" data-settings=\"{&quot;background_background&quot;:&quot;classic&quot;,&quot;animation&quot;:&quot;fadeIn&quot;}\">\n\t\t\t\t\t\t\t<div class=\"elementor-background-overlay\"><\/div>\n\t\t\t\t\t\t\t<div class=\"elementor-container elementor-column-gap-default\">\n\t\t\t\t\t<div class=\"elementor-column elementor-col-100 elementor-top-column elementor-element elementor-element-5180560\" data-id=\"5180560\" data-element_type=\"column\" data-e-type=\"column\">\n\t\t\t<div class=\"elementor-widget-wrap elementor-element-populated\">\n\t\t\t\t\t\t<div class=\"elementor-element elementor-element-5f61d50 elementor-widget elementor-widget-text-editor\" data-id=\"5f61d50\" data-element_type=\"widget\" data-e-type=\"widget\" data-widget_type=\"text-editor.default\">\n\t\t\t\t<div class=\"elementor-widget-container\">\n\t\t\t\t\t\t\t\t\t<p>Our refund or exchange policy lasts 14 days. If 14 days have passed since the purchase of the product, we will not be able to provide you with a refund or exchange of the product.<\/p>\n<p>In order for us to be able to grant you a product exchange, the product must be unused and in its original packaging.<\/p>\n<p>In order to be able to replace the product, it is necessary to attach a receipt or proof of purchase.<\/p>\n<p>After we receive and inspect the returned product, we will send you an email and inform you about the received product. We will also notify you if the exchange and refund has been approved or declined.<\/p>\n<p>If the refund is approved, you will be notified to provide us with the invoice to which you want the money to be paid within 3 working days.<\/p>\n<p><b>Refund delay<\/b><\/p>\n<p>If for some reason the refund was not processed on time, please contact us at <a href=\"mailto:office@balavander.com\">office@balavander.com<\/a><\/p>\n<p><b>Discounted products<\/b><\/p>\n<p>Discounted products cannot be returned.<\/p>\n<p>We will provide a product replacement if the product was damaged during transport.<br \/>To process a product replacement request, notify us via email, contact us at <a href=\"mailto:office@balavander.com\">office@balavander.com<\/a>.<\/p>\n<h2>Refund<\/h2>\n<p>In the case of returning goods and refunding funds to a customer who previously paid with one of the payment cards, partially or in full, and regardless of the reason for the return, <a href=\"https:\/\/balavander.com\/en\/\">balavander.com<\/a> is obliged to make refunds exclusively through VISA, EC\/MC, Maestro, Amex and Dina payment methods, which means that the bank will refund the funds to the account of the card user at the seller&#039;s request.<\/p>\n<h2>Product return<\/h2>\n<p>In order to return the purchased product, please inform us via email <a href=\"mailto:office@balavander.com\">office@balavander.com<\/a> and send the product to the address Bulevar cara Lazara 108, 21000 Novi Sad, Balavander Cosmetics<\/p>\n<p>The buyer pays the postage for returning the product. <br \/>Postage costs are not included in the refund.<\/p>\n<p>\u00a0<\/p>\n<h2>Help?<\/h2>\n<p><\/p>\n<p>Contact us via email address <a href=\"mailto:office@balavander.com\">office@balavander.com<\/a> for all questions related to refunds, product returns or product exchanges.<\/p>\t\t\t\t\t\t\t\t<\/div>\n\t\t\t\t<\/div>\n\t\t\t\t\t<\/div>\n\t\t<\/div>\n\t\t\t\t\t<\/div>\n\t\t<\/section>\n\t\t\t\t<\/div>","protected":false},"excerpt":{"rendered":"<p>Na\u0161a politika povra\u0107aja novca ili zamene proizvoda traje 14 dana. Ukoliko je pro\u0161lo 14 dana od kupovine proizvoda, ne\u0107emo biti u mogu\u0107nosti da Vam omogu\u0107imo povra\u0107aj novca ili zamanu proizvoda. Da bi bili u mogu\u0107nosti da Vam odobrimo zamenu proizvoda, proizvod mora biti nekori\u0161\u0107en i u originalnom pakovanju. Da bi [&hellip;]<\/p>\n","protected":false},"author":1,"featured_media":0,"parent":0,"menu_order":0,"comment_status":"closed","ping_status":"closed","template":"","meta":{"wprm-recipe-roundup-name":"","wprm-recipe-roundup-description":"","footnotes":""},"class_list":["post-3814","page","type-page","status-publish","hentry"],"_links":{"self":[{"href":"https:\/\/balavander.com\/en\/wp-json\/wp\/v2\/pages\/3814","targetHints":{"allow":["GET"]}}],"collection":[{"href":"https:\/\/balavander.com\/en\/wp-json\/wp\/v2\/pages"}],"about":[{"href":"https:\/\/balavander.com\/en\/wp-json\/wp\/v2\/types\/page"}],"author":[{"embeddable":true,"href":"https:\/\/balavander.com\/en\/wp-json\/wp\/v2\/users\/1"}],"replies":[{"embeddable":true,"href":"https:\/\/balavander.com\/en\/wp-json\/wp\/v2\/comments?post=3814"}],"version-history":[{"count":0,"href":"https:\/\/balavander.com\/en\/wp-json\/wp\/v2\/pages\/3814\/revisions"}],"wp:attachment":[{"href":"https:\/\/balavander.com\/en\/wp-json\/wp\/v2\/media?parent=3814"}],"curies":[{"name":"wp","href":"https:\/\/api.w.org\/{rel}","templated":true}]}}