{"id":3790,"date":"2021-09-10T23:17:39","date_gmt":"2021-09-10T21:17:39","guid":{"rendered":"https:\/\/balavander.com\/?page_id=3790"},"modified":"2025-01-14T11:56:50","modified_gmt":"2025-01-14T10:56:50","slug":"dostava","status":"publish","type":"page","link":"https:\/\/balavander.com\/en\/dostava\/","title":{"rendered":"Delivery"},"content":{"rendered":"<div data-elementor-type=\"wp-page\" data-elementor-id=\"3790\" class=\"elementor elementor-3790\">\n\t\t\t\t\t\t<section class=\"elementor-section elementor-top-section elementor-element elementor-element-edc05f0 elementor-section-boxed elementor-section-height-default elementor-section-height-default\" data-id=\"edc05f0\" data-element_type=\"section\" data-e-type=\"section\">\n\t\t\t\t\t\t<div class=\"elementor-container elementor-column-gap-default\">\n\t\t\t\t\t<div class=\"elementor-column elementor-col-100 elementor-top-column elementor-element elementor-element-4f757a0\" data-id=\"4f757a0\" data-element_type=\"column\" data-e-type=\"column\">\n\t\t\t<div class=\"elementor-widget-wrap elementor-element-populated\">\n\t\t\t\t\t\t<div class=\"elementor-element elementor-element-a0c199d elementor-widget elementor-widget-heading\" data-id=\"a0c199d\" data-element_type=\"widget\" data-e-type=\"widget\" data-widget_type=\"heading.default\">\n\t\t\t\t<div class=\"elementor-widget-container\">\n\t\t\t\t\t<h3 class=\"elementor-heading-title elementor-size-default\">Product pickup<\/h3>\t\t\t\t<\/div>\n\t\t\t\t<\/div>\n\t\t\t\t<div class=\"elementor-element elementor-element-022b993 elementor-widget elementor-widget-text-editor\" data-id=\"022b993\" data-element_type=\"widget\" data-e-type=\"widget\" data-widget_type=\"text-editor.default\">\n\t\t\t\t<div class=\"elementor-widget-container\">\n\t\t\t\t\t\t\t\t\t<p>Product pickup is only possible by prior arrangement with the seller, through the official communication channel.<\/p>\t\t\t\t\t\t\t\t<\/div>\n\t\t\t\t<\/div>\n\t\t\t\t<div class=\"elementor-element elementor-element-db813ea elementor-widget elementor-widget-heading\" data-id=\"db813ea\" data-element_type=\"widget\" data-e-type=\"widget\" data-widget_type=\"heading.default\">\n\t\t\t\t<div class=\"elementor-widget-container\">\n\t\t\t\t\t<h3 class=\"elementor-heading-title elementor-size-default\">PRODUCT DELIVERY<\/h3>\t\t\t\t<\/div>\n\t\t\t\t<\/div>\n\t\t\t\t<div class=\"elementor-element elementor-element-6752fcf elementor-widget elementor-widget-text-editor\" data-id=\"6752fcf\" data-element_type=\"widget\" data-e-type=\"widget\" data-widget_type=\"text-editor.default\">\n\t\t\t\t<div class=\"elementor-widget-container\">\n\t\t\t\t\t\t\t\t\t<p>Delivery of products you ordered through our online store is carried out by courier service in the territory of the Republic of Serbia or other countries.\nThe courier service that performs delivery is Post Express due to the safe and economical way of delivering packages.<\/p>\t\t\t\t\t\t\t\t<\/div>\n\t\t\t\t<\/div>\n\t\t\t\t<div class=\"elementor-element elementor-element-283fc72 elementor-widget elementor-widget-heading\" data-id=\"283fc72\" data-element_type=\"widget\" data-e-type=\"widget\" data-widget_type=\"heading.default\">\n\t\t\t\t<div class=\"elementor-widget-container\">\n\t\t\t\t\t<h3 class=\"elementor-heading-title elementor-size-default\">DELIVERY TIME<\/h3>\t\t\t\t<\/div>\n\t\t\t\t<\/div>\n\t\t\t\t<div class=\"elementor-element elementor-element-a13a33d elementor-widget__width-initial elementor-widget elementor-widget-text-editor\" data-id=\"a13a33d\" data-element_type=\"widget\" data-e-type=\"widget\" data-widget_type=\"text-editor.default\">\n\t\t\t\t<div class=\"elementor-widget-container\">\n\t\t\t\t\t\t\t\t\t<p>The shipment to your address is delivered by Post Express couriers in the period from <b>8am-6pm<\/b>. <br>Please ensure that during this period there is a person at the address who will receive the shipment. <br>If you are unable to do so, the order will wait for you at the nearest post office for a maximum of 5 working days.<br><br><b>Important:<\/b><br><i>If the deadline for receiving the shipment expires and your shipment is returned, you will no longer be able to place orders on our website.<\/i><\/p>\n<p>If you notice that the shipping box is significantly damaged and suspect that the product may be damaged, refuse to accept the shipment and notify us immediately. <br>If the shipment appears to be undamaged, feel free to accept the shipment and sign the delivery note for the courier.<\/p>\t\t\t\t\t\t\t\t<\/div>\n\t\t\t\t<\/div>\n\t\t\t\t<div class=\"elementor-element elementor-element-3ed3956 elementor-widget elementor-widget-heading\" data-id=\"3ed3956\" data-element_type=\"widget\" data-e-type=\"widget\" data-widget_type=\"heading.default\">\n\t\t\t\t<div class=\"elementor-widget-container\">\n\t\t\t\t\t<h3 class=\"elementor-heading-title elementor-size-default\">PAYMENT METHOD AND DELIVERY PRICE<\/h3>\t\t\t\t<\/div>\n\t\t\t\t<\/div>\n\t\t\t\t<div class=\"elementor-element elementor-element-207dc37 elementor-widget elementor-widget-text-editor\" data-id=\"207dc37\" data-element_type=\"widget\" data-e-type=\"widget\" data-widget_type=\"text-editor.default\">\n\t\t\t\t<div class=\"elementor-widget-container\">\n\t\t\t\t\t\t\t\t\t<p>Cash on delivery payment at the time of delivery to the address specified when ordering.<\/p><p>The delivery price for orders over 3000.00 din. is <strong>free<\/strong>.<br \/>Free delivery is not possible if combined with different coupon codes for discounts.<br \/><br \/>For other orders, the delivery price is formed according to the courier service price list.<\/p><p>If you choose \"Bank transfer\" as the payment method, your order will be sent\u00a0<span style=\"font-weight: bold;\">after the payment is recorded<\/span>\u00a0to the account.<br \/>If you choose \"Card payment\" as the payment method, your order will be sent\u00a0<span style=\"font-weight: bold;\">after the payment is recorded<\/span>\u00a0to the account.<\/p><p><b>Note: <\/b>If you want your order to be sent in another way, you can mention it when ordering.<\/p>\t\t\t\t\t\t\t\t<\/div>\n\t\t\t\t<\/div>\n\t\t\t\t\t<\/div>\n\t\t<\/div>\n\t\t\t\t\t<\/div>\n\t\t<\/section>\n\t\t\t\t<\/div>","protected":false},"excerpt":{"rendered":"<p>Preuzimanje proizvoda Preuzimanje proizvoda mogu\u0107e je jedino uz prethodni dogovor sa prodavcem, putem zvani\u010dnog kanala komunikacije. DOSTAVA PROIZVODA Dostava proizvoda koje ste poru\u010dili preko na\u0161e internet prodavnice vr\u0161i se putem kurirske slu\u017ebe na teritoriji Republike Srbije ili drugih zemalja. Kurirska slu\u017eba koja vr\u0161i isporuku je Post Express zbog sigurnog i [&hellip;]<\/p>\n","protected":false},"author":1,"featured_media":0,"parent":0,"menu_order":0,"comment_status":"closed","ping_status":"closed","template":"","meta":{"wprm-recipe-roundup-name":"","wprm-recipe-roundup-description":"","footnotes":""},"class_list":["post-3790","page","type-page","status-publish","hentry"],"_links":{"self":[{"href":"https:\/\/balavander.com\/en\/wp-json\/wp\/v2\/pages\/3790","targetHints":{"allow":["GET"]}}],"collection":[{"href":"https:\/\/balavander.com\/en\/wp-json\/wp\/v2\/pages"}],"about":[{"href":"https:\/\/balavander.com\/en\/wp-json\/wp\/v2\/types\/page"}],"author":[{"embeddable":true,"href":"https:\/\/balavander.com\/en\/wp-json\/wp\/v2\/users\/1"}],"replies":[{"embeddable":true,"href":"https:\/\/balavander.com\/en\/wp-json\/wp\/v2\/comments?post=3790"}],"version-history":[{"count":0,"href":"https:\/\/balavander.com\/en\/wp-json\/wp\/v2\/pages\/3790\/revisions"}],"wp:attachment":[{"href":"https:\/\/balavander.com\/en\/wp-json\/wp\/v2\/media?parent=3790"}],"curies":[{"name":"wp","href":"https:\/\/api.w.org\/{rel}","templated":true}]}}