{"id":2221,"date":"2019-07-09T22:15:48","date_gmt":"2019-07-09T22:15:48","guid":{"rendered":"https:\/\/goya.everthemes.com\/demo-fashion\/?page_id=2221"},"modified":"2025-08-27T18:21:36","modified_gmt":"2025-08-27T16:21:36","slug":"kontakt","status":"publish","type":"page","link":"https:\/\/balavander.com\/en\/kontakt\/","title":{"rendered":"Contact"},"content":{"rendered":"<div class=\"wpb-content-wrapper\"><div  class=\"sec_row container-fluid\"><div class=\"vc_row wpb_row vc_row-fluid no-padding vc_row-o-full-height vc_row-o-columns-top vc_row-o-equal-height vc_row-o-content-top vc_row-flex\"><div class=\"wpb_column vc_column_container vc_col-sm-12 vc_col-lg-6 et-dark-column\"><div class=\"vc_column-inner  vc_custom_1756311687288\"><div class=\"wpb_wrapper\">\n\t<div class=\"wpb_text_column wpb_content_element  \" >\n\t\t<div class=\"wpb_wrapper\">\n\t\t\t<h1>Kontaktne informacije<\/h1>\n\n\t\t<\/div>\n\t<\/div>\n<div class=\"vc_empty_space\"   style=\"height: 64px\"><span class=\"vc_empty_space_inner\"><\/span><\/div><div class=\"vc_row wpb_row vc_inner vc_row-fluid vc_row-o-content-top vc_row-flex\"><div class=\"wpb_column vc_column_container vc_col-sm-6 et-dark-column\"><div class=\"vc_column-inner\"><div class=\"wpb_wrapper\">\n\t<div class=\"wpb_text_column wpb_content_element   vc_custom_1750360254645\" >\n\t\t<div class=\"wpb_wrapper\">\n\t\t\t<h3>Sedi\u0161te firme<\/h3>\n<p>Kancelarija:<br \/>\nBulevar cara Lazara 108<br \/>\n21000, Novi Sad, Srbija<\/p>\n<p>Proizvodnja:<br \/>\n\u0110or\u0111a Joanovi\u0107a 59<br \/>\n23273, Novo Milo\u0161evo, Srbija<\/p>\n<p>Telefon:<br \/>\n<a href=\"tel:+381 65 989 04 01\">+381 65 989 04 01<\/a><br \/>\n<a href=\"tel:+381 63 108 33 20\">+381 63 108 33 20<\/a><\/p>\n\n\t\t<\/div>\n\t<\/div>\n<\/div><\/div><\/div><div class=\"wpb_column vc_column_container vc_col-sm-6 et-dark-column\"><div class=\"vc_column-inner\"><div class=\"wpb_wrapper\">\n\t<div class=\"wpb_text_column wpb_content_element  \" >\n\t\t<div class=\"wpb_wrapper\">\n\t\t\t<h3>Pi\u0161ite nam<\/h3>\n<p>Sva pitanja i nedoumice koje imate slobodno nam po\u0161ajite na <a href=\"mailto:office@balavander.com\">office@balavander.com<\/a><\/p>\n<p>&nbsp;<\/p>\n<p>&nbsp;<\/p>\n\n\t\t<\/div>\n\t<\/div>\n<\/div><\/div><\/div><\/div><div class=\"vc_row wpb_row vc_inner vc_row-fluid vc_row-o-content-middle vc_row-flex\"><div class=\"wpb_column vc_column_container vc_col-sm-12 et-dark-column\"><div class=\"vc_column-inner\"><div class=\"wpb_wrapper\"><div class=\"wpforms-container \" id=\"wpforms-12\"><form id=\"wpforms-form-12\" class=\"wpforms-validate wpforms-form\" data-formid=\"12\" method=\"post\" enctype=\"multipart\/form-data\" action=\"\/en\/wp-json\/wp\/v2\/pages\/2221\" data-token=\"d1c4e9c2e61f489acf2952400f63e58b\" data-token-time=\"1775871804\"><noscript class=\"wpforms-error-noscript\">Please enable JavaScript in your browser to complete this form.<\/noscript><div class=\"wpforms-field-container\"><div id=\"wpforms-12-field_0-container\" class=\"wpforms-field wpforms-field-name\" data-field-id=\"0\"><label class=\"wpforms-field-label\" for=\"wpforms-12-field_0\">Ime i Prezime <span class=\"wpforms-required-label\">*<\/span><\/label><input type=\"text\" id=\"wpforms-12-field_0\" class=\"wpforms-field-large wpforms-field-required\" name=\"wpforms[fields][0]\" required><div class=\"wpforms-field-description\">Va\u0161e ime i prezime<\/div><\/div><div id=\"wpforms-12-field_1-container\" class=\"wpforms-field wpforms-field-email\" data-field-id=\"1\"><label class=\"wpforms-field-label\" for=\"wpforms-12-field_1\">Email <span class=\"wpforms-required-label\">*<\/span><\/label><input type=\"email\" id=\"wpforms-12-field_1\" class=\"wpforms-field-large wpforms-field-required\" name=\"wpforms[fields][1]\" spellcheck=\"false\" required><\/div><div id=\"wpforms-12-field_2-container\" class=\"wpforms-field wpforms-field-textarea\" data-field-id=\"2\"><label class=\"wpforms-field-label\" for=\"wpforms-12-field_2\">Poruka <span class=\"wpforms-required-label\">*<\/span><\/label><textarea id=\"wpforms-12-field_2\" class=\"wpforms-field-medium wpforms-field-required\" name=\"wpforms[fields][2]\" required><\/textarea><div class=\"wpforms-field-description\">Napi\u0161ite poruku<\/div><\/div><\/div><!-- .wpforms-field-container --><div class=\"wpforms-field wpforms-field-hp\"><label for=\"wpforms-12-field-hp\" class=\"wpforms-field-label\">Website<\/label><input type=\"text\" name=\"wpforms[hp]\" id=\"wpforms-12-field-hp\" class=\"wpforms-field-medium\"><\/div><div class=\"wpforms-recaptcha-container wpforms-is-turnstile\" ><div class=\"wpforms-turnstile\" data-sitekey=\"0x4AAAAAABvEd4Y7GF-08Ct2\" data-action=\"FormID-12\"><\/div><input type=\"text\" name=\"g-recaptcha-hidden\" class=\"wpforms-recaptcha-hidden\" style=\"position:absolute!important;clip:rect(0,0,0,0)!important;height:1px!important;width:1px!important;border:0!important;overflow:hidden!important;padding:0!important;margin:0!important;\" data-rule-turnstile=\"1\"><\/div><div class=\"wpforms-submit-container\" ><input type=\"hidden\" name=\"wpforms[id]\" value=\"12\"><input type=\"hidden\" name=\"page_title\" value=\"\"><input type=\"hidden\" name=\"page_url\" value=\"https:\/\/balavander.com\/en\/wp-json\/wp\/v2\/pages\/2221\"><input type=\"hidden\" name=\"url_referer\" value=\"\"><button type=\"submit\" name=\"wpforms[submit]\" id=\"wpforms-submit-12\" class=\"wpforms-submit\" data-alt-text=\"\u0160aljem...\" data-submit-text=\"Po\u0161alji\" aria-live=\"assertive\" value=\"wpforms-submit\">Po\u0161alji<\/button><\/div><\/form><\/div>  <!-- .wpforms-container --><\/div><\/div><\/div><\/div><\/div><\/div><\/div><div class=\"wpb_column vc_column_container vc_col-sm-12 vc_col-lg-6 vc_hidden-xs et-dark-column\"><div class=\"vc_column-inner\"><div class=\"wpb_wrapper\"><div class=\"vc_empty_space\"   style=\"height: 100px\"><span class=\"vc_empty_space_inner\"><\/span><\/div><div class=\"wpb_images_carousel wpb_content_element vc_clearfix wpb_content_element\"><div class=\"wpb_wrapper\"><div id=\"vc_images-carousel-1-1775871804\" data-ride=\"vc_carousel\" data-wrap=\"true\" style=\"width: 1024px;\" data-interval=\"3000\" data-auto-height=\"yes\" data-mode=\"horizontal\" data-partial=\"false\" data-per-view=\"1\" data-hide-on-end=\"false\" class=\"vc_slide vc_images_carousel\"><div class=\"vc_carousel-inner\"><div class=\"vc_carousel-slideline\"><div class=\"vc_carousel-slideline-inner\"><div class=\"vc_item\"><div class=\"vc_inner\"><img fetchpriority=\"high\" decoding=\"async\" width=\"1024\" height=\"1024\" src=\"https:\/\/balavander.com\/wp-content\/uploads\/2022\/08\/lavandaautobalavander-1024x1024.jpg\" class=\"attachment-large\" alt=\"polje-lavande\" title=\"lavandaautobalavander\" srcset=\"https:\/\/balavander.com\/wp-content\/uploads\/2022\/08\/lavandaautobalavander-1024x1024.jpg 1024w, https:\/\/balavander.com\/wp-content\/uploads\/2022\/08\/lavandaautobalavander-450x450.jpg 450w, https:\/\/balavander.com\/wp-content\/uploads\/2022\/08\/lavandaautobalavander-100x100.jpg 100w, https:\/\/balavander.com\/wp-content\/uploads\/2022\/08\/lavandaautobalavander-900x900.jpg 900w, https:\/\/balavander.com\/wp-content\/uploads\/2022\/08\/lavandaautobalavander-300x300.jpg 300w, https:\/\/balavander.com\/wp-content\/uploads\/2022\/08\/lavandaautobalavander-150x150.jpg 150w, https:\/\/balavander.com\/wp-content\/uploads\/2022\/08\/lavandaautobalavander-768x768.jpg 768w, https:\/\/balavander.com\/wp-content\/uploads\/2022\/08\/lavandaautobalavander-500x500.jpg 500w, https:\/\/balavander.com\/wp-content\/uploads\/2022\/08\/lavandaautobalavander.jpg 1080w\" sizes=\"(max-width: 1024px) 100vw, 1024px\" \/><\/div><\/div><div class=\"vc_item\"><div class=\"vc_inner\"><img decoding=\"async\" width=\"1024\" height=\"1024\" src=\"https:\/\/balavander.com\/wp-content\/uploads\/2021\/10\/lavanda-1024x1024.jpg\" class=\"attachment-large\" alt=\"\" title=\"lavanda\" srcset=\"https:\/\/balavander.com\/wp-content\/uploads\/2021\/10\/lavanda-1024x1024.jpg 1024w, https:\/\/balavander.com\/wp-content\/uploads\/2021\/10\/lavanda-450x450.jpg 450w, https:\/\/balavander.com\/wp-content\/uploads\/2021\/10\/lavanda-100x100.jpg 100w, https:\/\/balavander.com\/wp-content\/uploads\/2021\/10\/lavanda-900x900.jpg 900w, https:\/\/balavander.com\/wp-content\/uploads\/2021\/10\/lavanda-300x300.jpg 300w, https:\/\/balavander.com\/wp-content\/uploads\/2021\/10\/lavanda-150x150.jpg 150w, https:\/\/balavander.com\/wp-content\/uploads\/2021\/10\/lavanda-768x768.jpg 768w, https:\/\/balavander.com\/wp-content\/uploads\/2021\/10\/lavanda-600x600.jpg 600w, https:\/\/balavander.com\/wp-content\/uploads\/2021\/10\/lavanda.jpg 1080w\" sizes=\"(max-width: 1024px) 100vw, 1024px\"><\/div><\/div><div class=\"vc_item\"><div class=\"vc_inner\"><img decoding=\"async\" width=\"1024\" height=\"1024\" src=\"https:\/\/balavander.com\/wp-content\/uploads\/2024\/05\/lavandinautohidrolatautolavandaautouautotegli-1024x1024.jpg\" class=\"attachment-large\" alt=\"lavanda-u-tegli\" title=\"lavandinautohidrolatautolavandaautouautotegli\" srcset=\"https:\/\/balavander.com\/wp-content\/uploads\/2024\/05\/lavandinautohidrolatautolavandaautouautotegli-1024x1024.jpg 1024w, https:\/\/balavander.com\/wp-content\/uploads\/2024\/05\/lavandinautohidrolatautolavandaautouautotegli-450x450.jpg 450w, https:\/\/balavander.com\/wp-content\/uploads\/2024\/05\/lavandinautohidrolatautolavandaautouautotegli-100x100.jpg 100w, https:\/\/balavander.com\/wp-content\/uploads\/2024\/05\/lavandinautohidrolatautolavandaautouautotegli-900x900.jpg 900w, https:\/\/balavander.com\/wp-content\/uploads\/2024\/05\/lavandinautohidrolatautolavandaautouautotegli-300x300.jpg 300w, https:\/\/balavander.com\/wp-content\/uploads\/2024\/05\/lavandinautohidrolatautolavandaautouautotegli-150x150.jpg 150w, https:\/\/balavander.com\/wp-content\/uploads\/2024\/05\/lavandinautohidrolatautolavandaautouautotegli-768x768.jpg 768w, https:\/\/balavander.com\/wp-content\/uploads\/2024\/05\/lavandinautohidrolatautolavandaautouautotegli-12x12.jpg 12w, https:\/\/balavander.com\/wp-content\/uploads\/2024\/05\/lavandinautohidrolatautolavandaautouautotegli-75x75.jpg 75w, https:\/\/balavander.com\/wp-content\/uploads\/2024\/05\/lavandinautohidrolatautolavandaautouautotegli-500x500.jpg 500w, https:\/\/balavander.com\/wp-content\/uploads\/2024\/05\/lavandinautohidrolatautolavandaautouautotegli.jpg 1080w\" sizes=\"(max-width: 1024px) 100vw, 1024px\" \/><\/div><\/div><\/div><\/div><\/div><\/div><\/div><\/div><div class=\"vc_empty_space\"   style=\"height: 64px\"><span class=\"vc_empty_space_inner\"><\/span><\/div><\/div><\/div><\/div><\/div><\/div>\n<\/div>","protected":false},"excerpt":{"rendered":"Kontaktne informacije Sedi\u0161te firme Kancelarija: Bulevar cara Lazara 108 21000, Novi Sad, Srbija Proizvodnja: \u0110or\u0111a Joanovi\u0107a 59 23273, Novo Milo\u0161evo, Srbija Telefon: +381 65 989 04 01 +381 63 108 33 20 Pi\u0161ite nam Sva pitanja i nedoumice koje imate slobodno nam po\u0161ajite na office@balavander.com &nbsp; &nbsp; Please enable JavaScript [...]","protected":false},"author":1,"featured_media":0,"parent":0,"menu_order":0,"comment_status":"closed","ping_status":"closed","template":"","meta":{"wprm-recipe-roundup-name":"","wprm-recipe-roundup-description":"","footnotes":""},"class_list":["post-2221","page","type-page","status-publish","hentry"],"_links":{"self":[{"href":"https:\/\/balavander.com\/en\/wp-json\/wp\/v2\/pages\/2221","targetHints":{"allow":["GET"]}}],"collection":[{"href":"https:\/\/balavander.com\/en\/wp-json\/wp\/v2\/pages"}],"about":[{"href":"https:\/\/balavander.com\/en\/wp-json\/wp\/v2\/types\/page"}],"author":[{"embeddable":true,"href":"https:\/\/balavander.com\/en\/wp-json\/wp\/v2\/users\/1"}],"replies":[{"embeddable":true,"href":"https:\/\/balavander.com\/en\/wp-json\/wp\/v2\/comments?post=2221"}],"version-history":[{"count":0,"href":"https:\/\/balavander.com\/en\/wp-json\/wp\/v2\/pages\/2221\/revisions"}],"wp:attachment":[{"href":"https:\/\/balavander.com\/en\/wp-json\/wp\/v2\/media?parent=2221"}],"curies":[{"name":"wp","href":"https:\/\/api.w.org\/{rel}","templated":true}]}}