{"id":129,"date":"2019-03-20T04:12:33","date_gmt":"2019-03-20T04:12:33","guid":{"rendered":"https:\/\/goya.everthemes.com\/demo-fashion\/?page_id=129"},"modified":"2026-03-21T21:33:53","modified_gmt":"2026-03-21T20:33:53","slug":"o-nama","status":"publish","type":"page","link":"https:\/\/balavander.com\/en\/o-nama\/","title":{"rendered":"About us"},"content":{"rendered":"<div class=\"wpb-content-wrapper\"><div  class=\"sec_row container-fluid\"><div class=\"vc_row wpb_row vc_row-fluid no-padding video-bg-row vc_custom_1721548726213 vc_row-has-fill vc_row-o-full-height vc_row-o-columns-stretch vc_row-o-equal-height vc_row-o-content-middle vc_row-flex\"><div class=\"wpb_column vc_column_container vc_col-sm-12 et-dark-column\"><div class=\"vc_column-inner\"><div class=\"wpb_wrapper\"><div class=\"vc_row wpb_row vc_inner vc_row-fluid vc_custom_1562734895463 vc_row-has-fill vc_row-o-equal-height vc_row-o-content-middle vc_row-flex\"><div class=\"wpb_column vc_column_container vc_col-sm-6 et-dark-column\"><div class=\"vc_column-inner  vc_custom_1562725835995\"><div class=\"wpb_wrapper\">\n\t<div class=\"wpb_text_column wpb_content_element   vc_custom_1756312115239\" >\n\t\t<div class=\"wpb_wrapper\">\n\t\t\t<h1 style=\"text-align: center;\">Who are we?<\/h1>\n<p style=\"text-align: center;\" class=\"translation-block\"><strong>Balavander is a small family business,<br>\nenthusiasm, satisfaction, idea,<br>\necological awareness and attitude towards life.<\/strong><\/p>\n\n\t\t<\/div>\n\t<\/div>\n<\/div><\/div><\/div><\/div><\/div><\/div><\/div><\/div><\/div><div  class=\"sec_row container-fluid\"><div class=\"vc_row wpb_row vc_row-fluid no-padding vc_custom_1588128835660\"><div class=\"wpb_column vc_column_container vc_col-sm-12 et-dark-column\"><div class=\"vc_column-inner\"><div class=\"wpb_wrapper\"><div class=\"vc_row wpb_row vc_inner vc_row-fluid max_width align-center vc_row-o-content-middle vc_row-flex\"><div class=\"wpb_column vc_column_container animation left-to-right vc_col-sm-12 vc_col-md-7 et-dark-column\"><div class=\"vc_column-inner\"><div class=\"wpb_wrapper\">\n\t<div id=\"et-video-lightbox-69def7809ba6f\" class=\"et-lightbox et-video-lightbox mfp-video lightbox-image icon-pulse icon-color-  medium animation bottom-to-top\" data-mfp-type=\"iframe\" data-mfp-src=\"https:\/\/www.youtube.com\/watch?v=mrj9h8EV2pk\" >\n\t\t\t\t\t\n\t\t\t<img decoding=\"async\" src=\"https:\/\/balavander.com\/wp-content\/uploads\/2022\/08\/lavandaautobalavander.jpg\" alt=\"lavenderautobalavander\" title=\"\">\n\t\t\t\t\n\t\t<div class=\"et-video-icon\">\n\t\t\t<svg xmlns=\"http:\/\/www.w3.org\/2000\/svg\" width=\"24\" height=\"24\" viewbox=\"0 0 24 24\" fill=\"none\" stroke=\"currentColor\" stroke-width=\"2\" stroke-linecap=\"round\" stroke-linejoin=\"round\" class=\"feather feather-play\"><polygon points=\"5 3 19 12 5 21 5 3\"><\/polygon><\/svg>\t\t<\/div>\n\n\t\t\t<\/div>\n\t<\/div><\/div><\/div><div class=\"wpb_column vc_column_container animation right-to-left vc_col-sm-12 vc_col-md-5 et-dark-column\"><div class=\"vc_column-inner  vc_custom_1719942522129\"><div class=\"wpb_wrapper\">\n\t<div class=\"wpb_text_column wpb_content_element\" >\n\t\t<div class=\"wpb_wrapper\">\n\t\t\t<h2>What we do?<\/h2>\n<p>We are running a manufacture and we are making natural products for skincare and aromatherapy based on unique formulas and recipes.<\/p>\n<p>For the reason that we care about nature, we exclusively use natural ingredients in all our recipes, making our products suitable for vegetarians and vegans.<\/p>\n\n\t\t<\/div>\n\t<\/div>\n\n\t<div id=\"et-counter-69def7809bf6e\" class=\"et-counter animation bottom-to-top counter-color-accent icon-color- text-color- counter-left\" >\n\t\t\t\t\t<div class=\"counter-container\">\n\t\t\t\t\t\t\t\t\t<div class=\"h1\" data-count=\"1231\" data-speed=\"2000\">0<\/div>\n\t\t\t\t\t\t\t\t\t\t\t\t\t<h4>customers<\/h4>\n\t\t\t\t\t\t\t<\/div>\n\t\t\t\t\t\t\t<div class=\"description\"><p>Satisfied users so far.<\/p><\/div>\n\t\t\t\t\t\t\t\t\t\t\n\t<\/div>\n\t<\/div><\/div><\/div><\/div><\/div><\/div><\/div><\/div><\/div><div  class=\"sec_row container-fluid\"><div class=\"vc_row wpb_row vc_row-fluid no-padding vc_custom_1588129008197 vc_row-has-fill\"><div class=\"wpb_column vc_column_container vc_col-sm-12 et-dark-column\"><div class=\"vc_column-inner\"><div class=\"wpb_wrapper\"><div class=\"vc_row wpb_row vc_inner vc_row-fluid max_width align-center align-center vc_row-o-equal-height vc_row-flex\"><div class=\"wpb_column vc_column_container animation bottom-to-top vc_col-sm-12 vc_col-lg-5 et-dark-column\"><div class=\"vc_column-inner\"><div class=\"wpb_wrapper\">\n\t<div class=\"wpb_text_column wpb_content_element\" >\n\t\t<div class=\"wpb_wrapper\">\n\t\t\t<h5 class=\"fancy-title\" style=\"text-align: center;\">Est. 2020<\/h5>\n<h2 style=\"text-align: center;\">Our story<\/h2>\n\n\t\t<\/div>\n\t<\/div>\n<\/div><\/div><\/div><\/div><div class=\"vc_row wpb_row vc_inner vc_row-fluid max_width align-center align-center vc_row-o-equal-height vc_row-flex\"><div class=\"wpb_column vc_column_container animation bottom-to-top vc_col-sm-12 vc_col-lg-4 et-dark-column\"><div class=\"vc_column-inner\"><div class=\"wpb_wrapper\">\n\t<div class=\"wpb_text_column wpb_content_element\" >\n\t\t<div class=\"wpb_wrapper\">\n\t\t\t<h3 class=\"elementor-heading-title elementor-size-default\"><b>How we do it?<\/b><\/h3>\n<p>&nbsp;<\/p>\n<p>With using only natural and certified ingredients we have managed to get a premium quality products at really economical price.<\/p>\n<p>Our products will make you feel better and healthier and they will make you more enjoying world around you.<\/p>\n\n\t\t<\/div>\n\t<\/div>\n<\/div><\/div><\/div><div class=\"wpb_column vc_column_container animation bottom-to-top vc_col-sm-12 vc_col-lg-4 et-dark-column\"><div class=\"vc_column-inner\"><div class=\"wpb_wrapper\">\n\t<div class=\"wpb_text_column wpb_content_element\" >\n\t\t<div class=\"wpb_wrapper\">\n\t\t\t<div class=\"elementor-element elementor-element-bba5826 elementor-widget elementor-widget-heading\" data-id=\"bba5826\" data-element_type=\"widget\" data-settings=\"{&quot;_animation&quot;:&quot;none&quot;}\" data-widget_type=\"heading.default\">\n<div class=\"elementor-widget-container\">\n<h3 class=\"elementor-heading-title elementor-size-default\"><b>Why we do it?<\/b><\/h3>\n<\/div>\n<\/div>\n<div class=\"elementor-element elementor-element-9510239 elementor-widget elementor-widget-text-editor\" data-id=\"9510239\" data-element_type=\"widget\" data-settings=\"{&quot;_animation&quot;:&quot;none&quot;}\" data-widget_type=\"text-editor.default\">\n<div class=\"elementor-widget-container\">\n<p>&nbsp;<\/p>\n<p>Our mission is to bring healthy natural products to regular people and showing them that using natural products is much better then using conventional cosmetics. This way we also support small businesses and healthy environment around us.<br \/>\nWe have everything that we need in the nature, we just need to look a bit harder around us.<\/p>\n<p>We as small family business take traditional values and improve them with modern approach in order to get satisfied customers every time.<\/p>\n<\/div>\n<p>&nbsp;<\/p>\n<\/div>\n\n\t\t<\/div>\n\t<\/div>\n<\/div><\/div><\/div><\/div><\/div><\/div><\/div><\/div><\/div><div  class=\"sec_row container-fluid\"><div class=\"vc_row wpb_row vc_row-fluid no-padding vc_custom_1588128887000\"><div class=\"wpb_column vc_column_container vc_col-sm-12 et-dark-column\"><div class=\"vc_column-inner\"><div class=\"wpb_wrapper\"><div class=\"vc_row wpb_row vc_inner vc_row-fluid max_width align-center vc_row-o-content-middle vc_row-flex\"><div class=\"small-order-2 medium-order-1 wpb_column vc_column_container animation left-to-right vc_col-sm-12 vc_col-md-5 et-dark-column\"><div class=\"vc_column-inner  vc_custom_1578532746105\"><div class=\"wpb_wrapper\">\n\t<div class=\"wpb_text_column wpb_content_element\" >\n\t\t<div class=\"wpb_wrapper\">\n\t\t\t<h5 class=\"fancy-title\">Our future<\/h5>\n<h2>We are still progressing<\/h2>\n<p>We strive to progress in every segment of our business and production, without compromising on quality.<\/p>\n<p>We stand for organic production and maximum possible quality.<\/p>\n\n\t\t<\/div>\n\t<\/div>\n\n\t<div id=\"et-counter-69def7809cadc\" class=\"et-counter animation bottom-to-top counter-color-dark icon-color- text-color- counter-left\" >\n\t\t\t\t\t<div class=\"counter-container\">\n\t\t\t\t\t\t\t\t\t<div class=\"h1\" data-count=\"25\" data-speed=\"2000\">0<\/div>\n\t\t\t\t\t\t\t\t\t\t\t\t\t<h4>Certificates<\/h4>\n\t\t\t\t\t\t\t<\/div>\n\t\t\t\t\t\t\t<div class=\"description\"><p>Quality and safety certificate number<\/p><\/div>\n\t\t\t\t\t\t\t\t\t\t\n\t<\/div>\n\t<\/div><\/div><\/div><div class=\"small-order-1 medium-order-2 wpb_column vc_column_container vc_col-sm-12 vc_col-md-7 et-dark-column\"><div class=\"vc_column-inner\"><div class=\"wpb_wrapper\">\t<div class=\"et-image-368 et-image     et_image_link\">\n\t\t<div class=\"et-image-inner animation right-to-left\">\n\t\t\t\t\t\t\t<div class=\"et-image-thumb\">\n\t\t\t\t\t<img fetchpriority=\"high\" decoding=\"async\" width=\"1024\" height=\"1024\" src=\"https:\/\/balavander.com\/wp-content\/uploads\/2024\/06\/originautoetericnoautolavandinoautoulje-1024x1024.jpg\" class=\"attachment-large\" alt=\"lavender-essential-oil\" title=\"originautoetericnoautolavandinoautoulje\" srcset=\"https:\/\/balavander.com\/wp-content\/uploads\/2024\/06\/originautoetericnoautolavandinoautoulje-1024x1024.jpg 1024w, https:\/\/balavander.com\/wp-content\/uploads\/2024\/06\/originautoetericnoautolavandinoautoulje-450x450.jpg 450w, https:\/\/balavander.com\/wp-content\/uploads\/2024\/06\/originautoetericnoautolavandinoautoulje-100x100.jpg 100w, https:\/\/balavander.com\/wp-content\/uploads\/2024\/06\/originautoetericnoautolavandinoautoulje-900x900.jpg 900w, https:\/\/balavander.com\/wp-content\/uploads\/2024\/06\/originautoetericnoautolavandinoautoulje-300x300.jpg 300w, https:\/\/balavander.com\/wp-content\/uploads\/2024\/06\/originautoetericnoautolavandinoautoulje-150x150.jpg 150w, https:\/\/balavander.com\/wp-content\/uploads\/2024\/06\/originautoetericnoautolavandinoautoulje-768x768.jpg 768w, https:\/\/balavander.com\/wp-content\/uploads\/2024\/06\/originautoetericnoautolavandinoautoulje-12x12.jpg 12w, https:\/\/balavander.com\/wp-content\/uploads\/2024\/06\/originautoetericnoautolavandinoautoulje-75x75.jpg 75w, https:\/\/balavander.com\/wp-content\/uploads\/2024\/06\/originautoetericnoautolavandinoautoulje-500x500.jpg 500w, https:\/\/balavander.com\/wp-content\/uploads\/2024\/06\/originautoetericnoautolavandinoautoulje.jpg 1080w\" sizes=\"(max-width: 1024px) 100vw, 1024px\" \/>\t\t\t\t<\/div>\n\t\t\t\t\t\t\t\t\t\t\t<\/div>\n\t<\/div>\n  <\/div><\/div><\/div><\/div><\/div><\/div><\/div><\/div><\/div><div  class=\"sec_row container-fluid\"><div class=\"vc_row wpb_row vc_row-fluid vc_custom_1579114943204 vc_row-has-fill\"><div class=\"wpb_column vc_column_container vc_col-sm-12 et-dark-column\"><div class=\"vc_column-inner\"><div class=\"wpb_wrapper\"><div class=\"vc_row wpb_row vc_inner vc_row-fluid max_width align-center vc_custom_1578532916555\"><div class=\"wpb_column vc_column_container animation bottom-to-top vc_col-sm-12 vc_col-lg-6 et-dark-column\"><div class=\"vc_column-inner\"><div class=\"wpb_wrapper\">\n\t<div class=\"wpb_text_column wpb_content_element\" >\n\t\t<div class=\"wpb_wrapper\">\n\t\t\t<h5 class=\"fancy-title\" style=\"text-align: center;\">Properties of our products<\/h5>\n\n\t\t<\/div>\n\t<\/div>\n\n\t<div class=\"wpb_text_column wpb_content_element animation fade-in\" >\n\t\t<div class=\"wpb_wrapper\">\n\t\t\t<h2 style=\"text-align: center;\"><strong>Handmade from exclusively natural ingredients.<\/strong><\/h2>\n\n\t\t<\/div>\n\t<\/div>\n\n\t<div class=\"wpb_text_column wpb_content_element\" >\n\t\t<div class=\"wpb_wrapper\">\n\t\t\t<h2 style=\"text-align: center;\"><strong>Premium quality in ecological packaging.<\/strong><\/h2>\n\n\t\t<\/div>\n\t<\/div>\n<div class=\"vc_separator wpb_content_element vc_separator_align_center vc_sep_width_100 vc_sep_pos_align_center vc_separator_no_text vc_sep_color_grey wpb_content_element  wpb_content_element\" ><span class=\"vc_sep_holder vc_sep_holder_l\"><span class=\"vc_sep_line\"><\/span><\/span><span class=\"vc_sep_holder vc_sep_holder_r\"><span class=\"vc_sep_line\"><\/span><\/span>\n<\/div><\/div><\/div><\/div><\/div><div class=\"vc_row wpb_row vc_inner vc_row-fluid max_width align-center\"><div class=\"wpb_column vc_column_container animation bottom-to-top vc_col-sm-12 vc_col-lg-8 et-dark-column\"><div class=\"vc_column-inner\"><div class=\"wpb_wrapper\">\t<div id=\"et-icon-holder-921\" class=\"et-icon-holder row center-true lg-block-grid-3 md-block-grid-2 block-grid-1\">\n\t\t\r\n\t<div id=\"et-iconbox-639\" class=\"et-iconbox layout-centered icon-style-simple bottom-spacing-none icon-color- text-color-\"> \r\n\t\t<div class=\"et-icon-inner\">\r\n\t\t\t\t\t\t<figure class=\"et-feature-icon\">\r\n\t\t\t\t\t\t\t\t<span class=\"fas fa-percent\"><\/span>\r\n\t\t\t\t\t\t\t<\/figure>\r\n\t\t\t\t\t\t<div class=\"et-feature-content\"> \r\n\t\t\t\t\t\t\t\t\t\t\t\t\t\t\t\t\t<h4 class=\"title\">Sales<\/h4>\r\n\t\t\t\t\t\t\t\t\t\t\t\t<div class=\"wpb_text_column\"><p>We always try to make great sales and campaigns for you<\/p>\n<\/div>\r\n\t\t\t<\/div>\r\n\t\t<\/div>\r\n\t<\/div>\r\n\r\n\t\r\n\t<div id=\"et-iconbox-450\" class=\"et-iconbox layout-centered icon-style-simple bottom-spacing-none icon-color- text-color-\"> \r\n\t\t<div class=\"et-icon-inner\">\r\n\t\t\t\t\t\t<figure class=\"et-feature-icon\">\r\n\t\t\t\t\t\t\t\t<span class=\"fas fa-truck\"><\/span>\r\n\t\t\t\t\t\t\t<\/figure>\r\n\t\t\t\t\t\t<div class=\"et-feature-content\"> \r\n\t\t\t\t\t\t\t\t\t\t\t\t\t\t\t\t\t<h4 class=\"title\">Free delivery<\/h4>\r\n\t\t\t\t\t\t\t\t\t\t\t\t<div class=\"wpb_text_column\"><p>We always provide great deals which includes and free delivery to your location<\/p>\n<\/div>\r\n\t\t\t<\/div>\r\n\t\t<\/div>\r\n\t<\/div>\r\n\r\n\t\r\n\t<div id=\"et-iconbox-609\" class=\"et-iconbox layout-centered icon-style-simple bottom-spacing-none icon-color- text-color-\"> \r\n\t\t<div class=\"et-icon-inner\">\r\n\t\t\t\t\t\t<figure class=\"et-feature-icon\">\r\n\t\t\t\t\t\t\t\t<span class=\"far fa-credit-card\"><\/span>\r\n\t\t\t\t\t\t\t<\/figure>\r\n\t\t\t\t\t\t<div class=\"et-feature-content\"> \r\n\t\t\t\t\t\t\t\t\t\t\t\t\t\t\t\t\t<h4 class=\"title\">Money refund<\/h4>\r\n\t\t\t\t\t\t\t\t\t\t\t\t<div class=\"wpb_text_column\"><p>If you are not happy with our products, we will refund your money<\/p>\n<\/div>\r\n\t\t\t<\/div>\r\n\t\t<\/div>\r\n\t<\/div>\r\n\r\n\t\t<\/div>\n\t<\/div><\/div><\/div><\/div><\/div><\/div><\/div><\/div><\/div><div  class=\"sec_row container\"><div class=\"vc_row wpb_row vc_row-fluid\"><div class=\"wpb_column vc_column_container vc_col-sm-12 vc_hidden-md vc_hidden-sm vc_hidden-xs et-dark-column\"><div class=\"vc_column-inner\"><div class=\"wpb_wrapper\">\t<div id=\"et-image-slider-289\" class=\"et-image-slider slick slick-slider slick-dotted slick-dots-centered centered  overflow-visible\" data-adaptive-height=\"false\" variable-width=\"true\" data-pagination=\"true\" data-navigation=\"\" data-center=\"true\" data-fade=\"\" data-columns=\"3\" data-mobile-columns=\"1\" data-infinite=\"true\" data-autoplay=\"true\" data-autoplay-speed=\"2000\" data-pause=\"\">\n\t\t\n\t\t\t\t\t<div class=\"gallery-item\">\n\t\t\t\t\t\t\t\t\t\t\t\t\t<div class=\"et-image-inner\">\n\t\t\t\t\t\t\t\t<div class=\"et_image_slider-wrapper\"><img decoding=\"async\" width=\"300\" height=\"300\" src=\"https:\/\/balavander.com\/wp-content\/uploads\/2022\/01\/greenautoprirodniautosapunautofront.jpg-300x300.png\" class=\"et_image_slider-img attachment-medium\" alt=\"prirodni-sapuni-menta\" title=\"greenautoprirodniautosapunautofront.jpg\" srcset=\"https:\/\/balavander.com\/wp-content\/uploads\/2022\/01\/greenautoprirodniautosapunautofront.jpg-300x300.png 300w, https:\/\/balavander.com\/wp-content\/uploads\/2022\/01\/greenautoprirodniautosapunautofront.jpg-450x450.png 450w, https:\/\/balavander.com\/wp-content\/uploads\/2022\/01\/greenautoprirodniautosapunautofront.jpg-100x100.png 100w, https:\/\/balavander.com\/wp-content\/uploads\/2022\/01\/greenautoprirodniautosapunautofront.jpg-900x900.png 900w, https:\/\/balavander.com\/wp-content\/uploads\/2022\/01\/greenautoprirodniautosapunautofront.jpg-1024x1024.png 1024w, https:\/\/balavander.com\/wp-content\/uploads\/2022\/01\/greenautoprirodniautosapunautofront.jpg-150x150.png 150w, https:\/\/balavander.com\/wp-content\/uploads\/2022\/01\/greenautoprirodniautosapunautofront.jpg-768x768.png 768w, https:\/\/balavander.com\/wp-content\/uploads\/2022\/01\/greenautoprirodniautosapunautofront.jpg-12x12.png 12w, https:\/\/balavander.com\/wp-content\/uploads\/2022\/01\/greenautoprirodniautosapunautofront.jpg-500x500.png 500w, https:\/\/balavander.com\/wp-content\/uploads\/2022\/01\/greenautoprirodniautosapunautofront.jpg.png 1080w\" sizes=\"(max-width: 300px) 100vw, 300px\" \/><\/div>\t\t\t\t\t\t\t\t\t\t\t\t\t\t\t\t\t\t\t\t\t\t\t<\/div>\n\t\t\t\t\t\t\t\t\t\t\t<\/div>\n\t\t\t\t\n\t\t\t\t\n\t\t\t\t\t<div class=\"gallery-item\">\n\t\t\t\t\t\t\t\t\t\t\t\t\t<div class=\"et-image-inner\">\n\t\t\t\t\t\t\t\t<div class=\"et_image_slider-wrapper\"><img decoding=\"async\" width=\"300\" height=\"300\" src=\"https:\/\/balavander.com\/wp-content\/uploads\/2023\/04\/redautoprirodniautopilingautosapun-300x300.jpg\" class=\"et_image_slider-img attachment-medium\" alt=\"\" title=\"redautoprirodniautopilingautosapun\" srcset=\"https:\/\/balavander.com\/wp-content\/uploads\/2023\/04\/redautoprirodniautopilingautosapun-300x300.jpg 300w, https:\/\/balavander.com\/wp-content\/uploads\/2023\/04\/redautoprirodniautopilingautosapun-450x450.jpg 450w, https:\/\/balavander.com\/wp-content\/uploads\/2023\/04\/redautoprirodniautopilingautosapun-100x100.jpg 100w, https:\/\/balavander.com\/wp-content\/uploads\/2023\/04\/redautoprirodniautopilingautosapun-900x900.jpg 900w, https:\/\/balavander.com\/wp-content\/uploads\/2023\/04\/redautoprirodniautopilingautosapun-1024x1024.jpg 1024w, https:\/\/balavander.com\/wp-content\/uploads\/2023\/04\/redautoprirodniautopilingautosapun-150x150.jpg 150w, https:\/\/balavander.com\/wp-content\/uploads\/2023\/04\/redautoprirodniautopilingautosapun-768x768.jpg 768w, https:\/\/balavander.com\/wp-content\/uploads\/2023\/04\/redautoprirodniautopilingautosapun-12x12.jpg 12w, https:\/\/balavander.com\/wp-content\/uploads\/2023\/04\/redautoprirodniautopilingautosapun-500x500.jpg 500w, https:\/\/balavander.com\/wp-content\/uploads\/2023\/04\/redautoprirodniautopilingautosapun.jpg 1080w\" sizes=\"(max-width: 300px) 100vw, 300px\"><\/div>\t\t\t\t\t\t\t\t\t\t\t\t\t\t\t\t\t\t\t\t\t\t\t<\/div>\n\t\t\t\t\t\t\t\t\t\t\t<\/div>\n\t\t\t\t\n\t\t\t\t\n\t\t\t\t\t<div class=\"gallery-item\">\n\t\t\t\t\t\t\t\t\t\t\t\t\t<div class=\"et-image-inner\">\n\t\t\t\t\t\t\t\t<div class=\"et_image_slider-wrapper\"><img loading=\"lazy\" decoding=\"async\" width=\"300\" height=\"300\" src=\"https:\/\/balavander.com\/wp-content\/uploads\/2021\/08\/tahiti_front-300x300.jpg\" class=\"et_image_slider-img attachment-medium\" alt=\"natural soap from Tahitian\" title=\"tahiti_front\" srcset=\"https:\/\/balavander.com\/wp-content\/uploads\/2021\/08\/tahiti_front-300x300.jpg 300w, https:\/\/balavander.com\/wp-content\/uploads\/2021\/08\/tahiti_front-450x450.jpg 450w, https:\/\/balavander.com\/wp-content\/uploads\/2021\/08\/tahiti_front-100x100.jpg 100w, https:\/\/balavander.com\/wp-content\/uploads\/2021\/08\/tahiti_front-900x900.jpg 900w, https:\/\/balavander.com\/wp-content\/uploads\/2021\/08\/tahiti_front-1024x1024.jpg 1024w, https:\/\/balavander.com\/wp-content\/uploads\/2021\/08\/tahiti_front-150x150.jpg 150w, https:\/\/balavander.com\/wp-content\/uploads\/2021\/08\/tahiti_front-768x768.jpg 768w, https:\/\/balavander.com\/wp-content\/uploads\/2021\/08\/tahiti_front-600x600.jpg 600w, https:\/\/balavander.com\/wp-content\/uploads\/2021\/08\/tahiti_front-12x12.jpg 12w, https:\/\/balavander.com\/wp-content\/uploads\/2021\/08\/tahiti_front.jpg 1200w\" sizes=\"(max-width: 300px) 100vw, 300px\" \/><\/div>\t\t\t\t\t\t\t\t\t\t\t\t\t\t\t\t\t\t\t\t\t\t\t<\/div>\n\t\t\t\t\t\t\t\t\t\t\t<\/div>\n\t\t\t\t\n\t\t\t\t\n\t\t\t\t\t<div class=\"gallery-item\">\n\t\t\t\t\t\t\t\t\t\t\t\t\t<div class=\"et-image-inner\">\n\t\t\t\t\t\t\t\t<div class=\"et_image_slider-wrapper\"><img loading=\"lazy\" decoding=\"async\" width=\"300\" height=\"300\" src=\"https:\/\/balavander.com\/wp-content\/uploads\/2021\/09\/violet_front_2-300x300.jpg\" class=\"et_image_slider-img attachment-medium\" alt=\"natural soap violet\" title=\"violet_front_2\" srcset=\"https:\/\/balavander.com\/wp-content\/uploads\/2021\/09\/violet_front_2-300x300.jpg 300w, https:\/\/balavander.com\/wp-content\/uploads\/2021\/09\/violet_front_2-450x450.jpg 450w, https:\/\/balavander.com\/wp-content\/uploads\/2021\/09\/violet_front_2-100x100.jpg 100w, https:\/\/balavander.com\/wp-content\/uploads\/2021\/09\/violet_front_2-900x899.jpg 900w, https:\/\/balavander.com\/wp-content\/uploads\/2021\/09\/violet_front_2-1024x1024.jpg 1024w, https:\/\/balavander.com\/wp-content\/uploads\/2021\/09\/violet_front_2-150x150.jpg 150w, https:\/\/balavander.com\/wp-content\/uploads\/2021\/09\/violet_front_2-768x767.jpg 768w, https:\/\/balavander.com\/wp-content\/uploads\/2021\/09\/violet_front_2-600x600.jpg 600w, https:\/\/balavander.com\/wp-content\/uploads\/2021\/09\/violet_front_2.jpg 1200w\" sizes=\"(max-width: 300px) 100vw, 300px\" \/><\/div>\t\t\t\t\t\t\t\t\t\t\t\t\t\t\t\t\t\t\t\t\t\t\t<\/div>\n\t\t\t\t\t\t\t\t\t\t\t<\/div>\n\t\t\t\t\n\t\t\t\t\n\t\t\t\t\t<div class=\"gallery-item\">\n\t\t\t\t\t\t\t\t\t\t\t\t\t<div class=\"et-image-inner\">\n\t\t\t\t\t\t\t\t<div class=\"et_image_slider-wrapper\"><img loading=\"lazy\" decoding=\"async\" width=\"300\" height=\"300\" src=\"https:\/\/balavander.com\/wp-content\/uploads\/2021\/03\/vera_front-1-300x300.jpg\" class=\"et_image_slider-img attachment-medium\" alt=\"\" title=\"vera_front-1\" srcset=\"https:\/\/balavander.com\/wp-content\/uploads\/2021\/03\/vera_front-1-300x300.jpg 300w, https:\/\/balavander.com\/wp-content\/uploads\/2021\/03\/vera_front-1-450x450.jpg 450w, https:\/\/balavander.com\/wp-content\/uploads\/2021\/03\/vera_front-1-100x100.jpg 100w, https:\/\/balavander.com\/wp-content\/uploads\/2021\/03\/vera_front-1-900x899.jpg 900w, https:\/\/balavander.com\/wp-content\/uploads\/2021\/03\/vera_front-1-1024x1022.jpg 1024w, https:\/\/balavander.com\/wp-content\/uploads\/2021\/03\/vera_front-1-150x150.jpg 150w, https:\/\/balavander.com\/wp-content\/uploads\/2021\/03\/vera_front-1-768x767.jpg 768w, https:\/\/balavander.com\/wp-content\/uploads\/2021\/03\/vera_front-1-600x599.jpg 600w, https:\/\/balavander.com\/wp-content\/uploads\/2021\/03\/vera_front-1-12x12.jpg 12w, https:\/\/balavander.com\/wp-content\/uploads\/2021\/03\/vera_front-1.jpg 1200w\" sizes=\"(max-width: 300px) 100vw, 300px\"><\/div>\t\t\t\t\t\t\t\t\t\t\t\t\t\t\t\t\t\t\t\t\t\t\t<\/div>\n\t\t\t\t\t\t\t\t\t\t\t<\/div>\n\t\t\t\t\n\t\t\t\t\n\t\t\t\t\t<div class=\"gallery-item\">\n\t\t\t\t\t\t\t\t\t\t\t\t\t<div class=\"et-image-inner\">\n\t\t\t\t\t\t\t\t<div class=\"et_image_slider-wrapper\"><img loading=\"lazy\" decoding=\"async\" width=\"300\" height=\"300\" src=\"https:\/\/balavander.com\/wp-content\/uploads\/2022\/09\/pumpkinautofront-300x300.jpg\" class=\"et_image_slider-img attachment-medium\" alt=\"\" title=\"pumpkinautofront\" srcset=\"https:\/\/balavander.com\/wp-content\/uploads\/2022\/09\/pumpkinautofront-300x300.jpg 300w, https:\/\/balavander.com\/wp-content\/uploads\/2022\/09\/pumpkinautofront-450x450.jpg 450w, https:\/\/balavander.com\/wp-content\/uploads\/2022\/09\/pumpkinautofront-100x100.jpg 100w, https:\/\/balavander.com\/wp-content\/uploads\/2022\/09\/pumpkinautofront-900x900.jpg 900w, https:\/\/balavander.com\/wp-content\/uploads\/2022\/09\/pumpkinautofront-1024x1024.jpg 1024w, https:\/\/balavander.com\/wp-content\/uploads\/2022\/09\/pumpkinautofront-150x150.jpg 150w, https:\/\/balavander.com\/wp-content\/uploads\/2022\/09\/pumpkinautofront-768x768.jpg 768w, https:\/\/balavander.com\/wp-content\/uploads\/2022\/09\/pumpkinautofront-500x500.jpg 500w, https:\/\/balavander.com\/wp-content\/uploads\/2022\/09\/pumpkinautofront.jpg 1200w\" sizes=\"(max-width: 300px) 100vw, 300px\"><\/div>\t\t\t\t\t\t\t\t\t\t\t\t\t\t\t\t\t\t\t\t\t\t\t<\/div>\n\t\t\t\t\t\t\t\t\t\t\t<\/div>\n\t\t\t\t\n\t\t\t\t\n\t\t\t\t\t<div class=\"gallery-item\">\n\t\t\t\t\t\t\t\t\t\t\t\t\t<div class=\"et-image-inner\">\n\t\t\t\t\t\t\t\t<div class=\"et_image_slider-wrapper\"><img loading=\"lazy\" decoding=\"async\" width=\"300\" height=\"300\" src=\"https:\/\/balavander.com\/wp-content\/uploads\/2021\/04\/akacija_front2-300x300.jpg\" class=\"et_image_slider-img attachment-medium\" alt=\"\" title=\"akacija_front2\" srcset=\"https:\/\/balavander.com\/wp-content\/uploads\/2021\/04\/akacija_front2-300x300.jpg 300w, https:\/\/balavander.com\/wp-content\/uploads\/2021\/04\/akacija_front2-450x450.jpg 450w, https:\/\/balavander.com\/wp-content\/uploads\/2021\/04\/akacija_front2-100x100.jpg 100w, https:\/\/balavander.com\/wp-content\/uploads\/2021\/04\/akacija_front2-900x900.jpg 900w, https:\/\/balavander.com\/wp-content\/uploads\/2021\/04\/akacija_front2-1024x1024.jpg 1024w, https:\/\/balavander.com\/wp-content\/uploads\/2021\/04\/akacija_front2-150x150.jpg 150w, https:\/\/balavander.com\/wp-content\/uploads\/2021\/04\/akacija_front2-768x768.jpg 768w, https:\/\/balavander.com\/wp-content\/uploads\/2021\/04\/akacija_front2-600x600.jpg 600w, https:\/\/balavander.com\/wp-content\/uploads\/2021\/04\/akacija_front2-12x12.jpg 12w, https:\/\/balavander.com\/wp-content\/uploads\/2021\/04\/akacija_front2.jpg 1200w\" sizes=\"(max-width: 300px) 100vw, 300px\"><\/div>\t\t\t\t\t\t\t\t\t\t\t\t\t\t\t\t\t\t\t\t\t\t\t<\/div>\n\t\t\t\t\t\t\t\t\t\t\t<\/div>\n\t\t\t\t\n\t\t\t\t\t<\/div>\n\t<\/div><\/div><\/div><\/div><\/div>\n<\/div>","protected":false},"excerpt":{"rendered":"Ko smo mi? Balavander je mala porodi\u010dna firma, entuzijazam, zadovoljsvo, ideja, ekolo\u0161ka osve\u0161\u0107enost i stav prema \u017eivotu. \u0160ta radimo? Bavimo se proizvodnjom i originalnom formulacijom proizvoda prirodne kozmetike i proizvoda namenjenim aromaterapiji. Iz razloga \u0161to brinemo o prirodi, koristimo isklju\u010divo prirodne sastojke u svim na\u0161im recepturama, \u0161to \u010dini na\u0161e proizvode [...]","protected":false},"author":1,"featured_media":0,"parent":0,"menu_order":0,"comment_status":"closed","ping_status":"closed","template":"","meta":{"wprm-recipe-roundup-name":"","wprm-recipe-roundup-description":"","footnotes":""},"class_list":["post-129","page","type-page","status-publish","hentry"],"_links":{"self":[{"href":"https:\/\/balavander.com\/en\/wp-json\/wp\/v2\/pages\/129","targetHints":{"allow":["GET"]}}],"collection":[{"href":"https:\/\/balavander.com\/en\/wp-json\/wp\/v2\/pages"}],"about":[{"href":"https:\/\/balavander.com\/en\/wp-json\/wp\/v2\/types\/page"}],"author":[{"embeddable":true,"href":"https:\/\/balavander.com\/en\/wp-json\/wp\/v2\/users\/1"}],"replies":[{"embeddable":true,"href":"https:\/\/balavander.com\/en\/wp-json\/wp\/v2\/comments?post=129"}],"version-history":[{"count":1,"href":"https:\/\/balavander.com\/en\/wp-json\/wp\/v2\/pages\/129\/revisions"}],"predecessor-version":[{"id":18420,"href":"https:\/\/balavander.com\/en\/wp-json\/wp\/v2\/pages\/129\/revisions\/18420"}],"wp:attachment":[{"href":"https:\/\/balavander.com\/en\/wp-json\/wp\/v2\/media?parent=129"}],"curies":[{"name":"wp","href":"https:\/\/api.w.org\/{rel}","templated":true}]}}