{"id":8850,"date":"2023-03-17T17:45:05","date_gmt":"2023-03-17T16:45:05","guid":{"rendered":"https:\/\/balavander.com\/?post_type=product&#038;p=8850"},"modified":"2026-04-20T03:14:09","modified_gmt":"2026-04-20T01:14:09","slug":"mini-eco-glow-akacija-mirisna-sveca","status":"publish","type":"product","link":"https:\/\/balavander.com\/de\/prodavnica\/mini-eco-glow-akacija-mirisna-sveca\/","title":{"rendered":"Mini Eco Glow - Akazie - Duftkerze"},"content":{"rendered":"<div class=\"_xlr\">\n<p><strong>Mini Eco Glow Akazie <\/strong>ist eine einzigartige Duftkerze, verziert mit einer getrockneten Blume und Granulaten aus Himalaya-Salz, hergestellt aus 100% nat\u00fcrlichem Sojawachs. Den Duft dieser Kerze w\u00fcrden wir beschreiben als <strong>zavodljivi miris belog bagrema<\/strong>.<\/p>\n<\/div>\n<p>Sojakerzen sind viel sicherer und deutlich ges\u00fcnder als herk\u00f6mmliche Kerzen aus Paraffinwachs.<br \/>\nSie werden aus Wachs pflanzlichen Ursprungs hergestellt, das keine krebserregenden Partikel enth\u00e4lt und beim Brennen keinen Rauch abgibt.<br \/>\nSie sind sicher in R\u00e4umen zu verwenden, in denen sich Schwangere und Kinder aufhalten.<\/p>\n<p class=\"translation-block\">Sojawachs ist biologisch abbaubar und wirkt sich nicht negativ auf die Umwelt aus.\nDa Sojakerzen ausschlie\u00dflich aus pflanzlichen Inhaltsstoffen hergestellt werden, sind sie f\u00fcr Veganer geeignet.\nDie Brenndauer ist ebenfalls deutlich l\u00e4nger als bei herk\u00f6mmlichen Kerzen.\nNach dem Gebrauch k\u00f6nnen Sie das Gef\u00e4\u00df anderweitig verwenden, da sich Wachsreste leicht entfernen lassen.<\/p>\n<p>HINWEIS: Jedes St\u00fcck ist ein Unikat. Wenn Sie besondere W\u00fcnsche zu Farben oder Design haben, f\u00fcgen Sie Ihrer Bestellung bitte eine Notiz hinzu.<\/p>\n<p><strong>Nettogewicht<\/strong>: 90 g<br \/>\n<strong>Brenndauer: <\/strong>30+ Stunden<\/p>","protected":false},"excerpt":{"rendered":"<p><strong>Mini Eco Glow Akazie<\/strong> ist eine einzigartige Duftkerze, verziert mit getrockneten Blumen und Himalaya-Salz. Hergestellt aus 100% nat\u00fcrlichem Sojawachs, verstr\u00f6mt sie den verf\u00fchrerischen Duft von wei\u00dfer Akazie.<\/p>\n<p>Sojawachskerzen sind sicher und gesund, ohne krebserregende Partikel und Rauch beim Abbrennen, wodurch sie f\u00fcr Schwangere und Kinder geeignet sind. Die biologische Abbaubarkeit von Sojawachs macht sie umweltfreundlich und ideal f\u00fcr Veganer.<\/p>\n<p>Mit einer l\u00e4ngeren Brenndauer als gew\u00f6hnliche Kerzen wird die Verpackung nach dem Gebrauch wiederverwendbar. Einzigartige St\u00fccke \u2013 bitte f\u00fcgen Sie eine Notiz f\u00fcr besondere W\u00fcnsche hinzu.<\/p>\n<p>Genie\u00dfen Sie \u00fcber 20 Stunden Duft und Licht mit Mini Eco Glow Akazie, die Ihren Raum mit ihrer Einzigartigkeit bereichern wird.<\/p>","protected":false},"featured_media":8854,"comment_status":"open","ping_status":"closed","template":"","meta":{"wprm-recipe-roundup-name":"","wprm-recipe-roundup-description":""},"product_brand":[],"product_cat":[28,26,95],"product_tag":[148],"class_list":{"0":"post-8850","1":"product","2":"type-product","3":"status-publish","4":"has-post-thumbnail","6":"product_cat-mirisne-svece-od-sojinog-voska","7":"product_cat-aromaterapija","8":"product_cat-veganska-kozmetika","9":"product_tag-mirisne-svece","11":"first","12":"instock","13":"taxable","14":"shipping-taxable","15":"purchasable","16":"product-type-simple"},"_links":{"self":[{"href":"https:\/\/balavander.com\/de\/wp-json\/wp\/v2\/product\/8850","targetHints":{"allow":["GET"]}}],"collection":[{"href":"https:\/\/balavander.com\/de\/wp-json\/wp\/v2\/product"}],"about":[{"href":"https:\/\/balavander.com\/de\/wp-json\/wp\/v2\/types\/product"}],"replies":[{"embeddable":true,"href":"https:\/\/balavander.com\/de\/wp-json\/wp\/v2\/comments?post=8850"}],"wp:featuredmedia":[{"embeddable":true,"href":"https:\/\/balavander.com\/de\/wp-json\/wp\/v2\/media\/8854"}],"wp:attachment":[{"href":"https:\/\/balavander.com\/de\/wp-json\/wp\/v2\/media?parent=8850"}],"wp:term":[{"taxonomy":"product_brand","embeddable":true,"href":"https:\/\/balavander.com\/de\/wp-json\/wp\/v2\/product_brand?post=8850"},{"taxonomy":"product_cat","embeddable":true,"href":"https:\/\/balavander.com\/de\/wp-json\/wp\/v2\/product_cat?post=8850"},{"taxonomy":"product_tag","embeddable":true,"href":"https:\/\/balavander.com\/de\/wp-json\/wp\/v2\/product_tag?post=8850"}],"curies":[{"name":"wp","href":"https:\/\/api.w.org\/{rel}","templated":true}]}}