{"id":881,"date":"2021-01-07T21:13:53","date_gmt":"2021-01-07T20:13:53","guid":{"rendered":"https:\/\/balavander.com\/?post_type=product&#038;p=881"},"modified":"2026-05-13T01:38:54","modified_gmt":"2026-05-12T23:38:54","slug":"violet-prirodni-sapun-od-lavande","status":"publish","type":"product","link":"https:\/\/balavander.com\/de\/prodavnica\/violet-prirodni-sapun-od-lavande\/","title":{"rendered":"Violet - Lavendelseife"},"content":{"rendered":"<div class=\"_xlr\">\n<p><strong>Violet \u2013 Prirodni Sapun od Lavande za Sve Tipove Ko\u017ee<\/strong><\/p>\n<p>Unser <strong>Violet Lavendel Seife<\/strong> ist ein perfektes Produkt f\u00fcr die K\u00f6rperpflege, entwickelt um Ihre Haut mit nat\u00fcrlichen Inhaltsstoffen zu pflegen. Geeignet f\u00fcr alle Hauttypen, bietet diese Seife sanfte Reinigung, Hydratation und beruhigende Wirkung, dank der Vorteile von Lavendel\u00f6l.<br \/>\nEinzigartiges Produkt, das die Vorteile von Lavendel\u00f6l mit n\u00e4hrenden Inhaltsstoffen wie Oliven-, Palm- und Kokos\u00f6l kombiniert. Diese Seife ist eine perfekte Wahl f\u00fcr alle, die eine sanfte, aber effektive Art der Hautpflege suchen, egal ob Sie sie f\u00fcr Gesicht, H\u00e4nde oder den ganzen K\u00f6rper verwenden.<\/p>\n<h3>Wie verwendet man Violet Lavendelseife?<\/h3>\n<p><strong>Violet Lavendel Seife<\/strong> ist \u00e4u\u00dferst vielseitig und kann als Gesichtsseife, Handseife oder Duschseife verwendet werden.<br \/>\nIdeal f\u00fcr den t\u00e4glichen Gebrauch, sicher sowohl f\u00fcr Erwachsene als auch f\u00fcr Kinder. Diese nat\u00fcrliche Seife ist eine perfekte Wahl f\u00fcr die ganze Familie.<\/p>\n<h3>Inhaltsstoffe:<\/h3>\n<ul>\n<li>Unraffiniertes Oliven\u00f6l<\/li>\n<li>Palm\u00f6l<\/li>\n<li>Kokos\u00f6l<\/li>\n<li>\u00c4therisches Lavendel\u00f6l<\/li>\n<li>Mica-Kristalle<\/li>\n<\/ul>\n<p><strong>Nettogewicht<\/strong>: 90g<\/p>\n<p><a class=\"button\" href=\"https:\/\/drive.google.com\/file\/d\/19u3MRG7p-4ui8obTy7-EIEYhnuVIxbjO\/view?usp=sharing\" target=\"_blank\" rel=\"noopener\">Gebrauchsanweisung<\/a><\/p>\n<p>\u00a0<\/p>\n<\/div>\n<p><span style=\"color: #008080;\"><strong>\u2714 100% nat\u00fcrlich<br \/>\n\u2714\u00a0vegan<br \/>\n\u2714 premium-qualit\u00e4t<br \/>\n\u2714 handgefertigt<br \/>\n\u2714 nicht an tieren getestet<\/strong><\/span><\/p>\n<div class=\"_xlr\">\n<p>\u00a0<\/p>\n<\/div>\n<p>\u00a0<\/p>\n<div align=\"center\"><iframe title=\"YouTube video player\" src=\"https:\/\/www.youtube.com\/embed\/HyeIteEzkHI?controls=0\" width=\"560\" height=\"315\" frameborder=\"0\" allowfullscreen=\"allowfullscreen\" data-mce-fragment=\"1\"><\/iframe><\/div>\n<div class=\"_xlr\">\n<div>\n<h3><\/h3>\n<h3>Eigenschaften der Inhaltsstoffe in Violet Lavendelseife:<\/h3>\n<ul>\n<li><strong>Oliven\u00f6l<\/strong>: Dieser Inhaltsstoff ist f\u00fcr seine hydratisierenden Eigenschaften und seinen Reichtum an Vitamin E bekannt. Er hilft dabei, die Hautfeuchtigkeit zu bewahren, reduziert Entz\u00fcndungen und sorgt f\u00fcr Weichheit und Gl\u00e4tte.<\/li>\n<li><strong>Palm\u00f6l<\/strong>: Gew\u00e4hrleistet stabilen Schaum und Festigkeit der Seife, bietet zus\u00e4tzliche Hydratation und Erhaltung der Hautweichheit.<\/li>\n<li><strong>Kokos\u00f6l<\/strong>: Bekannt f\u00fcr seine antibakteriellen Eigenschaften, hydratisiert und erweicht Kokos\u00f6l die Haut, w\u00e4hrend es gleichzeitig eine sanfte Peeling-Wirkung bietet.<\/li>\n<li><strong>\u00c4therisches Lavendel\u00f6l<\/strong>: Der Hauptinhaltsstoff unserer Seife, Lavendel\u00f6l, hat beruhigende und antiseptische Wirkungen. Sein entspannender Duft beruhigt Geist und K\u00f6rper, w\u00e4hrend er gleichzeitig Ihre Haut pflegt und sch\u00fctzt. Wie die Produktion des \u00e4therischen Lavendel\u00f6ls aussieht, das wir bei der Herstellung dieser Seife verwenden, k\u00f6nnen Sie im folgenden Text sehen: <a href=\"\/de\/prirodna-kozmetika-sa-magicnog-polja-lavande\/\"><strong>Nat\u00fcrliche Kosmetik aus Lavendelfeldern<\/strong><\/a><\/li>\n<\/ul>\n<p>\u00a0<\/p>\n<p><strong>Violet Lavendel Seife<\/strong> kombiniert nat\u00fcrliche Inhaltsstoffe, um Ihre Haut hydratisiert, gen\u00e4hrt und frisch zu halten. Diese Seife ist ideal f\u00fcr diejenigen, die eine nat\u00fcrliche L\u00f6sung f\u00fcr die t\u00e4gliche Hautpflege suchen, mit besonderem Schwerpunkt auf die beruhigende Wirkung von Lavendel.<\/p>\n<p>Genie\u00dfen Sie die Wohltaten der Natur mit unseren <strong>Lavendelseife<\/strong> und sp\u00fcren Sie, wie Ihre Haut weicher, ges\u00fcnder und erfrischt wird.<\/p>\n<p>\u00a0<\/p>\n<\/div>\n<p><a href=\"https:\/\/balavander.com\/wp-content\/uploads\/2025\/02\/violet-prirodni-sapun-od-lavande.jpg\"><img fetchpriority=\"high\" decoding=\"async\" class=\"aligncenter wp-image-14971 size-large\" src=\"https:\/\/balavander.com\/wp-content\/uploads\/2025\/02\/violet-prirodni-sapun-od-lavande-1024x1024.jpg\" alt=\"violet-prirodni-sapun-od-lavande\" width=\"1024\" height=\"1024\" title=\"\" srcset=\"https:\/\/balavander.com\/wp-content\/uploads\/2025\/02\/violet-prirodni-sapun-od-lavande-1024x1024.jpg 1024w, https:\/\/balavander.com\/wp-content\/uploads\/2025\/02\/violet-prirodni-sapun-od-lavande-300x300.jpg 300w, https:\/\/balavander.com\/wp-content\/uploads\/2025\/02\/violet-prirodni-sapun-od-lavande-150x150.jpg 150w, https:\/\/balavander.com\/wp-content\/uploads\/2025\/02\/violet-prirodni-sapun-od-lavande-768x768.jpg 768w, https:\/\/balavander.com\/wp-content\/uploads\/2025\/02\/violet-prirodni-sapun-od-lavande-12x12.jpg 12w, https:\/\/balavander.com\/wp-content\/uploads\/2025\/02\/violet-prirodni-sapun-od-lavande-500x500.jpg 500w, https:\/\/balavander.com\/wp-content\/uploads\/2025\/02\/violet-prirodni-sapun-od-lavande-450x450.jpg 450w, https:\/\/balavander.com\/wp-content\/uploads\/2025\/02\/violet-prirodni-sapun-od-lavande-900x900.jpg 900w, https:\/\/balavander.com\/wp-content\/uploads\/2025\/02\/violet-prirodni-sapun-od-lavande-100x100.jpg 100w, https:\/\/balavander.com\/wp-content\/uploads\/2025\/02\/violet-prirodni-sapun-od-lavande-50x50.jpg 50w, https:\/\/balavander.com\/wp-content\/uploads\/2025\/02\/violet-prirodni-sapun-od-lavande.jpg 1080w\" sizes=\"(max-width: 1024px) 100vw, 1024px\" \/><\/a><\/p>\n<p>\u00a0<\/p>\n<h3>Warum Violet Lavendelseife w\u00e4hlen?<\/h3>\n<p><strong>Violet Lavendel Seife<\/strong> ist mehr als gew\u00f6hnliche Seife. Seine Formel, basierend auf nat\u00fcrlichen Inhaltsstoffen, ist sorgf\u00e4ltig entwickelt, um umfassende Hautpflege zu bieten.<br \/>\nDank Lavendel\u00f6l wirkt die Seife beruhigend, reduziert Irritationen und R\u00f6tungen, w\u00e4hrend andere Inhaltsstoffe wie Oliven- und Kokos\u00f6l Hydratation und Schutz bieten.<\/p>\n<p>Lavendel ist f\u00fcr seinen entspannenden Duft und seine therapeutischen Eigenschaften bekannt. Er wird seit Jahrhunderten in der traditionellen Medizin und Kosmetik verwendet, aufgrund seiner F\u00e4higkeit, Haut und Geist zu beruhigen. In Kombination mit Pflanzen\u00f6len, <strong>Violet Lavendel Seife<\/strong> reinigt nicht nur, sondern regeneriert und n\u00e4hrt auch Ihre Haut und hinterl\u00e4sst sie weich, glatt und wohlriechend.<\/p>\n<p>\u00a0<\/p>\n<h3>Anwendung und Lagerung:<\/h3>\n<p>Wie Sie die Vorteile maximal nutzen <strong>der Violet Lavendelseife<\/strong>, empfehlen wir, es t\u00e4glich zu verwenden. Egal ob Sie es f\u00fcr Gesicht, H\u00e4nde oder K\u00f6rper verwenden, diese Seife wird Ihnen umfassende Pflege und Schutz bieten. Nach der Verwendung lagern Sie die Seife an einem trockenen Ort, um ihre Lebensdauer zu verl\u00e4ngern. Vor der Verwendung bewahren Sie sie an einem trockenen und k\u00fchlen Ort in der Originalverpackung auf.<\/p>\n<p>\u00a0<\/p>\n<h3>Ihre t\u00e4gliche Dosis nat\u00fcrlicher Pflege<\/h3>\n<p><strong>Violet Lavendel Seife<\/strong> ist eine perfekte Wahl f\u00fcr alle, die nat\u00fcrliche, aber kraftvolle Hautpflege wollen. Die Kombination aus Lavendel\u00f6l und n\u00e4hrenden Pflanzen\u00f6len versorgt die Haut mit allem, was sie braucht, um gesund, hydratisiert und gesch\u00fctzt zu sein. Unabh\u00e4ngig vom Hauttyp wird diese Seife Sie mit ihrem Duft und ihren Ergebnissen verzaubern. G\u00f6nnen Sie sich nat\u00fcrliche Pflege und genie\u00dfen Sie t\u00e4gliche Rituale mit <strong>Violet Lavendel Seife<\/strong>.<\/p>\n<p>\u00a0<\/p>\n<\/div>","protected":false},"excerpt":{"rendered":"<p>Nat\u00fcrlich <strong>Lavendelseife<\/strong> f\u00fcr die K\u00f6rperpflege, geeignet f\u00fcr alle Hauttypen.<br \/>\nKann als Seife f\u00fcr Gesicht, H\u00e4nde oder Duschen verwendet werden, sicher f\u00fcr den t\u00e4glichen Gebrauch bei Kindern und Erwachsenen.<\/p>\n<p>Enth\u00e4lt unraffiniertes Oliven-, Palm- und Kokos\u00f6l, \u00e4therisches Lavendel\u00f6l und Mica-Kristalle.<br \/>\nMit 100% nat\u00fcrlichen Inhaltsstoffen, vegan, handgemacht und Premium-Qualit\u00e4t, ist das Produkt nicht an Tieren getestet.<\/p>\n<p>Oliven\u00f6l hydratisiert, Palm\u00f6l erh\u00e4lt die Schaumstabilit\u00e4t, Kokos\u00f6l hat antibakterielle Eigenschaften, und Lavendel bietet einen entspannenden Duft.<br \/>\nIdeal f\u00fcr die Erhaltung der Hydratation, Weichheit und des gesunden Aussehens der Haut.<\/p>","protected":false},"featured_media":7603,"comment_status":"open","ping_status":"closed","template":"","meta":{"wprm-recipe-roundup-name":"","wprm-recipe-roundup-description":""},"product_brand":[],"product_cat":[48,26,92,30,32,95],"product_tag":[146,144,145],"class_list":{"0":"post-881","1":"product","2":"type-product","3":"status-publish","4":"has-post-thumbnail","6":"product_cat-aroma-sapun","7":"product_cat-aromaterapija","8":"product_cat-nega-koze","9":"product_cat-prirodna-kozmetika","10":"product_cat-prirodni-sapuni","11":"product_cat-veganska-kozmetika","12":"product_tag-lavanda","13":"product_tag-prirodni-sapun","14":"product_tag-vegan","16":"first","17":"instock","18":"taxable","19":"shipping-taxable","20":"purchasable","21":"product-type-simple"},"_links":{"self":[{"href":"https:\/\/balavander.com\/de\/wp-json\/wp\/v2\/product\/881","targetHints":{"allow":["GET"]}}],"collection":[{"href":"https:\/\/balavander.com\/de\/wp-json\/wp\/v2\/product"}],"about":[{"href":"https:\/\/balavander.com\/de\/wp-json\/wp\/v2\/types\/product"}],"replies":[{"embeddable":true,"href":"https:\/\/balavander.com\/de\/wp-json\/wp\/v2\/comments?post=881"}],"wp:featuredmedia":[{"embeddable":true,"href":"https:\/\/balavander.com\/de\/wp-json\/wp\/v2\/media\/7603"}],"wp:attachment":[{"href":"https:\/\/balavander.com\/de\/wp-json\/wp\/v2\/media?parent=881"}],"wp:term":[{"taxonomy":"product_brand","embeddable":true,"href":"https:\/\/balavander.com\/de\/wp-json\/wp\/v2\/product_brand?post=881"},{"taxonomy":"product_cat","embeddable":true,"href":"https:\/\/balavander.com\/de\/wp-json\/wp\/v2\/product_cat?post=881"},{"taxonomy":"product_tag","embeddable":true,"href":"https:\/\/balavander.com\/de\/wp-json\/wp\/v2\/product_tag?post=881"}],"curies":[{"name":"wp","href":"https:\/\/api.w.org\/{rel}","templated":true}]}}