{"id":8662,"date":"2023-01-31T23:03:47","date_gmt":"2023-01-31T22:03:47","guid":{"rendered":"https:\/\/balavander.com\/?post_type=product&#038;p=8662"},"modified":"2026-04-21T03:13:57","modified_gmt":"2026-04-21T01:13:57","slug":"eco-glow-concentration-mirisna-sveca","status":"publish","type":"product","link":"https:\/\/balavander.com\/de\/prodavnica\/eco-glow-concentration-mirisna-sveca\/","title":{"rendered":"Eco Glow - Concentration - Duftkerze"},"content":{"rendered":"<p><strong>Eco Glow Concentration <\/strong>ist eine Duftkerze aus 100 % nat\u00fcrlichem Sojawachs in einem Glasgef\u00e4\u00df.<br \/>\nIhr Duft l\u00e4sst sich als beruhigendes Aroma einer Mischung aus \u00e4therischen \u00d6len von Zitronengras, Rosmarin und Minze beschreiben.<br \/>\nDieses Duftaroma hilft dir, konzentriert zu bleiben und deine Gedanken zu beruhigen, w\u00e4hrend du dich in der W\u00e4rme deines Zuhauses entspannst.<br \/>\nIhr einzigartiges Design und die besondere Farbmischung garantieren, dass sie in jeden Wohnraum passt und ihn noch sch\u00f6ner macht.<\/p>\n<p>Sojakerzen sind viel sicherer und viel ges\u00fcnder als gew\u00f6hnliche Kerzen, weil sie aus pflanzlichem Wachs hergestellt sind, das keine krebserregenden Partikel enth\u00e4lt, daher sind sie auch f\u00fcr Veganer geeignet.<\/p>\n<p>Die Brenndauer ist auch viel l\u00e4nger als bei gew\u00f6hnlichen Kerzen.<\/p>\n<p><strong>Inhaltsstoffe:<\/strong><br \/>\n\u2013 Baumwoll-WEDO-Docht h\u00f6chster Qualit\u00e4t<br \/>\n\u2013 100% Sojawachs<br \/>\n\u2013 \u00c4therisches Zitronengras\u00f6l<br \/>\n\u2013 \u00c4therisches Rosmarin\u00f6l<br \/>\n\u2013 \u00c4therisches Minz\u00f6l<br \/>\n\u2013 Glasgef\u00e4\u00df<\/p>\n<p>Netto: <strong>180 g<br \/>\n<\/strong>Brenndauer: <strong>40+ Stunden<\/strong><\/p>","protected":false},"excerpt":{"rendered":"<div class=\"flex-1 overflow-hidden\">\n<div class=\"react-scroll-to-bottom--css-hcocl-79elbk h-full\">\n<div class=\"react-scroll-to-bottom--css-hcocl-1n7m0yu\">\n<div class=\"flex flex-col pb-9 text-sm\">\n<div class=\"w-full text-token-text-primary\" data-testid=\"conversation-turn-43\">\n<div class=\"px-4 py-2 justify-center text-base md:gap-6 m-auto\">\n<div class=\"flex flex-1 text-base mx-auto gap-3 md:px-5 lg:px-1 xl:px-5 md:max-w-3xl lg:max-w-[40rem] xl:max-w-[48rem] group final-completion\">\n<div class=\"relative flex w-full flex-col lg:w-[calc(100%-115px)] agent-turn\">\n<div class=\"flex-col gap-1 md:gap-3\">\n<div class=\"flex flex-grow flex-col max-w-full\">\n<div class=\"min-h-[20px] text-message flex flex-col items-start gap-3 whitespace-pre-wrap break-words [.text-message+&amp;]:mt-5 overflow-x-auto\" data-message-author-role=\"assistant\" data-message-id=\"16281a02-74d7-41b5-918e-faab13824e65\">\n<div class=\"markdown prose w-full break-words dark:prose-invert dark\">\n<p>Eco Glow Concentration je prirodna soja sve\u0107a u elegantnoj staklenoj \u010da\u0161i. Umiruju\u0107i miris limunove trave, ruzmarina i mente poma\u017ee koncentraciji i opu\u0161tanju u domu. Unikatan dizajn i paleta boja prilagodljivi su svakom prostoru, dodaju\u0107i mu lepotu.<\/p>\n<p>Soja sve\u0107e su sigurne i zdrave, bez kancerogenih \u010destica, idealne za vegane. Sa 40+ sati gorenja, pru\u017eaju dugotrajno u\u017eivanje. Pamu\u010dni WEDO fitilj i pa\u017eljivo odabrani sastojci garantuju vrhunski kvalitet. Osvetlite prostor uz Eco Glow Concentration i do\u017eivite spoj mira i koncentracije.<\/p>\n<\/div>\n<\/div>\n<\/div>\n<\/div>\n<\/div>\n<\/div>\n<\/div>\n<\/div>\n<\/div>\n<\/div>\n<\/div>\n<\/div>\n","protected":false},"featured_media":8655,"comment_status":"open","ping_status":"closed","template":"","meta":{"wprm-recipe-roundup-name":"","wprm-recipe-roundup-description":""},"product_brand":[],"product_cat":[28,26],"product_tag":[],"class_list":{"0":"post-8662","1":"product","2":"type-product","3":"status-publish","4":"has-post-thumbnail","6":"product_cat-mirisne-svece-od-sojinog-voska","7":"product_cat-aromaterapija","9":"first","10":"onbackorder","11":"taxable","12":"shipping-taxable","13":"purchasable","14":"product-type-simple"},"_links":{"self":[{"href":"https:\/\/balavander.com\/de\/wp-json\/wp\/v2\/product\/8662","targetHints":{"allow":["GET"]}}],"collection":[{"href":"https:\/\/balavander.com\/de\/wp-json\/wp\/v2\/product"}],"about":[{"href":"https:\/\/balavander.com\/de\/wp-json\/wp\/v2\/types\/product"}],"replies":[{"embeddable":true,"href":"https:\/\/balavander.com\/de\/wp-json\/wp\/v2\/comments?post=8662"}],"wp:featuredmedia":[{"embeddable":true,"href":"https:\/\/balavander.com\/de\/wp-json\/wp\/v2\/media\/8655"}],"wp:attachment":[{"href":"https:\/\/balavander.com\/de\/wp-json\/wp\/v2\/media?parent=8662"}],"wp:term":[{"taxonomy":"product_brand","embeddable":true,"href":"https:\/\/balavander.com\/de\/wp-json\/wp\/v2\/product_brand?post=8662"},{"taxonomy":"product_cat","embeddable":true,"href":"https:\/\/balavander.com\/de\/wp-json\/wp\/v2\/product_cat?post=8662"},{"taxonomy":"product_tag","embeddable":true,"href":"https:\/\/balavander.com\/de\/wp-json\/wp\/v2\/product_tag?post=8662"}],"curies":[{"name":"wp","href":"https:\/\/api.w.org\/{rel}","templated":true}]}}