{"id":8654,"date":"2023-01-31T22:55:21","date_gmt":"2023-01-31T21:55:21","guid":{"rendered":"https:\/\/balavander.com\/?post_type=product&#038;p=8654"},"modified":"2026-04-20T03:14:02","modified_gmt":"2026-04-20T01:14:02","slug":"eco-glow-love-mirisna-sveca","status":"publish","type":"product","link":"https:\/\/balavander.com\/de\/prodavnica\/eco-glow-love-mirisna-sveca\/","title":{"rendered":"Eco Glow - Love - Duftkerze"},"content":{"rendered":"<h3><strong>Eco Glow Love \u2013 Nat\u00fcrliche Duftkerze aus Sojawachs<\/strong><\/h3>\n<p>Eco Glow Love ist eine handgefertigte Duftkerze aus 100\u202f% nat\u00fcrlichem Sojawachs, verziert mit filigranen herzf\u00f6rmigen Details, die ihr einen besonderen Charme verleihen. In einer eleganten Aluminiumschachtel untergebracht, ist diese Kerze die perfekte Kombination aus \u00c4sthetik und \u00f6kologischer Verantwortung und sorgt f\u00fcr ein langanhaltendes, gleichm\u00e4\u00dfiges Abbrennen ohne sch\u00e4dliche Emissionen.<\/p>\n<h3><strong>Wie rieche ich?<\/strong><\/h3>\n<p>Stellen Sie sich einen warmen Sommerabend vor, w\u00e4hrend eine sanfte Brise den Duft frisch erbl\u00fchter Jasminbl\u00fcten tr\u00e4gt \u2014 s\u00fc\u00df, reich und berauschend, wie ein \u00fcppiger Strau\u00df wei\u00dfer Bl\u00fctenbl\u00e4tter, erf\u00fcllt von Sonnenlicht. Sein blumiges Aroma vermittelt Eleganz und Romantik und erinnert an sanfte Sommern\u00e4chte in mediterranen G\u00e4rten.<\/p>\n<p>Neben dieser duftenden Harmonie mischt sich exotisches Ylang-Ylang ein \u2014 warm, cremig und leicht fruchtig, mit subtilen Noten von Vanille und w\u00fcrzigen Untert\u00f6nen. Sein Duft beruhigt und verf\u00fchrt zugleich und hinterl\u00e4sst eine sinnliche Spur im Raum, wie der Duft von von goldenen Sonnenstrahlen gek\u00fcsster Haut.<\/p>\n<p>Diese Kerze entfaltet einen reichen und verf\u00fchrerischen Tanz von Jasmin und Ylang-Ylang und schafft eine Atmosph\u00e4re von Luxus, Intimit\u00e4t und Entspannung. Die floralen Noten, durchzogen von cremiger F\u00fclle, bringen sanfte W\u00e4rme und Raffinesse in jeden Raum und machen sie zum idealen Begleiter f\u00fcr Momente, die man sich selbst widmet, oder f\u00fcr einen romantischen Abend zu zweit.<\/p>\n<h3><strong>Das perfekte Geschenk f\u00fcr besondere Momente<\/strong><\/h3>\n<p>Eco Glow Love ist nicht nur eine Kerze \u2013 sie ist eine Geste der Zuneigung und Liebe. Dank ihres romantischen Dufts und eleganten Designs ist sie das perfekte Geschenk f\u00fcr eine geliebte Person. Ob Sie den Valentinstag, ein Jubil\u00e4um, einen Geburtstag feiern oder einfach jemandem zeigen m\u00f6chten, wie viel er Ihnen bedeutet, diese Kerze schafft eine warme und sanfte Atmosph\u00e4re, die jeden erfreut.<\/p>\n<h3><strong>Warum eine Sojawachskerze w\u00e4hlen?<\/strong><\/h3>\n<p>Sojawachskerzen sind eine ges\u00fcndere und umweltfreundlichere Alternative zu herk\u00f6mmlichen Paraffinkerzen. Hergestellt aus pflanzlichem Wachs, das keine krebserregenden Partikel oder synthetischen Zus\u00e4tze enth\u00e4lt, sind sie sicher f\u00fcr Ihre Gesundheit und f\u00fcr Veganer geeignet. Au\u00dferdem brennen sie l\u00e4nger und gleichm\u00e4\u00dfiger, sodass Sie ihren wunderbaren Duft stundenlang genie\u00dfen k\u00f6nnen.<\/p>\n<h3><strong>Produktmerkmale:<\/strong><\/h3>\n<p>\u2714 <strong>100\u202f% Nat\u00fcrliches Sojawachs<\/strong> \u2013 frei von Schadstoffen und k\u00fcnstlichen Zus\u00e4tzen<br \/>\n\u2714 <strong>Zwei Holzdochte<\/strong> \u2013 erzeugen ein angenehmes Knistern und tragen zur Atmosph\u00e4re bei<br \/>\n\u2714 <strong>Handgefertigt<\/strong> \u2013 jedes St\u00fcck sorgf\u00e4ltig mit Liebe gefertigt<br \/>\n\u2714 <strong>\u00d6kologische Verpackung<\/strong> \u2013 Aluminiumschachtel, die recycelbar oder wiederverwendbar ist<br \/>\n\u2714 <strong>Lange Brenndauer<\/strong> \u2013 \u00fcber 30 Stunden ununterbrochenen Genusses<\/p>\n<h4><strong>Inhaltsstoffe:<\/strong><\/h4>\n<ul>\n<li>100\u202f% Sojawachs<\/li>\n<li>Nat\u00fcrliches Jasmin-Duft\u00f6l<\/li>\n<li>Ylang-Ylang \u00c4therisches \u00d6l<\/li>\n<li>Zwei Holzdochte<\/li>\n<li>Aluminiumdose<\/li>\n<\/ul>\n<p><strong>Nettogewicht:<\/strong> 140 g<br \/>\n<strong>Brenndauer:<\/strong> 30+ Stunden<\/p>\n<p>Bringen Sie einen Hauch von Romantik und Harmonie in Ihr Zuhause mit Eco Glow Love \u2013 einer Kerze, die nicht nur Eleganz ausstrahlt, sondern auch Ihre Gesundheit und Ihr Wohnumfeld pflegt. Die perfekte Wahl f\u00fcr ein Geschenk und sanfte, unvergessliche Momente.<\/p>\n<p><iframe title=\"YouTube video player\" src=\"https:\/\/www.youtube.com\/embed\/PVPxQwGMThU?si=tg8R-d5EoSFGkZe4\" width=\"560\" height=\"315\" frameborder=\"0\" allowfullscreen=\"allowfullscreen\"><\/iframe><\/p>","protected":false},"excerpt":{"rendered":"<p><strong>Eco Glow Love<\/strong> Es ist eine Sojawachskerze in einer Aluminiumschachtel, hergestellt aus 100\u202f% nat\u00fcrlichem Sojawachs.<br \/>\nDer bezaubernde Duft von Jasmin und die sinnliche Note von Ylang-Ylang-\u00c4ther\u00f6l schaffen ein romantisches Erlebnis.<\/p>\n<p>Sojawachskerzen, frei von krebserregenden Partikeln, bieten Sicherheit und Gesundheit und sind ideal f\u00fcr Veganer. Mit zwei Holzdochten und \u00fcber 30 Stunden Brenndauer schaffen sie eine langanhaltende Atmosph\u00e4re. In einer Aluminiumschachtel verbindet dieses Produkt Luxus mit \u00f6kologischer Verantwortung.<\/p>\n<p>Beleuchten Sie Ihren Raum und schaffen Sie eine romantische Atmosph\u00e4re mit Eco Glow Love.<br \/>\nOb Sie den Valentinstag, ein Jubil\u00e4um, einen Geburtstag feiern oder einfach jemandem zeigen m\u00f6chten, wie viel er Ihnen bedeutet,<br \/>\ndiese Kerze schafft eine warme und sanfte Atmosph\u00e4re, die jeden erfreuen wird.<\/p>","protected":false},"featured_media":8660,"comment_status":"open","ping_status":"closed","template":"","meta":{"wprm-recipe-roundup-name":"","wprm-recipe-roundup-description":""},"product_brand":[],"product_cat":[28,26,95],"product_tag":[],"class_list":{"0":"post-8654","1":"product","2":"type-product","3":"status-publish","4":"has-post-thumbnail","6":"product_cat-mirisne-svece-od-sojinog-voska","7":"product_cat-aromaterapija","8":"product_cat-veganska-kozmetika","10":"first","11":"onbackorder","12":"sale","13":"taxable","14":"shipping-taxable","15":"purchasable","16":"product-type-simple"},"_links":{"self":[{"href":"https:\/\/balavander.com\/de\/wp-json\/wp\/v2\/product\/8654","targetHints":{"allow":["GET"]}}],"collection":[{"href":"https:\/\/balavander.com\/de\/wp-json\/wp\/v2\/product"}],"about":[{"href":"https:\/\/balavander.com\/de\/wp-json\/wp\/v2\/types\/product"}],"replies":[{"embeddable":true,"href":"https:\/\/balavander.com\/de\/wp-json\/wp\/v2\/comments?post=8654"}],"wp:featuredmedia":[{"embeddable":true,"href":"https:\/\/balavander.com\/de\/wp-json\/wp\/v2\/media\/8660"}],"wp:attachment":[{"href":"https:\/\/balavander.com\/de\/wp-json\/wp\/v2\/media?parent=8654"}],"wp:term":[{"taxonomy":"product_brand","embeddable":true,"href":"https:\/\/balavander.com\/de\/wp-json\/wp\/v2\/product_brand?post=8654"},{"taxonomy":"product_cat","embeddable":true,"href":"https:\/\/balavander.com\/de\/wp-json\/wp\/v2\/product_cat?post=8654"},{"taxonomy":"product_tag","embeddable":true,"href":"https:\/\/balavander.com\/de\/wp-json\/wp\/v2\/product_tag?post=8654"}],"curies":[{"name":"wp","href":"https:\/\/api.w.org\/{rel}","templated":true}]}}