{"id":8649,"date":"2023-01-31T22:25:09","date_gmt":"2023-01-31T21:25:09","guid":{"rendered":"https:\/\/balavander.com\/?post_type=product&#038;p=8649"},"modified":"2026-04-21T03:13:50","modified_gmt":"2026-04-21T01:13:50","slug":"eco-glow-daisy-mirisna-sveca","status":"publish","type":"product","link":"https:\/\/balavander.com\/de\/prodavnica\/eco-glow-daisy-mirisna-sveca\/","title":{"rendered":"Eco Glow - Daisy - Duftkerze"},"content":{"rendered":"<p><strong>Eco Glow Daisy <\/strong>ist eine Duftkerze aus 100 % nat\u00fcrlichem Sojawachs in einer Aluminiumdose.<br \/>\nIhr Duft l\u00e4sst sich als wunderbares Aroma von zarter Baumwolle beschreiben.<\/p>\n<p>Sojakerzen sind viel sicherer und viel ges\u00fcnder als gew\u00f6hnliche Kerzen, weil sie aus pflanzlichem Wachs hergestellt sind, das keine krebserregenden Partikel enth\u00e4lt, daher sind sie auch f\u00fcr Veganer geeignet.<\/p>\n<p>Die Brenndauer ist auch viel l\u00e4nger als bei gew\u00f6hnlichen Kerzen.<\/p>\n<p><strong>Inhaltsstoffe:<\/strong><br \/>\n\u2013 Baumwoll-WEDO-Docht h\u00f6chster Qualit\u00e4t<br \/>\n\u2013 100% Sojawachs<br \/>\n\u2013 Duft\u00f6l Baumwolle<br \/>\n\u2013 Aluminiumdose<\/p>\n<p>Netto: <strong>140 g<br \/>\n<\/strong>Brenndauer: <strong>30+ Stunden<\/strong><\/p>\n<p>&nbsp;<\/p>\n<p><a href=\"https:\/\/balavander.com\/wp-content\/uploads\/2023\/01\/ecoautoglowautodaisyautopattern.jpg\"><img fetchpriority=\"high\" decoding=\"async\" class=\"alignnone size-medium wp-image-8652\" src=\"https:\/\/balavander.com\/wp-content\/uploads\/2023\/01\/ecoautoglowautodaisyautopattern-300x300.jpg\" alt=\"\" width=\"300\" height=\"300\" title=\"\" srcset=\"https:\/\/balavander.com\/wp-content\/uploads\/2023\/01\/ecoautoglowautodaisyautopattern-300x300.jpg 300w, https:\/\/balavander.com\/wp-content\/uploads\/2023\/01\/ecoautoglowautodaisyautopattern-450x450.jpg 450w, https:\/\/balavander.com\/wp-content\/uploads\/2023\/01\/ecoautoglowautodaisyautopattern-100x100.jpg 100w, https:\/\/balavander.com\/wp-content\/uploads\/2023\/01\/ecoautoglowautodaisyautopattern-900x900.jpg 900w, https:\/\/balavander.com\/wp-content\/uploads\/2023\/01\/ecoautoglowautodaisyautopattern-1024x1024.jpg 1024w, https:\/\/balavander.com\/wp-content\/uploads\/2023\/01\/ecoautoglowautodaisyautopattern-150x150.jpg 150w, https:\/\/balavander.com\/wp-content\/uploads\/2023\/01\/ecoautoglowautodaisyautopattern-768x768.jpg 768w, https:\/\/balavander.com\/wp-content\/uploads\/2023\/01\/ecoautoglowautodaisyautopattern-1536x1536.jpg 1536w, https:\/\/balavander.com\/wp-content\/uploads\/2023\/01\/ecoautoglowautodaisyautopattern-12x12.jpg 12w, https:\/\/balavander.com\/wp-content\/uploads\/2023\/01\/ecoautoglowautodaisyautopattern-500x500.jpg 500w, https:\/\/balavander.com\/wp-content\/uploads\/2023\/01\/ecoautoglowautodaisyautopattern.jpg 1920w\" sizes=\"(max-width: 300px) 100vw, 300px\" \/><\/a><\/p>","protected":false},"excerpt":{"rendered":"<p><strong>Eco Glow Daisy<\/strong>Eine duftende Sojakerze in einem Aluminiumbeh\u00e4lter, die ein sanftes Baumwollaroma verstr\u00f6mt. F\u00fcr Veganer geeignet, wird diese Kerze aus 100% nat\u00fcrlichem Sojawachs hergestellt, frei von krebserregenden Partikeln. Ein hochwertiger Docht sorgt f\u00fcr langanhaltendes Brennen und bietet \u00fcber 30 Stunden Genuss.<\/p>\n<p>Indem sie Luxus und Verantwortung gegen\u00fcber der Umwelt vereint, veredelt Eco Glow Daisy deinen Raum mit einer eleganten Note und einem langanhaltenden Duft.\nBeginne deine Reise in eine Welt der Ruhe und Entspannung mit dieser eleganten Kerze.<\/p>","protected":false},"featured_media":8653,"comment_status":"open","ping_status":"closed","template":"","meta":{"wprm-recipe-roundup-name":"","wprm-recipe-roundup-description":""},"product_brand":[],"product_cat":[28,26],"product_tag":[],"class_list":{"0":"post-8649","1":"product","2":"type-product","3":"status-publish","4":"has-post-thumbnail","6":"product_cat-mirisne-svece-od-sojinog-voska","7":"product_cat-aromaterapija","9":"first","10":"instock","11":"taxable","12":"shipping-taxable","13":"purchasable","14":"product-type-simple"},"_links":{"self":[{"href":"https:\/\/balavander.com\/de\/wp-json\/wp\/v2\/product\/8649","targetHints":{"allow":["GET"]}}],"collection":[{"href":"https:\/\/balavander.com\/de\/wp-json\/wp\/v2\/product"}],"about":[{"href":"https:\/\/balavander.com\/de\/wp-json\/wp\/v2\/types\/product"}],"replies":[{"embeddable":true,"href":"https:\/\/balavander.com\/de\/wp-json\/wp\/v2\/comments?post=8649"}],"wp:featuredmedia":[{"embeddable":true,"href":"https:\/\/balavander.com\/de\/wp-json\/wp\/v2\/media\/8653"}],"wp:attachment":[{"href":"https:\/\/balavander.com\/de\/wp-json\/wp\/v2\/media?parent=8649"}],"wp:term":[{"taxonomy":"product_brand","embeddable":true,"href":"https:\/\/balavander.com\/de\/wp-json\/wp\/v2\/product_brand?post=8649"},{"taxonomy":"product_cat","embeddable":true,"href":"https:\/\/balavander.com\/de\/wp-json\/wp\/v2\/product_cat?post=8649"},{"taxonomy":"product_tag","embeddable":true,"href":"https:\/\/balavander.com\/de\/wp-json\/wp\/v2\/product_tag?post=8649"}],"curies":[{"name":"wp","href":"https:\/\/api.w.org\/{rel}","templated":true}]}}