{"id":8340,"date":"2022-10-17T22:02:49","date_gmt":"2022-10-17T20:02:49","guid":{"rendered":"https:\/\/balavander.com\/?post_type=product&#038;p=8340"},"modified":"2026-04-20T03:13:56","modified_gmt":"2026-04-20T01:13:56","slug":"eco-glow-forest-mirisna-sveca","status":"publish","type":"product","link":"https:\/\/balavander.com\/de\/prodavnica\/eco-glow-forest-mirisna-sveca\/","title":{"rendered":"Eco Glow - Forest - Duftkerze"},"content":{"rendered":"<p><strong>Eco Glow Forest <\/strong>ist eine Duftkerze aus 100% nat\u00fcrlichem Sojawachs im Glastiegel.<br \/>\nIhr Duft l\u00e4sst sich als herrliches Aroma eines Nadelwaldes im Fr\u00fchling beschreiben. Eine Kombination aus \u00e4therischen \u00d6len von Sibirischer Kiefer, Sibirischer Tanne und Zeder erf\u00fcllt Ihren Wohnraum mit dem frischen Duft von Nadelb\u00e4umen.<\/p>\n<p>Sojakerzen sind viel sicherer und viel ges\u00fcnder als gew\u00f6hnliche Kerzen, weil sie aus pflanzlichem Wachs hergestellt sind, das keine krebserregenden Partikel enth\u00e4lt, daher sind sie auch f\u00fcr Veganer geeignet.<\/p>\n<p>Die Brenndauer ist auch viel l\u00e4nger als bei gew\u00f6hnlichen Kerzen.<\/p>\n<p><strong>Inhaltsstoffe:<\/strong><br \/>\n\u2013 Baumwoll-WEDO-Docht h\u00f6chster Qualit\u00e4t<br \/>\n\u2013 100% Sojawachs<br \/>\n\u2013 \u00c4therisches \u00d6l der sibirischen Tannennadeln<br \/>\n\u2013 \u00c4therisches \u00d6l der Sibirischen Tanne<br \/>\n\u2013 \u00c4therisches Zedern\u00f6l<br \/>\n\u2013 Glastiegel<\/p>\n<p>Brenndauer: <strong>40+ Stunden<\/strong><\/p>\n<p>Napomena:\u00a0Boja vrha sve\u0107e se mo\u017ee razlikovati od onog na fotografiji, jer je svaki vrh ili &#8220;poklopac&#8221; sa reljefom unikatan.<\/p>\n<p><iframe title=\"YouTube video player\" src=\"https:\/\/www.youtube.com\/embed\/Wjhm9SlXmGs?controls=0&amp;rel=1\" width=\"560\" height=\"315\" frameborder=\"0\" allowfullscreen=\"allowfullscreen\" data-mce-fragment=\"1\"><\/iframe><\/p>","protected":false},"excerpt":{"rendered":"<p><strong>Eco Glow Forest<\/strong>, mirisna soja sve\u0107a u staklenoj tegli, o\u017eivljava prole\u0107nu atmosferu \u010detinarske \u0161ume. Sa esencijama sibirskog bora, sibirske jele i kedra, unikatan miris \u0107e ispuniti va\u0161 prostor sve\u017einom prirode.<\/p>\n<p>Sojakerzen sind umweltfreundlich, frei von krebserregenden Partikeln und perfekt f\u00fcr Veganer geeignet. Der Baumwoll-WEDO-Docht und 100% Sojawachs garantieren ein langes Abbrennen und bieten \u00fcber 40 Stunden genussvolles Dufterlebnis.<\/p>\n<p>Erleben Sie die Verbindung von Natur und Luxus mit Eco Glow Forest, bei der jede Kerze eine einzigartige reliefartige Spitze besitzt, die sie unwiderstehlich und elegant macht.<\/p>","protected":false},"featured_media":13670,"comment_status":"open","ping_status":"closed","template":"","meta":{"wprm-recipe-roundup-name":"","wprm-recipe-roundup-description":""},"product_brand":[],"product_cat":[28,26],"product_tag":[148],"class_list":{"0":"post-8340","1":"product","2":"type-product","3":"status-publish","4":"has-post-thumbnail","6":"product_cat-mirisne-svece-od-sojinog-voska","7":"product_cat-aromaterapija","8":"product_tag-mirisne-svece","10":"first","11":"onbackorder","12":"taxable","13":"shipping-taxable","14":"purchasable","15":"product-type-simple"},"_links":{"self":[{"href":"https:\/\/balavander.com\/de\/wp-json\/wp\/v2\/product\/8340","targetHints":{"allow":["GET"]}}],"collection":[{"href":"https:\/\/balavander.com\/de\/wp-json\/wp\/v2\/product"}],"about":[{"href":"https:\/\/balavander.com\/de\/wp-json\/wp\/v2\/types\/product"}],"replies":[{"embeddable":true,"href":"https:\/\/balavander.com\/de\/wp-json\/wp\/v2\/comments?post=8340"}],"wp:featuredmedia":[{"embeddable":true,"href":"https:\/\/balavander.com\/de\/wp-json\/wp\/v2\/media\/13670"}],"wp:attachment":[{"href":"https:\/\/balavander.com\/de\/wp-json\/wp\/v2\/media?parent=8340"}],"wp:term":[{"taxonomy":"product_brand","embeddable":true,"href":"https:\/\/balavander.com\/de\/wp-json\/wp\/v2\/product_brand?post=8340"},{"taxonomy":"product_cat","embeddable":true,"href":"https:\/\/balavander.com\/de\/wp-json\/wp\/v2\/product_cat?post=8340"},{"taxonomy":"product_tag","embeddable":true,"href":"https:\/\/balavander.com\/de\/wp-json\/wp\/v2\/product_tag?post=8340"}],"curies":[{"name":"wp","href":"https:\/\/api.w.org\/{rel}","templated":true}]}}