{"id":8147,"date":"2022-10-11T11:24:02","date_gmt":"2022-10-11T09:24:02","guid":{"rendered":"https:\/\/balavander.com\/?post_type=product&#038;p=8147"},"modified":"2026-04-20T03:13:53","modified_gmt":"2026-04-20T01:13:53","slug":"mini-eco-glow-ametist-mirisna-sveca","status":"publish","type":"product","link":"https:\/\/balavander.com\/de\/prodavnica\/mini-eco-glow-ametist-mirisna-sveca\/","title":{"rendered":"Mini Eco Glow - Ametist - Duftkerze"},"content":{"rendered":"<p><strong>Mini Eco Glow Ametist <\/strong>ist eine Duftkerze aus 100% nat\u00fcrlichem Sojawachs im Glastiegel.<br \/>\nEs duftet verf\u00fchrerisch nach unserem violetten Lavendelfeld, das uns entspannt und inspiriert.<\/p>\n<p>Sojawachskerzen sind viel sicherer und ges\u00fcnder als herk\u00f6mmliche Kerzen, da sie aus pflanzlichem Wachs hergestellt werden, das keine krebserregenden Partikel enth\u00e4lt, und daher auch f\u00fcr Veganer geeignet ist.<\/p>\n<p>Die Brenndauer ist auch viel l\u00e4nger als bei gew\u00f6hnlichen Kerzen.<\/p>\n<p><strong>Inhaltsstoffe:<\/strong><br \/>\n\u2013 Baumwoll-WEDO-Docht h\u00f6chster Qualit\u00e4t<br \/>\n\u2013 100% Sojawachs<br \/>\n\u2013 \u00c4therisches Lavandin\u00f6l<br \/>\n\u2013 Glastiegel<\/p>\n<p>Brenndauer: 20+ Stunden<\/p>\n<p><iframe title=\"YouTube video player\" src=\"https:\/\/www.youtube.com\/embed\/Wjhm9SlXmGs?controls=0&amp;rel=1\" width=\"560\" height=\"315\" frameborder=\"0\" allowfullscreen=\"allowfullscreen\" data-mce-fragment=\"1\"><\/iframe><\/p>\n<p>&nbsp;<\/p>\n<p>Wie entfernt man Wachsreste nach dem Gebrauch einer Duftkerze aus Sojawachs?<br \/>\nSehen Sie sich die ganz einfache Anleitung an.<\/p>\n<p>&nbsp;<\/p>\n<p><iframe title=\"YouTube video player\" src=\"https:\/\/www.youtube.com\/embed\/u1I-uOqCmHs?controls=0\" width=\"560\" height=\"315\" frameborder=\"0\" allowfullscreen=\"allowfullscreen\"><\/iframe><\/p>","protected":false},"excerpt":{"rendered":"<p><strong>Mini Eco Glow Ametist<\/strong>, eine Duftkerze aus Sojawachs im Glas, bringt die entspannende Harmonie von Lavendel in Ihren Raum. Mit einem hochwertigen Baumwoll-WEDO-Docht, Sojawachs und \u00e4therischem Lavandin\u00f6l bietet sie ein Dufterlebnis von \u00fcber 20 Stunden.<\/p>\n<p>Sojawachskerzen, frei von krebserregenden Partikeln, machen diese Kerze ideal f\u00fcr Veganer. Neben der Umweltfreundlichkeit bieten sie auch eine l\u00e4ngere Brenndauer.<\/p>\n<p>Genie\u00dfen Sie den einzigartigen Duft und die Eleganz der Mini Eco Glow Amethyst-Kerze und verleihen Sie Ihrem Zuhause eine duftende Note violetter Lavendelbl\u00fcten.<\/p>","protected":false},"featured_media":8148,"comment_status":"open","ping_status":"closed","template":"","meta":{"wprm-recipe-roundup-name":"","wprm-recipe-roundup-description":""},"product_brand":[],"product_cat":[28,26,95],"product_tag":[148],"class_list":{"0":"post-8147","1":"product","2":"type-product","3":"status-publish","4":"has-post-thumbnail","6":"product_cat-mirisne-svece-od-sojinog-voska","7":"product_cat-aromaterapija","8":"product_cat-veganska-kozmetika","9":"product_tag-mirisne-svece","11":"first","12":"onbackorder","13":"taxable","14":"shipping-taxable","15":"purchasable","16":"product-type-simple"},"_links":{"self":[{"href":"https:\/\/balavander.com\/de\/wp-json\/wp\/v2\/product\/8147","targetHints":{"allow":["GET"]}}],"collection":[{"href":"https:\/\/balavander.com\/de\/wp-json\/wp\/v2\/product"}],"about":[{"href":"https:\/\/balavander.com\/de\/wp-json\/wp\/v2\/types\/product"}],"replies":[{"embeddable":true,"href":"https:\/\/balavander.com\/de\/wp-json\/wp\/v2\/comments?post=8147"}],"wp:featuredmedia":[{"embeddable":true,"href":"https:\/\/balavander.com\/de\/wp-json\/wp\/v2\/media\/8148"}],"wp:attachment":[{"href":"https:\/\/balavander.com\/de\/wp-json\/wp\/v2\/media?parent=8147"}],"wp:term":[{"taxonomy":"product_brand","embeddable":true,"href":"https:\/\/balavander.com\/de\/wp-json\/wp\/v2\/product_brand?post=8147"},{"taxonomy":"product_cat","embeddable":true,"href":"https:\/\/balavander.com\/de\/wp-json\/wp\/v2\/product_cat?post=8147"},{"taxonomy":"product_tag","embeddable":true,"href":"https:\/\/balavander.com\/de\/wp-json\/wp\/v2\/product_tag?post=8147"}],"curies":[{"name":"wp","href":"https:\/\/api.w.org\/{rel}","templated":true}]}}