{"id":7769,"date":"2022-09-26T22:25:32","date_gmt":"2022-09-26T20:25:32","guid":{"rendered":"https:\/\/balavander.com\/?post_type=product&#038;p=7769"},"modified":"2026-04-20T03:13:50","modified_gmt":"2026-04-20T01:13:50","slug":"mini-eco-glow-sinus-mirisna-sveca","status":"publish","type":"product","link":"https:\/\/balavander.com\/de\/prodavnica\/mini-eco-glow-sinus-mirisna-sveca\/","title":{"rendered":"Mini Eco Glow - Sinus - Duftkerze"},"content":{"rendered":"<p><strong>Mini Eco Glow Sinus <\/strong>ist eine Duftkerze aus 100% nat\u00fcrlichem Sojawachs im Glastiegel.<br \/>\nIhr Duft l\u00e4sst sich als kraftvolle Kombination aus \u00e4therischen \u00d6len von Minze, Eukalyptus und Teebaum beschreiben.<\/p>\n<p>Sojakerzen sind viel sicherer und viel ges\u00fcnder als gew\u00f6hnliche Kerzen, weil sie aus pflanzlichem Wachs hergestellt sind, das keine krebserregenden Partikel enth\u00e4lt, daher sind sie auch f\u00fcr Veganer geeignet.<\/p>\n<p>Die Brenndauer ist auch viel l\u00e4nger als bei gew\u00f6hnlichen Kerzen.<\/p>\n<p>&nbsp;<\/p>\n<p><strong>Inhaltsstoffe:<\/strong><br \/>\n\u2013 Baumwoll-WEDO-Docht h\u00f6chster Qualit\u00e4t<br \/>\n\u2013 100% Sojawachs<br \/>\n\u2013 \u00c4therisches Pfefferminz\u00f6l<br \/>\n\u2013 \u00c4therisches Eukalyptus\u00f6l<br \/>\n\u2013 \u00c4therisches Teebaum\u00f6l<br \/>\n\u2013 Glastiegel<\/p>\n<p>Brenndauer: 20+ Stunden<\/p>\n<p><iframe title=\"YouTube video player\" src=\"https:\/\/www.youtube.com\/embed\/Wjhm9SlXmGs?controls=0&amp;rel=1\" width=\"560\" height=\"315\" frameborder=\"0\" allowfullscreen=\"allowfullscreen\" data-mce-fragment=\"1\"><\/iframe><\/p>","protected":false},"excerpt":{"rendered":"<p><strong>Mini Eco Glow Sinus<\/strong> ist eine Duftkerze aus 100 % nat\u00fcrlichem Sojawachs in einem Glasgef\u00e4\u00df. Ihr Duft ist eine kraftvolle Kombination aus \u00e4therischen \u00d6len von Minze, Eukalyptus und Teebaum.<\/p>\n<p>Sojakerzen sind sicherer und ges\u00fcnder als herk\u00f6mmliche Kerzen; sie bestehen aus pflanzlichem Wachs, enthalten keine krebserregenden Partikel und sind ideal f\u00fcr Veganer.\nSie brennen l\u00e4nger und sorgen f\u00fcr eine zauberhafte Atmosph\u00e4re.<\/p>\n<p>Die Inhaltsstoffe umfassen einen hochwertigen Baumwoll\u2011WEDO\u2011Docht, und die Brenndauer betr\u00e4gt \u00fcber 20 Stunden.\nBefreie deine Atmung mit dieser Kerze aus sorgf\u00e4ltig ausgew\u00e4hlten nat\u00fcrlichen Inhaltsstoffen, die deinen Raum frisch und angenehm macht.<\/p>","protected":false},"featured_media":7767,"comment_status":"open","ping_status":"closed","template":"","meta":{"wprm-recipe-roundup-name":"","wprm-recipe-roundup-description":""},"product_brand":[],"product_cat":[28,26,95],"product_tag":[148],"class_list":{"0":"post-7769","1":"product","2":"type-product","3":"status-publish","4":"has-post-thumbnail","6":"product_cat-mirisne-svece-od-sojinog-voska","7":"product_cat-aromaterapija","8":"product_cat-veganska-kozmetika","9":"product_tag-mirisne-svece","11":"first","12":"instock","13":"taxable","14":"shipping-taxable","15":"purchasable","16":"product-type-simple"},"_links":{"self":[{"href":"https:\/\/balavander.com\/de\/wp-json\/wp\/v2\/product\/7769","targetHints":{"allow":["GET"]}}],"collection":[{"href":"https:\/\/balavander.com\/de\/wp-json\/wp\/v2\/product"}],"about":[{"href":"https:\/\/balavander.com\/de\/wp-json\/wp\/v2\/types\/product"}],"replies":[{"embeddable":true,"href":"https:\/\/balavander.com\/de\/wp-json\/wp\/v2\/comments?post=7769"}],"wp:featuredmedia":[{"embeddable":true,"href":"https:\/\/balavander.com\/de\/wp-json\/wp\/v2\/media\/7767"}],"wp:attachment":[{"href":"https:\/\/balavander.com\/de\/wp-json\/wp\/v2\/media?parent=7769"}],"wp:term":[{"taxonomy":"product_brand","embeddable":true,"href":"https:\/\/balavander.com\/de\/wp-json\/wp\/v2\/product_brand?post=7769"},{"taxonomy":"product_cat","embeddable":true,"href":"https:\/\/balavander.com\/de\/wp-json\/wp\/v2\/product_cat?post=7769"},{"taxonomy":"product_tag","embeddable":true,"href":"https:\/\/balavander.com\/de\/wp-json\/wp\/v2\/product_tag?post=7769"}],"curies":[{"name":"wp","href":"https:\/\/api.w.org\/{rel}","templated":true}]}}