{"id":7746,"date":"2022-09-25T22:30:07","date_gmt":"2022-09-25T20:30:07","guid":{"rendered":"https:\/\/balavander.com\/?post_type=product&#038;p=7746"},"modified":"2026-04-17T03:13:35","modified_gmt":"2026-04-17T01:13:35","slug":"mini-eco-glow-dream-mirisna-sveca","status":"publish","type":"product","link":"https:\/\/balavander.com\/de\/prodavnica\/mini-eco-glow-dream-mirisna-sveca\/","title":{"rendered":"Mini Eco Glow - Dream - Duftkerze"},"content":{"rendered":"<p><strong>Mini Eco Glow Dream<\/strong> ist eine Duftkerze aus 100% nat\u00fcrlichem Sojawachs im Glastiegel.<br \/>\nEs duftet bezaubernd nach Vanille mit s\u00fc\u00dfen Noten von Kokosnuss.<\/p>\n<p>Sojakerzen sind viel sicherer und viel ges\u00fcnder als gew\u00f6hnliche Kerzen, weil sie aus pflanzlichem Wachs hergestellt sind, das keine krebserregenden Partikel enth\u00e4lt, daher sind sie auch f\u00fcr Veganer geeignet.<\/p>\n<p>Die Brenndauer ist auch viel l\u00e4nger als bei gew\u00f6hnlichen Kerzen.<\/p>\n<p>&nbsp;<\/p>\n<p><strong>Inhaltsstoffe:<\/strong><br \/>\n\u2013 Baumwoll-WEDO-Docht h\u00f6chster Qualit\u00e4t<br \/>\n\u2013 100% Sojawachs<br \/>\n\u2013 Vanille-Duft\u00f6l<br \/>\n\u2013 Kokos-Duft\u00f6l<br \/>\n\u2013 Glastiegel<\/p>\n<p>Brenndauer: 20+ Stunden<\/p>\n<p><iframe title=\"YouTube video player\" src=\"https:\/\/www.youtube.com\/embed\/Wjhm9SlXmGs?controls=0&amp;rel=1\" width=\"560\" height=\"315\" frameborder=\"0\" allowfullscreen=\"allowfullscreen\" data-mce-fragment=\"1\"><\/iframe><\/p>","protected":false},"excerpt":{"rendered":"<p><strong>Mini Eco Glow Dream<\/strong> ist eine Duftkerze aus 100% nat\u00fcrlichem Sojawachs im Glastiegel. Diese vertr\u00e4umte Erg\u00e4nzung erfrischt den Raum mit dem Duft von Vanille, erg\u00e4nzt durch s\u00fc\u00dfe Noten von Kokosnuss.<\/p>\n<p>Sojakerzen sind deutlich sicherer und ges\u00fcnder als gew\u00f6hnliche Kerzen, weil sie pflanzliches Wachs verwenden und krebserregende Partikel vermeiden, wodurch sie auch f\u00fcr Veganer geeignet sind. Ihre l\u00e4ngere Brenndauer verl\u00e4ngert zus\u00e4tzlich den Genuss.<\/p>\n<p>Die Inhaltsstoffe umfassen einen hochwertigen Baumwoll-WEDO-Docht, 100% Sojawachs, Vanille- und Kokosduft\u00f6l, alles untergebracht in einem eleganten Glastiegel.<\/p>","protected":false},"featured_media":7745,"comment_status":"open","ping_status":"closed","template":"","meta":{"wprm-recipe-roundup-name":"","wprm-recipe-roundup-description":""},"product_brand":[],"product_cat":[28,26,95],"product_tag":[148],"class_list":{"0":"post-7746","1":"product","2":"type-product","3":"status-publish","4":"has-post-thumbnail","6":"product_cat-mirisne-svece-od-sojinog-voska","7":"product_cat-aromaterapija","8":"product_cat-veganska-kozmetika","9":"product_tag-mirisne-svece","11":"first","12":"instock","13":"taxable","14":"shipping-taxable","15":"purchasable","16":"product-type-simple"},"_links":{"self":[{"href":"https:\/\/balavander.com\/de\/wp-json\/wp\/v2\/product\/7746","targetHints":{"allow":["GET"]}}],"collection":[{"href":"https:\/\/balavander.com\/de\/wp-json\/wp\/v2\/product"}],"about":[{"href":"https:\/\/balavander.com\/de\/wp-json\/wp\/v2\/types\/product"}],"replies":[{"embeddable":true,"href":"https:\/\/balavander.com\/de\/wp-json\/wp\/v2\/comments?post=7746"}],"wp:featuredmedia":[{"embeddable":true,"href":"https:\/\/balavander.com\/de\/wp-json\/wp\/v2\/media\/7745"}],"wp:attachment":[{"href":"https:\/\/balavander.com\/de\/wp-json\/wp\/v2\/media?parent=7746"}],"wp:term":[{"taxonomy":"product_brand","embeddable":true,"href":"https:\/\/balavander.com\/de\/wp-json\/wp\/v2\/product_brand?post=7746"},{"taxonomy":"product_cat","embeddable":true,"href":"https:\/\/balavander.com\/de\/wp-json\/wp\/v2\/product_cat?post=7746"},{"taxonomy":"product_tag","embeddable":true,"href":"https:\/\/balavander.com\/de\/wp-json\/wp\/v2\/product_tag?post=7746"}],"curies":[{"name":"wp","href":"https:\/\/api.w.org\/{rel}","templated":true}]}}