{"id":7685,"date":"2022-09-19T22:49:51","date_gmt":"2022-09-19T20:49:51","guid":{"rendered":"https:\/\/balavander.com\/?post_type=product&#038;p=7685"},"modified":"2026-04-20T03:13:41","modified_gmt":"2026-04-20T01:13:41","slug":"eco-glow-pumpkin-sojine-svece","status":"publish","type":"product","link":"https:\/\/balavander.com\/de\/prodavnica\/eco-glow-pumpkin-sojine-svece\/","title":{"rendered":"Eco Glow - Pumpkin - Duftkerze"},"content":{"rendered":"<div class=\"_xlr\">\n<p><strong>Eco Glow Pumpkin <\/strong>Es ist eine einzigartige dekorative Duftkerze mit K\u00fcrbisformen und getrockneten Blumen, hergestellt aus 100\u202f% nat\u00fcrlichem Sojawachs.<\/p>\n<\/div>\n<p>Der Duft dieser Kerze l\u00e4sst sich als exotische Kombination aus Zimt und K\u00fcrbis beschreiben.<\/p>\n<p>Kerzen aus Sojawachs sind deutlich sicherer und ges\u00fcnder als normale Kerzen aus Paraffinwachs.<br \/>\nSie werden aus Wachs pflanzlichen Ursprungs hergestellt, das keine krebserregenden Partikel enth\u00e4lt und beim Brennen keinen Rauch abgibt.<br \/>\nSie sind sicher in R\u00e4umen zu verwenden, in denen sich Schwangere und Kinder aufhalten.<\/p>\n<p class=\"translation-block\">Sojawachs ist biologisch abbaubar und wirkt sich nicht negativ auf die Umwelt aus.\nDa Sojakerzen ausschlie\u00dflich aus pflanzlichen Inhaltsstoffen hergestellt werden, sind sie f\u00fcr Veganer geeignet.\nDie Brenndauer ist ebenfalls deutlich l\u00e4nger als bei herk\u00f6mmlichen Kerzen.\nNach dem Gebrauch k\u00f6nnen Sie das Gef\u00e4\u00df anderweitig verwenden, da sich Wachsreste leicht entfernen lassen.<\/p>\n<p>HINWEIS: Jedes Exemplar ist einzigartig; bitte f\u00fcgen Sie beim Bestellen eine Notiz hinzu.<\/p>\n<p><strong>Nettogewicht<\/strong>: 140 g<br \/>\n<strong>Brenndauer: <\/strong>30+ Stunden<\/p>\n<p>&nbsp;<\/p>\n<p><iframe title=\"YouTube video player\" src=\"https:\/\/www.youtube.com\/embed\/GR_nOQ_Shsc?si=3549-t1Y8Rb74ltG\" width=\"560\" height=\"315\" frameborder=\"0\" allowfullscreen=\"allowfullscreen\"><\/iframe><\/p>","protected":false},"excerpt":{"rendered":"<p>Eco Glow Pumpkin ist eine dekorative Duftkerze mit K\u00fcrbisformen, hergestellt aus 100\u202f% nat\u00fcrlichem Sojawachs. Der Duft von Zimt und K\u00fcrbis schafft eine exotische Atmosph\u00e4re.<\/p>\n<p>Sojawachskerzen sind sicherer als Paraffinkerzen, biologisch abbaubar und f\u00fcr Veganer geeignet. Ihre l\u00e4ngere Brenndauer erm\u00f6glicht langanhaltenden Genuss. Sojawachskerzen erzeugen keinen Rauch und sind somit sicher f\u00fcr Schwangere und Kinder.<\/p>\n<p>Nach der Verwendung kann die Verpackung wiederverwendet werden, und die Wachsreste lassen sich leicht entfernen.<\/p>\n<p>HINWEIS: Jede Kerze ist ein Unikat; bitte geben Sie besondere W\u00fcnsche bei der Bestellung an.<\/p>\n<p>Netto: 140 g\nBrenndauer: \u00fcber 30 Stunden\nErleben Sie die W\u00e4rme und den Duft der Eco Glow Pumpkin Kerze.<\/p>","protected":false},"featured_media":7686,"comment_status":"open","ping_status":"closed","template":"","meta":{"wprm-recipe-roundup-name":"","wprm-recipe-roundup-description":""},"product_brand":[],"product_cat":[28,26,95],"product_tag":[148],"class_list":{"0":"post-7685","1":"product","2":"type-product","3":"status-publish","4":"has-post-thumbnail","6":"product_cat-mirisne-svece-od-sojinog-voska","7":"product_cat-aromaterapija","8":"product_cat-veganska-kozmetika","9":"product_tag-mirisne-svece","11":"first","12":"onbackorder","13":"taxable","14":"shipping-taxable","15":"purchasable","16":"product-type-simple"},"_links":{"self":[{"href":"https:\/\/balavander.com\/de\/wp-json\/wp\/v2\/product\/7685","targetHints":{"allow":["GET"]}}],"collection":[{"href":"https:\/\/balavander.com\/de\/wp-json\/wp\/v2\/product"}],"about":[{"href":"https:\/\/balavander.com\/de\/wp-json\/wp\/v2\/types\/product"}],"replies":[{"embeddable":true,"href":"https:\/\/balavander.com\/de\/wp-json\/wp\/v2\/comments?post=7685"}],"wp:featuredmedia":[{"embeddable":true,"href":"https:\/\/balavander.com\/de\/wp-json\/wp\/v2\/media\/7686"}],"wp:attachment":[{"href":"https:\/\/balavander.com\/de\/wp-json\/wp\/v2\/media?parent=7685"}],"wp:term":[{"taxonomy":"product_brand","embeddable":true,"href":"https:\/\/balavander.com\/de\/wp-json\/wp\/v2\/product_brand?post=7685"},{"taxonomy":"product_cat","embeddable":true,"href":"https:\/\/balavander.com\/de\/wp-json\/wp\/v2\/product_cat?post=7685"},{"taxonomy":"product_tag","embeddable":true,"href":"https:\/\/balavander.com\/de\/wp-json\/wp\/v2\/product_tag?post=7685"}],"curies":[{"name":"wp","href":"https:\/\/api.w.org\/{rel}","templated":true}]}}