{"id":7598,"date":"2022-08-25T10:36:43","date_gmt":"2022-08-25T08:36:43","guid":{"rendered":"https:\/\/balavander.com\/?post_type=product&#038;p=7598"},"modified":"2026-04-16T03:13:40","modified_gmt":"2026-04-16T01:13:40","slug":"origin-etericno-ulje-lavande","status":"publish","type":"product","link":"https:\/\/balavander.com\/de\/prodavnica\/origin-etericno-ulje-lavande\/","title":{"rendered":"Origin - Lavendel\u00f6l"},"content":{"rendered":"<div class=\"_xlr\">\n<p><strong>Origin \u00e4therisches Lavendel\u00f6l<\/strong> wird sorgf\u00e4ltig durch traditionelle Destillation von Lavendelbl\u00fcten aus unserer eigenen Produktion gewonnen, die sich im Herzen Serbiens befindet.<br \/>\nUnser Lavendel wird auf sauberen, unverschmutzten Feldern angebaut, was zu hochwertigem, 100% reinem \u00e4therischem Lavendel\u00f6l f\u00fchrt.<br \/>\nOvo ulje, poznato kao &#8220;majka svih ulja,&#8221; je nezamenljivo u svakom doma\u0107instvu zahvaljuju\u0107i svojim brojnim blagotvornim svojstvima,<br \/>\neinschlie\u00dflich der F\u00e4higkeit, den Geist zu beruhigen, den K\u00f6rper zu entspannen und das allgemeine Wohlbefinden zu verbessern.<\/p>\n<h3><strong>\u00c4therisches Lavendel\u00f6l \u2013 <\/strong><strong>Vorteile und Anwendung\u00a0<\/strong><\/h3>\n<p>Wenn Sie sich fragen <strong data-start=\"251\" data-end=\"283\">\u0434\u043b\u044f \u0447\u0435\u0433\u043e \u043f\u043e\u043b\u0435\u0437\u043d\u043e \u043b\u0430\u0432\u0430\u043d\u0434\u043e\u0432\u043e\u0435 \u043c\u0430\u0441\u043b\u043e?<br \/>\n<\/strong>Die Antwort lautet \u2013 f\u00fcr ein breites Spektrum k\u00f6rperlicher und geistiger Beschwerden sowie f\u00fcr die t\u00e4gliche Pflege von K\u00f6rper und Geist. \u00c4therisches Lavendel\u00f6l geh\u00f6rt zu den vielseitigsten und am meisten gesch\u00e4tzten \u00e4therischen \u00d6len und ist bekannt f\u00fcr seine beruhigende, regenerierende und sch\u00fctzende Wirkung.<\/p>\n<p><strong>Aromatherapie:<\/strong> \u00c4therisches Lavendel\u00f6l ist perfekt f\u00fcr die Aromatherapie, da sein beruhigender Duft hilft, nerv\u00f6se Ersch\u00f6pfung zu beseitigen, die geistige Aktivit\u00e4t verbessert und ein Gef\u00fchl von Frieden und Entspannung in stressigen Situationen bringt. F\u00fcgen Sie ein paar Tropfen \u00e4therisches Lavendel\u00f6l in einen Diffuser hinzu, um seine Wohltaten zu genie\u00dfen, besonders in Momenten, wenn Sie geistige Klarheit und emotionale Balance ben\u00f6tigen.<\/p>\n<p><strong>Erste Hilfe:<\/strong> Dieses \u00d6l ist Ihr Verb\u00fcndeter im Kampf gegen Stress, Herzklopfen und hohen Blutdruck. Au\u00dferdem hilft \u00e4therisches Lavendel\u00f6l bei Migr\u00e4ne und Kopfschmerzen, besonders wenn es in Kombination mit \u00e4therischem Pfefferminz\u00f6l verwendet wird. Es wirkt wohltuend bei Symptomen von Depression, nerv\u00f6ser Anspannung und Schlaflosigkeit, was es ideal f\u00fcr den t\u00e4glichen Gebrauch im Kampf gegen chronischen Stress macht.<\/p>\n<p><strong>Entz\u00fcndungshemmende und antibakterielle Wirkung:<\/strong> \u00c4therisches Lavendel\u00f6l ist wirksam bei der Behandlung von Atemwegsinfektionen, einschlie\u00dflich Hals, Grippe, Husten, Erk\u00e4ltung, Bronchitis, verstopfte Nebenh\u00f6hlen, Kehlkopfentz\u00fcndung, Mandelentz\u00fcndung und Asthma. Seine nat\u00fcrlichen antibakteriellen Eigenschaften helfen bei der Vorbeugung und Behandlung dieser Zust\u00e4nde, w\u00e4hrend der beruhigende Effekt das Atmen erleichtert und Erk\u00e4ltungssymptome lindert.<\/p>\n<p><strong>Hautprobleme:<\/strong> \u00c4therisches Lavendel\u00f6l beschleunigt die Heilung von Wunden, Verbrennungen, R\u00f6tungen und Infektionen. Au\u00dferdem ist dieses \u00d6l sehr wirksam bei der Behandlung von Akne, da es Bakterien stoppt, die Infektionen verursachen, die Eitersekretion reguliert und Narben reduziert. In Kombination mit Kamille kann es auch bei Ekzemen helfen und der Haut die notwendige Hydratation und den Schutz bieten.<\/p>\n<p><strong>Massage:<\/strong> Massage mit \u00e4therischem Lavendel\u00f6l hilft bei der Reduzierung von Muskelschmerzen, Kopfschmerzen und rheumatischen Schmerzen. Au\u00dferdem kann dieses \u00d6l auch als nat\u00fcrliches Deodorant und Raumerfischer dienen und einen angenehmen Duft und ein Gef\u00fchl der Frische in Ihrem Zuhause gew\u00e4hrleisten.<\/p>\n<p><strong>Haar- und Hautpflege:<\/strong> \u00c4therisches Lavendel\u00f6l ist ideal f\u00fcr die Pflege normaler und fettiger Haut und Haare. Es hilft bei Haarausfall, Alopezie und L\u00e4usen und macht das Haar st\u00e4rker und ges\u00fcnder. Die regelm\u00e4\u00dfige Anwendung von \u00e4therischem Lavendel\u00f6l kann die Haarqualit\u00e4t erheblich verbessern und ihm Glanz und Elastizit\u00e4t zur\u00fcckgeben.<\/p>\n<h3><strong>Anwendungsweise von \u00e4therischem Lavendel\u00f6l<\/strong><\/h3>\n<p><strong>Aromatherapie:<\/strong> F\u00fcgen Sie ein paar Tropfen \u00e4therisches Lavendel\u00f6l in einen Diffuser hinzu, um eine beruhigende Atmosph\u00e4re in Ihrem Zuhause zu schaffen und allt\u00e4glichen Stress zu beseitigen.<\/p>\n<p><strong>Hautpflege:<\/strong> Verd\u00fcnnen Sie \u00e4therisches Lavendel\u00f6l mit Basis\u00f6l (f\u00fcgen Sie 15-20 Tropfen \u00e4therisches Lavendel\u00f6l zu 50 ml Basis\u00f6l hinzu) und tragen Sie es auf die Haut von Hals, Brust und R\u00fccken f\u00fcr Pflege und Regeneration auf. Diese Mischung ist perfekt f\u00fcr die t\u00e4gliche Pflege und macht die Haut weich und hydratisiert.<\/p>\n<p><strong>Erste Hilfe:<\/strong> Tragen Sie einen Tropfen reines \u00e4therisches Lavendel\u00f6l direkt auf die Insektenstichstelle, rissige Lippen oder Herpes simplex auf, um die Hautregeneration zu beschleunigen und Symptome zu lindern. Dieses \u00d6l ist ausgezeichnet f\u00fcr die sofortige Anwendung bei kleineren Verletzungen oder Reizungen.<\/p>\n<p><strong>Schlaflosigkeit:<\/strong> Um die Schlafqualit\u00e4t zu verbessern, f\u00fcgen Sie ein paar Tropfen \u00e4therisches Lavendel\u00f6l in einen Diffuser hinzu oder massieren Sie einen Tropfen \u00d6l in Ihre F\u00fc\u00dfe vor dem Schlafengehen. Dieses einfache Ritual kann Ihnen helfen, sich zu entspannen und sich auf einen ruhigen, ununterbrochenen Schlaf vorzubereiten.<\/p>\n<\/div>\n<p><a href=\"https:\/\/balavander.com\/wp-content\/uploads\/2024\/06\/originautoesencijalnoautouljeautolavande.jpg\"><img fetchpriority=\"high\" decoding=\"async\" class=\"aligncenter wp-image-12226 size-large\" src=\"https:\/\/balavander.com\/wp-content\/uploads\/2024\/06\/originautoesencijalnoautouljeautolavande-1024x1024.jpg\" alt=\"eteri\u010dno-ulje-lavande\" width=\"1024\" height=\"1024\" title=\"\" srcset=\"https:\/\/balavander.com\/wp-content\/uploads\/2024\/06\/originautoesencijalnoautouljeautolavande-1024x1024.jpg 1024w, https:\/\/balavander.com\/wp-content\/uploads\/2024\/06\/originautoesencijalnoautouljeautolavande-450x450.jpg 450w, https:\/\/balavander.com\/wp-content\/uploads\/2024\/06\/originautoesencijalnoautouljeautolavande-100x100.jpg 100w, https:\/\/balavander.com\/wp-content\/uploads\/2024\/06\/originautoesencijalnoautouljeautolavande-900x900.jpg 900w, https:\/\/balavander.com\/wp-content\/uploads\/2024\/06\/originautoesencijalnoautouljeautolavande-300x300.jpg 300w, https:\/\/balavander.com\/wp-content\/uploads\/2024\/06\/originautoesencijalnoautouljeautolavande-150x150.jpg 150w, https:\/\/balavander.com\/wp-content\/uploads\/2024\/06\/originautoesencijalnoautouljeautolavande-768x768.jpg 768w, https:\/\/balavander.com\/wp-content\/uploads\/2024\/06\/originautoesencijalnoautouljeautolavande-12x12.jpg 12w, https:\/\/balavander.com\/wp-content\/uploads\/2024\/06\/originautoesencijalnoautouljeautolavande-75x75.jpg 75w, https:\/\/balavander.com\/wp-content\/uploads\/2024\/06\/originautoesencijalnoautouljeautolavande-500x500.jpg 500w, https:\/\/balavander.com\/wp-content\/uploads\/2024\/06\/originautoesencijalnoautouljeautolavande.jpg 1080w\" sizes=\"(max-width: 1024px) 100vw, 1024px\" \/><\/a><\/p>\n<div class=\"_xlr\">\n<h3>Zutaten<\/h3>\n<p><strong>Wirkstoffe:<\/strong> Linalylacetat, Linalool, Lavandulylacetat, Terpinen-4-ol, Alpha-Terpineol, Cineol<\/p>\n<p><strong>Netto:<\/strong> 10 ml<\/p>\n<\/div>\n<p>&nbsp;<\/p>\n<div class=\"_xlr\">\n<h3>Herkunftsland<\/h3>\n<p><strong>Serbien<\/strong><\/p>\n<p>&nbsp;<\/p>\n<h3>Botanischer Name<\/h3>\n<p><strong>Lavandula Angustifolia Vera<\/strong><\/p>\n<p>&nbsp;<\/p>\n<h3>Gewinnungsverfahren<\/h3>\n<p><strong>Wasserdampfdestillation<\/strong><\/p>\n<p>&nbsp;<\/p>\n<h3>Toleranztest<\/h3>\n<p>Mischen Sie 1-2 Tropfen \u00e4therisches Lavendel\u00f6l mit 5 ml Oliven- oder einem anderen Basis\u00f6l. Tragen Sie ein paar Tropfen der Mischung auf die Innenseite des Unterarms auf und beobachten Sie, ob es Ver\u00e4nderungen gibt.<\/p>\n<\/div>\n<p>Sehen Sie, wie es gewonnen und hergestellt wird\u00a0<strong>Origin - Lavendel\u00f6l<\/strong><\/p>\n<p>&nbsp;<\/p>\n<p><iframe title=\"YouTube video player\" src=\"https:\/\/www.youtube.com\/embed\/a71ERccXbaA?si=EYHAkd9mbrFXjuth\" width=\"560\" height=\"315\" frameborder=\"0\" allowfullscreen=\"allowfullscreen\"><\/iframe><\/p>\n<p><iframe title=\"YouTube video player\" src=\"https:\/\/www.youtube.com\/embed\/WJTB_HpCt-E?controls=0\" width=\"560\" height=\"315\" frameborder=\"0\" allowfullscreen=\"allowfullscreen\"><\/iframe><\/p>","protected":false},"excerpt":{"rendered":"<p>\u00dcberzeugen Sie sich von den Wohltaten unseres \u00e4therischen Lavendel\u00f6ls!<br \/>\nPerfekt f\u00fcr Aromatherapie und Hautpflege.<br \/>\nF\u00fcgen Sie ein paar Tropfen in einen Diffuser hinzu oder inhalieren Sie f\u00fcr eine entspannende Erfahrung.<br \/>\nF\u00fcr die Haut vor der Anwendung verd\u00fcnnen.<\/p>\n<p>Inhaltsstoffe:<strong> reines \u00e4therisches Lavendel\u00f6l<\/strong><br \/>\nVerpackung: <strong>10 ml<\/strong><\/p>","protected":false},"featured_media":14969,"comment_status":"open","ping_status":"closed","template":"","meta":{"wprm-recipe-roundup-name":"","wprm-recipe-roundup-description":""},"product_brand":[],"product_cat":[334,26,95],"product_tag":[146],"class_list":{"0":"post-7598","1":"product","2":"type-product","3":"status-publish","4":"has-post-thumbnail","6":"product_cat-etericno-ulje","7":"product_cat-aromaterapija","8":"product_cat-veganska-kozmetika","9":"product_tag-lavanda","11":"first","12":"instock","13":"purchasable","14":"product-type-simple"},"_links":{"self":[{"href":"https:\/\/balavander.com\/de\/wp-json\/wp\/v2\/product\/7598","targetHints":{"allow":["GET"]}}],"collection":[{"href":"https:\/\/balavander.com\/de\/wp-json\/wp\/v2\/product"}],"about":[{"href":"https:\/\/balavander.com\/de\/wp-json\/wp\/v2\/types\/product"}],"replies":[{"embeddable":true,"href":"https:\/\/balavander.com\/de\/wp-json\/wp\/v2\/comments?post=7598"}],"wp:featuredmedia":[{"embeddable":true,"href":"https:\/\/balavander.com\/de\/wp-json\/wp\/v2\/media\/14969"}],"wp:attachment":[{"href":"https:\/\/balavander.com\/de\/wp-json\/wp\/v2\/media?parent=7598"}],"wp:term":[{"taxonomy":"product_brand","embeddable":true,"href":"https:\/\/balavander.com\/de\/wp-json\/wp\/v2\/product_brand?post=7598"},{"taxonomy":"product_cat","embeddable":true,"href":"https:\/\/balavander.com\/de\/wp-json\/wp\/v2\/product_cat?post=7598"},{"taxonomy":"product_tag","embeddable":true,"href":"https:\/\/balavander.com\/de\/wp-json\/wp\/v2\/product_tag?post=7598"}],"curies":[{"name":"wp","href":"https:\/\/api.w.org\/{rel}","templated":true}]}}