{"id":7290,"date":"2022-06-24T00:07:10","date_gmt":"2022-06-23T22:07:10","guid":{"rendered":"https:\/\/balavander.com\/?post_type=product&#038;p=7290"},"modified":"2026-04-16T10:35:13","modified_gmt":"2026-04-16T08:35:13","slug":"prirodni-dezodorans-eco-scent-no-2","status":"publish","type":"product","link":"https:\/\/balavander.com\/de\/prodavnica\/prirodni-dezodorans-eco-scent-no-2\/","title":{"rendered":"Eco Scent no.2 - nat\u00fcrliches Deodorant"},"content":{"rendered":"<div class=\"_xlr\">\n<p><strong>Anwendung:<\/strong><br \/>\nNat\u00fcrlicher Deodorant im Stick<\/p>\n<p><strong>Gebrauchsanweisung:<\/strong><br \/>\nVor Gebrauch an einem k\u00fchlen, trockenen Ort in der Originalverpackung aufbewahren.<br \/>\n<strong><br \/>\nZutaten<\/strong>:<br \/>\n\u2013 Sojawachs<br \/>\n\u2013 Unraffiniertes Kokos\u00f6l<br \/>\n\u2013 Sheabutter<br \/>\n\u2013 Maisst\u00e4rke<br \/>\n\u2013 Kaolinton<br \/>\n\u2013 Aktivkohle<br \/>\n\u2013 Zinkoxid (non-nano)<br \/>\n\u2013 \u00c4therisches \u00d6l der sibirischen Tannennadeln<br \/>\n\u2013 \u00c4therisches Rosmarin\u00f6l<br \/>\n\u2013 \u00c4therisches Bergamott\u00f6l<br \/>\n\u2013 Vitamin E<\/p>\n<p><strong>Verpackung<\/strong>:<br \/>\n\u2013 Biologisch abbaubare Kartonverpackung<\/p>\n<\/div>\n<p><strong>Nettogewicht<\/strong>: 40 ml<\/p>\n<p><span style=\"color: #008080;\"><strong>\u2714 100% nat\u00fcrlich<br \/>\n\u2714\u00a0vegan<br \/>\n\u2714 premium-qualit\u00e4t<br \/>\n\u2714 handgefertigt<br \/>\n\u2714 nicht an tieren getestet<\/strong><\/span><\/p>\n<p>&nbsp;<\/p>\n<h4>Wie verwendet man nat\u00fcrlichen Deodorant im Stick?<\/h4>\n<p><iframe title=\"YouTube video player\" src=\"https:\/\/www.youtube.com\/embed\/Q650DaXY0i4?controls=0\" width=\"560\" height=\"315\" frameborder=\"0\" allowfullscreen=\"allowfullscreen\" data-mce-fragment=\"1\"><\/iframe><\/p>\n<p>&nbsp;<\/p>\n<h3>Eigenschaften der Inhaltsstoffe<\/h3>\n<p><strong>Sojawachs<\/strong>: Sojawachs ist ein nat\u00fcrliches Wachs, das als Ersatz f\u00fcr Paraffin und Bienenwachs verwendet wird. Es hilft dabei, den festen Zustand des Deodorants zu erhalten, erleichtert die Anwendung und tr\u00e4gt zur Langlebigkeit des Produkts bei.<\/p>\n<p><strong>Unraffiniertes Kokos\u00f6l<\/strong>: Unraffiniertes Kokos\u00f6l hat antibakterielle Eigenschaften, die dabei helfen, Ger\u00fcche zu unterdr\u00fccken. Es hydratisiert auch die Haut, macht sie weich und glatt und bietet nat\u00fcrlichen Schutz vor Feuchtigkeit.<\/p>\n<p><strong>Sheabutter<\/strong>: Sheabutter ist ein \u00e4u\u00dferst n\u00e4hrender und feuchtigkeitsspendender Inhaltsstoff. Sie hilft bei der Hauterneuerung, bietet Schutz vor Trockenheit und macht sie weich. Sheabutter hat auch eine beruhigende Wirkung auf die Haut und hilft dabei, ihre Gesundheit zu erhalten.<\/p>\n<p><strong>Maisst\u00e4rke<\/strong>: Maisst\u00e4rke hat die F\u00e4higkeit, Feuchtigkeit zu absorbieren und das Schwitzen zu kontrollieren. Sie hilft bei der Absorption \u00fcbersch\u00fcssiger Feuchtigkeit, h\u00e4lt die Haut trocken und tr\u00e4gt zu einem Gef\u00fchl der Frische bei.<\/p>\n<p><strong>Kaolinton<\/strong>: Kaolinton hat die F\u00e4higkeit, Ger\u00fcche und Toxine zu absorbieren. Sie hilft dabei, unangenehme Schwei\u00dfger\u00fcche zu neutralisieren und hinterl\u00e4sst die Haut sauber und erfrischt.<\/p>\n<p><strong>Aktivkohle<\/strong>: Aktivkohle ist bekannt f\u00fcr ihre Adsorptionseigenschaften, was bedeutet, dass sie Verunreinigungen und Toxine anziehen und absorbieren kann. In Deodorants hilft Aktivkohle dabei, unangenehme Schwei\u00dfger\u00fcche zu absorbieren und hinterl\u00e4sst ein frisches Gef\u00fchl und saubere Haut. Aktivkohle tr\u00e4gt zur Wirksamkeit von Deodorants bei, indem sie Ger\u00fcche und Toxine adsorbiert, zus\u00e4tzlichen Schutz vor unangenehmen Ger\u00fcchen bietet und die Haut sauber und erfrischt hinterl\u00e4sst.<\/p>\n<p><strong>Zinkoxid (non-nano)<\/strong>: Zinkoxid ist ein nat\u00fcrliches Mineral, das antibakterielle Eigenschaften hat und dabei hilft, Bakterien zu unterdr\u00fccken, die Geruch verursachen. Es bietet auch zus\u00e4tzlichen Schutz vor Feuchtigkeit und h\u00e4lt die Haut den ganzen Tag trocken.<\/p>\n<p><strong>\u00c4therisches sibirisches Kiefern\u00f6l<\/strong>: \u00c4therisches sibirisches Kiefern\u00f6l hat einen erfrischenden Duft und antibakterielle Eigenschaften. Es hilft dabei, Ger\u00fcche zu unterdr\u00fccken und verleiht dem Deodorant ein nat\u00fcrliches Aroma.<\/p>\n<p><strong>\u00c4therisches Rosmarin\u00f6l<\/strong>: \u00c4therisches Rosmarin\u00f6l hat antibakterielle und adstringierende Eigenschaften. Es hilft dabei, Bakterien zu kontrollieren, die Geruch verursachen, erfrischt die Haut und tr\u00e4gt zum angenehmen Duft des Deodorants bei.<\/p>\n<p><strong>\u00c4therisches Bergamott\u00f6l<\/strong>: \u00c4therisches Bergamott\u00f6l hat einen erfrischenden Zitrusduft und antibakterielle Eigenschaften. Es hilft dabei, Ger\u00fcche zu unterdr\u00fccken, verleiht dem Deodorant ein nat\u00fcrliches Aroma und erfrischt die Haut.<\/p>\n<p><strong>Vitamin E<\/strong>: Vitamin E ist ein Antioxidans, das dabei hilft, die Haut vor Sch\u00e4den zu sch\u00fctzen und sie gesund zu halten. Es hilft auch bei der Hauthydratation und h\u00e4lt sie weich und glatt.<\/p>","protected":false},"excerpt":{"rendered":"<p>Nat\u00fcrlicher Deodorant im Stick, netto 40 ml, bietet \u00fcberlegenen Schutz und Frische.<\/p>\n<p>Formuliert mit Sojawachs, unraffiniertem Kokos\u00f6l, Sheabutter und Aktivkohle.<br \/>\nMaisst\u00e4rke kontrolliert das Schwitzen, w\u00e4hrend Kaolinton Ger\u00fcche neutralisiert.<br \/>\nNon-Nano-Zinkoxid sch\u00fctzt vor Bakterien und Feuchtigkeit. Angereichert mit \u00e4therischen \u00d6len von sibirischer Kiefer, Rosmarin und Bergamotte f\u00fcr nat\u00fcrliches Aroma. Vitamin E bietet antioxidativen Schutz und Hydratation.<\/p>\n<p>Biologisch abbaubare Verpackung spiegelt unser Engagement f\u00fcr den Erhalt des Planeten wider. 100% nat\u00fcrlich, vegan, Premium-Qualit\u00e4t, handgefertigt und nicht an Tieren getestet. Sp\u00fcren Sie die Frische der Natur!<\/p>","protected":false},"featured_media":14966,"comment_status":"open","ping_status":"closed","template":"","meta":{"wprm-recipe-roundup-name":"","wprm-recipe-roundup-description":""},"product_brand":[],"product_cat":[328,30,95],"product_tag":[329],"class_list":{"0":"post-7290","1":"product","2":"type-product","3":"status-publish","4":"has-post-thumbnail","6":"product_cat-prirodni-dezodorans","7":"product_cat-prirodna-kozmetika","8":"product_cat-veganska-kozmetika","9":"product_tag-prirodni-dezodorans","11":"first","12":"instock","13":"taxable","14":"shipping-taxable","15":"purchasable","16":"product-type-simple"},"_links":{"self":[{"href":"https:\/\/balavander.com\/de\/wp-json\/wp\/v2\/product\/7290","targetHints":{"allow":["GET"]}}],"collection":[{"href":"https:\/\/balavander.com\/de\/wp-json\/wp\/v2\/product"}],"about":[{"href":"https:\/\/balavander.com\/de\/wp-json\/wp\/v2\/types\/product"}],"replies":[{"embeddable":true,"href":"https:\/\/balavander.com\/de\/wp-json\/wp\/v2\/comments?post=7290"}],"wp:featuredmedia":[{"embeddable":true,"href":"https:\/\/balavander.com\/de\/wp-json\/wp\/v2\/media\/14966"}],"wp:attachment":[{"href":"https:\/\/balavander.com\/de\/wp-json\/wp\/v2\/media?parent=7290"}],"wp:term":[{"taxonomy":"product_brand","embeddable":true,"href":"https:\/\/balavander.com\/de\/wp-json\/wp\/v2\/product_brand?post=7290"},{"taxonomy":"product_cat","embeddable":true,"href":"https:\/\/balavander.com\/de\/wp-json\/wp\/v2\/product_cat?post=7290"},{"taxonomy":"product_tag","embeddable":true,"href":"https:\/\/balavander.com\/de\/wp-json\/wp\/v2\/product_tag?post=7290"}],"curies":[{"name":"wp","href":"https:\/\/api.w.org\/{rel}","templated":true}]}}