{"id":7227,"date":"2022-06-07T16:32:25","date_gmt":"2022-06-07T14:32:25","guid":{"rendered":"https:\/\/balavander.com\/?post_type=product&#038;p=7227"},"modified":"2026-04-16T10:35:15","modified_gmt":"2026-04-16T08:35:15","slug":"prirodni-dezodorans-eco-scent-no-1","status":"publish","type":"product","link":"https:\/\/balavander.com\/de\/prodavnica\/prirodni-dezodorans-eco-scent-no-1\/","title":{"rendered":"Eco Scent no.1 - nat\u00fcrliches Deodorant"},"content":{"rendered":"<div class=\"_xlr\">\n<h2 data-pm-slice=\"1 1 []\">Nat\u00fcrlicher Deodorant \u2013 Nat\u00fcrliche Frische und Schutz f\u00fcr jeden Tag<\/h2>\n<p data-pm-slice=\"1 1 []\">Ideale L\u00f6sung f\u00fcr alle, die eine effektive und gesunde Alternative zu herk\u00f6mmlichen Deodorants suchen.<br \/>\nUnser <strong>Nat\u00fcrlicher Deodorant<\/strong> bietet ganzt\u00e4gigen Schutz und Pflege und verleiht Ihnen duftende Frische ohne den Einsatz sch\u00e4dlicher Chemikalien.<\/p>\n<h3 data-pm-slice=\"1 3 []\">Klyuchevyye preimushchestva:<\/h3>\n<ul>\n<li><strong>Wirksamer Schutz<\/strong>: Neutralisiert unangenehme Ger\u00fcche ohne Verstopfung der Poren und erm\u00f6glicht der Haut, nat\u00fcrlich zu atmen.<\/li>\n<li><strong>Nat\u00fcrliche Pflege<\/strong>: Enth\u00e4lt ausschlie\u00dflich nat\u00fcrliche Inhaltsstoffe, die die Haut pflegen und sch\u00fctzen, sogar die empfindlichste.<\/li>\n<li><strong>\u00d6kologische Verpackung<\/strong>: Die Verpackung ist biologisch abbaubar und umweltfreundlich, perfekt f\u00fcr diejenigen, die ihren \u00f6kologischen Fu\u00dfabdruck reduzieren m\u00f6chten.<\/li>\n<li><strong>Vegan und tierversuchsfrei<\/strong>: Das Produkt wurde nicht an Tieren getestet und enth\u00e4lt keine Inhaltsstoffe tierischen Ursprungs, was eine ethische Wahl f\u00fcr Ihre Pflegeroutine bietet.<\/li>\n<\/ul>\n<\/div>\n<p>&nbsp;<\/p>\n<h3 data-pm-slice=\"1 1 []\">Gebrauchsanweisung:<\/h3>\n<p data-pm-slice=\"1 1 []\">Vor Gebrauch das Produkt in der Originalverpackung aufbewahren, um Frische und Qualit\u00e4t der Inhaltsstoffe zu erhalten.<br \/>\nTragen Sie das Deodorant direkt auf trockene und saubere Achselhaut auf.<br \/>\nDank der cremigen Textur l\u00e4sst es sich leicht auftragen, zieht schnell ein und hinterl\u00e4sst keine Spuren auf der Kleidung.<br \/>\nIdeal f\u00fcr den t\u00e4glichen Gebrauch, und seine praktische Form erm\u00f6glicht das einfache Mitnehmen in der Tasche f\u00fcr Reisen oder Arbeit.<\/p>\n<p>&nbsp;<\/p>\n<p><iframe title=\"YouTube video player\" src=\"https:\/\/www.youtube.com\/embed\/Q650DaXY0i4?controls=0\" width=\"560\" height=\"315\" frameborder=\"0\" allowfullscreen=\"allowfullscreen\"><\/iframe><\/p>\n<p>&nbsp;<\/p>\n<h3 data-pm-slice=\"1 3 []\"><\/h3>\n<h3 data-pm-slice=\"1 1 []\">Warum einen nat\u00fcrlichen Deodorant w\u00e4hlen?<\/h3>\n<p>Durch die Verwendung von <strong>Nat\u00fcrlicher Deodorant<\/strong>Durch die Verwendung von nat\u00fcrlichem Deodorant sch\u00fctzen Sie nicht nur Ihre Gesundheit vor sch\u00e4dlichen Chemikalien, sondern tragen auch zum Erhalt des Planeten bei. Unser Produkt kombiniert die Kraft nat\u00fcrlicher Inhaltsstoffe, um Ihnen optimalen Schutz und Pflege zu bieten, ohne dabei die nat\u00fcrliche Funktion Ihrer Haut zu beeintr\u00e4chtigen.<\/p>\n<p>Im Vergleich zu herk\u00f6mmlichen Deodorants, die Aluminium, Parabene und k\u00fcnstliche D\u00fcfte enthalten, bietet unser nat\u00fcrlicher Deodorant eine sichere und gesunde Alternative. Seine Formel ist speziell f\u00fcr alle Hauttypen angepasst, einschlie\u00dflich empfindlicher Haut.<\/p>\n<p><strong>Netto-Menge<\/strong>: 40 ml<\/p>\n<p><a class=\"button\" href=\"https:\/\/drive.google.com\/file\/d\/1ilhgXy3A8Qz-PG1Q0JDIo1aVoWaQkUFf\/view?usp=sharing\" target=\"_blank\" rel=\"noopener\">Gebrauchsanweisung<\/a><\/p>\n<p><strong>Eigenschaften:<\/strong><\/p>\n<p><span style=\"color: #008080;\"><strong>\u2714 100% nat\u00fcrlich<br \/>\n\u2714 vegan<br \/>\n\u2714 premium-qualit\u00e4t<br \/>\n\u2714 handmade<br \/>\n\u2714 nicht an Tieren getestet<\/strong><\/span><\/p>\n<p>&nbsp;<\/p>\n<h3 data-pm-slice=\"1 1 []\">\u00d6kologische Verpackung:<\/h3>\n<p>Unser nat\u00fcrlicher Deodorant kommt in <strong>biologisch abbaubarer Kartonverpackung<\/strong>, wodurch wir zur Abfallreduzierung und zum Schutz der Natur beitragen.<br \/>\nDie Verpackung ist praktisch und modern, perfekt f\u00fcr diejenigen, die einen nachhaltigen Lebensstil unterst\u00fctzen m\u00f6chten.<\/p>\n<h3 data-pm-slice=\"1 3 []\">Inhaltsstoffe und Eigenschaften:<\/h3>\n<p data-pm-slice=\"1 1 []\"><strong>Sojawachs<\/strong><\/p>\n<ul data-spread=\"false\">\n<li>h\u00e4lt die Festigkeit des Deodorants aufrecht und erleichtert das Auftragen. Gew\u00e4hrleistet Langlebigkeit des Produkts und angenehme Textur.<\/li>\n<\/ul>\n<p><strong>Unraffiniertes Kokos\u00f6l<\/strong><\/p>\n<ul data-spread=\"false\">\n<li>hat antibakterielle Eigenschaften und hilft bei der Geruchsneutralisierung mit zus\u00e4tzlicher Hydratation und Beruhigung der Haut. Kokos\u00f6l wird auch schnell absorbiert und hinterl\u00e4sst die Haut weich und glatt.<\/li>\n<\/ul>\n<p><strong>Sheabutter<\/strong><\/p>\n<ul data-spread=\"false\">\n<li>Intensiv hydratisiert und regeneriert die Haut und macht sie widerstandsf\u00e4higer gegen Irritationen. Sheabutter ist reich an Vitaminen A und E, die die Haut zus\u00e4tzlich pflegen und bei ihrer Erneuerung helfen.<\/li>\n<\/ul>\n<p><strong>Maisst\u00e4rke<\/strong><\/p>\n<ul data-spread=\"false\">\n<li>Absorbiert \u00fcbersch\u00fcssige Feuchtigkeit, h\u00e4lt die Haut den ganzen Tag trocken und verleiht ein Gef\u00fchl der Frische. Seine nat\u00fcrlichen Eigenschaften machen ihn sicher f\u00fcr den t\u00e4glichen Gebrauch.<\/li>\n<\/ul>\n<p><strong>Kaolinton<\/strong><\/p>\n<ul data-spread=\"false\">\n<li>Absorbiert effektiv Toxine und unangenehme Ger\u00fcche und hilft dabei, das nat\u00fcrliche Gleichgewicht der Haut zu erhalten. Ihre milde Formel ist auch f\u00fcr die empfindlichste Haut geeignet.<\/li>\n<\/ul>\n<p><strong>Zinkoxid (non-nano)<\/strong><\/p>\n<ul data-spread=\"false\">\n<li>Antibakterielle Eigenschaften verhindern die Entwicklung von Bakterien, die unangenehme Ger\u00fcche verursachen. Zinkoxid hat auch eine beruhigende Wirkung auf gereizte Haut.<\/li>\n<\/ul>\n<p><strong>\u00c4therische \u00d6le (Zitronengras, Lavendel, Salbei)<\/strong><\/p>\n<ul data-spread=\"false\">\n<li>Nat\u00fcrlicher antibakterieller Effekt und erfrischendes Aroma \u00e4therischer \u00d6le bieten ganzt\u00e4gige Frische.\n<ul data-spread=\"false\">\n<li><em>Zitronengras<\/em>hat erfrischende und antibakterielle Eigenschaften.<\/li>\n<li><em>Lavendel<\/em>: Beruhigt die Haut und verleiht ein sanftes, entspannendes Aroma.<\/li>\n<li><em>: Bekannt f\u00fcr ihre beruhigenden und antibakteriellen Eigenschaften.<\/em>Salbei\n: Wirkt adstringierend und hilft bei der Regulierung des Schwitzens.<\/li>\n<\/ul>\n<\/li>\n<\/ul>\n<p><strong>Vitamin E<\/strong><\/p>\n<ul data-spread=\"false\">\n<li>Starkes Antioxidans, das die Haut vor freien Radikalen sch\u00fctzt und dabei hilft, ihre Elastizit\u00e4t zu erhalten. Hydratisiert und beruhigt auch die Haut nach der Rasur oder Enthaarung.<\/li>\n<\/ul>\n<div><\/div>\n<h3 data-pm-slice=\"1 1 []\">Wie tragen nat\u00fcrliche Inhaltsstoffe zur Wirksamkeit bei?<\/h3>\n<p>Unsere Formel kombiniert:<\/p>\n<ul data-spread=\"false\">\n<li><strong>Sojawachs und Sheabutter<\/strong> f\u00fcr glatte Textur und einfaches Auftragen.<\/li>\n<li><strong>f\u00fcr Feuchtigkeitsabsorption und Geruchsneutralisierung.<\/strong> Maisst\u00e4rke und Kaolinton f\u00fcr Feuchtigkeitsabsorption und Geruchskontrolle.<\/li>\n<li><strong>\u00c4therische \u00d6le<\/strong> f\u00fcr nat\u00fcrliche Frische und antibakteriellen Schutz.<\/li>\n<\/ul>\n<p>W\u00e4hlen Sie nat\u00fcrlichen Schutz und geben Sie Ihrer Haut die bestm\u00f6gliche Pflege!<\/p>","protected":false},"excerpt":{"rendered":"<p><strong>Nat\u00fcrlicher Deodorant im Stick<\/strong>im Stick, netto 40 ml, bietet langanhaltende Frische und eliminiert effektiv unangenehme Ger\u00fcche.<\/p>\n<p>, netto 40 ml, bietet langanhaltende Frische und eliminiert effektiv unangenehme Ger\u00fcche. Die Formel mit sorgf\u00e4ltig ausgew\u00e4hlten nat\u00fcrlichen Inhaltsstoffen bietet sanfte Pflege ohne Chemikalien.<br \/>\nSojawachs h\u00e4lt den festen Zustand aufrecht, w\u00e4hrend unraffiniertes Kokos\u00f6l antibakterielle Eigenschaften hat.<br \/>\nSheabutter n\u00e4hrt die Haut, und Maisst\u00e4rke absorbiert Feuchtigkeit.<br \/>\nKaolinton neutralisiert Ger\u00fcche, w\u00e4hrend Zinkoxid (non-nano) zus\u00e4tzlichen antibakteriellen Schutz bietet.<br \/>\n\u00c4therische \u00d6le von Zitronengras, Lavendel und Salbei verleihen nat\u00fcrliches Aroma. Vitamin E sch\u00fctzt die Haut vor Sch\u00e4den.<\/p>\n<p>Biologisch abbaubare Verpackung spiegelt unser Engagement f\u00fcr den Erhalt des Planeten wider. 100% nat\u00fcrlich, vegan, Premium-Qualit\u00e4t, handgefertigt und nicht an Tieren getestet. Sp\u00fcren Sie die Frische der Natur!<\/p>","protected":false},"featured_media":14965,"comment_status":"open","ping_status":"closed","template":"","meta":{"wprm-recipe-roundup-name":"","wprm-recipe-roundup-description":""},"product_brand":[],"product_cat":[328,30,95],"product_tag":[329],"class_list":{"0":"post-7227","1":"product","2":"type-product","3":"status-publish","4":"has-post-thumbnail","6":"product_cat-prirodni-dezodorans","7":"product_cat-prirodna-kozmetika","8":"product_cat-veganska-kozmetika","9":"product_tag-prirodni-dezodorans","11":"first","12":"instock","13":"taxable","14":"shipping-taxable","15":"purchasable","16":"product-type-simple"},"_links":{"self":[{"href":"https:\/\/balavander.com\/de\/wp-json\/wp\/v2\/product\/7227","targetHints":{"allow":["GET"]}}],"collection":[{"href":"https:\/\/balavander.com\/de\/wp-json\/wp\/v2\/product"}],"about":[{"href":"https:\/\/balavander.com\/de\/wp-json\/wp\/v2\/types\/product"}],"replies":[{"embeddable":true,"href":"https:\/\/balavander.com\/de\/wp-json\/wp\/v2\/comments?post=7227"}],"wp:featuredmedia":[{"embeddable":true,"href":"https:\/\/balavander.com\/de\/wp-json\/wp\/v2\/media\/14965"}],"wp:attachment":[{"href":"https:\/\/balavander.com\/de\/wp-json\/wp\/v2\/media?parent=7227"}],"wp:term":[{"taxonomy":"product_brand","embeddable":true,"href":"https:\/\/balavander.com\/de\/wp-json\/wp\/v2\/product_brand?post=7227"},{"taxonomy":"product_cat","embeddable":true,"href":"https:\/\/balavander.com\/de\/wp-json\/wp\/v2\/product_cat?post=7227"},{"taxonomy":"product_tag","embeddable":true,"href":"https:\/\/balavander.com\/de\/wp-json\/wp\/v2\/product_tag?post=7227"}],"curies":[{"name":"wp","href":"https:\/\/api.w.org\/{rel}","templated":true}]}}