{"id":6960,"date":"2022-03-22T19:48:43","date_gmt":"2022-03-22T18:48:43","guid":{"rendered":"https:\/\/balavander.com\/?post_type=product&#038;p=6960"},"modified":"2026-04-19T03:13:27","modified_gmt":"2026-04-19T01:13:27","slug":"eco-cube-jorgovan-prirodni-osvezivac-vazduha","status":"publish","type":"product","link":"https:\/\/balavander.com\/de\/prodavnica\/eco-cube-jorgovan-prirodni-osvezivac-vazduha\/","title":{"rendered":"Eco Cube - Flieder - Lufterfrischer"},"content":{"rendered":"<div class=\"_xlr\">\n<p><strong>Anwendung:<\/strong><br \/>\nLufterfrischer, Aromatherapie oder Wohnraumdekoration.<\/p>\n<p><strong>Gebrauchsanweisung:<\/strong><br \/>\nVor Gebrauch an einem k\u00fchlen, trockenen Ort in der Originalverpackung aufbewahren.<br \/>\n<strong><br \/>\nZutaten<\/strong>:<br \/>\n\u2013 100% Sojawachs<br \/>\n\u2013 \u00c4therisches \u00d6l von blauem Flieder<\/p>\n<p><strong>Verpackung<\/strong>:<br \/>\n\u2013 Glasgef\u00e4\u00df<\/p>\n<\/div>\n<p><strong>Nettogewicht<\/strong>: 35 g<\/p>\n<h3>Gebrauchsanweisung f\u00fcr den Eco Cube Lufterfrischer<\/h3>\n<p><strong>Lufterfrischer in Innenr\u00e4umen:<\/strong><\/p>\n<ul>\n<li><strong>Abdeckung:<\/strong> Ein Glas erfrischt einen Raum von bis zu 20 m\u00b2.<\/li>\n<li><strong>Dauer:<\/strong> Bei dauerhaft ge\u00f6ffnetem Deckel h\u00e4lt der Duft bis zu 2 Monate, ohne an Intensit\u00e4t zu verlieren.<\/li>\n<\/ul>\n<p><strong>Verwendung in Schr\u00e4nken:<\/strong><\/p>\n<ul>\n<li>Jeder W\u00fcrfel hat ein kleines Loch und wird mit einer dekorativen Schnur geliefert.<\/li>\n<li><strong>Anbringung:<\/strong> Die Schnur durch die L\u00f6cher ziehen und die W\u00fcrfel an einem Kleiderb\u00fcgel im Schrank aufh\u00e4ngen.<\/li>\n<\/ul>\n<p><strong>Verwendung im Auto:<\/strong><\/p>\n<ul>\n<li><strong>Empfehlung:<\/strong> Die W\u00fcrfel nicht aus dem Glas nehmen. \u00d6ffnen Sie den Deckel f\u00fcr einen erfrischenden Duft.<\/li>\n<\/ul>\n<p>Genie\u00dfen Sie die Frische und das therapeutische Aroma von Lavendel in Ihrem Zuhause, Schrank oder Auto!<\/p>\n<p>&nbsp;<\/p>\n<p><strong>Eco Cube<\/strong> ist ein nat\u00fcrlicher Lufterfrischer, der speziell entwickelt wurde, um einen angenehmen Duft und Frische in Ihrer Umgebung zu verbreiten. Er wird aus einer sorgf\u00e4ltig ausgew\u00e4hlten Mischung aus \u00e4therischen \u00d6len und nat\u00fcrlichem Pflanzenwachs hergestellt und ist damit eine umweltfreundliche Wahl zur Lufterfrischung.<\/p>\n<p>Nat\u00fcrliche Lufterfrischer wie <strong>Eco Cube<\/strong>haben viele Vorteile gegen\u00fcber industriellen Lufterfrischern, die k\u00fcnstliche Stoffe enthalten. Erstens verwenden nat\u00fcrliche Lufterfrischer nur nat\u00fcrliche Inhaltsstoffe, was bedeutet, dass sie bei Menschen, die empfindlich auf k\u00fcnstliche D\u00fcfte reagieren, keine Reizungen oder allergischen Reaktionen hervorrufen.\nDiese Eigenschaft macht sie besonders geeignet f\u00fcr Menschen mit empfindlichen Atemwegen oder empfindlicher Haut.<\/p>\n<p>Zweitens bieten nat\u00fcrliche Lufterfrischer D\u00fcfte, die aus \u00e4therischen \u00d6len stammen.\n\u00c4therische \u00d6le besitzen therapeutische Eigenschaften und k\u00f6nnen zur Verbesserung der Stimmung, zur Stressreduktion und zur Schaffung einer angenehmen Atmosph\u00e4re beitragen. Der Fliederduft im <strong>Eco Cube<\/strong> Lufterfrischer wirkt erfrischend und entspannend und macht Ihren Raum zu einem angenehmen Ort zum Verweilen. Der Fliederduft im Eco Cube Lufterfrischer wirkt erfrischend und entspannend und macht Ihren Raum zu einem angenehmen Ort zum Verweilen.<\/p>\n<p>Die Verwendung eines nat\u00fcrlichen Lufterfrischers wie Eco Cube ist wichtig, da sie hilft, eine gesunde und saubere Luft in Ihrer Umgebung zu bewahren.\nIndustrielle Lufterfrischer enthalten h\u00e4ufig k\u00fcnstliche Chemikalien und synthetische D\u00fcfte, die die Atemwege reizen sowie Kopfschmerzen oder allergische Reaktionen ausl\u00f6sen k\u00f6nnen.\nNat\u00fcrliche Lufterfrischer sind sicher in der Anwendung, da sie solche sch\u00e4dlichen Stoffe nicht enthalten.<\/p>\n<p><strong>Eco Cube<\/strong> Der nat\u00fcrliche Lufterfrischer kann als Erfrischer f\u00fcr Schr\u00e4nke, R\u00e4ume oder das Auto verwendet werden und sorgt f\u00fcr einen lang anhaltenden, nat\u00fcrlichen Duft. Sein umweltfreundliches Design und die nat\u00fcrlichen Inhaltsstoffe machen ihn zur idealen Wahl f\u00fcr alle, die ihre Gesundheit sch\u00fctzen und nat\u00fcrliche D\u00fcfte genie\u00dfen m\u00f6chten.\nF\u00fcgen Sie den Eco Cube Lufterfrischer Ihrem Raum hinzu und erleben Sie die Frische der Natur mit jedem Atemzug.<\/p>","protected":false},"excerpt":{"rendered":"<p><strong>Eco Cube<\/strong>: Nat\u00fcrlicher Lufterfrischer und Aromatherapie in einem!<\/p>\n<p>Perfekt formuliert aus 100 % Sojawachs und \u00e4therischem \u00d6l von blauem Flieder.<br \/>\nDas umweltfreundliche Glasgef\u00e4\u00df bewahrt die Frische. Netto 35 g.<\/p>\n<p>Beleben Sie Ihren Raum mit dem nat\u00fcrlichen Duft von Flieder, der eine entspannende und erfrischende Wirkung hat.<br \/>\nEco Cube ist mehr als nur ein gew\u00f6hnlicher Lufterfrischer \u2013 die therapeutischen Eigenschaften der \u00e4therischen \u00d6le heben die Stimmung und reduzieren Stress.<\/p>\n<p>Ohne Allergene und reizende k\u00fcnstliche D\u00fcfte macht er Ihren Raum sauber und angenehm.<\/p>","protected":false},"featured_media":14973,"comment_status":"open","ping_status":"closed","template":"","meta":{"wprm-recipe-roundup-name":"","wprm-recipe-roundup-description":""},"product_brand":[],"product_cat":[136,26,95],"product_tag":[],"class_list":{"0":"post-6960","1":"product","2":"type-product","3":"status-publish","4":"has-post-thumbnail","6":"product_cat-osvezivac-vazduha","7":"product_cat-aromaterapija","8":"product_cat-veganska-kozmetika","10":"first","11":"instock","12":"taxable","13":"shipping-taxable","14":"purchasable","15":"product-type-simple"},"_links":{"self":[{"href":"https:\/\/balavander.com\/de\/wp-json\/wp\/v2\/product\/6960","targetHints":{"allow":["GET"]}}],"collection":[{"href":"https:\/\/balavander.com\/de\/wp-json\/wp\/v2\/product"}],"about":[{"href":"https:\/\/balavander.com\/de\/wp-json\/wp\/v2\/types\/product"}],"replies":[{"embeddable":true,"href":"https:\/\/balavander.com\/de\/wp-json\/wp\/v2\/comments?post=6960"}],"wp:featuredmedia":[{"embeddable":true,"href":"https:\/\/balavander.com\/de\/wp-json\/wp\/v2\/media\/14973"}],"wp:attachment":[{"href":"https:\/\/balavander.com\/de\/wp-json\/wp\/v2\/media?parent=6960"}],"wp:term":[{"taxonomy":"product_brand","embeddable":true,"href":"https:\/\/balavander.com\/de\/wp-json\/wp\/v2\/product_brand?post=6960"},{"taxonomy":"product_cat","embeddable":true,"href":"https:\/\/balavander.com\/de\/wp-json\/wp\/v2\/product_cat?post=6960"},{"taxonomy":"product_tag","embeddable":true,"href":"https:\/\/balavander.com\/de\/wp-json\/wp\/v2\/product_tag?post=6960"}],"curies":[{"name":"wp","href":"https:\/\/api.w.org\/{rel}","templated":true}]}}