{"id":6322,"date":"2022-01-31T22:52:09","date_gmt":"2022-01-31T21:52:09","guid":{"rendered":"https:\/\/balavander.com\/?post_type=product&#038;p=6322"},"modified":"2026-04-20T03:13:26","modified_gmt":"2026-04-20T01:13:26","slug":"eco-cube-limun-trava-prirodni-osvezivac-vazduha","status":"publish","type":"product","link":"https:\/\/balavander.com\/de\/prodavnica\/eco-cube-limun-trava-prirodni-osvezivac-vazduha\/","title":{"rendered":"Eco Cube - Zitronengras - Lufterfrischer"},"content":{"rendered":"<div class=\"_xlr\">\n<p><strong>Anwendung:<\/strong><br \/>\nLufterfrischer, Aromatherapie oder Wohnraumdekoration.<\/p>\n<p><strong>Gebrauchsanweisung:<\/strong><br \/>\nVor Gebrauch an einem k\u00fchlen, trockenen Ort in der Originalverpackung aufbewahren.<br \/>\n<strong><br \/>\nZutaten<\/strong>:<br \/>\n\u2013 100% Sojawachs<br \/>\n\u2013 \u00c4therisches Zitronengras\u00f6l<\/p>\n<p><strong>Verpackung<\/strong>:<br \/>\n\u2013 Glasgef\u00e4\u00df<\/p>\n<\/div>\n<p><strong>Nettogewicht<\/strong>: 35 g<\/p>\n<p>&nbsp;<\/p>\n<p><span style=\"color: #008080;\"><strong>\u2714 100% nat\u00fcrlich<br \/>\n\u2714\u00a0vegan<br \/>\n\u2714 premium-qualit\u00e4t<br \/>\n\u2714 handgefertigt<br \/>\n\u2714 nicht an tieren getestet<\/strong><\/span><\/p>\n<p>&nbsp;<\/p>\n<h3>Gebrauchsanweisung f\u00fcr den Eco Cube Lufterfrischer<\/h3>\n<p><strong>Lufterfrischer in Innenr\u00e4umen:<\/strong><\/p>\n<ul>\n<li><strong>Abdeckung:<\/strong> Ein Glas erfrischt einen Raum von bis zu 20 m\u00b2.<\/li>\n<li><strong>Dauer:<\/strong> Bei dauerhaft ge\u00f6ffnetem Deckel h\u00e4lt der Duft bis zu 2 Monate, ohne an Intensit\u00e4t zu verlieren.<\/li>\n<\/ul>\n<p><strong>Verwendung in Schr\u00e4nken:<\/strong><\/p>\n<ul>\n<li>Jeder W\u00fcrfel hat ein kleines Loch und wird mit einer dekorativen Schnur geliefert.<\/li>\n<li><strong>Anbringung:<\/strong> Die Schnur durch die L\u00f6cher ziehen und die W\u00fcrfel an einem Kleiderb\u00fcgel im Schrank aufh\u00e4ngen.<\/li>\n<\/ul>\n<p><strong>Verwendung im Auto:<\/strong><\/p>\n<ul>\n<li><strong>Empfehlung:<\/strong> Die W\u00fcrfel nicht aus dem Glas nehmen. \u00d6ffnen Sie den Deckel f\u00fcr einen erfrischenden Duft.<\/li>\n<\/ul>\n<p>Genie\u00dfen Sie die Frische und den therapeutischen Duft von Zitronengras in Ihrem Zuhause, Kleiderschrank oder Auto!<\/p>\n<p>Zitronengras, auch als Lemongras bekannt, verleiht einen nat\u00fcrlichen, erfrischenden Duft, der nicht nur die Sinne verw\u00f6hnt, sondern auch Vitalit\u00e4t und gute Laune f\u00f6rdert.<br \/>\nDas \u00e4therische \u00d6l des Zitronengrases hat einen ausgepr\u00e4gten Zitrusduft mit einer leichten Grasnote und schafft ein einzigartiges Aroma, das die Seele erfrischt.<br \/>\nDieses \u00d6l wird sorgf\u00e4ltig aus Zitronengras gewonnen, einer Pflanze, die reich an Vitamin C und Antioxidantien ist, und sorgt so f\u00fcr einen nat\u00fcrlich erfrischenden Effekt.<\/p>\n<h3>Vielf\u00e4ltige Vorteile f\u00fcr Ihren Raum<\/h3>\n<p>Unser Zitronengras Lufterfrischer ist mehr als nur ein gew\u00f6hnliches Duftprodukt.<br \/>\nNeben dem erfrischenden Duft bietet das \u00e4therische Zitronengras\u00f6l zahlreiche weitere Vorteile.<br \/>\nSeine antibakteriellen Eigenschaften helfen, die Luft von potenziell sch\u00e4dlichen Mikroorganismen zu reinigen.<br \/>\nAu\u00dferdem kann sein belebender Duft Konzentration und geistige Klarheit f\u00f6rdern und ihn so zur perfekten Erg\u00e4nzung f\u00fcr Arbeitszimmer oder B\u00fcro machen.<\/p>\n<h3>Praktische Anwendung<\/h3>\n<p>Dieser Lufterfrischer ist vielseitig einsetzbar und einfach zu verwenden. Stellen Sie ihn in Ihren Kleiderschrank, damit Ihre Kleidung stets von einem frischen Duft umh\u00fcllt ist, oder in Ihr Auto, um die Fahrt angenehmer zu gestalten. Sie k\u00f6nnen ihn auch in der K\u00fcche, im Badezimmer oder in jedem anderen Raum verwenden, der eine Auffrischung ben\u00f6tigt. Nur ein Hauch von Zitronengras kann eine wunderbare Atmosph\u00e4re schaffen.<\/p>","protected":false},"excerpt":{"rendered":"<p><strong>Zitronengras Lufterfrischer<\/strong>: Nat\u00fcrlich, vegan, handgemacht und von Premiumqualit\u00e4t.<\/p>\n<p>Erfrischen Sie Ihren Raum und beleben Sie Ihren Geruchssinn mit \u00e4therischem Zitronengras\u00f6l.<br \/>\nMit seinem frischen Zitrusduft f\u00f6rdert dieses \u00e4therische \u00d6l Vitalit\u00e4t und gute Laune.<br \/>\nReich an Vitamin C und Antioxidantien sorgt es f\u00fcr einen nat\u00fcrlich erfrischenden Effekt.<br \/>\nNeben seinem angenehmen Duft reinigen seine antibakteriellen Eigenschaften die Luft von Mikroorganismen und f\u00f6rdern Konzentration und geistige Klarheit.<br \/>\nPraktisch und vielseitig einsetzbar ist das 35\u2011g\u2011Glas ideal f\u00fcr den Kleiderschrank, das Auto, die K\u00fcche oder jeden anderen Raum, der Frische verdient.<\/p>\n<p>Entdecken Sie die Sch\u00f6nheit nat\u00fcrlicher Frische!<\/p>","protected":false},"featured_media":14977,"comment_status":"open","ping_status":"closed","template":"","meta":{"wprm-recipe-roundup-name":"","wprm-recipe-roundup-description":""},"product_brand":[],"product_cat":[136,26,95],"product_tag":[],"class_list":{"0":"post-6322","1":"product","2":"type-product","3":"status-publish","4":"has-post-thumbnail","6":"product_cat-osvezivac-vazduha","7":"product_cat-aromaterapija","8":"product_cat-veganska-kozmetika","10":"first","11":"instock","12":"taxable","13":"shipping-taxable","14":"purchasable","15":"product-type-simple"},"_links":{"self":[{"href":"https:\/\/balavander.com\/de\/wp-json\/wp\/v2\/product\/6322","targetHints":{"allow":["GET"]}}],"collection":[{"href":"https:\/\/balavander.com\/de\/wp-json\/wp\/v2\/product"}],"about":[{"href":"https:\/\/balavander.com\/de\/wp-json\/wp\/v2\/types\/product"}],"replies":[{"embeddable":true,"href":"https:\/\/balavander.com\/de\/wp-json\/wp\/v2\/comments?post=6322"}],"wp:featuredmedia":[{"embeddable":true,"href":"https:\/\/balavander.com\/de\/wp-json\/wp\/v2\/media\/14977"}],"wp:attachment":[{"href":"https:\/\/balavander.com\/de\/wp-json\/wp\/v2\/media?parent=6322"}],"wp:term":[{"taxonomy":"product_brand","embeddable":true,"href":"https:\/\/balavander.com\/de\/wp-json\/wp\/v2\/product_brand?post=6322"},{"taxonomy":"product_cat","embeddable":true,"href":"https:\/\/balavander.com\/de\/wp-json\/wp\/v2\/product_cat?post=6322"},{"taxonomy":"product_tag","embeddable":true,"href":"https:\/\/balavander.com\/de\/wp-json\/wp\/v2\/product_tag?post=6322"}],"curies":[{"name":"wp","href":"https:\/\/api.w.org\/{rel}","templated":true}]}}