{"id":6319,"date":"2022-01-31T22:50:43","date_gmt":"2022-01-31T21:50:43","guid":{"rendered":"https:\/\/balavander.com\/?post_type=product&#038;p=6319"},"modified":"2026-04-20T03:13:11","modified_gmt":"2026-04-20T01:13:11","slug":"eco-cube-menta-prirodni-osvezivac-vazduha","status":"publish","type":"product","link":"https:\/\/balavander.com\/de\/prodavnica\/eco-cube-menta-prirodni-osvezivac-vazduha\/","title":{"rendered":"Eco Cube - Minze - Lufterfrischer"},"content":{"rendered":"<div class=\"_xlr\">\n<p><strong>Anwendung:<\/strong><br \/>\nLufterfrischer, Aromatherapie oder Wohnraumdekoration.<\/p>\n<p><strong>Gebrauchsanweisung:<\/strong><br \/>\nVor Gebrauch an einem k\u00fchlen, trockenen Ort in der Originalverpackung aufbewahren.<br \/>\n<strong><br \/>\nZutaten<\/strong>:<br \/>\n\u2013 100% Sojawachs<br \/>\n\u2013 \u00c4therisches Pfefferminz\u00f6l<\/p>\n<p><strong>Verpackung<\/strong>:<br \/>\n\u2013 Glasgef\u00e4\u00df<\/p>\n<\/div>\n<p><strong>Nettogewicht<\/strong>: 35 g<\/p>\n<p>&nbsp;<\/p>\n<p><span style=\"color: #008080;\"><strong>\u2714 100% nat\u00fcrlich<br \/>\n\u2714\u00a0vegan<br \/>\n\u2714 premium-qualit\u00e4t<br \/>\n\u2714 handgefertigt<br \/>\n\u2714 nicht an tieren getestet<\/strong><\/span><\/p>\n<p>&nbsp;<\/p>\n<h3>Gebrauchsanweisung f\u00fcr den Eco Cube Lufterfrischer<\/h3>\n<p><strong>Lufterfrischer in Innenr\u00e4umen:<\/strong><\/p>\n<ul>\n<li><strong>Abdeckung:<\/strong> Ein Glas erfrischt einen Raum von bis zu 20 m\u00b2.<\/li>\n<li><strong>Dauer:<\/strong> Bei dauerhaft ge\u00f6ffnetem Deckel h\u00e4lt der Duft bis zu 2 Monate, ohne an Intensit\u00e4t zu verlieren.<\/li>\n<\/ul>\n<p><strong>Verwendung in Schr\u00e4nken:<\/strong><\/p>\n<ul>\n<li>Jeder W\u00fcrfel hat ein kleines Loch und wird mit einer dekorativen Schnur geliefert.<\/li>\n<li><strong>Anbringung:<\/strong> Die Schnur durch die L\u00f6cher ziehen und die W\u00fcrfel an einem Kleiderb\u00fcgel im Schrank aufh\u00e4ngen.<\/li>\n<\/ul>\n<p><strong>Verwendung im Auto:<\/strong><\/p>\n<ul>\n<li><strong>Empfehlung:<\/strong> Die W\u00fcrfel nicht aus dem Glas nehmen. \u00d6ffnen Sie den Deckel f\u00fcr einen erfrischenden Duft.<\/li>\n<\/ul>\n<p>Genie\u00dfen Sie die Frische und den therapeutischen Duft von Minze in Ihrem Zuhause, Kleiderschrank oder Auto!<\/p>\n<p>&nbsp;<\/p>","protected":false},"excerpt":{"rendered":"<p>U\u017eivajte u sve\u017eem domu uz na\u0161 aromati\u010dni osve\u017eiva\u010d vazduha od 100% soja voska i esencijalnog ulja mente.<\/p>\n<p>Savr\u0161ena kombinacija za osve\u017eavanje vazduha i stvaranje opu\u0161taju\u0107e atmosfere.<br \/>\nUpotrebom ove elegantne staklene teglice, dodajte da\u0161ak luksuza svakom prostoru.<br \/>\n\u010cuvajte u originalnoj ambala\u017ei za produ\u017eenu sve\u017einu. Neto te\u017eina 35g.<\/p>\n<p>Idealno za aromaterapiju ili jednostavno ulep\u0161avanje va\u0161eg doma.<\/p>","protected":false},"featured_media":14982,"comment_status":"open","ping_status":"closed","template":"","meta":{"wprm-recipe-roundup-name":"","wprm-recipe-roundup-description":""},"product_brand":[],"product_cat":[136,26,95],"product_tag":[],"class_list":{"0":"post-6319","1":"product","2":"type-product","3":"status-publish","4":"has-post-thumbnail","6":"product_cat-osvezivac-vazduha","7":"product_cat-aromaterapija","8":"product_cat-veganska-kozmetika","10":"first","11":"instock","12":"taxable","13":"shipping-taxable","14":"purchasable","15":"product-type-simple"},"_links":{"self":[{"href":"https:\/\/balavander.com\/de\/wp-json\/wp\/v2\/product\/6319","targetHints":{"allow":["GET"]}}],"collection":[{"href":"https:\/\/balavander.com\/de\/wp-json\/wp\/v2\/product"}],"about":[{"href":"https:\/\/balavander.com\/de\/wp-json\/wp\/v2\/types\/product"}],"replies":[{"embeddable":true,"href":"https:\/\/balavander.com\/de\/wp-json\/wp\/v2\/comments?post=6319"}],"wp:featuredmedia":[{"embeddable":true,"href":"https:\/\/balavander.com\/de\/wp-json\/wp\/v2\/media\/14982"}],"wp:attachment":[{"href":"https:\/\/balavander.com\/de\/wp-json\/wp\/v2\/media?parent=6319"}],"wp:term":[{"taxonomy":"product_brand","embeddable":true,"href":"https:\/\/balavander.com\/de\/wp-json\/wp\/v2\/product_brand?post=6319"},{"taxonomy":"product_cat","embeddable":true,"href":"https:\/\/balavander.com\/de\/wp-json\/wp\/v2\/product_cat?post=6319"},{"taxonomy":"product_tag","embeddable":true,"href":"https:\/\/balavander.com\/de\/wp-json\/wp\/v2\/product_tag?post=6319"}],"curies":[{"name":"wp","href":"https:\/\/api.w.org\/{rel}","templated":true}]}}