{"id":6314,"date":"2022-01-31T22:36:31","date_gmt":"2022-01-31T21:36:31","guid":{"rendered":"https:\/\/balavander.com\/?post_type=product&#038;p=6314"},"modified":"2026-04-16T02:28:16","modified_gmt":"2026-04-16T00:28:16","slug":"flora-ruzmarinovo-ulje-za-kosu","status":"publish","type":"product","link":"https:\/\/balavander.com\/de\/prodavnica\/flora-ruzmarinovo-ulje-za-kosu\/","title":{"rendered":"Flora - Rosmarin\u00f6l f\u00fcr die Haare"},"content":{"rendered":"<div class=\"_xlr\">\n<h3>Rosmarin Haar\u00f6l \u2013 Nat\u00fcrliche Pflege f\u00fcr Haarwachstum und Haargesundheit<\/h3>\n<p class=\"mb-2 whitespace-pre-line last:mb-0\"><strong>Produktbeschreibung<\/strong><br \/>\nRosmarin Haar\u00f6l ist ein 100% nat\u00fcrliches Produkt, das Haar, Kopfhaut, Augenbrauen, Wimpern und Bart n\u00e4hrt. Dieses nat\u00fcrliche Elixier enth\u00e4lt frische Rosmarinnadeln und unraffiniertes Oliven\u00f6l, sorgf\u00e4ltig ausgew\u00e4hlt, um maximale Vorteile f\u00fcr Ihr Haar und Ihre Haut zu bieten.<\/p>\n<p class=\"mb-2 whitespace-pre-line last:mb-0\"><strong>Produktvorteile<\/strong><\/p>\n<ul>\n<li><strong>Stimulation des Haarwachstums<\/strong>: Aktive Inhaltsstoffe des Rosmarins verbessern die Durchblutung am Scheitel des Kopfes und f\u00f6rdern das Wachstum neuer Haare.<\/li>\n<li><strong>St\u00e4rkung und Revitalisierung<\/strong>: N\u00e4hrt die Haarfollikel, reduziert Haarbruch und macht das Haar st\u00e4rker und widerstandsf\u00e4higer.<\/li>\n<li><strong>Kampf gegen Schuppen<\/strong>: Antimikrobielle Eigenschaften des Rosmarins reduzieren Schuppen und Kopfhautirritationen.<\/li>\n<li><strong>Nat\u00fcrlicher Glanz und Volumen<\/strong>: Ihr Haar wird voller, ges\u00fcnder und gl\u00e4nzender aussehen.<\/li>\n<\/ul>\n<p class=\"mb-2 whitespace-pre-line last:mb-0\"><strong><br \/>\nAnwendung<\/strong><br \/>\nTragen Sie ein paar Tropfen \u00d6l auf trockene Teile von Haar, Kopfhaut oder Bart auf, dann sanft einmassieren. Einige Minuten einwirken lassen, damit die aktiven Inhaltsstoffe absorbiert werden.<br \/>\nF\u00fcr beste Ergebnisse regelm\u00e4\u00dfig verwenden.<br \/>\nDetails zur Anwendung k\u00f6nnen Sie in der detaillierten <a href=\"https:\/\/balavander.com\/de\/ruzmarinovo-ulje-prirodna-nega-kose\/\">Gebrauchsanweisung<\/a>.<\/p>\n<p><a class=\"button\" href=\"https:\/\/balavander.com\/de\/ruzmarinovo-ulje-prirodna-nega-kose\/\" target=\"_blank\" rel=\"noopener\">Gebrauchsanweisung<\/a><\/p>\n<p><strong><br \/>\nZutaten<\/strong>:<br \/>\n\u2013 Frische Rosmarinnadeln<br \/>\n\u2013 Unraffiniertes Oliven\u00f6l<\/p>\n<p><strong>Nettogewicht<\/strong>: 50 ml<\/p>\n<\/div>\n<p>&nbsp;<\/p>\n<p><span style=\"color: #008080;\"><strong>\u2714 100% nat\u00fcrlich<br \/>\n\u2714\u00a0vegan<br \/>\n\u2714 premium-qualit\u00e4t<br \/>\n\u2714 handgefertigt<br \/>\n\u2714 nicht an tieren getestet<\/strong><\/span><\/p>\n<p>&nbsp;<\/p>\n<p><a href=\"https:\/\/balavander.com\/wp-content\/uploads\/2025\/02\/flora-ruzmarinovo-ulje-za-negu-kose.jpg\"><img fetchpriority=\"high\" decoding=\"async\" class=\"aligncenter wp-image-14968 size-large\" src=\"https:\/\/balavander.com\/wp-content\/uploads\/2025\/02\/flora-ruzmarinovo-ulje-za-negu-kose-1024x1024.jpg\" alt=\"flora-ruzmarinovo-ulje-za-kosu\" width=\"1024\" height=\"1024\" title=\"\" srcset=\"https:\/\/balavander.com\/wp-content\/uploads\/2025\/02\/flora-ruzmarinovo-ulje-za-negu-kose-1024x1024.jpg 1024w, https:\/\/balavander.com\/wp-content\/uploads\/2025\/02\/flora-ruzmarinovo-ulje-za-negu-kose-300x300.jpg 300w, https:\/\/balavander.com\/wp-content\/uploads\/2025\/02\/flora-ruzmarinovo-ulje-za-negu-kose-150x150.jpg 150w, https:\/\/balavander.com\/wp-content\/uploads\/2025\/02\/flora-ruzmarinovo-ulje-za-negu-kose-768x768.jpg 768w, https:\/\/balavander.com\/wp-content\/uploads\/2025\/02\/flora-ruzmarinovo-ulje-za-negu-kose-12x12.jpg 12w, https:\/\/balavander.com\/wp-content\/uploads\/2025\/02\/flora-ruzmarinovo-ulje-za-negu-kose-500x500.jpg 500w, https:\/\/balavander.com\/wp-content\/uploads\/2025\/02\/flora-ruzmarinovo-ulje-za-negu-kose-450x450.jpg 450w, https:\/\/balavander.com\/wp-content\/uploads\/2025\/02\/flora-ruzmarinovo-ulje-za-negu-kose-900x900.jpg 900w, https:\/\/balavander.com\/wp-content\/uploads\/2025\/02\/flora-ruzmarinovo-ulje-za-negu-kose-100x100.jpg 100w, https:\/\/balavander.com\/wp-content\/uploads\/2025\/02\/flora-ruzmarinovo-ulje-za-negu-kose-50x50.jpg 50w, https:\/\/balavander.com\/wp-content\/uploads\/2025\/02\/flora-ruzmarinovo-ulje-za-negu-kose.jpg 1080w\" sizes=\"(max-width: 1024px) 100vw, 1024px\" \/><\/a><\/p>\n<p>&nbsp;<\/p>\n<h2>\ud83c\udf3f <strong>Wie verwendet man Rosmarin\u00f6l?<\/strong><\/h2>\n<p class=\"mb-2 whitespace-pre-line last:mb-0\"><strong>Flora Rosmarin\u00f6l<\/strong> ist ein vielseitiges nat\u00fcrliches Produkt, das Sie verwenden k\u00f6nnen f\u00fcr <strong>Haar-, Kopfhaut-, Augenbrauen-, Wimpern- oder Bartpflege<\/strong>.<br \/>\nDieses 100% nat\u00fcrliche Elixier, hergestellt aus frischen Rosmarinnadeln, die in unraffiniertem Oliven\u00f6l infundiert sind, bietet zahlreiche Vorteile f\u00fcr Ihre Sch\u00f6nheit.<\/p>\n<h3><strong>Anwendung:<\/strong><\/h3>\n<p class=\"mb-2 whitespace-pre-line last:mb-0\"><strong>F\u00fcr Haar und Kopfhaut:<\/strong> Tragen Sie ein paar Tropfen \u00d6l auf trockene Teile von Haar und Kopfhaut auf, dann sanft mit kreisenden Bewegungen einmassieren. 30 Minuten bis \u00fcber Nacht einwirken lassen, dann mit einem milden Shampoo waschen.<\/p>\n<p class=\"mb-2 whitespace-pre-line last:mb-0\"><strong>F\u00fcr Augenbrauen und Wimpern:<\/strong> Vorsichtig eine kleine Menge mit einem Pinsel oder den Fingern auftragen. \u00dcber Nacht einwirken lassen zur Wachstumsstimulation und St\u00e4rkung der H\u00e4rchen.<\/p>\n<p class=\"mb-2 whitespace-pre-line last:mb-0\"><strong>F\u00fcr den Bart:<\/strong> In die Haut unter dem Bart und durch die Haare einmassieren. Macht den Bart weicher, gl\u00e4nzender und regt das Wachstum neuer Haare an.<\/p>\n<p class=\"mb-2 whitespace-pre-line last:mb-0\"><strong>Hinzuf\u00fcgen zum Shampoo:<\/strong> 10 Tropfen Rosmarin\u00f6l zu nat\u00fcrlichem Shampoo hinzuf\u00fcgen f\u00fcr zus\u00e4tzliche Pflege beim Waschen.<\/p>\n<h3><strong>\ud83c\udf31 Vorteile der regelm\u00e4\u00dfigen Anwendung:<\/strong><\/h3>\n<ul>\n<li><strong>Stimuliert das Wachstum<\/strong> \u2013 verbessert die Durchblutung und n\u00e4hrt die Follikel<\/li>\n<li><strong>St\u00e4rkt und revitalisiert<\/strong> \u2013 reduziert Haarbruch<\/li>\n<li><strong>Bek\u00e4mpft Schuppen<\/strong> &#8211; antimikrobna svojstva<\/li>\n<li><strong>Verleiht Glanz und Volumen<\/strong> \u2013 das Haar sieht ges\u00fcnder und voller aus<\/li>\n<li><strong>Nat\u00fcrliche Reinigung<\/strong> \u2013 entfernt Talg und Unreinheiten<\/li>\n<\/ul>\n<h3><strong>\u26a0\ufe0f Wichtige Hinweise:<\/strong><\/h3>\n<p class=\"mb-2 whitespace-pre-line last:mb-0\">F\u00fcr beste Ergebnisse regelm\u00e4\u00dfig 2-3 Mal pro Woche verwenden.<br \/>\nDie Ergebnisse sind schrittweise und nach 4-6 Wochen sichtbar.<br \/>\nTesten Sie auf einer kleinen Hautstelle vor der ersten Anwendung.<\/p>\n<p>&nbsp;<\/p>\n<section class=\"elementor-section elementor-top-section elementor-element elementor-element-49aef30 elementor-section-boxed elementor-section-height-default elementor-section-height-default\" data-id=\"49aef30\" data-element_type=\"section\">\n<div class=\"elementor-container elementor-column-gap-default\">\n<div class=\"elementor-row\">\n<div class=\"elementor-column elementor-col-100 elementor-top-column elementor-element elementor-element-7ac26f5\" data-id=\"7ac26f5\" data-element_type=\"column\">\n<div class=\"elementor-column-wrap elementor-element-populated\">\n<div class=\"elementor-widget-wrap\">\n<div class=\"elementor-element elementor-element-40d5b02 elementor-widget elementor-widget-heading\" data-id=\"40d5b02\" data-element_type=\"widget\" data-widget_type=\"heading.default\">\n<div class=\"elementor-widget-container\">\n<h3 class=\"elementor-heading-title elementor-size-default\"><strong>Wann sind die Ergebnisse der Verwendung von Rosmarin\u00f6l sichtbar?<\/strong><\/h3>\n<\/div>\n<\/div>\n<\/div>\n<\/div>\n<\/div>\n<\/div>\n<\/div>\n<\/section>\n<section class=\"elementor-section elementor-top-section elementor-element elementor-element-bc101fa elementor-section-boxed elementor-section-height-default elementor-section-height-default\" data-id=\"bc101fa\" data-element_type=\"section\">\n<div class=\"elementor-container elementor-column-gap-default\">\n<div class=\"elementor-row\">\n<div class=\"elementor-column elementor-col-100 elementor-top-column elementor-element elementor-element-d703128\" data-id=\"d703128\" data-element_type=\"column\">\n<div class=\"elementor-column-wrap elementor-element-populated\">\n<div class=\"elementor-widget-wrap\">\n<div class=\"elementor-element elementor-element-a02f20e elementor-widget elementor-widget-text-editor\" data-id=\"a02f20e\" data-element_type=\"widget\" data-widget_type=\"text-editor.default\">\n<div class=\"elementor-widget-container\">\n<div class=\"elementor-text-editor elementor-clearfix\">\n<p>Zeit, wann Sie die ersten Ergebnisse der Anwendung sehen werden\u00a0<a href=\"https:\/\/balavander.com\/de\/ruzmarinovo-ulje-prirodna-nega-kose\/\">Rosmarin Haar\u00f6l<\/a>\u00a0kann je nach verschiedenen Faktoren variieren, wie Ihre individuellen Haareigenschaften, der Zustand der Kopfhaut und die Regelm\u00e4\u00dfigkeit der Produktanwendung. Im Allgemeinen bemerken die meisten Menschen bestimmte Ver\u00e4nderungen nach mehreren Wochen regelm\u00e4\u00dfiger Anwendung.<\/p>\n<p>Zum Beispiel werden Sie bemerken, dass Ihr Haar m\u00f6glicherweise weicher, gl\u00e4nzender und weniger bruchgef\u00e4hrdet ist. Auch wenn Sie ein Schuppenproblem haben, k\u00f6nnen Sie eine Verringerung der Schuppen und weniger Kopfhautirritationen bemerken. Rosmarin f\u00fcr das Haar ist ein nat\u00fcrlicher Weg, um Ihrem Haar seinen nat\u00fcrlichen Glanz zur\u00fcckzugeben und die Dichte Ihres Haares auf nat\u00fcrliche Weise zu erh\u00f6hen.<\/p>\n<p>Es ist jedoch wichtig, realistische Erwartungen zu haben. Rosmarin\u00f6l wird nicht magisch pl\u00f6tzliches Haarwachstum \u00fcber Nacht verursachen. Die Effekte k\u00f6nnen schrittweise und individuell sein. Die kontinuierliche Anwendung von Rosmarin\u00f6l auf Haar, Augenbrauen, Wimpern, Bart \u00fcber einen l\u00e4ngeren Zeitraum kann langanhaltende Ergebnisse liefern.<\/p>\n<p>Wenn nach l\u00e4ngerer Anwendung von Rosmarin\u00f6l keine Ver\u00e4nderungen bemerkt werden oder wenn Sie spezifische Sorgen oder Haarprobleme haben, wird eine Beratung mit einem Haarspezialisten oder Dermatologen empfohlen. Sie k\u00f6nnen zus\u00e4tzliche Ratschl\u00e4ge und Empfehlungen geben, die auf Ihre Bed\u00fcrfnisse zugeschnitten sind.<\/p>\n<\/div>\n<h3>Rosmarin f\u00fcr das Haar: Nat\u00fcrliches Elixier f\u00fcr gesundes und gl\u00e4nzendes Haar<\/h3>\n<p>Rosmarin ist mehr als ein Gew\u00fcrz in der K\u00fcche \u2013 er kann das Geheimnis f\u00fcr gesundes und gl\u00e4nzendes Haar sein. Dieser aromatische Pflanzenverb\u00fcndete verleiht nicht nur Gerichten Geschmack, sondern hat auch au\u00dfergew\u00f6hnliche Vorteile f\u00fcr das Haar. Wenn er als Inhaltsstoff in verschiedenen Haarpflegeprodukten oder als \u00e4therisches \u00d6l verwendet wird, kann Rosmarin den Gesamtzustand Ihres Haares verbessern.<\/p>\n<p>Einer der wichtigsten Vorteile von Rosmarin f\u00fcr das Haar ist seine F\u00e4higkeit, die Durchblutung am Scheitel des Kopfes zu verbessern, was zur St\u00e4rkung der Haarwurzeln und zur Reduzierung von Haarausfall beitragen kann. Au\u00dferdem besitzt Rosmarin antimikrobielle Eigenschaften, die dabei helfen k\u00f6nnen, eine gesunde Kopfhaut zu erhalten und Schuppen und Irritationen zu verhindern.<\/p>\n<p>Au\u00dferdem ist Rosmarin reich an Antioxidantien, die das Haar vor freien Radikalen sch\u00fctzen, was zur Vorbeugung von Haarsch\u00e4den und zur Erhaltung seines nat\u00fcrlichen Glanzes beitragen kann.<\/p>\n<p>Unter Ber\u00fccksichtigung dieser Vorteile wird Rosmarin f\u00fcr das Haar zu einem unverzichtbaren Bestandteil der Haarpflegeroutine f\u00fcr diejenigen, die gesundes, starkes und gl\u00e4nzendes Haar auf v\u00f6llig nat\u00fcrliche Weise erreichen m\u00f6chten.<\/p>\n<div class=\"elementor-text-editor elementor-clearfix\">\n<h3><strong>Rosmarin\u00f6l f\u00fcr das Haar, und Lavandin f\u00fcr die Haut!<\/strong><\/h3>\n<p>Lavandin\u00f6l kann f\u00fcr verschiedene Zwecke verwendet werden: f\u00fcr die Haut- und Gesichtspflege, besonders im Bereich um die Augen, zur Beruhigung von Irritationen und R\u00f6tungen auf der Haut oder als erste Hilfe bei Verbrennungen oder Insektenstichen, dann f\u00fcr die Haarpflege oder als Bart\u00f6l. Lavandin\u00f6l kann sogar in der Ern\u00e4hrung als Zusatz zu Salaten verwendet werden.<br \/>\nSchauen Sie sich das Lavandin\u00f6l an, das wir aus Lavendel von unserem Feld herstellen.<\/p>\n<p><a href=\"https:\/\/balavander.com\/de\/prodavnica\/flora-lavanda-serum-za-lice\/\" rel=\"https:\/\/balavander.com\/prodavnica\/flora-lavanda-serum-za-lice\/\"><img decoding=\"async\" class=\"wp-image-10079 size-large aligncenter\" src=\"https:\/\/balavander.com\/wp-content\/uploads\/2023\/09\/floraautolavandinoautoujeautozaautolice-1024x1024.jpg\" alt=\"\" width=\"1024\" height=\"1024\" title=\"\" srcset=\"https:\/\/balavander.com\/wp-content\/uploads\/2023\/09\/floraautolavandinoautoujeautozaautolice-1024x1024.jpg 1024w, https:\/\/balavander.com\/wp-content\/uploads\/2023\/09\/floraautolavandinoautoujeautozaautolice-450x450.jpg 450w, https:\/\/balavander.com\/wp-content\/uploads\/2023\/09\/floraautolavandinoautoujeautozaautolice-100x100.jpg 100w, https:\/\/balavander.com\/wp-content\/uploads\/2023\/09\/floraautolavandinoautoujeautozaautolice-900x900.jpg 900w, https:\/\/balavander.com\/wp-content\/uploads\/2023\/09\/floraautolavandinoautoujeautozaautolice-300x300.jpg 300w, https:\/\/balavander.com\/wp-content\/uploads\/2023\/09\/floraautolavandinoautoujeautozaautolice-150x150.jpg 150w, https:\/\/balavander.com\/wp-content\/uploads\/2023\/09\/floraautolavandinoautoujeautozaautolice-768x768.jpg 768w, https:\/\/balavander.com\/wp-content\/uploads\/2023\/09\/floraautolavandinoautoujeautozaautolice-12x12.jpg 12w, https:\/\/balavander.com\/wp-content\/uploads\/2023\/09\/floraautolavandinoautoujeautozaautolice-500x500.jpg 500w, https:\/\/balavander.com\/wp-content\/uploads\/2023\/09\/floraautolavandinoautoujeautozaautolice.jpg 1080w\" sizes=\"(max-width: 1024px) 100vw, 1024px\" \/><\/a><\/p>\n<\/div>\n<\/div>\n<\/div>\n<\/div>\n<\/div>\n<\/div>\n<\/div>\n<\/div>\n<\/section>","protected":false},"excerpt":{"rendered":"<p>Erfrischen Sie Ihre Sch\u00f6nheitsroutine mit unserem 100% nat\u00fcrlichen Rosmarin\u00f6l f\u00fcr die Pflege von Haut, Haar und Bart.<\/p>\n<p>Dieses vegane Premium-Qualit\u00e4tsprodukt, handgefertigt, bietet zahlreiche Vorteile, einschlie\u00dflich der Stimulation des Haarwachstums, der St\u00e4rkung der Kopfhaut und der Reduzierung von Schuppen.<br \/>\nMit Inhaltsstoffen wie frischen Rosmarinnadeln und unraffiniertem Oliven\u00f6l verleiht dieses \u00d6l Ihrem Haar Glanz, Volumen und St\u00e4rke.<\/p>\n<p>Die Ergebnisse sind schrittweise, aber langanhaltend. Erfrischen Sie Ihre Sch\u00f6nheit auf nat\u00fcrliche Weise!<\/p>\n<p><strong>Netto: 50 ml<\/strong><\/p>","protected":false},"featured_media":14967,"comment_status":"open","ping_status":"closed","template":"","meta":{"wprm-recipe-roundup-name":"","wprm-recipe-roundup-description":""},"product_brand":[],"product_cat":[331,26,364,93,92,30,95],"product_tag":[336,311],"class_list":{"0":"post-6314","1":"product","2":"type-product","3":"status-publish","4":"has-post-thumbnail","6":"product_cat-infuzovano-ulje","7":"product_cat-aromaterapija","8":"product_cat-nega-brade","9":"product_cat-nega-kose","10":"product_cat-nega-koze","11":"product_cat-prirodna-kozmetika","12":"product_cat-veganska-kozmetika","13":"product_tag-macerat","14":"product_tag-ruzmarin","16":"first","17":"instock","18":"taxable","19":"shipping-taxable","20":"purchasable","21":"product-type-simple"},"_links":{"self":[{"href":"https:\/\/balavander.com\/de\/wp-json\/wp\/v2\/product\/6314","targetHints":{"allow":["GET"]}}],"collection":[{"href":"https:\/\/balavander.com\/de\/wp-json\/wp\/v2\/product"}],"about":[{"href":"https:\/\/balavander.com\/de\/wp-json\/wp\/v2\/types\/product"}],"replies":[{"embeddable":true,"href":"https:\/\/balavander.com\/de\/wp-json\/wp\/v2\/comments?post=6314"}],"wp:featuredmedia":[{"embeddable":true,"href":"https:\/\/balavander.com\/de\/wp-json\/wp\/v2\/media\/14967"}],"wp:attachment":[{"href":"https:\/\/balavander.com\/de\/wp-json\/wp\/v2\/media?parent=6314"}],"wp:term":[{"taxonomy":"product_brand","embeddable":true,"href":"https:\/\/balavander.com\/de\/wp-json\/wp\/v2\/product_brand?post=6314"},{"taxonomy":"product_cat","embeddable":true,"href":"https:\/\/balavander.com\/de\/wp-json\/wp\/v2\/product_cat?post=6314"},{"taxonomy":"product_tag","embeddable":true,"href":"https:\/\/balavander.com\/de\/wp-json\/wp\/v2\/product_tag?post=6314"}],"curies":[{"name":"wp","href":"https:\/\/api.w.org\/{rel}","templated":true}]}}