{"id":5744,"date":"2021-12-10T13:42:00","date_gmt":"2021-12-10T12:42:00","guid":{"rendered":"https:\/\/balavander.com\/?post_type=product&#038;p=5744"},"modified":"2026-04-24T02:28:17","modified_gmt":"2026-04-24T00:28:17","slug":"eco-glow-akacija-sojina-sveca","status":"publish","type":"product","link":"https:\/\/balavander.com\/de\/prodavnica\/eco-glow-akacija-sojina-sveca\/","title":{"rendered":"Eco Glow - Akazie - Duftkerze"},"content":{"rendered":"<div class=\"_xlr\">\n<p><strong>Eco Glow Akazie<\/strong> ist eine einzigartige Duftkerze, verziert mit getrockneten Blumen und Himalaya\u2011Salzkristallen, hergestellt aus 100 % nat\u00fcrlichem Sojawachs.<br \/>\nDuft dieser Kerze w\u00fcrden wir beschreiben als <strong>den verf\u00fchrerischen Duft von wei\u00dfer Akazie.<\/strong><\/p>\n<\/div>\n<p>Sojakerzen sind viel sicherer und deutlich ges\u00fcnder als herk\u00f6mmliche Kerzen aus Paraffinwachs.<br \/>\nSie werden aus Wachs pflanzlichen Ursprungs hergestellt, das keine krebserregenden Partikel enth\u00e4lt und beim Brennen keinen Rauch abgibt.<br \/>\nSie sind sicher in R\u00e4umen zu verwenden, in denen sich Schwangere und Kinder aufhalten.<\/p>\n<p class=\"translation-block\">Sojawachs ist biologisch abbaubar und wirkt sich nicht negativ auf die Umwelt aus.\nDa Sojakerzen ausschlie\u00dflich aus pflanzlichen Inhaltsstoffen hergestellt werden, sind sie f\u00fcr Veganer geeignet.\nDie Brenndauer ist ebenfalls deutlich l\u00e4nger als bei herk\u00f6mmlichen Kerzen.\nNach dem Gebrauch k\u00f6nnen Sie das Gef\u00e4\u00df anderweitig verwenden, da sich Wachsreste leicht entfernen lassen.<\/p>\n<p>HINWEIS: Jedes St\u00fcck ist ein Unikat. Wenn Sie besondere W\u00fcnsche zu Farben oder Design haben, f\u00fcgen Sie Ihrer Bestellung bitte eine Notiz hinzu.<\/p>\n<p><strong>Nettogewicht<\/strong>: 130 g<br \/>\n<strong>Brenndauer: <\/strong>30+ Stunden<\/p>\n<p>&nbsp;<\/p>\n<p><span style=\"color: #008080;\"><strong>\u2714 100% nat\u00fcrlich<br \/>\n\u2714\u00a0vegan<br \/>\n\u2714 premium-qualit\u00e4t<br \/>\n\u2714 handgefertigt<br \/>\n\u2714 nicht an tieren getestet<\/strong><\/span><\/p>\n<p>&nbsp;<\/p>\n<p><iframe title=\"YouTube video player\" src=\"https:\/\/www.youtube.com\/embed\/elG_kHEkd00?controls=0\" width=\"560\" height=\"315\" frameborder=\"0\" allowfullscreen=\"allowfullscreen\"><\/iframe><\/p>\n<p>&nbsp;<\/p>\n<p>In einer Welt, in der immer mehr Menschen zu nat\u00fcrlichen und wohltuenden Produkten f\u00fcr ihr Zuhause und ihre Umgebung greifen, werden nat\u00fcrliche Duftkerzen immer beliebter.\nUnsere Kollektion von Duftkerzen wurde mit besonderer Sorgfalt f\u00fcr die Natur und Ihr Wohlbefinden entwickelt.\nDurch die Verwendung von reinem Sojawachs und hochwertigsten \u00e4therischen \u00d6len haben wir Duftkerzen geschaffen, die nicht nur einen wunderbaren Duft, sondern auch ein Gef\u00fchl innerer Ruhe vermitteln.<\/p>\n<h3>Die Vollkommenheit nat\u00fcrlicher Inhaltsstoffe<\/h3>\n<p>Unsere Duftkerze zeichnet sich durch die Verwendung von reinem Sojawachs aus, das nicht nur l\u00e4nger brennt als herk\u00f6mmliches Wachs, sondern auch umweltfreundlich ist.\nSojawachs ist eine erneuerbare Ressource und setzt beim Brennen keine sch\u00e4dlichen Toxine frei, wodurch die Luft in Ihrem Zuhause sauber bleibt.<\/p>\n<p>Au\u00dferdem ist jede Duftkerze mit sorgf\u00e4ltig ausgew\u00e4hlten, reinen \u00e4therischen \u00d6len angereichert.\n\u00c4therische \u00d6le sorgen nicht nur f\u00fcr einen wunderbaren und lang anhaltenden Duft, sondern bieten auch therapeutische Vorteile, die Entspannung, Balance und das Wohlbefinden von K\u00f6rper und Geist f\u00f6rdern.<\/p>","protected":false},"excerpt":{"rendered":"<p>Genie\u00dfen Sie das Einzigartige <strong>Eco Glow Akazie<\/strong> duftkerze, hergestellt aus 100 % nat\u00fcrlichem Sojawachs<br \/>\nDieser verf\u00fchrerische Duft von wei\u00dfer Akazie wird Ihren Raum verzaubern.<\/p>\n<p>Sojawachs garantiert Sicherheit f\u00fcr Schwangere und Kinder, ohne Rauch und krebserregende Partikel.<br \/>\n\u00d6kologisch vertr\u00e4glich, biologisch abbaubar und veganfreundlich \u2013 diese Kerzen bieten nicht nur einen wunderbaren Duft, sondern auch eine lange Brenndauer.<br \/>\nJede Kerze ist einzigartig, und die Verpackung l\u00e4sst sich leicht recyceln.<\/p>\n<p>Erleben Sie nat\u00fcrliche Harmonie mit Kerzen von h\u00f6chster Qualit\u00e4t, handgefertigt und ohne Tierversuche.<br \/>\nNetto: 130 g, Brenndauer: 30+ Stunden<\/p>","protected":false},"featured_media":5745,"comment_status":"open","ping_status":"closed","template":"","meta":{"wprm-recipe-roundup-name":"","wprm-recipe-roundup-description":""},"product_brand":[],"product_cat":[28,26,95],"product_tag":[],"class_list":{"0":"post-5744","1":"product","2":"type-product","3":"status-publish","4":"has-post-thumbnail","6":"product_cat-mirisne-svece-od-sojinog-voska","7":"product_cat-aromaterapija","8":"product_cat-veganska-kozmetika","10":"first","11":"onbackorder","12":"taxable","13":"shipping-taxable","14":"purchasable","15":"product-type-simple"},"_links":{"self":[{"href":"https:\/\/balavander.com\/de\/wp-json\/wp\/v2\/product\/5744","targetHints":{"allow":["GET"]}}],"collection":[{"href":"https:\/\/balavander.com\/de\/wp-json\/wp\/v2\/product"}],"about":[{"href":"https:\/\/balavander.com\/de\/wp-json\/wp\/v2\/types\/product"}],"replies":[{"embeddable":true,"href":"https:\/\/balavander.com\/de\/wp-json\/wp\/v2\/comments?post=5744"}],"wp:featuredmedia":[{"embeddable":true,"href":"https:\/\/balavander.com\/de\/wp-json\/wp\/v2\/media\/5745"}],"wp:attachment":[{"href":"https:\/\/balavander.com\/de\/wp-json\/wp\/v2\/media?parent=5744"}],"wp:term":[{"taxonomy":"product_brand","embeddable":true,"href":"https:\/\/balavander.com\/de\/wp-json\/wp\/v2\/product_brand?post=5744"},{"taxonomy":"product_cat","embeddable":true,"href":"https:\/\/balavander.com\/de\/wp-json\/wp\/v2\/product_cat?post=5744"},{"taxonomy":"product_tag","embeddable":true,"href":"https:\/\/balavander.com\/de\/wp-json\/wp\/v2\/product_tag?post=5744"}],"curies":[{"name":"wp","href":"https:\/\/api.w.org\/{rel}","templated":true}]}}