{"id":5468,"date":"2021-11-19T15:22:03","date_gmt":"2021-11-19T14:22:03","guid":{"rendered":"https:\/\/balavander.com\/?post_type=product&#038;p=5468"},"modified":"2026-04-16T02:27:50","modified_gmt":"2026-04-16T00:27:50","slug":"essence-krema-sa-cinkom","status":"publish","type":"product","link":"https:\/\/balavander.com\/de\/prodavnica\/essence-krema-sa-cinkom\/","title":{"rendered":"Essence - nat\u00fcrliche Creme mit Zink"},"content":{"rendered":"<h2>Essence Zinkcreme: Nat\u00fcrliche Pflege f\u00fcr empfindliche Haut<\/h2>\n<p>Essence Zinkcreme ist ideal zur Pflege empfindlicher Haut, insbesondere im Windelbereich bei Babys.\nDiese nat\u00fcrliche Creme vereint die Kraft von Zink mit Heilkr\u00e4utern und bietet wirksamen Schutz und Feuchtigkeit f\u00fcr die empfindlichsten K\u00f6rperpartien.<\/p>\n<h3>Warum Essence Zinkcreme w\u00e4hlen?<\/h3>\n<p><strong>Zink als Schl\u00fcsselinhaltsstoff<\/strong>: Zink ist f\u00fcr seine entz\u00fcndungshemmenden und beruhigenden Eigenschaften bekannt.\nEssence Zinkcreme hilft, Irritationen, R\u00f6tungen und Entz\u00fcndungen zu reduzieren und ist daher ideal f\u00fcr die t\u00e4gliche Pflege empfindlicher Haut bei Babys und Erwachsenen.<\/p>\n<p><strong>Nat\u00fcrliche Formel<\/strong>: Essence Zinkcreme ist zu 100 % nat\u00fcrlich, frei von Zusatzstoffen und Chemikalien.\nIhre sorgf\u00e4ltig ausgew\u00e4hlten Inhaltsstoffe umfassen pflanzliche \u00d6le, Bienenwachs und Extrakte von Heilpflanzen wie Immortelle, Lavendel, Melisse und Kamille, die gemeinsam eine reichhaltige Pflege und einen Schutz f\u00fcr die Haut bieten.<\/p>\n<h3>Zinkcreme \u2013 Zusammensetzung<\/h3>\n<ul>\n<li><strong>Cera Alba<\/strong> (Bienenwachs)<\/li>\n<li><strong>Butyrospermum parkii<\/strong> (Sheabutter)<\/li>\n<li><strong>Mangifera indica<\/strong> (Mangobutter)<\/li>\n<li><strong>Zinci Oxidum Non Nano<\/strong> (Zinkoxid)<\/li>\n<li><strong>Triticum Vulgare (Wheat) Germ Oil<\/strong> (Weizenkeim\u00f6l)<\/li>\n<li><strong>Simmondsia Chinensis (Jojoba) Seed Oil<\/strong> (Jojoba\u00f6l)<\/li>\n<li><strong>Prunus Amygdalus Dulcis<\/strong> (Mandel\u00f6l)<\/li>\n<li><strong>Sodium Cocoate<\/strong> (Kokos\u00f6l)<\/li>\n<li><strong>Sodium Olivate<\/strong> (Oliven\u00f6l)<\/li>\n<li><strong>Helianthus Annuus Seed Oil<\/strong> (Sonnenblumen\u00f6l)<\/li>\n<li><strong>dl-Alpha Tocopheryl Acetate<\/strong> (Vitamin E)<\/li>\n<li><strong>Calendula officinalis<\/strong> (Ringelblume)<\/li>\n<li><strong>Helichrysum arenarium<\/strong> (Immortelle)<\/li>\n<li><strong>Melissa officinalis<\/strong> (Melisse)<\/li>\n<li><strong>Lavandula angustifolia<\/strong> (Lavendel)<\/li>\n<li><strong>Plantago<\/strong> (Spitzwegerich)<\/li>\n<li><strong>Matricaria chamomilla<\/strong> (Kamille)<\/li>\n<li><strong>Achillea collina<\/strong> (Schafgarbe)<\/li>\n<li><strong>Mentha Piperita Oil<\/strong> (Pfefferminze)<\/li>\n<li><strong>Melaleuca Alternafolia<\/strong> (Teebaum)<\/li>\n<li><strong>Pinus sibirica seed oil<\/strong> (Sibirische Kiefer)<\/li>\n<li><strong>Cymbopogon Flexuosus oil<\/strong> (Zitronengras)<\/li>\n<\/ul>\n<p><strong>Netto: 80 g<\/strong><\/p>\n<p>&nbsp;<\/p>\n<p><strong>Anwendung:<\/strong> Essence <strong>Zinkcreme<\/strong> ist ein ideales Mittel zur Pflege empfindlicher Haut und des Windelbereichs bei Babys.\nDiese nat\u00fcrliche Creme bietet einen wirksamen Schutz und Pflege und hilft, Irritationen und R\u00f6tungen zu verringern.\nSie kann t\u00e4glich verwendet werden und ist damit ein unverzichtbarer Begleiter in der Pflegeroutine sehr empfindlicher Haut.<\/p>\n<p><strong>Gebrauchsanweisung:<\/strong> Vor der Anwendung die Creme an einem k\u00fchlen, trockenen Ort in der Originalverpackung aufbewahren, um alle ihre wertvollen Inhaltsstoffe zu erhalten.\nEssence Zinkcreme wird in einer d\u00fcnnen Schicht auf die saubere, trockene Haut aufgetragen, insbesondere im Windelbereich von Babys, wo sie als Schutzschicht wirkt.\nDank ihrer nat\u00fcrlichen Zusammensetzung kann sie auch als Universalsalbe f\u00fcr Gesicht und K\u00f6rper verwendet werden.<\/p>\n<p><span style=\"color: #008080;\"><strong>\u2714 100% nat\u00fcrlich<br \/>\n\u2714 premium-qualit\u00e4t<br \/>\n\u2714 handgefertigt<br \/>\n\u2714 nicht an tieren getestet<\/strong><\/span><\/p>\n<h3>Wie tr\u00e4gt Essence Zinkcreme zur Hautpflege bei?<\/h3>\n<p><strong>Pflege des Windelbereichs bei Babys<\/strong><\/p>\n<p>Essence Zinkcreme ist eine ideale Creme f\u00fcr Babys.\nIhre milde, aber wirksame Formel hilft, den Windelbereich vor Irritationen und R\u00f6tungen zu sch\u00fctzen.\nZinkoxid wirkt als Schutzschicht, die verhindert, dass Feuchtigkeit mit der empfindlichen Haut in Kontakt kommt, und verringert so das Risiko von Windelausschlag.<\/p>\n<p><strong>Behandlung problematischer Haut bei Erwachsenen<\/strong><\/p>\n<p>Diese Creme ist nicht nur f\u00fcr Babys \u2013 Essence Zinkcreme bietet auch Erwachsenen eine hervorragende Pflege.\nZink hilft, die Talgproduktion zu regulieren, \u00fcbersch\u00fcssiges Fett zu reduzieren und der Entstehung von Akne vorzubeugen.\nDank ihrer entz\u00fcndungshemmenden Eigenschaften ist sie zudem ideal zur Behandlung von zu Ekzemen, Psoriasis und anderen Entz\u00fcndungszust\u00e4nden neigender Haut.<\/p>\n<h3>Vorteile der nat\u00fcrlichen Zinkcreme<\/h3>\n<p><strong>Zink \u2013 ein Schl\u00fcsselfaktor f\u00fcr gesunde Haut<\/strong><\/p>\n<p>Zinkoxid ist der Hauptbestandteil dieser Creme und ist daf\u00fcr bekannt, die Regeneration der Haut zu beschleunigen, Entz\u00fcndungen zu reduzieren und vor \u00e4u\u00dferen Reizstoffen zu sch\u00fctzen.\nEssence Zinkcreme ist so formuliert, dass sie langanhaltenden Schutz und Feuchtigkeit spendet und sich somit ideal f\u00fcr die t\u00e4gliche Anwendung eignet.<\/p>\n<p><strong>Heilkr\u00e4uter f\u00fcr zus\u00e4tzliche Pflege<\/strong><\/p>\n<p>Neben Zink enth\u00e4lt die Essence Zinkcreme auch Heilpflanzen wie Immortelle, Lavendel, Melisse und Kamille.\nDiese nat\u00fcrlichen Inhaltsstoffe beruhigen die Haut zus\u00e4tzlich, spenden Feuchtigkeit und helfen, ihren nat\u00fcrlichen Glanz wiederherzustellen.<\/p>\n<h3>Wie verwendet man die Essence Zinkcreme?<\/h3>\n<p><strong>Tipps f\u00fcr optimale Ergebnisse<\/strong><\/p>\n<p>Vor der Anwendung die Essence Zinkcreme an einem k\u00fchlen, trockenen Ort in der Originalverpackung aufbewahren.\nEine d\u00fcnne Schicht der Creme auf die saubere, trockene Haut auftragen.\nBei Babys insbesondere im Windelbereich auftragen, bei Erwachsenen auf empfindliche Hautpartien oder zu Irritationen neigende Stellen geben.<\/p>\n<h3>Essence Zinkcreme: Nat\u00fcrliche Pflege f\u00fcr alle Generationen<\/h3>\n<p>Essence Zinkcreme ist nicht nur eine Creme f\u00fcr Babys \u2013 sie ist eine universelle L\u00f6sung f\u00fcr die ganze Familie.\nGanz gleich, ob du eine L\u00f6sung f\u00fcr Windelausschlag bei Babys oder eine Behandlung f\u00fcr problematische Haut bei Erwachsenen suchst \u2013 die Essence Zinkcreme bietet eine umfassende, nat\u00fcrliche Pflege, die deine Haut weich, gesund und gesch\u00fctzt hinterl\u00e4sst.<\/p>\n<p>&nbsp;<\/p>","protected":false},"excerpt":{"rendered":"<p>Essence <strong>Zinkcreme<\/strong> bietet eine sanfte und wirksame Pflege f\u00fcr empfindliche Haut, indem sie Zink mit Heilkr\u00e4utern kombiniert.<\/p>\n<p>Sie reduziert Entz\u00fcndungen, Reizungen und R\u00f6tungen und bietet antimikrobielle Eigenschaften.<br \/>\nDie milde Formel mit niedrigem pH\u2011Wert ist f\u00fcr empfindliche Haut geeignet, w\u00e4hrend pflanzliche Inhaltsstoffe wie Immortelle, Lavendel, Melisse und Kamille die Haut zus\u00e4tzlich beruhigen, mit Feuchtigkeit versorgen und ihren nat\u00fcrlichen Glanz wiederherstellen.<\/p>\n<p>Ideal f\u00fcr Kinder und Erwachsene, Essence <strong>Zinkcreme<\/strong> macht die Haut weich, glatt und strahlend.<br \/>\nErhalte die Gesundheit und Sch\u00f6nheit deiner Haut auf ganz nat\u00fcrliche Weise.<\/p>","protected":false},"featured_media":14978,"comment_status":"open","ping_status":"closed","template":"","meta":{"wprm-recipe-roundup-name":"","wprm-recipe-roundup-description":""},"product_brand":[],"product_cat":[142,92,143,30],"product_tag":[],"class_list":{"0":"post-5468","1":"product","2":"type-product","3":"status-publish","4":"has-post-thumbnail","6":"product_cat-prirodna-krema","7":"product_cat-nega-koze","8":"product_cat-nega-za-bebe","9":"product_cat-prirodna-kozmetika","11":"first","12":"instock","13":"taxable","14":"shipping-taxable","15":"purchasable","16":"product-type-simple"},"_links":{"self":[{"href":"https:\/\/balavander.com\/de\/wp-json\/wp\/v2\/product\/5468","targetHints":{"allow":["GET"]}}],"collection":[{"href":"https:\/\/balavander.com\/de\/wp-json\/wp\/v2\/product"}],"about":[{"href":"https:\/\/balavander.com\/de\/wp-json\/wp\/v2\/types\/product"}],"replies":[{"embeddable":true,"href":"https:\/\/balavander.com\/de\/wp-json\/wp\/v2\/comments?post=5468"}],"wp:featuredmedia":[{"embeddable":true,"href":"https:\/\/balavander.com\/de\/wp-json\/wp\/v2\/media\/14978"}],"wp:attachment":[{"href":"https:\/\/balavander.com\/de\/wp-json\/wp\/v2\/media?parent=5468"}],"wp:term":[{"taxonomy":"product_brand","embeddable":true,"href":"https:\/\/balavander.com\/de\/wp-json\/wp\/v2\/product_brand?post=5468"},{"taxonomy":"product_cat","embeddable":true,"href":"https:\/\/balavander.com\/de\/wp-json\/wp\/v2\/product_cat?post=5468"},{"taxonomy":"product_tag","embeddable":true,"href":"https:\/\/balavander.com\/de\/wp-json\/wp\/v2\/product_tag?post=5468"}],"curies":[{"name":"wp","href":"https:\/\/api.w.org\/{rel}","templated":true}]}}