{"id":5420,"date":"2021-11-18T15:48:18","date_gmt":"2021-11-18T14:48:18","guid":{"rendered":"https:\/\/balavander.com\/?post_type=product&#038;p=5420"},"modified":"2026-04-20T02:27:36","modified_gmt":"2026-04-20T00:27:36","slug":"eco-glow-sinus","status":"publish","type":"product","link":"https:\/\/balavander.com\/de\/prodavnica\/eco-glow-sinus\/","title":{"rendered":"Eco Glow - Sinus - Duftkerze"},"content":{"rendered":"<p><strong>Eco Glow \u2013 Sinus <\/strong>ist eine Duftkerze aus 100% nat\u00fcrlichem Sojawachs im Glastiegel.<br \/>\nDer Duft dieser Kerze l\u00e4sst sich als erfrischende Kombination aus Minze und Eukalyptus mit einem Hauch von kr\u00e4ftigem Teebaum\u00f6l beschreiben.<\/p>\n<p>Diese Kerze hilft Ihnen bei der Behandlung verstopfter Nasennebenh\u00f6hlen und Atemwege.<br \/>\nDer erfrischende Duft \u00e4therischer \u00d6le und von Sojawachs erf\u00fcllt Ihr Zuhause mit einem wunderbaren, belebenden Aroma und kann Ihnen zugleich helfen, Probleme mit den Nasennebenh\u00f6hlen leichter zu bew\u00e4ltigen.<\/p>\n<p>Empfohlen f\u00fcr Personen, die zu verschiedenen Allergien und Problemen mit verstopften Nasennebenh\u00f6hlen neigen.<\/p>\n<p>Sie k\u00f6nnen diese Kerze als Aromatherapie-Mittel oder zur Inhalation verwenden, da alle Inhaltsstoffe v\u00f6llig nat\u00fcrlich sind und keine unerw\u00fcnschten Nebenwirkungen zu bef\u00fcrchten sind.<\/p>\n<p>Sojakerzen sind viel sicherer und deutlich ges\u00fcnder als herk\u00f6mmliche Kerzen aus Paraffinwachs.<br \/>\nSie werden aus Wachs pflanzlichen Ursprungs hergestellt, das keine krebserregenden Partikel enth\u00e4lt und beim Brennen keinen Rauch abgibt.<br \/>\nSie sind sicher in R\u00e4umen zu verwenden, in denen sich Schwangere und Kinder aufhalten.<\/p>\n<p class=\"translation-block\">Sojawachs ist biologisch abbaubar und wirkt sich nicht negativ auf die Umwelt aus.\nDa Sojakerzen ausschlie\u00dflich aus pflanzlichen Inhaltsstoffen hergestellt werden, sind sie f\u00fcr Veganer geeignet.\nDie Brenndauer ist ebenfalls deutlich l\u00e4nger als bei herk\u00f6mmlichen Kerzen.\nNach dem Gebrauch k\u00f6nnen Sie das Gef\u00e4\u00df anderweitig verwenden, da sich Wachsreste leicht entfernen lassen.<\/p>\n<p><strong>Nettogewicht<\/strong>: 180 g<br \/>\n<strong>Brenndauer: <\/strong>40+ Stunden<\/p>","protected":false},"excerpt":{"rendered":"<div class=\"flex-1 overflow-hidden\">\n<div class=\"react-scroll-to-bottom--css-hcocl-79elbk h-full\">\n<div class=\"react-scroll-to-bottom--css-hcocl-1n7m0yu\">\n<div class=\"flex flex-col pb-9 text-sm\">\n<div class=\"w-full text-token-text-primary\" data-testid=\"conversation-turn-3\">\n<div class=\"px-4 py-2 justify-center text-base md:gap-6 m-auto\">\n<div class=\"flex flex-1 text-base mx-auto gap-3 md:px-5 lg:px-1 xl:px-5 md:max-w-3xl lg:max-w-[40rem] xl:max-w-[48rem] group final-completion\">\n<div class=\"relative flex w-full flex-col lg:w-[calc(100%-115px)] agent-turn\">\n<div class=\"flex-col gap-1 md:gap-3\">\n<div class=\"flex flex-grow flex-col max-w-full\">\n<div class=\"min-h-[20px] text-message flex flex-col items-start gap-3 whitespace-pre-wrap break-words [.text-message+&amp;]:mt-5 overflow-x-auto\" data-message-author-role=\"assistant\" data-message-id=\"2fb990d7-7a60-40f6-bc6c-4d1b127e280c\">\n<div class=\"markdown prose w-full break-words dark:prose-invert dark\">\n<p>Eco Glow &#8211; Sinus je prirodna sojina mirisna sve\u0107a koja donosi osve\u017eavaju\u0107u kombinaciju mente, eukaliptusa i \u010dajnog drveta.<\/p>\n<p>Savr\u0161ena za tretiranje za\u010depljenih sinusa i disajnih puteva, ova sve\u0107a pru\u017ea predivnu aromu eteri\u010dnih ulja i sojinog voska.<br \/>\nPreporu\u010duje se osobama s alergijama i sinusnim problemima. Bezbedna za trudnice i decu, sojine sve\u0107e su zdravija alternativa parafinskim sve\u0107ama, biorazgradive su i pogodne za vegane.<\/p>\n<p>S vremenom gorenja od 40+ sati, ova sve\u0107a \u010dini va\u0161 dom osve\u017eenim i harmoni\u010dnim, dok se ambala\u017ea lako reciklira.<br \/>\nU\u017eivajte u prirodi bez brige!<\/p>\n<\/div>\n<\/div>\n<\/div>\n<\/div>\n<\/div>\n<\/div>\n<\/div>\n<\/div>\n<\/div>\n<\/div>\n<\/div>\n<\/div>\n<div class=\"w-full pt-2 md:pt-0 dark:border-white\/20 md:border-transparent md:dark:border-transparent md:w-[calc(100%-.5rem)]\">\n<form class=\"stretch mx-2 flex flex-row gap-3 last:mb-2 md:mx-4 md:last:mb-6 lg:mx-auto lg:max-w-2xl xl:max-w-3xl\">\n<div class=\"relative flex h-full flex-1 items-stretch md:flex-col\">\n<div class=\"flex w-full items-center\"><\/div>\n<\/div>\n<\/form>\n<\/div>\n","protected":false},"featured_media":5421,"comment_status":"open","ping_status":"closed","template":"","meta":{"wprm-recipe-roundup-name":"","wprm-recipe-roundup-description":""},"product_brand":[],"product_cat":[28,26,95],"product_tag":[148,145],"class_list":{"0":"post-5420","1":"product","2":"type-product","3":"status-publish","4":"has-post-thumbnail","6":"product_cat-mirisne-svece-od-sojinog-voska","7":"product_cat-aromaterapija","8":"product_cat-veganska-kozmetika","9":"product_tag-mirisne-svece","10":"product_tag-vegan","12":"first","13":"onbackorder","14":"taxable","15":"shipping-taxable","16":"purchasable","17":"product-type-simple"},"_links":{"self":[{"href":"https:\/\/balavander.com\/de\/wp-json\/wp\/v2\/product\/5420","targetHints":{"allow":["GET"]}}],"collection":[{"href":"https:\/\/balavander.com\/de\/wp-json\/wp\/v2\/product"}],"about":[{"href":"https:\/\/balavander.com\/de\/wp-json\/wp\/v2\/types\/product"}],"replies":[{"embeddable":true,"href":"https:\/\/balavander.com\/de\/wp-json\/wp\/v2\/comments?post=5420"}],"wp:featuredmedia":[{"embeddable":true,"href":"https:\/\/balavander.com\/de\/wp-json\/wp\/v2\/media\/5421"}],"wp:attachment":[{"href":"https:\/\/balavander.com\/de\/wp-json\/wp\/v2\/media?parent=5420"}],"wp:term":[{"taxonomy":"product_brand","embeddable":true,"href":"https:\/\/balavander.com\/de\/wp-json\/wp\/v2\/product_brand?post=5420"},{"taxonomy":"product_cat","embeddable":true,"href":"https:\/\/balavander.com\/de\/wp-json\/wp\/v2\/product_cat?post=5420"},{"taxonomy":"product_tag","embeddable":true,"href":"https:\/\/balavander.com\/de\/wp-json\/wp\/v2\/product_tag?post=5420"}],"curies":[{"name":"wp","href":"https:\/\/api.w.org\/{rel}","templated":true}]}}