{"id":5417,"date":"2021-11-17T22:37:29","date_gmt":"2021-11-17T21:37:29","guid":{"rendered":"https:\/\/balavander.com\/?post_type=product&#038;p=5417"},"modified":"2026-04-24T02:27:36","modified_gmt":"2026-04-24T00:27:36","slug":"poklon-set-za-kosu","status":"publish","type":"product","link":"https:\/\/balavander.com\/de\/prodavnica\/poklon-set-za-kosu\/","title":{"rendered":"Geschenkset - f\u00fcr die Haare"},"content":{"rendered":"<p>Verw\u00f6hnen Sie Ihr Haar mit der Liebe der Natur mit unserem exklusiven <strong>Geschenkset f\u00fcr nat\u00fcrliche Haarpflege<\/strong>.<br \/>\nMit Leidenschaft f\u00fcr Natur und \u00d6kologie zusammengestellt, ist dieses elegante Set das ideale Geschenk f\u00fcr alle, die Authentizit\u00e4t sch\u00e4tzen und ihrem Haar nur das Beste g\u00f6nnen m\u00f6chten.<\/p>\n<p><strong>Vier Schl\u00fcsselprodukte f\u00fcr eine vollst\u00e4ndige Revitalisierung:<\/strong><\/p>\n<ol>\n<li><strong>Nat\u00fcrliches Shampoo (gegen Schuppen und Haarausfall):<\/strong> Unser sorgf\u00e4ltig formuliertes Shampoo bietet eine wirksame L\u00f6sung bei Schuppenproblemen und reduziert Haarausfall.\nMit reichhaltigen nat\u00fcrlichen Inhaltsstoffen reinigt er sanft, revitalisiert die Kopfhaut und l\u00e4sst das Haar strahlen.<\/li>\n<li><strong>Nat\u00fcrliche Haarkur\/Creme (f\u00fcr Pflege und Regeneration):<\/strong> Diese leichte Creme ist ideal f\u00fcr die t\u00e4gliche Haarpflege.\nMit kraftvollen nat\u00fcrlichen Inhaltsstoffen n\u00e4hrt sie das Haar tiefenwirksam, macht es weich und geschmeidig und sorgt f\u00fcr lang anhaltende Feuchtigkeit.\nSie hilft au\u00dferdem, gesch\u00e4digte Haarstr\u00e4hnen zu regenerieren und verleiht Ihnen vitales, gesundes Haar.<\/li>\n<li><strong>Nat\u00fcrliches Rosmarin\u00f6l f\u00fcr das Haar:<\/strong> Rosmarin\u00f6l, bekannt f\u00fcr seine wohltuende Wirkung auf das Haar, dringt tief in die Kopfhaut ein, st\u00e4rkt die Follikel und f\u00f6rdert das Haarwachstum.\nMit seinem angenehmen Duft verleiht es Ihrer Haarpflegeroutine eine zus\u00e4tzliche Portion Luxus.<\/li>\n<li><strong>Nat\u00fcrlicher Haar\u2011Hydrolat und Tonikum:<\/strong> Nat\u00fcrlicher Lavandin\u2011Hydrolat, bekannt f\u00fcr seine wohltuende Wirkung auf das Haar, verleiht dem Haar zus\u00e4tzlichen Glanz und stellt den nat\u00fcrlichen pH\u2011Wert von Haar und Kopfhaut wieder her.\nEr wird nach dem Haarewaschen aufgetragen, damit sich das Haar leichter k\u00e4mmen l\u00e4sst und zus\u00e4tzlichen nat\u00fcrlichen Glanz erh\u00e4lt.<\/li>\n<\/ol>\n<p>Dieses Geschenk ist f\u00fcr alle gemacht, die Naturkosmetik lieben und sich um die Umwelt sorgen.\nDie Verpackung ist sorgf\u00e4ltig ausgew\u00e4hlt, um unser Engagement f\u00fcr Nachhaltigkeit widerzuspiegeln.<\/p>\n<p>Au\u00dferdem ist jedes Produkt:<\/p>\n<ul>\n<li><strong>Ohne Parabene und sch\u00e4dliche Chemikalien:<\/strong> Wir bieten Ihnen reine Pflege ohne unn\u00f6tige Zus\u00e4tze.<\/li>\n<li><strong>Unaufdringliche Verpackung, maximale Wirksamkeit:<\/strong> Unsere umweltfreundliche Verpackung sch\u00fctzt nicht nur die Produkte, sondern sendet auch eine starke Botschaft \u00fcber Ihre Sorge um den Planeten.<\/li>\n<\/ul>\n<p>Sp\u00fcren Sie die Kraft der Natur in jedem Moment mit unserem \u201eGeschenk f\u00fcr das Haar\u201c \u2013 denn Ihr Haar verdient nur das Beste.<\/p>\n<h3><strong>Warum ist nat\u00fcrliche Haarpflege wichtig?<\/strong><\/h3>\n<p>Nat\u00fcrliche Haarpflege sorgt nicht nur f\u00fcr sofortige Sch\u00f6nheit, sondern verbessert auch langfristig die Gesundheit Ihres Haares.\nOhne den Einsatz sch\u00e4dlicher Chemikalien bewahren unsere Produkte das nat\u00fcrliche Gleichgewicht der Kopfhaut und verringern das Risiko von Reizungen und allergischen Reaktionen.\nAu\u00dferdem tragen sie dazu bei, die Vitalit\u00e4t des Haares zu erhalten, ohne seine nat\u00fcrliche Struktur zu beeintr\u00e4chtigen.<\/p>\n<p>Uz na\u0161 &#8216;Poklon za kosu&#8217;, ne samo da \u0107ete do\u017eiveti luksuznu negu ve\u0107 \u0107ete podr\u017eati i odr\u017eivost &#8211; jer verujemo da priroda pru\u017ea najbolje za va\u0161u kosu.&#8221;<\/p>","protected":false},"excerpt":{"rendered":"<p><strong>Poklon set za negu kose <\/strong>je idealan set za ljubitelje prirodne nege kose.<\/p>\n<p>Sastoji se od tri klju\u010dna proizvoda stru\u010dno formulirana za potpunu revitalizaciju.<br \/>\nPrirodni \u0161ampon efikasno re\u0161ava probleme peruti i smanjuje opadanje kose.<br \/>\nLagana krema za svakodnevnu negu duboko hrani kosu, \u010dini je mekom i podatnom, pru\u017eaju\u0107i dugotrajnu hidrataciju.<br \/>\nPrirodno ruzmarinovo ulje ja\u010da folikule i poti\u010de rast kose, pru\u017eaju\u0107i prijatan miris.<\/p>\n<p>Ekolo\u0161ki prihvatljivo pakovanje podr\u017eava odr\u017eivost.<br \/>\nIskusite mo\u0107 prirode svakodnevno s na\u0161im &#8220;Poklonom setom za kosu&#8221; &#8211; jer zaslu\u017eujete samo najbolje za svoju kosu.<\/p>","protected":false},"featured_media":12347,"comment_status":"open","ping_status":"closed","template":"","meta":{"wprm-recipe-roundup-name":"","wprm-recipe-roundup-description":""},"product_brand":[],"product_cat":[337,93,30,95],"product_tag":[],"class_list":{"0":"post-5417","1":"product","2":"type-product","3":"status-publish","4":"has-post-thumbnail","6":"product_cat-poklon-setovi","7":"product_cat-nega-kose","8":"product_cat-prirodna-kozmetika","9":"product_cat-veganska-kozmetika","11":"first","12":"instock","13":"sale","14":"taxable","15":"shipping-taxable","16":"purchasable","17":"product-type-simple"},"_links":{"self":[{"href":"https:\/\/balavander.com\/de\/wp-json\/wp\/v2\/product\/5417","targetHints":{"allow":["GET"]}}],"collection":[{"href":"https:\/\/balavander.com\/de\/wp-json\/wp\/v2\/product"}],"about":[{"href":"https:\/\/balavander.com\/de\/wp-json\/wp\/v2\/types\/product"}],"replies":[{"embeddable":true,"href":"https:\/\/balavander.com\/de\/wp-json\/wp\/v2\/comments?post=5417"}],"wp:featuredmedia":[{"embeddable":true,"href":"https:\/\/balavander.com\/de\/wp-json\/wp\/v2\/media\/12347"}],"wp:attachment":[{"href":"https:\/\/balavander.com\/de\/wp-json\/wp\/v2\/media?parent=5417"}],"wp:term":[{"taxonomy":"product_brand","embeddable":true,"href":"https:\/\/balavander.com\/de\/wp-json\/wp\/v2\/product_brand?post=5417"},{"taxonomy":"product_cat","embeddable":true,"href":"https:\/\/balavander.com\/de\/wp-json\/wp\/v2\/product_cat?post=5417"},{"taxonomy":"product_tag","embeddable":true,"href":"https:\/\/balavander.com\/de\/wp-json\/wp\/v2\/product_tag?post=5417"}],"curies":[{"name":"wp","href":"https:\/\/api.w.org\/{rel}","templated":true}]}}