{"id":4427,"date":"2021-10-06T11:49:36","date_gmt":"2021-10-06T09:49:36","guid":{"rendered":"https:\/\/balavander.com\/?post_type=product&#038;p=4427"},"modified":"2026-04-16T02:27:27","modified_gmt":"2026-04-16T00:27:27","slug":"supreme-prirodna-krema","status":"publish","type":"product","link":"https:\/\/balavander.com\/de\/prodavnica\/supreme-prirodna-krema\/","title":{"rendered":"Supreme - nat\u00fcrliche Creme"},"content":{"rendered":"<p><strong>Anwendung<\/strong>:<br \/>\nMittel f\u00fcr die Pflege empfindlicher Haut und des Windelbereichs bei Babys.<\/p>\n<p><strong>Gebrauchsanweisung:<\/strong><br \/>\nVor Gebrauch an einem k\u00fchlen, trockenen Ort in der Originalverpackung aufbewahren.<br \/>\nBei jedem Windelwechsel und f\u00fcr die t\u00e4gliche K\u00f6rper- und Gesichtspflege verwenden.<br \/>\nAuf saubere und trockene Haut auftragen.<\/p>\n<p>&nbsp;<\/p>\n<p><strong>Inhaltsstoffe\/INCI:<\/strong><br \/>\nCera Alba (<em>Bienenwachs<\/em>)<br \/>\nButyrospermum parkii (<em>Sheabutter<\/em>)<br \/>\nMangifera indica (<em>Mangobutter<\/em>)<br \/>\nTriticum Vulgare (Wheat) Germ Oil (<em>Weizenkeim\u00f6l<\/em>)<br \/>\nSimmondsia Chinensis (Jojoba) Seed Oil (<em>Jojoba\u00f6l<\/em>)<br \/>\nPrunus Amygdalus Dulcis (<em>Mandel\u00f6l<\/em>)<br \/>\nSodium Cocoate (<em>Kokos\u00f6l<\/em>)<br \/>\nSodium Olivate (<em>Oliven\u00f6l<\/em>)<br \/>\nHelianthus Annuus Seed Oil (<em>Sonnenblumen\u00f6l<\/em>)<br \/>\ndl-Alpha Tocopheryl Acetate (<em>Vitamin E<\/em>)<br \/>\nCalendula officinalis (<em>Ringelblume<\/em>)<br \/>\nHelichrysum arenarium (<em>Immortelle<\/em>)<br \/>\nMelissa officinalis (<em>Zitronenmelisse<\/em>)<br \/>\nLavandula angustifolia (<em>Lavendel<\/em>)<br \/>\nPlantago (<em>Veilchen<\/em>)<br \/>\nMatricaria chamomilla (<em>Kamille<\/em>)<br \/>\nAchillea collina (<em>Schafgarbe<\/em>).<\/p>\n<p><strong>Netto:<\/strong> 80g<\/p>\n<p><span style=\"color: #008080;\"><strong><br \/>\n\u2714 100% nat\u00fcrlich<br \/>\n\u2714\u00a0vegan<br \/>\n\u2714 premium-qualit\u00e4t<br \/>\n\u2714 handgefertigt<br \/>\n\u2714 nicht an tieren getestet<\/strong><\/span><\/p>\n<p>&nbsp;<\/p>\n<p>F\u00fcr wen ist es bestimmt\u00a0<strong>Supreme\u00a0<\/strong>nat\u00fcrliche Creme?<\/p>\n<ul>\n<li>Personen mit empfindlicher Haut<\/li>\n<li>Babys und Kindern<\/li>\n<li>Personen mit Problemen mit Ekzemen, Psoriasis oder Hautirritationen<\/li>\n<li>Personen, die Cremes mit verschiedenen chemischen Zus\u00e4tzen meiden<\/li>\n<\/ul>\n<p>Wie Sie verwenden k\u00f6nnen\u00a0<strong>Supreme<\/strong> nat\u00fcrliche Creme?<\/p>\n<ul>\n<li>als Creme f\u00fcr die Pflege des Windelbereichs bei Babys<\/li>\n<li>als Creme f\u00fcr die Pflege der Haut von H\u00e4nden, Gesicht und K\u00f6rper<\/li>\n<li>als Creme gegen trockene Haut<\/li>\n<\/ul>\n<p>Beruhigt Windelausschlag, R\u00f6tungen und bietet die notwendige Pflege f\u00fcr Gesichtshaut und den ganzen K\u00f6rper. Diese Creme enth\u00e4lt keine zus\u00e4tzlichen D\u00fcfte oder Zus\u00e4tze.<br \/>\nEnth\u00e4lt nur nat\u00fcrliche Inhaltsstoffe, die die zarte Babyhaut sch\u00fctzen und pflegen.<\/p>\n<p>Heilkr\u00e4uter und ausgew\u00e4hlte Pflanzen\u00f6le, Shea- und Mangobutter und wei\u00dfes Bienenwachs wirken beruhigend und entz\u00fcndungshemmend auf empfindliche Haut.<br \/>\nBeeinflusst die Hautregeneration, beschleunigt den Heilungsprozess und wirkt gegen einige pathogene Pilze und Bakterien.<\/p>\n<p>&nbsp;<\/p>\n<p><strong>Enth\u00e4lt nicht:\u00a0<\/strong>Wasser, Silikone, Mineral\u00f6le, Petroleum, Paraffin, Parabene, Konservierungsstoffe, Alkohol, Farbstoffe, Duftstoffe, toxische, allergene und reizende Inhaltsstoffe oder Inhaltsstoffe, die maskiert und nicht auf der Deklaration angegeben sind.<br \/>\n<em><br \/>\nDas Produkt ist nicht an Tieren getestet.<\/em><br \/>\n<em>Das Produkt ist vollkommen nat\u00fcrlich, biologisch abbaubar und unsch\u00e4dlich.<\/em><\/p>","protected":false},"excerpt":{"rendered":"<p>Perfekt f\u00fcr Babys und empfindliche Haut, Supreme Nat\u00fcrliche Creme ist ein Premium-Produkt ohne sch\u00e4dliche Chemikalien.<\/p>\n<p>Die Zusammensetzung umfasst Bienenwachs, Shea- und Mangobutter sowie Pflanzen\u00f6le, die die Haut beruhigen und sch\u00fctzen.<br \/>\nDiese Creme, Nettogewicht 80g, bietet die notwendige Pflege f\u00fcr den Windelbereich und K\u00f6rper. Ohne Wasser, Silikone, Parabene und andere reizende Inhaltsstoffe,<br \/>\nSupreme ist eine vollkommen nat\u00fcrliche, vegane, handgemachte Formel, nicht an Tieren getestet.<\/p>\n<p>Beruhigt Windelausschlag, R\u00f6tungen und regt die Hautregeneration an.<br \/>\nF\u00fcr diejenigen, die reine, sanfte und wirksame Pflege suchen.<\/p>","protected":false},"featured_media":14980,"comment_status":"open","ping_status":"closed","template":"","meta":{"wprm-recipe-roundup-name":"","wprm-recipe-roundup-description":""},"product_brand":[],"product_cat":[142,92,143,30],"product_tag":[],"class_list":{"0":"post-4427","1":"product","2":"type-product","3":"status-publish","4":"has-post-thumbnail","6":"product_cat-prirodna-krema","7":"product_cat-nega-koze","8":"product_cat-nega-za-bebe","9":"product_cat-prirodna-kozmetika","11":"first","12":"instock","13":"taxable","14":"shipping-taxable","15":"purchasable","16":"product-type-simple"},"_links":{"self":[{"href":"https:\/\/balavander.com\/de\/wp-json\/wp\/v2\/product\/4427","targetHints":{"allow":["GET"]}}],"collection":[{"href":"https:\/\/balavander.com\/de\/wp-json\/wp\/v2\/product"}],"about":[{"href":"https:\/\/balavander.com\/de\/wp-json\/wp\/v2\/types\/product"}],"replies":[{"embeddable":true,"href":"https:\/\/balavander.com\/de\/wp-json\/wp\/v2\/comments?post=4427"}],"wp:featuredmedia":[{"embeddable":true,"href":"https:\/\/balavander.com\/de\/wp-json\/wp\/v2\/media\/14980"}],"wp:attachment":[{"href":"https:\/\/balavander.com\/de\/wp-json\/wp\/v2\/media?parent=4427"}],"wp:term":[{"taxonomy":"product_brand","embeddable":true,"href":"https:\/\/balavander.com\/de\/wp-json\/wp\/v2\/product_brand?post=4427"},{"taxonomy":"product_cat","embeddable":true,"href":"https:\/\/balavander.com\/de\/wp-json\/wp\/v2\/product_cat?post=4427"},{"taxonomy":"product_tag","embeddable":true,"href":"https:\/\/balavander.com\/de\/wp-json\/wp\/v2\/product_tag?post=4427"}],"curies":[{"name":"wp","href":"https:\/\/api.w.org\/{rel}","templated":true}]}}