{"id":3199,"date":"2021-08-17T13:30:38","date_gmt":"2021-08-17T11:30:38","guid":{"rendered":"https:\/\/balavander.com\/?post_type=product&#038;p=3199"},"modified":"2026-04-18T02:27:10","modified_gmt":"2026-04-18T00:27:10","slug":"tahiti-prirodni-sapun","status":"publish","type":"product","link":"https:\/\/balavander.com\/de\/prodavnica\/tahiti-prirodni-sapun\/","title":{"rendered":"Tahiti - nat\u00fcrliche Seife"},"content":{"rendered":"<div class=\"_xlr\">\n<p><strong>Anwendung:<\/strong><br \/>\nPflegeprodukt f\u00fcr die pers\u00f6nliche Hygiene, geeignet f\u00fcr alle Hauttypen.<\/p>\n<p><strong>Gebrauchsanweisung:<\/strong><br \/>\nVor Gebrauch an einem k\u00fchlen, trockenen Ort in der Originalverpackung aufbewahren.<br \/>\nDamit Ihre nat\u00fcrliche Seife l\u00e4nger h\u00e4lt, bewahren Sie sie nach der Verwendung an einem trockenen Ort auf.<\/p>\n<\/div>\n<p class=\"translation-block\"><strong>Inhaltsstoffe<\/strong>:<br \/>\n\u2013 Unraffiniertes Oliven\u00f6l<br \/>\n\u2013 Palm\u00f6l<br \/>\n\u2013 Rizinus\u00f6l<br \/>\n\u2013 Unraffiniertes Kokos\u00f6l<br \/>\n\u2013 Kaolin-Tonerde<br \/>\n\u2013 Titandioxid (<em>non-nano<\/em>)<br \/>\n\u2013 Duft\u00f6l der Tahiti-Bl\u00fcte<\/p>\n<p><strong>Nettogewicht<\/strong>: 90g<\/p>\n<p><span style=\"color: #008080;\"><strong>\u2714 100% nat\u00fcrlich<br \/>\n\u2714\u00a0vegan<br \/>\n\u2714 premium-qualit\u00e4t<br \/>\n\u2714 handgefertigt<br \/>\n\u2714 nicht an tieren getestet<\/strong><\/span><\/p>","protected":false},"excerpt":{"rendered":"<div class=\"flex-1 overflow-hidden\">\n<div class=\"react-scroll-to-bottom--css-hcocl-79elbk h-full\">\n<div class=\"react-scroll-to-bottom--css-hcocl-1n7m0yu\">\n<div class=\"flex flex-col pb-9 text-sm\">\n<div class=\"w-full text-token-text-primary\" data-testid=\"conversation-turn-3\">\n<div class=\"px-4 py-2 justify-center text-base md:gap-6 m-auto\">\n<div class=\"flex flex-1 text-base mx-auto gap-3 md:px-5 lg:px-1 xl:px-5 md:max-w-3xl lg:max-w-[40rem] xl:max-w-[48rem] group final-completion\">\n<div class=\"relative flex w-full flex-col lg:w-[calc(100%-115px)] agent-turn\">\n<div class=\"flex-col gap-1 md:gap-3\">\n<div class=\"flex flex-grow flex-col max-w-full\">\n<div class=\"min-h-[20px] text-message flex flex-col items-start gap-3 whitespace-pre-wrap break-words [.text-message+&amp;]:mt-5 overflow-x-auto\" data-message-author-role=\"assistant\" data-message-id=\"2625f50e-12ba-475b-bf96-9712dfb44387\">\n<div class=\"markdown prose w-full break-words dark:prose-invert dark\">\n<p>Iskoristite 100% prirodnu snagu na\u0161eg sapuna za li\u010dnu higijenu, prilago\u0111enog svim tipovima ko\u017ee.<\/p>\n<p>Sa pa\u017eljivo odabranim sastojcima poput nerafinisanog maslinovog i kokosovog ulja, te kaolin gline za dodatnu negu, ovo je premium proizvod vrhunskog kvaliteta. Na\u0161 sapun je veganski, handmade, te ne sadr\u017ei nano \u010destice, dok je miris oboga\u0107een zanosnim uljem tahiti cveta.<\/p>\n<p>\u010cuvajte ga na suvom mestu kako biste produ\u017eili njegovu trajnost. Pru\u017eite ko\u017ei luksuznu njegu bez okrutnosti prema \u017eivotinjama.<br \/>\nNeto te\u017eina: 90g. U\u017eivajte u prirodnoj lepoti uz na\u0161 prirodni sapun!<\/p>\n<\/div>\n<\/div>\n<\/div>\n<\/div>\n<\/div>\n<\/div>\n<\/div>\n<\/div>\n<\/div>\n<\/div>\n<\/div>\n<\/div>\n","protected":false},"featured_media":10283,"comment_status":"open","ping_status":"closed","template":"","meta":{"wprm-recipe-roundup-name":"","wprm-recipe-roundup-description":""},"product_brand":[],"product_cat":[32,26,92,30,95],"product_tag":[144],"class_list":{"0":"post-3199","1":"product","2":"type-product","3":"status-publish","4":"has-post-thumbnail","6":"product_cat-prirodni-sapuni","7":"product_cat-aromaterapija","8":"product_cat-nega-koze","9":"product_cat-prirodna-kozmetika","10":"product_cat-veganska-kozmetika","11":"product_tag-prirodni-sapun","13":"first","14":"instock","15":"taxable","16":"shipping-taxable","17":"purchasable","18":"product-type-simple"},"_links":{"self":[{"href":"https:\/\/balavander.com\/de\/wp-json\/wp\/v2\/product\/3199","targetHints":{"allow":["GET"]}}],"collection":[{"href":"https:\/\/balavander.com\/de\/wp-json\/wp\/v2\/product"}],"about":[{"href":"https:\/\/balavander.com\/de\/wp-json\/wp\/v2\/types\/product"}],"replies":[{"embeddable":true,"href":"https:\/\/balavander.com\/de\/wp-json\/wp\/v2\/comments?post=3199"}],"wp:featuredmedia":[{"embeddable":true,"href":"https:\/\/balavander.com\/de\/wp-json\/wp\/v2\/media\/10283"}],"wp:attachment":[{"href":"https:\/\/balavander.com\/de\/wp-json\/wp\/v2\/media?parent=3199"}],"wp:term":[{"taxonomy":"product_brand","embeddable":true,"href":"https:\/\/balavander.com\/de\/wp-json\/wp\/v2\/product_brand?post=3199"},{"taxonomy":"product_cat","embeddable":true,"href":"https:\/\/balavander.com\/de\/wp-json\/wp\/v2\/product_cat?post=3199"},{"taxonomy":"product_tag","embeddable":true,"href":"https:\/\/balavander.com\/de\/wp-json\/wp\/v2\/product_tag?post=3199"}],"curies":[{"name":"wp","href":"https:\/\/api.w.org\/{rel}","templated":true}]}}