{"id":2895,"date":"2021-06-28T15:57:39","date_gmt":"2021-06-28T13:57:39","guid":{"rendered":"https:\/\/balavander.com\/?post_type=product&#038;p=2895"},"modified":"2026-04-20T02:27:06","modified_gmt":"2026-04-20T00:27:06","slug":"eco-glow-terra-mirisna-sveca","status":"publish","type":"product","link":"https:\/\/balavander.com\/de\/prodavnica\/eco-glow-terra-mirisna-sveca\/","title":{"rendered":"Eco Glow - Terra - Duftkerze"},"content":{"rendered":"<div class=\"_xlr\">\n<p>Stellen Sie sich einen Moment v\u00f6lliger Entspannung und Harmonie in Ihrem Zuhause vor \u2013 lernen Sie kennen <strong>Eco Glow \u2013 Terra<\/strong>,<br \/>\nunsere nat\u00fcrliche Duftkerze aus reinem Sojawachs.<br \/>\nDieser bezaubernde Duft bringt Frieden und Frische in jede Ecke Ihres Raumes.<\/p>\n<p>Duft <strong>Eco Glow \u2013 Terra <\/strong>Die nat\u00fcrliche Kerze ist sorgf\u00e4ltig mit einer Kombination aus den hochwertigsten \u00e4therischen \u00d6len von Lavendel, Patchouli und Zeder hergestellt.<br \/>\nDiese harmonische Duftmischung schafft die perfekte Balance zwischen beruhigendem Lavendel, den warmen und erdigen T\u00f6nen von Patchouli und der erfrischenden Energie der Zeder.<\/p>\n<p>Lavendel, bekannt f\u00fcr seine entspannenden Eigenschaften, erf\u00fcllt Ihren Raum mit sanften Blumennoten, die Ihnen helfen, nach einem langen Tag zu entspannen.<br \/>\nPatchouli, mit seinen tiefen und erdigen T\u00f6nen, vermittelt ein Gef\u00fchl von Stabilit\u00e4t und Ruhe, w\u00e4hrend Zeder ein frisches und nat\u00fcrliches Gef\u00fchl hinzuf\u00fcgt, das Sie mit der Natur verbindet.<\/p>\n<p><strong>Eco Glow \u2013 Terra<\/strong> es ist keine gew\u00f6hnliche Kerze, sondern wahre Aromatherapie f\u00fcr Ihr Zuhause.<br \/>\nLassen Sie Eco Glow \u2013 Terra Ihr treuer Begleiter sein f\u00fcr Momente, in denen Sie die nat\u00fcrliche Ruhe und Balance genie\u00dfen m\u00f6chten.<\/p>\n<p>Begeistern Sie Ihre Sinne und bringen Sie mit Eco Glow \u2013 Terra zauberhafte D\u00fcfte in Ihr Leben, denn jeder Moment verdient einen duftenden Hauch der Natur. Kaufen Sie sie noch heute und verwandeln Sie Ihr Zuhause in eine Oase der Ruhe und Entspannung.<\/p>\n<\/div>\n<h2><\/h2>\n<h3>Was ist <strong>Eco Glow Terra Duftkerze<\/strong>?<\/h3>\n<p><strong>Eco Glow Terra <\/strong>je unikatna &#8220;terarijum&#8221; mirisna sve\u0107a sa modelima cve\u0107a i sukulenata, napravljena od 100% prirodnog sojinog voska.<\/p>\n<p>Sojakerzen sind viel sicherer und deutlich ges\u00fcnder als herk\u00f6mmliche Kerzen aus Paraffinwachs.<br \/>\nSie werden aus Wachs pflanzlichen Ursprungs hergestellt, das keine krebserregenden Partikel enth\u00e4lt und beim Brennen keinen Rauch abgibt.<br \/>\nSie sind sicher in R\u00e4umen zu verwenden, in denen sich Schwangere und Kinder aufhalten.<\/p>\n<p class=\"translation-block\">Sojawachs ist biologisch abbaubar und wirkt sich nicht negativ auf die Umwelt aus.\nDa Sojakerzen ausschlie\u00dflich aus pflanzlichen Inhaltsstoffen hergestellt werden, sind sie f\u00fcr Veganer geeignet.\nDie Brenndauer ist ebenfalls deutlich l\u00e4nger als bei herk\u00f6mmlichen Kerzen.\nNach dem Gebrauch k\u00f6nnen Sie das Gef\u00e4\u00df anderweitig verwenden, da sich Wachsreste leicht entfernen lassen.<\/p>\n<p>HINWEIS: Jedes St\u00fcck ist ein Unikat. Wenn Sie besondere W\u00fcnsche zu Farben oder Design haben, f\u00fcgen Sie Ihrer Bestellung bitte eine Notiz hinzu.<\/p>\n<p><strong>Nettogewicht<\/strong>: 140 g<br \/>\n<strong>Brenndauer: <\/strong>30+ Stunden<\/p>","protected":false},"excerpt":{"rendered":"<p>Genie\u00dfen Sie den Moment v\u00f6lliger Entspannung mit Eco Glow \u2013 Terra, unserer nat\u00fcrlichen Duftkerze aus reinem Sojawachs. Dieser bezaubernde Duft vereint die hochwertigsten \u00e4therischen \u00d6le von Lavendel, Patchouli und Zeder und schafft eine perfekte Balance aus beruhigendem Lavendel, warmen Patchouli-T\u00f6nen und der erfrischenden Energie der Zeder.<\/p>\n<p>Eco Glow \u2013 Terra ist keine gew\u00f6hnliche Kerze \u2013 es ist wahre Aromatherapie f\u00fcr Ihr Zuhause. Lavendel entspannt, Patchouli vermittelt Stabilit\u00e4t, w\u00e4hrend Zeder nat\u00fcrliche Frische bringt. Lassen Sie diese Kerze Ihr Begleiter f\u00fcr entspannende Momente sein.<\/p>\n<p>Ova unikatna &#8220;terarijum&#8221; mirisna sve\u0107a je napravljena od 100% prirodnog sojinog voska s modelima cve\u0107a i sukulenata. Bezbedna za trudnice i decu, soja sve\u0107e su zdravija alternativa parafinskim, biorazgradive su i pogodne za vegane. Svaki primerak je unikatan, a vreme gorenja je impresivnih 30+ sati.<\/p>\n<p>Verwandeln Sie Ihr Zuhause noch heute in eine Oase der Ruhe mit Eco Glow \u2013 Terra.<\/p>","protected":false},"featured_media":4608,"comment_status":"open","ping_status":"closed","template":"","meta":{"wprm-recipe-roundup-name":"","wprm-recipe-roundup-description":""},"product_brand":[],"product_cat":[28,26,95],"product_tag":[146,148,145],"class_list":{"0":"post-2895","1":"product","2":"type-product","3":"status-publish","4":"has-post-thumbnail","6":"product_cat-mirisne-svece-od-sojinog-voska","7":"product_cat-aromaterapija","8":"product_cat-veganska-kozmetika","9":"product_tag-lavanda","10":"product_tag-mirisne-svece","11":"product_tag-vegan","13":"first","14":"instock","15":"taxable","16":"shipping-taxable","17":"purchasable","18":"product-type-simple"},"_links":{"self":[{"href":"https:\/\/balavander.com\/de\/wp-json\/wp\/v2\/product\/2895","targetHints":{"allow":["GET"]}}],"collection":[{"href":"https:\/\/balavander.com\/de\/wp-json\/wp\/v2\/product"}],"about":[{"href":"https:\/\/balavander.com\/de\/wp-json\/wp\/v2\/types\/product"}],"replies":[{"embeddable":true,"href":"https:\/\/balavander.com\/de\/wp-json\/wp\/v2\/comments?post=2895"}],"wp:featuredmedia":[{"embeddable":true,"href":"https:\/\/balavander.com\/de\/wp-json\/wp\/v2\/media\/4608"}],"wp:attachment":[{"href":"https:\/\/balavander.com\/de\/wp-json\/wp\/v2\/media?parent=2895"}],"wp:term":[{"taxonomy":"product_brand","embeddable":true,"href":"https:\/\/balavander.com\/de\/wp-json\/wp\/v2\/product_brand?post=2895"},{"taxonomy":"product_cat","embeddable":true,"href":"https:\/\/balavander.com\/de\/wp-json\/wp\/v2\/product_cat?post=2895"},{"taxonomy":"product_tag","embeddable":true,"href":"https:\/\/balavander.com\/de\/wp-json\/wp\/v2\/product_tag?post=2895"}],"curies":[{"name":"wp","href":"https:\/\/api.w.org\/{rel}","templated":true}]}}