{"id":2475,"date":"2021-05-25T12:19:33","date_gmt":"2021-05-25T10:19:33","guid":{"rendered":"https:\/\/balavander.com\/?post_type=product&#038;p=2475"},"modified":"2026-04-16T01:39:50","modified_gmt":"2026-04-15T23:39:50","slug":"rosie-prirodni-sapun","status":"publish","type":"product","link":"https:\/\/balavander.com\/de\/prodavnica\/rosie-prirodni-sapun\/","title":{"rendered":"Rosie - Intimhygieneseife"},"content":{"rendered":"<div class=\"_xlr\">\n<p><strong>Anwendung:<\/strong><br \/>\nMittel f\u00fcr die K\u00f6rperhygiene und die Hygiene des Intimbereichs.<\/p>\n<p><strong>Gebrauchsanweisung:<\/strong><br \/>\nVor Gebrauch an einem k\u00fchlen, trockenen Ort in der Originalverpackung aufbewahren.<br \/>\nDamit Ihre nat\u00fcrliche Seife l\u00e4nger h\u00e4lt, bewahren Sie sie nach der Verwendung an einem trockenen Ort auf.<\/p>\n<p>&nbsp;<\/p>\n<\/div>\n<p class=\"translation-block\"><strong>Inhaltsstoffe<\/strong>:<br \/>\n\u2013 Rosen\u00f6l<br \/>\n\u2013 Unraffiniertes Oliven\u00f6l<br \/>\n\u2013 Palm\u00f6l<br \/>\n\u2013 Unraffiniertes Kokos\u00f6l<br \/>\n\u2013 Rizinus\u00f6l<br \/>\n\u2013 Sheabutter<br \/>\n\u2013 \u00c4therisches Geranien\u00f6l<\/p>\n<p><strong>Nettogewicht<\/strong>: 80 g<\/p>\n<p><span style=\"color: #008080;\"><strong>\u2714 100% nat\u00fcrlich<br \/>\n\u2714\u00a0vegan<br \/>\n\u2714 premium-qualit\u00e4t<br \/>\n\u2714 handgefertigt<br \/>\n\u2714 nicht an tieren getestet<\/strong><\/span><\/p>\n<p>&nbsp;<\/p>\n<p>Nat\u00fcrliche Intimhygiene wird f\u00fcr Frauen, die nach sanfter und wirksamer Pflege suchen, immer wichtiger.\nUnsere Seife f\u00fcr die Intimhygiene ist die ideale Wahl f\u00fcr alle, die ein optimales Gleichgewicht und Frische bewahren m\u00f6chten.\nMit R\u00fccksicht auf die Natur und deinen Komfort formuliert, ist unsere Seife mit pflanzlichen \u00d6len, Sheabutter und \u00e4therischem Geranien\u00f6l angereichert.<\/p>\n<h3>Perfekt ausbalancierter pH\u2011Wert<\/h3>\n<p>Unsere Seife ist speziell formuliert, um das nat\u00fcrliche pH\u2011Gleichgewicht des Intimbereichs zu unterst\u00fctzen.\nIhr ausgewogener pH\u2011Wert hilft, die nat\u00fcrliche Mikroflora zu erhalten und Irritationen sowie Unannehmlichkeiten vorzubeugen.\nUnabh\u00e4ngig von deinem Hauttyp bietet unsere Seife eine sanfte Reinigung und Pflege, ohne das nat\u00fcrliche Gleichgewicht zu st\u00f6ren.<\/p>\n<h3>Nat\u00fcrliche Inhaltsstoffe f\u00fcr Sanftheit<\/h3>\n<p>Verantwortung gegen\u00fcber der Natur und deiner Gesundheit ist f\u00fcr unser Produkt entscheidend.\nUnsere Seife ist rein pflanzlich und wird mit hochwertigen pflanzlichen \u00d6len und Sheabutter hergestellt.\nDiese nat\u00fcrlichen Inhaltsstoffe spenden Feuchtigkeit und machen die Haut weich, sodass sie glatt und gepflegt bleibt.<\/p>\n<h3>\u00c4therisches Geranien\u00f6l f\u00fcr ein Frischegef\u00fchl<\/h3>\n<p>Unsere Seife ist mit \u00e4therischem Geranien\u00f6l angereichert, dessen Eigenschaften zu einem Gef\u00fchl von Frische und Reinheit beitragen.\nDieses \u00e4therische \u00d6l ist f\u00fcr seine antibakteriellen und beruhigenden Eigenschaften bekannt und bietet zus\u00e4tzliche Unterst\u00fctzung bei der Intimpflege.<\/p>\n<h3>Rosen\u00f6l f\u00fcr luxuri\u00f6se Pflege<\/h3>\n<p>Als Erg\u00e4nzung zum Reichtum unserer Intimseife verleiht kostbares Rosen\u00f6l der Pflege eine luxuri\u00f6se Note.\nRosen\u00f6l ist f\u00fcr seine feuchtigkeitsspendenden und beruhigenden Eigenschaften bekannt.\nDieses \u00d6l hilft, die Haut zu revitalisieren und zu verj\u00fcngen, sodass sie weich und gesund wird.\nIn Kombination mit den anderen nat\u00fcrlichen Inhaltsstoffen bringt Rosen\u00f6l eine zus\u00e4tzliche Pflegedimension ein und macht unsere Intimseife zu einem einzigartigen Erlebnis f\u00fcr all deine Sinne.<\/p>","protected":false},"excerpt":{"rendered":"<div class=\"flex-1 overflow-hidden\">\n<div class=\"react-scroll-to-bottom--css-hcocl-79elbk h-full\">\n<div class=\"react-scroll-to-bottom--css-hcocl-1n7m0yu\">\n<div class=\"flex flex-col pb-9 text-sm\">\n<div class=\"w-full text-token-text-primary\" data-testid=\"conversation-turn-3\">\n<div class=\"px-4 py-2 justify-center text-base md:gap-6 m-auto\">\n<div class=\"flex flex-1 text-base mx-auto gap-3 md:px-5 lg:px-1 xl:px-5 md:max-w-3xl lg:max-w-[40rem] xl:max-w-[48rem] group final-completion\">\n<div class=\"relative flex w-full flex-col lg:w-[calc(100%-115px)] agent-turn\">\n<div class=\"flex-col gap-1 md:gap-3\">\n<div class=\"flex flex-grow flex-col max-w-full\">\n<div class=\"min-h-[20px] text-message flex flex-col items-start gap-3 whitespace-pre-wrap break-words [.text-message+&amp;]:mt-5 overflow-x-auto\" data-message-author-role=\"assistant\" data-message-id=\"4018ba8c-4c5b-4210-be1d-4e7bb6e5e6f9\">\n<div class=\"markdown prose w-full break-words dark:prose-invert dark\">\n<p>Prirodan sapun za intimnu higijenu pru\u017ea ne\u017enu i efikasnu negu.<\/p>\n<p>Formulisan sa pa\u017enjom prema prirodi i udobnosti, oboga\u0107en je biljnim uljima, shea puterom i esencijalnim uljem geranijuma. Savr\u0161eno balansiran pH odr\u017eava prirodnu mikrofloru, spre\u010davaju\u0107i iritacije. Bez obzira na tip ko\u017ee, nudi ne\u017eno \u010di\u0161\u0107enje i negu.<\/p>\n<\/div>\n<\/div>\n<\/div>\n<\/div>\n<\/div>\n<\/div>\n<\/div>\n<\/div>\n<\/div>\n<\/div>\n<\/div>\n<\/div>\n<div class=\"w-full pt-2 md:pt-0 dark:border-white\/20 md:border-transparent md:dark:border-transparent md:w-[calc(100%-.5rem)]\">\n<form class=\"stretch mx-2 flex flex-row gap-3 last:mb-2 md:mx-4 md:last:mb-6 lg:mx-auto lg:max-w-2xl xl:max-w-3xl\">\n<div class=\"relative flex h-full flex-1 items-stretch md:flex-col\">\n<div class=\"flex w-full items-center\"><\/div>\n<\/div>\n<\/form>\n<\/div>\n","protected":false},"featured_media":4623,"comment_status":"open","ping_status":"closed","template":"","meta":{"wprm-recipe-roundup-name":"","wprm-recipe-roundup-description":""},"product_brand":[],"product_cat":[94,26,30,32,95],"product_tag":[144],"class_list":{"0":"post-2475","1":"product","2":"type-product","3":"status-publish","4":"has-post-thumbnail","6":"product_cat-intimna-nega","7":"product_cat-aromaterapija","8":"product_cat-prirodna-kozmetika","9":"product_cat-prirodni-sapuni","10":"product_cat-veganska-kozmetika","11":"product_tag-prirodni-sapun","13":"first","14":"instock","15":"taxable","16":"shipping-taxable","17":"purchasable","18":"product-type-simple"},"_links":{"self":[{"href":"https:\/\/balavander.com\/de\/wp-json\/wp\/v2\/product\/2475","targetHints":{"allow":["GET"]}}],"collection":[{"href":"https:\/\/balavander.com\/de\/wp-json\/wp\/v2\/product"}],"about":[{"href":"https:\/\/balavander.com\/de\/wp-json\/wp\/v2\/types\/product"}],"replies":[{"embeddable":true,"href":"https:\/\/balavander.com\/de\/wp-json\/wp\/v2\/comments?post=2475"}],"wp:featuredmedia":[{"embeddable":true,"href":"https:\/\/balavander.com\/de\/wp-json\/wp\/v2\/media\/4623"}],"wp:attachment":[{"href":"https:\/\/balavander.com\/de\/wp-json\/wp\/v2\/media?parent=2475"}],"wp:term":[{"taxonomy":"product_brand","embeddable":true,"href":"https:\/\/balavander.com\/de\/wp-json\/wp\/v2\/product_brand?post=2475"},{"taxonomy":"product_cat","embeddable":true,"href":"https:\/\/balavander.com\/de\/wp-json\/wp\/v2\/product_cat?post=2475"},{"taxonomy":"product_tag","embeddable":true,"href":"https:\/\/balavander.com\/de\/wp-json\/wp\/v2\/product_tag?post=2475"}],"curies":[{"name":"wp","href":"https:\/\/api.w.org\/{rel}","templated":true}]}}