{"id":2470,"date":"2021-05-24T23:31:38","date_gmt":"2021-05-24T21:31:38","guid":{"rendered":"https:\/\/balavander.com\/?post_type=product&#038;p=2470"},"modified":"2026-04-20T01:39:52","modified_gmt":"2026-04-19T23:39:52","slug":"elegant-balzam-za-kosu","status":"publish","type":"product","link":"https:\/\/balavander.com\/de\/prodavnica\/elegant-balzam-za-kosu\/","title":{"rendered":"Elegant - Haarcreme"},"content":{"rendered":"<div class=\"_xlr\">\n<p><strong>Haarcreme: nat\u00fcrliche Pflege und Regeneration<\/strong><\/p>\n<p>&nbsp;<\/p>\n<p><strong>Anwendung:<\/strong><br \/>\nDie Haarcreme ist Ihr geheimer Verb\u00fcndeter f\u00fcr die Pflege und Regeneration aller Haartypen.<br \/>\nOb trockenes, lockiges oder gef\u00e4rbtes Haar \u2013 diese magische Formel wird Sie begeistern.<\/p>\n<p><strong>Gebrauchsanweisung:<\/strong><br \/>\nNehmen Sie einfach eine kleine Menge der Creme, verreiben Sie sie zwischen den Handfl\u00e4chen und tragen Sie sie auf die Haarspitzen auf.<br \/>\nSp\u00fclen Sie nach einigen Minuten mit warmem Wasser und Shampoo aus.<br \/>\nDieser Schritt frischt Ihr Haar auf und st\u00e4rkt es, sodass es weich und gl\u00e4nzend wird.<br \/>\nVergessen Sie nicht, die Creme an einem k\u00fchlen, trockenen Ort in der Originalverpackung aufzubewahren, um all ihre nat\u00fcrlichen Vorteile zu erhalten.<\/p>\n<p>&nbsp;<\/p>\n<\/div>\n<p class=\"translation-block\"><strong>Inhaltsstoffe<\/strong>:<br \/>\n\u2013 <strong>Mangobutter<\/strong>\nspendet dem Haar Feuchtigkeit, macht es weich, glatt und elastisch.<br \/>\n\u2013 <strong>Kakaobutter<\/strong>\nsorgt f\u00fcr intensive Feuchtigkeit und Schutz, verleiht Glanz und reduziert Frizz.<br \/>\n\u2013 <strong>Sheabutter<\/strong>\nspendet dem Haar tiefenwirksame Feuchtigkeit, regeneriert es, st\u00e4rkt es und verringert Haarbruch.<br \/>\n\u2013 <strong>Kokos\u00f6l<\/strong>\nspendet Haar und Kopfhaut Feuchtigkeit, verbessert die Struktur und sch\u00fctzt vor \u00e4u\u00dferen Einfl\u00fcssen.<br \/>\n\u2013 <strong>Oliven\u00f6l<\/strong>\nmacht das Haar weich und st\u00e4rkt es, wodurch sich seine allgemeine Gesundheit verbessert.\nK\u00fcrbiskern\u00f6l\nh\u00e4lt die Kopfhaut gesund, verleiht dem Haar Glanz und unterst\u00fctzt sein Wachstum.<br \/>\n\u2013 <strong>Rizinus\u00f6l<\/strong>\nst\u00e4rkt das Haar, f\u00f6rdert sein Wachstum und beugt Haarbruch vor.<br \/>\n\u2013 <strong>D\u2011Panthenol<\/strong>\nspendet Haar und Kopfhaut Feuchtigkeit, beruhigt sie, erh\u00e4lt die Feuchtigkeit und erleichtert das Entwirren.<br \/>\n\u2013 <strong>Vitamin E<\/strong>\nbietet dem Haar antioxidativen Schutz, bewahrt es vor Sch\u00e4den und verbessert sein Aussehen.<br \/>\n\u2013 <strong>Duft\u00f6l Ingwer\u2011Limette<\/strong>\nverleiht dem Produkt einen angenehmen Duft und kann die Kopfhaut erfrischen und Energie spenden.<\/p>\n<p><strong>Nettogewicht<\/strong>: 70g<\/p>\n<p><a class=\"button\" href=\"https:\/\/drive.google.com\/file\/d\/1EWC9Ivn-Sehp3cVr-Tl-NBcgVfP08c2d\/view?usp=sharing\" target=\"_blank\" rel=\"noopener\">Gebrauchsanweisung<\/a><\/p>\n<p>&nbsp;<\/p>\n<p><span style=\"color: #008080;\"><strong>\u2714 100% prirodna nega<br \/>\n\u2714 vegan<br \/>\n\u2714 premium-qualit\u00e4t<br \/>\n\u2714 handmade<br \/>\n\u2714 nicht an Tieren getestet<\/strong><\/span><\/p>\n<p>Es ist wichtig, eine Haarcreme als Teil Ihrer t\u00e4glichen Pflegeroutine zu haben.<br \/>\nBei regelm\u00e4\u00dfiger Anwendung wird Ihr Haar vor Gesundheit und Sch\u00f6nheit strahlen.<br \/>\nMehr \u00fcber die nat\u00fcrliche Haarcreme und die richtige Anwendung erfahren Sie in der <a href=\"https:\/\/balavander.com\/de\/cvrsti-balzam-za-kosu-prirodna-kozmetika\/\">Anwendungshinweise<\/a>.<\/p>\n<p>Lassen Sie also Ihr Haar erstrahlen \u2013 mit <strong>Elegant <\/strong>nat\u00fcrlicher Haarcreme.<\/p>","protected":false},"excerpt":{"rendered":"<p>Entdecken Sie das Geheimnis der Pflege und Regeneration Ihres Haares mit unserer Haarcreme.<\/p>\n<p>Unabh\u00e4ngig von Ihrem Haartyp \u2013 ob trocken, lockig oder gef\u00e4rbt \u2013 bietet diese magische Formel eine unwiderstehliche Pflege.<br \/>\nVerreiben Sie eine kleine Menge der Creme zwischen den Handfl\u00e4chen und tragen Sie sie auf die Haarspitzen auf.<br \/>\nSp\u00fclen Sie nach einigen Minuten mit warmem Wasser und Shampoo aus, f\u00fcr erfrischtes, gl\u00e4nzendes und weiches Haar.<\/p>\n<p>Bewahren Sie sie an einem k\u00fchlen, trockenen Ort auf, um ihre nat\u00fcrlichen Vorteile zu erhalten.<br \/>\nMango\u2011, Kakao\u2011 und Sheabutter, Kokos\u2011, Oliven\u2011 und K\u00fcrbiskern\u00f6l, Rizinus\u00f6l, D\u2011Panthenol und Vitamin E machen diese Creme ideal zum St\u00e4rken, Befeuchten und Sch\u00fctzen des Haares.<\/p>\n<p>Neto: 70g<\/p>","protected":false},"featured_media":14983,"comment_status":"open","ping_status":"closed","template":"","meta":{"wprm-recipe-roundup-name":"","wprm-recipe-roundup-description":""},"product_brand":[],"product_cat":[77,93,30],"product_tag":[],"class_list":{"0":"post-2470","1":"product","2":"type-product","3":"status-publish","4":"has-post-thumbnail","6":"product_cat-krema-za-kosu","7":"product_cat-nega-kose","8":"product_cat-prirodna-kozmetika","10":"first","11":"instock","12":"taxable","13":"shipping-taxable","14":"purchasable","15":"product-type-simple"},"_links":{"self":[{"href":"https:\/\/balavander.com\/de\/wp-json\/wp\/v2\/product\/2470","targetHints":{"allow":["GET"]}}],"collection":[{"href":"https:\/\/balavander.com\/de\/wp-json\/wp\/v2\/product"}],"about":[{"href":"https:\/\/balavander.com\/de\/wp-json\/wp\/v2\/types\/product"}],"replies":[{"embeddable":true,"href":"https:\/\/balavander.com\/de\/wp-json\/wp\/v2\/comments?post=2470"}],"wp:featuredmedia":[{"embeddable":true,"href":"https:\/\/balavander.com\/de\/wp-json\/wp\/v2\/media\/14983"}],"wp:attachment":[{"href":"https:\/\/balavander.com\/de\/wp-json\/wp\/v2\/media?parent=2470"}],"wp:term":[{"taxonomy":"product_brand","embeddable":true,"href":"https:\/\/balavander.com\/de\/wp-json\/wp\/v2\/product_brand?post=2470"},{"taxonomy":"product_cat","embeddable":true,"href":"https:\/\/balavander.com\/de\/wp-json\/wp\/v2\/product_cat?post=2470"},{"taxonomy":"product_tag","embeddable":true,"href":"https:\/\/balavander.com\/de\/wp-json\/wp\/v2\/product_tag?post=2470"}],"curies":[{"name":"wp","href":"https:\/\/api.w.org\/{rel}","templated":true}]}}