{"id":2255,"date":"2021-04-20T11:34:42","date_gmt":"2021-04-20T09:34:42","guid":{"rendered":"https:\/\/balavander.com\/?post_type=product&#038;p=2255"},"modified":"2026-04-16T01:39:40","modified_gmt":"2026-04-15T23:39:40","slug":"akacija-prirodni-sapun","status":"publish","type":"product","link":"https:\/\/balavander.com\/de\/prodavnica\/akacija-prirodni-sapun\/","title":{"rendered":"Akazie - nat\u00fcrliche Seife"},"content":{"rendered":"<div class=\"_xlr\">\n<h3><strong>Prirodni sapun za ne\u017enu i osetljivu ko\u017eu<\/strong><\/h3>\n<p><strong>Savr\u0161en izbor za celu porodicu, uklju\u010duju\u0107i bebe i decu<\/strong><\/p>\n<p>Akacija sapun je pa\u017eljivo izra\u0111en kako bi odgovarao \u010dak i najne\u017enijoj ko\u017ei. Njegov blagi miris bagrema stvara ose\u0107aj sve\u017eine i \u010disto\u0107e, dok prirodni sastojci pru\u017eaju svakodnevnu hidrataciju i negu. Idealno je re\u0161enje za one s osetljivom ko\u017eom, kao i za najmla\u0111e \u010dlanove porodice.<\/p>\n<\/div>\n<h3><strong>Sastojci\/INCI:<\/strong><\/h3>\n<ul>\n<li><em>Sodium Palmate<\/em> (palmino ulje)<\/li>\n<li><em>Sodium Cocoate<\/em> (kokosovo ulje)<\/li>\n<li><em>Sodium Olivate<\/em> (maslinovo ulje)<\/li>\n<li><em>Ricinus communis Seed Oil<\/em> (ricinusovo ulje)<\/li>\n<li><em>Titanium Dioxide<\/em> (prirodni pigment)<\/li>\n<\/ul>\n<p><strong>Neto: 90g<\/strong><\/p>\n<p>&nbsp;<\/p>\n<h3><strong>Za\u0161to odabrati prirodni sapun?<\/strong><\/h3>\n<p><strong>Blaga nega sa prirodnim sastojcima<\/strong><br \/>\nAkacija sapun sadr\u017ei samo prirodne sastojke poput palminog, kokosovog, maslinovog i ricinusovog ulja, koji su poznati po svojim hranljivim i umiruju\u0107im svojstvima.<br \/>\nOvi sastojci \u010dine sapun idealnim za ne\u017enu ko\u017eu, ne isu\u0161uju\u0107i je i ne izazivaju\u0107i iritacije.<\/p>\n<p><strong>Hladni proces izrade \u2013 Zdravija opcija za va\u0161u ko\u017eu<\/strong><br \/>\nSapun je napravljen hladnim procesom, \u0161to omogu\u0107ava o\u010duvanje svih hranljivih sastojaka i esencijalnih ulja. Ovaj proces osigurava da sapun zadr\u017ei svoje prirodne blagodati, pru\u017eaju\u0107i ko\u017ei dugotrajnu negu.<\/p>\n<h3><strong>Prirodni sapun za ne\u017enu i osetljivu ko\u017eu<\/strong><\/h3>\n<div class=\"group\/conversation-turn relative flex w-full min-w-0 flex-col agent-turn\">\n<div class=\"flex-col gap-1 md:gap-3\">\n<div class=\"flex max-w-full flex-col flex-grow\">\n<div class=\"min-h-[20px] text-message flex w-full flex-col items-end gap-2 whitespace-normal break-words [.text-message+&amp;]:mt-5\" dir=\"auto\" data-message-author-role=\"assistant\" data-message-id=\"6b80e016-2795-48a3-ae89-2ae487f28864\">\n<div class=\"flex w-full flex-col gap-1 empty:hidden first:pt-[3px]\">\n<div class=\"markdown prose w-full break-words dark:prose-invert dark\">\n<p><strong>Savr\u0161en izbor za celu porodicu, uklju\u010duju\u0107i bebe i decu<\/strong><\/p>\n<p>Akacija sapun je pa\u017eljivo izra\u0111en kako bi odgovarao \u010dak i najne\u017enijoj ko\u017ei. Njegov blagi miris bagrema stvara ose\u0107aj sve\u017eine i \u010disto\u0107e, dok prirodni sastojci pru\u017eaju svakodnevnu hidrataciju i negu. Idealno je re\u0161enje za one s osetljivom ko\u017eom, kao i za najmla\u0111e \u010dlanove porodice.<\/p>\n<p><strong>Blaga nega sa prirodnim sastojcima<\/strong><br \/>\nAkacija sapun sadr\u017ei samo prirodne sastojke poput palminog, kokosovog, maslinovog i ricinusovog ulja, koji su poznati po svojim hranljivim i umiruju\u0107im svojstvima. Ovi sastojci \u010dine sapun idealnim za ne\u017enu ko\u017eu, ne isu\u0161uju\u0107i je i ne izazivaju\u0107i iritacije.<\/p>\n<p><strong>Hladni proces izrade \u2013 Zdravija opcija za va\u0161u ko\u017eu<\/strong><br \/>\nSapun je napravljen hladnim procesom, \u0161to omogu\u0107ava o\u010duvanje svih hranljivih sastojaka i esencijalnih ulja. Ovaj proces osigurava da sapun zadr\u017ei svoje prirodne blagodati, pru\u017eaju\u0107i ko\u017ei dugotrajnu negu.<\/p>\n<h3><strong>Prirodna sve\u017eina sa mirisom bagrema<\/strong><\/h3>\n<p><strong>Miris koji neguje va\u0161a \u010dula<\/strong><br \/>\nBlagi miris bagrema ne\u017eno obavija va\u0161u ko\u017eu, pru\u017eaju\u0107i dugotrajan ose\u0107aj sve\u017eine i \u010disto\u0107e. Ovaj prirodni miris deluje umiruju\u0107e i osve\u017eavaju\u0107e, savr\u0161en za svakodnevnu upotrebu.<\/p>\n<p>&nbsp;<\/p>\n<p><a href=\"https:\/\/balavander.com\/wp-content\/uploads\/2024\/09\/prirodna-kozmetika-za-bebe-1.jpg\"><img fetchpriority=\"high\" decoding=\"async\" class=\"aligncenter wp-image-13447 size-large\" src=\"https:\/\/balavander.com\/wp-content\/uploads\/2024\/09\/prirodna-kozmetika-za-bebe-1-1024x1024.jpg\" alt=\"prirodna-kozmetika-za-bebe\" width=\"1024\" height=\"1024\" title=\"\" srcset=\"https:\/\/balavander.com\/wp-content\/uploads\/2024\/09\/prirodna-kozmetika-za-bebe-1-1024x1024.jpg 1024w, https:\/\/balavander.com\/wp-content\/uploads\/2024\/09\/prirodna-kozmetika-za-bebe-1-300x300.jpg 300w, https:\/\/balavander.com\/wp-content\/uploads\/2024\/09\/prirodna-kozmetika-za-bebe-1-150x150.jpg 150w, https:\/\/balavander.com\/wp-content\/uploads\/2024\/09\/prirodna-kozmetika-za-bebe-1-768x768.jpg 768w, https:\/\/balavander.com\/wp-content\/uploads\/2024\/09\/prirodna-kozmetika-za-bebe-1-12x12.jpg 12w, https:\/\/balavander.com\/wp-content\/uploads\/2024\/09\/prirodna-kozmetika-za-bebe-1-500x500.jpg 500w, https:\/\/balavander.com\/wp-content\/uploads\/2024\/09\/prirodna-kozmetika-za-bebe-1-450x450.jpg 450w, https:\/\/balavander.com\/wp-content\/uploads\/2024\/09\/prirodna-kozmetika-za-bebe-1-900x900.jpg 900w, https:\/\/balavander.com\/wp-content\/uploads\/2024\/09\/prirodna-kozmetika-za-bebe-1-100x100.jpg 100w, https:\/\/balavander.com\/wp-content\/uploads\/2024\/09\/prirodna-kozmetika-za-bebe-1-50x50.jpg 50w, https:\/\/balavander.com\/wp-content\/uploads\/2024\/09\/prirodna-kozmetika-za-bebe-1.jpg 1080w\" sizes=\"(max-width: 1024px) 100vw, 1024px\" \/><\/a><\/p>\n<\/div>\n<\/div>\n<\/div>\n<\/div>\n<\/div>\n<\/div>\n<div class=\"_xlr\">\n<h3><\/h3>\n<h3><strong>Ekolo\u0161ki izbor za svakog svesnog potro\u0161a\u010da<\/strong><\/h3>\n<p><strong>Eco-friendly pakovanje i proizvodnja<\/strong><br \/>\nAkacija sapun dolazi u eco-friendly kartonskoj kutiji, bez plastike, \u0161to ga \u010dini savr\u0161enim izborom za sve koji \u017eele da doprinesu o\u010duvanju \u017eivotne sredine. Ru\u010dno pravljena proizvodnja garantuje kvalitet i jedinstvenost svakog komada.<\/p>\n<h3><strong>Upotreba i odr\u017eavanje<\/strong><\/h3>\n<p><strong>Kako najbolje iskoristiti svoj Akacija sapun<\/strong><br \/>\n\u010cuvajte sapun na suvom mestu izme\u0111u kori\u0161\u0107enja kako bi trajao du\u017ee. Njegova prirodna formula omogu\u0107ava dugotrajnu upotrebu, a ne\u017ena pena koja se stvara prilikom pranja dubinski \u010disti i hidrira va\u0161u ko\u017eu.<\/p>\n<p>&nbsp;<\/p>\n<\/div>\n<p><iframe title=\"YouTube video player\" src=\"https:\/\/www.youtube.com\/embed\/PIHDM4vG1S0?controls=0\" width=\"560\" height=\"315\" frameborder=\"0\" allowfullscreen=\"allowfullscreen\"><\/iframe><\/p>\n","protected":false},"excerpt":{"rendered":"<p><strong>Akazie<\/strong> Seife ist eine sanfte und nat\u00fcrliche Option f\u00fcr die pers\u00f6nliche Hygiene, geeignet f\u00fcr alle Hauttypen.<br \/>\nSeine Zusammensetzung, einschlie\u00dflich Palm-, Kokos-, Oliven- und Rizinus\u00f6l sowie Titandioxid, macht es perfekt f\u00fcr empfindliche Haut, einschlie\u00dflich Babyhaut.<\/p>\n<p>Mit <strong>100 % nat\u00fcrliche Inhaltsstoffe<\/strong>, die Seife bietet t\u00e4gliche Pflege ohne Zusatzstoffe oder Chemikalien.<br \/>\nSie ist einfach anzuwenden, und die Aufbewahrung an einem trockenen Ort verl\u00e4ngert ihre Haltbarkeit.<\/p>\n<p><strong>Akazie<\/strong>: sanfte Formel, nat\u00fcrliche Inhaltsstoffe, geeignet f\u00fcr alle Hauttypen, praktische Verpackung, frei von Zusatzstoffen \u2013 ideal f\u00fcr t\u00e4gliche, gesunde und gesch\u00fctzte Haut.<\/p>","protected":false},"featured_media":16496,"comment_status":"open","ping_status":"closed","template":"","meta":{"wprm-recipe-roundup-name":"","wprm-recipe-roundup-description":""},"product_brand":[],"product_cat":[32,26,92,143,30,95],"product_tag":[144],"class_list":{"0":"post-2255","1":"product","2":"type-product","3":"status-publish","4":"has-post-thumbnail","6":"product_cat-prirodni-sapuni","7":"product_cat-aromaterapija","8":"product_cat-nega-koze","9":"product_cat-nega-za-bebe","10":"product_cat-prirodna-kozmetika","11":"product_cat-veganska-kozmetika","12":"product_tag-prirodni-sapun","14":"first","15":"instock","16":"featured","17":"taxable","18":"shipping-taxable","19":"purchasable","20":"product-type-simple"},"_links":{"self":[{"href":"https:\/\/balavander.com\/de\/wp-json\/wp\/v2\/product\/2255","targetHints":{"allow":["GET"]}}],"collection":[{"href":"https:\/\/balavander.com\/de\/wp-json\/wp\/v2\/product"}],"about":[{"href":"https:\/\/balavander.com\/de\/wp-json\/wp\/v2\/types\/product"}],"replies":[{"embeddable":true,"href":"https:\/\/balavander.com\/de\/wp-json\/wp\/v2\/comments?post=2255"}],"wp:featuredmedia":[{"embeddable":true,"href":"https:\/\/balavander.com\/de\/wp-json\/wp\/v2\/media\/16496"}],"wp:attachment":[{"href":"https:\/\/balavander.com\/de\/wp-json\/wp\/v2\/media?parent=2255"}],"wp:term":[{"taxonomy":"product_brand","embeddable":true,"href":"https:\/\/balavander.com\/de\/wp-json\/wp\/v2\/product_brand?post=2255"},{"taxonomy":"product_cat","embeddable":true,"href":"https:\/\/balavander.com\/de\/wp-json\/wp\/v2\/product_cat?post=2255"},{"taxonomy":"product_tag","embeddable":true,"href":"https:\/\/balavander.com\/de\/wp-json\/wp\/v2\/product_tag?post=2255"}],"curies":[{"name":"wp","href":"https:\/\/api.w.org\/{rel}","templated":true}]}}