{"id":1969,"date":"2021-04-02T15:10:24","date_gmt":"2021-04-02T13:10:24","guid":{"rendered":"https:\/\/balavander.com\/?post_type=product&#038;p=1969"},"modified":"2026-04-16T01:39:38","modified_gmt":"2026-04-15T23:39:38","slug":"anytime-losion-za-telo","status":"publish","type":"product","link":"https:\/\/balavander.com\/de\/prodavnica\/anytime-losion-za-telo\/","title":{"rendered":"Anytime - K\u00f6rperlotion"},"content":{"rendered":"<div class=\"_xlr\">\n<p><strong>Primena:<\/strong><br \/>\nLosion za telo i sredstvo za negu i hidrataciju ko\u017ee. Pogodan za sve tipove ko\u017ee.<\/p>\n<p><strong>Na\u010din upotrebe:<\/strong><br \/>\nPre upotrebe \u010duvati na suvom i hladnom mestu u originalnoj ambala\u017ei.<\/p>\n<p>&nbsp;<\/p>\n<\/div>\n<p class=\" translation-block\"><strong>Sastojci<\/strong>:<br \/>\n\u2013 P\u010delinji vosak<br \/>\n\u2013 Nerafinisano maslinovo ulje<br \/>\n\u2013 Nerafinisano kokosovo ulje<br \/>\n\u2013 Nerafinisano bademovo ulje<br \/>\n\u2013 Kakao puter<br \/>\n\u2013 Shea puter<br \/>\n\u2013 Vitamin E<br \/>\n\u2013 Kukuruzni skrob<br \/>\n\u2013 Eteri\u010dno ulje lavande<\/p>\n<p><strong>Neto<\/strong>: 70g<\/p>\n<p>&nbsp;<\/p>\n<h2><strong>Losion za Telo za Intenzivnu Hidrataciju i Za\u0161titu<br \/>\n<\/strong><\/h2>\n<p>Dobrodo\u0161li u fascinantan svet vrhunske nege ko\u017ee sa Anytime \u010dvrstim losionom za telo, osmi\u0161ljenim kao va\u0161a svakodnevna doza luksuza. Bez obzira na tip ko\u017ee, ovaj inovativni losion \u0107e unaprediti va\u0161u rutinu lepote i pru\u017eiti nezaboravno iskustvo hidratacije i za\u0161tite.<\/p>\n<p><strong>Bogatstvo Prirodnih Sastojaka:<\/strong> Anytime nudi jedinstvenu kombinaciju pa\u017eljivo odabranih prirodnih sastojaka poput p\u010delinjeg voska, nerafinisanog maslinovog ulja, kokosovog ulja, bademovog ulja, kakao butera, shea butera, vitamina E, kukuruznog skroba i esencijalnog ulja lavande. Ovi sastojci sinergijski deluju kako bi pru\u017eili va\u0161oj ko\u017ei holisti\u010dku negu i neophodnu hidrataciju i hranljive materije kako bi ona bila ne\u017ena i mekana posle svakog nano\u0161enja.<\/p>\n<p><strong>Dubinska Hidratacija Bez Obzira Na Uslove:<\/strong> Anytime nije samo losion za telo &#8211; to je ritual hidratacije koji \u0107e o\u010darati va\u0161u ko\u017eu. Bez obzira na promene u vremenskim uslovima, Anytime obezbe\u0111uje neprekidnu hidrataciju, \u010dine\u0107i va\u0161u ko\u017eu mekom, elasti\u010dnom i blistavom. Ova vrhunska formula deluje kao \u0161tit, pru\u017eaju\u0107i za\u0161titu od isu\u0161uju\u0107ih faktora poput hladnog i suvog vazduha ili sun\u010devih zraka.<\/p>\n<div class=\"flex-1 overflow-hidden\">\n<div class=\"react-scroll-to-bottom--css-sgazx-79elbk h-full\">\n<div class=\"react-scroll-to-bottom--css-sgazx-1n7m0yu\">\n<div class=\"flex flex-col pb-9 text-sm\">\n<div class=\"w-full text-token-text-primary\" data-testid=\"conversation-turn-11\">\n<div class=\"px-4 py-2 justify-center text-base md:gap-6 m-auto\">\n<div class=\"flex flex-1 text-base mx-auto gap-3 md:px-5 lg:px-1 xl:px-5 md:max-w-3xl lg:max-w-[40rem] xl:max-w-[48rem] group final-completion\">\n<div class=\"relative flex w-full flex-col agent-turn\">\n<div class=\"flex-col gap-1 md:gap-3\">\n<div class=\"flex flex-grow flex-col max-w-full\">\n<div class=\"min-h-[20px] text-message flex flex-col items-start gap-3 whitespace-pre-wrap break-words [.text-message+&amp;]:mt-5 overflow-x-auto\" data-message-author-role=\"assistant\" data-message-id=\"81c14f38-9e37-491d-b02e-465ae98eaa9e\">\n<div class=\"markdown prose w-full break-words dark:prose-invert dark\">\n<p><a href=\"https:\/\/balavander.com\/wp-content\/uploads\/2021\/04\/anytimeautolosionautozaautoteloautoprirodni.jpg\"><img fetchpriority=\"high\" decoding=\"async\" class=\"aligncenter wp-image-12100 size-large\" src=\"https:\/\/balavander.com\/wp-content\/uploads\/2021\/04\/anytimeautolosionautozaautoteloautoprirodni-1024x1024.jpg\" alt=\"anytime-prirodni-losion-2\" width=\"1024\" height=\"1024\" title=\"\" srcset=\"https:\/\/balavander.com\/wp-content\/uploads\/2021\/04\/anytimeautolosionautozaautoteloautoprirodni-1024x1024.jpg 1024w, https:\/\/balavander.com\/wp-content\/uploads\/2021\/04\/anytimeautolosionautozaautoteloautoprirodni-450x450.jpg 450w, https:\/\/balavander.com\/wp-content\/uploads\/2021\/04\/anytimeautolosionautozaautoteloautoprirodni-100x100.jpg 100w, https:\/\/balavander.com\/wp-content\/uploads\/2021\/04\/anytimeautolosionautozaautoteloautoprirodni-900x900.jpg 900w, https:\/\/balavander.com\/wp-content\/uploads\/2021\/04\/anytimeautolosionautozaautoteloautoprirodni-300x300.jpg 300w, https:\/\/balavander.com\/wp-content\/uploads\/2021\/04\/anytimeautolosionautozaautoteloautoprirodni-150x150.jpg 150w, https:\/\/balavander.com\/wp-content\/uploads\/2021\/04\/anytimeautolosionautozaautoteloautoprirodni-768x768.jpg 768w, https:\/\/balavander.com\/wp-content\/uploads\/2021\/04\/anytimeautolosionautozaautoteloautoprirodni-12x12.jpg 12w, https:\/\/balavander.com\/wp-content\/uploads\/2021\/04\/anytimeautolosionautozaautoteloautoprirodni-75x75.jpg 75w, https:\/\/balavander.com\/wp-content\/uploads\/2021\/04\/anytimeautolosionautozaautoteloautoprirodni-500x500.jpg 500w, https:\/\/balavander.com\/wp-content\/uploads\/2021\/04\/anytimeautolosionautozaautoteloautoprirodni.jpg 1080w\" sizes=\"(max-width: 1024px) 100vw, 1024px\" \/><\/a><\/p>\n<p><strong>\u00a0<\/strong><\/p>\n<div class=\"flex-1 overflow-hidden\">\n<div class=\"react-scroll-to-bottom--css-sgazx-79elbk h-full\">\n<div class=\"react-scroll-to-bottom--css-sgazx-1n7m0yu\">\n<div class=\"flex flex-col pb-9 text-sm\">\n<div class=\"w-full text-token-text-primary\" data-testid=\"conversation-turn-17\">\n<div class=\"px-4 py-2 justify-center text-base md:gap-6 m-auto\">\n<div class=\"flex flex-1 text-base mx-auto gap-3 md:px-5 lg:px-1 xl:px-5 md:max-w-3xl lg:max-w-[40rem] xl:max-w-[48rem] group final-completion\">\n<div class=\"relative flex w-full flex-col agent-turn\">\n<div class=\"flex-col gap-1 md:gap-3\">\n<div class=\"flex flex-grow flex-col max-w-full\">\n<div class=\"min-h-[20px] text-message flex flex-col items-start gap-3 whitespace-pre-wrap break-words [.text-message+&amp;]:mt-5 overflow-x-auto\" data-message-author-role=\"assistant\" data-message-id=\"fde4fcd5-8d44-4add-91d0-89f41f33e28b\">\n<div class=\"markdown prose w-full break-words dark:prose-invert dark\">\n<p><strong>Do\u017eivite Spa Atmosferu Sa Prirodnim Mirisom Lavande:<\/strong> Osim \u0161to pru\u017ea hidrataciju, Anytime nudi i do\u017eivljaj aromaterapije. U\u017eivajte u opu\u0161taju\u0107em mirisu eteri\u010dnog ulja lavande, stvaraju\u0107i umiruju\u0107u atmosferu u va\u0161em sopstvenom domu tokom svake primene. Lavanda ima prirodno umiruju\u0107i efekat, pru\u017eaju\u0107i vam ne samo fizi\u010dku negu ve\u0107 i mentalnu relaksaciju.<\/p>\n<p><strong>Jednostavna i Efikasna Primena:<\/strong> Zahvaljuju\u0107i inovativnoj teksturi, Anytime se lako nanosi i brzo upija, \u010dine\u0107i svaku primenu jednostavnom i efikasnom. Ugrejte malu koli\u010dinu u rukama i nanesite na ko\u017eu za trenutnu meko\u0107u. Ova lako\u0107a upotrebe \u010dini Anytime savr\u0161enim za brzu jutarnju ili ve\u010dernju rutinu, dodaju\u0107i dozu luksuza u va\u0161 svakodnevni \u017eivot. Tako\u0111e, veoma je prakti\u010dan za putovanja jer sama tekstura i formulacija ne dozvoljava da se ne\u0161to prospe ili ufleka. Anytime je losion za telo u \u010dvrstom obliku, \u0161to predstavlja jo\u0161 jednu od njegovih prednosti u pore\u0111enju sa drugim losionima za telo. Naravno, Anytime mo\u017eete korisiti na svim delovima tela, uklju\u010duju\u0107i ruke, lice i druge delove ko\u017ee koji Vam se mogu u\u010diniti suvim ili iritiranim.<\/p>\n<p><strong>Eko-Friendly Ambala\u017ea za O\u010duvanje Planete:<\/strong> Kroz odabir ekolo\u0161ki prihvatljive aluminijske ambala\u017ee, Anytime ne samo da brine o va\u0161oj ko\u017ei ve\u0107 i o o\u010duvanju planete. Uzmite aktivnu ulogu u smanjenju ekolo\u0161kog otiska dok u\u017eivate u vrhunskoj nezi. Ova svesnost o ekologiji doprinosi odr\u017eivom pristupu lepoti, \u010dine\u0107i Anytime ne samo luksuznim proizvodom za va\u0161u ko\u017eu ve\u0107 i odabirom koji podr\u017eava ekolo\u0161ku ravnote\u017eu.<\/p>\n<p><strong>Savr\u0161enstvo U Svakodnevnoj Nezi:<\/strong> Pru\u017eite svojoj ko\u017ei do\u017eivljaj koji zaslu\u017euje svakog dana. Anytime nije samo losion za telo; to je poziv na otkrivanje vrhunske nege koja vas podsti\u010de da se posvetite sebi. Ne zaboravite da va\u0161a ko\u017ea zaslu\u017euje najbolje, a Anytime je tu da vam pru\u017ei vrhunsku negu iz dana u dan.<\/p>\n<p>Uzmite svoj Anytime \u010dvrsti losion za telo i zakora\u010dite u svet nege koji prevazilazi o\u010dekivanja. Va\u0161a ko\u017ea \u0107e vam biti zahvalna na svakom trenutku pa\u017enje koji joj posvetite uz Anytime.<\/p>\n<\/div>\n<\/div>\n<\/div>\n<\/div>\n<\/div>\n<\/div>\n<\/div>\n<\/div>\n<\/div>\n<\/div>\n<\/div>\n<\/div>\n<p><strong>\u00a0<\/strong><\/p>\n<\/div>\n<\/div>\n<\/div>\n<\/div>\n<\/div>\n<\/div>\n<\/div>\n<\/div>\n<\/div>\n<\/div>\n<\/div>\n<\/div>\n","protected":false},"excerpt":{"rendered":"<p><strong>Anytime<\/strong> &#8211; inovativni \u010dvrsti losion za telo, poznat i kao &#8220;mazalica za telo&#8221;.<br \/>\nMit nat\u00fcrlichen Inhaltsstoffen wie Bienenwachs, Lavendel und Sheabutter bietet es intensive Feuchtigkeit und Schutz f\u00fcr die Haut.<\/p>\n<p>Sp\u00fcren Sie den Unterschied in Weichheit, Feuchtigkeit und Schutz mit diesem einzigartigen und nat\u00fcrlichen Produkt. Nehmen Sie Ihre Anytime-Lotion und lassen Sie Ihre Haut die nat\u00fcrliche Pflege erleben.<\/p>","protected":false},"featured_media":14964,"comment_status":"open","ping_status":"closed","template":"","meta":{"wprm-recipe-roundup-name":"","wprm-recipe-roundup-description":""},"product_brand":[],"product_cat":[66,26,92,91,30],"product_tag":[146],"class_list":{"0":"post-1969","1":"product","2":"type-product","3":"status-publish","4":"has-post-thumbnail","6":"product_cat-cvrsti-losion-za-telo","7":"product_cat-aromaterapija","8":"product_cat-nega-koze","9":"product_cat-nega-lica","10":"product_cat-prirodna-kozmetika","11":"product_tag-lavanda","13":"first","14":"onbackorder","15":"taxable","16":"shipping-taxable","17":"purchasable","18":"product-type-simple"},"_links":{"self":[{"href":"https:\/\/balavander.com\/de\/wp-json\/wp\/v2\/product\/1969","targetHints":{"allow":["GET"]}}],"collection":[{"href":"https:\/\/balavander.com\/de\/wp-json\/wp\/v2\/product"}],"about":[{"href":"https:\/\/balavander.com\/de\/wp-json\/wp\/v2\/types\/product"}],"replies":[{"embeddable":true,"href":"https:\/\/balavander.com\/de\/wp-json\/wp\/v2\/comments?post=1969"}],"wp:featuredmedia":[{"embeddable":true,"href":"https:\/\/balavander.com\/de\/wp-json\/wp\/v2\/media\/14964"}],"wp:attachment":[{"href":"https:\/\/balavander.com\/de\/wp-json\/wp\/v2\/media?parent=1969"}],"wp:term":[{"taxonomy":"product_brand","embeddable":true,"href":"https:\/\/balavander.com\/de\/wp-json\/wp\/v2\/product_brand?post=1969"},{"taxonomy":"product_cat","embeddable":true,"href":"https:\/\/balavander.com\/de\/wp-json\/wp\/v2\/product_cat?post=1969"},{"taxonomy":"product_tag","embeddable":true,"href":"https:\/\/balavander.com\/de\/wp-json\/wp\/v2\/product_tag?post=1969"}],"curies":[{"name":"wp","href":"https:\/\/api.w.org\/{rel}","templated":true}]}}