{"id":1952,"date":"2021-03-31T22:03:22","date_gmt":"2021-03-31T20:03:22","guid":{"rendered":"https:\/\/balavander.com\/?post_type=product&#038;p=1952"},"modified":"2026-04-14T01:39:18","modified_gmt":"2026-04-13T23:39:18","slug":"pumpkin-prirodni-sampon-za-kosu","status":"publish","type":"product","link":"https:\/\/balavander.com\/de\/prodavnica\/pumpkin-prirodni-sampon-za-kosu\/","title":{"rendered":"Pumpkin \u2013 nat\u00fcrliches Shampoo f\u00fcr die Haare"},"content":{"rendered":"<div class=\"_xlr\">\n<p class=\"translation-block\"><strong>Anwendung:<\/strong><br>\nNat\u00fcrliches Haarshampoo und K\u00f6rperpflegeprodukt.<br>\nDer Hauptzweck dieses nat\u00fcrlichen Shampoos ist die nat\u00fcrliche Pflege und Stimulation von schnellerem Haarwachstum.<\/p>\n<p><strong>Gebrauchsanweisung:<\/strong><br \/>\nVor Gebrauch an einem k\u00fchlen, trockenen Ort in der Originalverpackung aufbewahren.<br \/>\nDamit Ihre nat\u00fcrliche Seife l\u00e4nger h\u00e4lt, bewahren Sie sie nach der Verwendung an einem trockenen Ort auf.<\/p>\n<p class=\"translation-block\">Nat\u00fcrliche Shampoos bzw. nat\u00fcrliche Haarseifen sind viel ges\u00fcnder in der Anwendung als industrielle Seifen und Shampoos, da sie keine Zusatzstoffe und Chemikalien enthalten, sondern aus speziell ausgew\u00e4hlten nat\u00fcrlichen Zutaten hergestellt werden.\n<br>\nNeben der K\u00f6rperpflege ist es dank Rizinus\u00f6l und K\u00fcrbiskern\u00f6l auch f\u00fcr die Pflege der Kopfhaut und Haarwurzeln geeignet, da es gen\u00fcgend N\u00e4hrstoffe f\u00fcr ein schnelleres Haarwachstum liefert und bei der Bek\u00e4mpfung von Schuppen und Haarausfall hilft.<\/p>\n<p>Diese Haarseife wird Ihre Kopfhaut und Ihr Haar sanft reinigen und ihm die n\u00f6tige Pflege und den n\u00f6tigen Schutz geben.<\/p>\n<p><strong>Zutaten<\/strong>:<br \/>\n\u2013 Unraffiniertes Oliven\u00f6l<br \/>\n\u2013 Palm\u00f6l<br \/>\n\u2013 Kokos\u00f6l<br \/>\n\u2013 Rizinus\u00f6l<br \/>\n\u2013K\u00fcrbiskern\u00f6l<br \/>\n- K\u00fcrbis-Duft\u00f6l<br \/>\n- Zimt-Duft\u00f6l<br \/>\n\u2013 Mica-Kristalle<\/p>\n<p><strong>Nettogewicht<\/strong>: 130g<\/p>\n<p>&nbsp;<\/p>\n<\/div>\n<p><a class=\"button\" href=\"https:\/\/drive.google.com\/file\/d\/1BVAlDCCv9YcjAXBryG3uLkgrB6AmljTN\/view?usp=drive_link\" target=\"_blank\" rel=\"noopener\">Gebrauchsanweisung<\/a><\/p>\n<h2>Nat\u00fcrliches Haarshampoo \u2013 was sind seine Vorteile?<\/h2>\n<div class=\"_xlr\">\n<p>Die Vorteile von nat\u00fcrlichen festen Shampoos sind zahlreich. Ohne viel nachzudenken, k\u00f6nnen wir sagen, dass sie Qualit\u00e4t, Praktikabilit\u00e4t und \u00f6kologische Vorteile bieten.<\/p>\n<p><strong>Qualit\u00e4t<\/strong>. Balavander stellt seine festen Shampoos ausschlie\u00dflich aus nat\u00fcrlichen pflanzlichen \u00d6len, pflanzlichen Buttern und \u00e4therischen \u00d6len her. Nat\u00fcrlich <a href=\"https:\/\/balavander.com\/de\/prodavnica\/pumpkin\/\">feste shampoos<\/a>\u00a0enthalten keine Konservierungsstoffe, Chemikalien und unerw\u00fcnschte Zusatzstoffe. Enthalten keine\u00a0<em>natriumlaurylsulfat<\/em>\u00a0(<strong>SLS<\/strong>), weshalb es das Haar nicht austrocknet oder besch\u00e4digt.<br \/>\nDa wir ausschlie\u00dflich pflanzliche inhaltsstoffe verwenden, sind feste nat\u00fcrliche shampoos auch f\u00fcr veganer geeignet.<\/p>\n<p>Nat\u00fcrliche feste Shampoos erzeugen einen reichhaltigen nat\u00fcrlichen Schaum, der das Haar reinigt und pflegt.<\/p>\n<p><strong>Praktikabilit\u00e4t<\/strong>. Einfach zu verwenden und auf das Haar aufzutragen. Reiben Sie das Shampoo auf das nasse Haar, bis Sie genug Schaum zum Waschen haben. Legen Sie das Shampoo beiseite und waschen Sie weiter, wie Sie es gewohnt sind.<\/p>\n<p>Einige Leute verwenden unsere nat\u00fcrlichen Shampoos als K\u00f6rperseife oder sogar als Rasierseife, da sie einen reichhaltigen Schaum erzeugen.<\/p>\n<p>Nat\u00fcrliche feste Shampoos und nat\u00fcrliche Haarseifen sind wirtschaftlich und langlebig.<\/p>\n<p><strong>\u00d6kologische Vorteile<\/strong>. Sie verwenden keine Plastikverpackungen, w\u00e4hrend industrielle Shampoos fast ausschlie\u00dflich Plastikverpackungen verwenden. Sie sind klein in der Gr\u00f6\u00dfe, was die Versand- und Transportkosten reduziert. Sie sind extrem konzentriert, was bedeutet, dass weniger Produkt ben\u00f6tigt wird, um den gleichen Effekt wie bei industriellen Shampoos zu erzielen.<\/p>\n<h2>Wie verwendet man nat\u00fcrliches Shampoo f\u00fcr Haarwachstum?<\/h2>\n<p>Wenn Sie bisher nur industrielle fl\u00fcssige Shampoos verwendet haben, wird es Ihnen wahrscheinlich ein wenig seltsam vorkommen, etwas anderes zu verwenden.<\/p>\n<p>Es dauert nicht allzu lange, dieses Gef\u00fchl aus dem Kopf zu bekommen. Nat\u00fcrlich gibt es eine gewisse \u00dcbergangszeit, die bei jeder Gewohnheit, die wir haben und entwickeln, \u00fcblich ist.<\/p>\n<p><a href=\"https:\/\/balavander.com\/de\/prodavnica\/pumpkin\/\">Feste Shampoos f\u00fcr die Haare<\/a>\u00a0sind eigentlich konzentrierte nat\u00fcrliche Seifen. Sie werden bei Kontakt mit warmem Wasser aktiviert. Sie k\u00f6nnen Schaum erzeugen, indem Sie das Shampoo in Ihren H\u00e4nden reiben oder Sie k\u00f6nnen es durch direktes Einreiben auf das nasse Haar tun.<br \/>\nSie werden bemerken, dass sich sofort ein dichter und cremiger Schaum bildet.<\/p>\n<p>Nach dem Waschen der Haare legen Sie das Shampoo in die Originalverpackung, damit es trocknet und seine Haltbarkeit verl\u00e4ngert wird.<\/p>\n<\/div>\n<p>Erfahren Sie mehr \u00fcber nat\u00fcrliche feste Shampoos und die richtige Anwendung in <a href=\"https:\/\/balavander.com\/de\/cvrsti-sampon-zasto\/\">gebrauchsanweisung<\/a>.<\/p>\n<h2>Nat\u00fcrliches Shampoo gegen Haarausfall<\/h2>\n<p>Auf der Suche nach ges\u00fcnderem und \u00fcppigerem Haar haben wir ein spezielles Produkt geschaffen \u2013 nat\u00fcrliches Shampoo f\u00fcr Haarwachstum. Unser Shampoo ist aus ausgew\u00e4hlten nat\u00fcrlichen Inhaltsstoffen pflanzlichen Ursprungs hergestellt, formuliert mit besonderem Schwerpunkt auf die Stimulation des Haarwachstums.<\/p>\n<p>Unsere besondere Eigenschaft ist genau auf die Unterst\u00fctzung des Haarwachstums ausgerichtet. Wir verstehen Ihr Bed\u00fcrfnis nach starkem und erneuertem Haar, daher haben wir ein nat\u00fcrliches Shampoo entwickelt, das das Wachstum auf nat\u00fcrliche und gesunde Weise sanft stimuliert. Mit einer F\u00fclle von n\u00e4hrenden Pflanzenextrakten n\u00e4hrt und st\u00e4rkt unser Shampoo die Haarfollikel und f\u00f6rdert ihre Vitalit\u00e4t. Unabh\u00e4ngig vom Haartyp ist unsere Formel sorgf\u00e4ltig angepasst, um die bestm\u00f6glichen Ergebnisse zu erzielen.<\/p>\n<p>Was uns auszeichnet, ist unsere Hingabe zur ausschlie\u00dflichen Verwendung nat\u00fcrlicher pflanzlicher Inhaltsstoffe. Wir vermeiden aggressive Chemikalien und Detergenzien und machen unser Shampoo sanft zu Ihrem Haar, w\u00e4hrend es gleichzeitig tiefenreinigt und hydratisiert. Durch regelm\u00e4\u00dfige Anwendung unseres Shampoos wird Ihr Haar gest\u00e4rkt, vital und bereit f\u00fcr das Wachstum.<\/p>\n<h2>Wussten Sie schon?<\/h2>\n<p class=\"translation-block\"><strong>Pumpkin <\/strong>prirodni \u0161ampon za kosu dobitnik je&nbsp;<strong>velike zlatne medalje<\/strong> i medalje sa posebnim priznanjem za <strong>najbolji \u201cretro\u201d prirodni proizvod<\/strong> na <strong>Novosadskom sajmu<\/strong>.<\/p>\n<p><a href=\"https:\/\/balavander.com\/wp-content\/uploads\/2021\/03\/pumpkinautonovosadskiautosajamautozlatnaautomedalja.jpg\"><img fetchpriority=\"high\" decoding=\"async\" class=\"wp-image-12001 size-full aligncenter\" src=\"https:\/\/balavander.com\/wp-content\/uploads\/2021\/03\/pumpkinautonovosadskiautosajamautozlatnaautomedalja.jpg\" alt=\"najbolji prirodni sampon\" width=\"781\" height=\"1080\" title=\"\" srcset=\"https:\/\/balavander.com\/wp-content\/uploads\/2021\/03\/pumpkinautonovosadskiautosajamautozlatnaautomedalja.jpg 781w, https:\/\/balavander.com\/wp-content\/uploads\/2021\/03\/pumpkinautonovosadskiautosajamautozlatnaautomedalja-600x830.jpg 600w, https:\/\/balavander.com\/wp-content\/uploads\/2021\/03\/pumpkinautonovosadskiautosajamautozlatnaautomedalja-217x300.jpg 217w, https:\/\/balavander.com\/wp-content\/uploads\/2021\/03\/pumpkinautonovosadskiautosajamautozlatnaautomedalja-741x1024.jpg 741w, https:\/\/balavander.com\/wp-content\/uploads\/2021\/03\/pumpkinautonovosadskiautosajamautozlatnaautomedalja-768x1062.jpg 768w, https:\/\/balavander.com\/wp-content\/uploads\/2021\/03\/pumpkinautonovosadskiautosajamautozlatnaautomedalja-9x12.jpg 9w\" sizes=\"(max-width: 781px) 100vw, 781px\" \/><\/a><\/p>\n<p>&nbsp;<\/p>","protected":false},"excerpt":{"rendered":"<p class=\"translation-block\"><strong>Pumpkin<\/strong> nat\u00fcrliches Shampoo f\u00fcr Haarwachstum bietet nat\u00fcrliche Pflege und stimuliert schnelleres Haarwachstum.<\/p>\n<p>Mit Inhaltsstoffen wie Oliven-, Palm-, Kokos-, Rizinus- und K\u00fcrbiskern\u00f6l bietet dieses Shampoo sanfte und effektive Kopfhaut- und Kopfhautpflege. Ohne Zusatzstoffe und Chemikalien ist es ideal f\u00fcr alle Haartypen und bek\u00e4mpft Schuppen und Haarausfall.<br \/>\nDiese konzentrierte Seife erzeugt reichen und cremigen Schaum und reinigt das Haar nat\u00fcrlich und wirtschaftlich.<br \/>\nUmweltbewusst, plastikfrei und mit kleinen Verpackungsabmessungen, <strong>Pumpkin<\/strong> Haarshampoo unterst\u00fctzt das Haarwachstum auf nat\u00fcrliche Weise.<\/p>\n<p>Probieren Sie es aus und st\u00e4rken Sie Ihr Haar, indem Sie ihm die n\u00f6tige Pflege und den n\u00f6tigen Schutz geben.<\/p>","protected":false},"featured_media":7739,"comment_status":"open","ping_status":"closed","template":"","meta":{"wprm-recipe-roundup-name":"","wprm-recipe-roundup-description":""},"product_brand":[],"product_cat":[427,26,80,93,30,32,95],"product_tag":[],"class_list":{"0":"post-1952","1":"product","2":"type-product","3":"status-publish","4":"has-post-thumbnail","6":"product_cat-prirodni-sampon","7":"product_cat-aromaterapija","8":"product_cat-cvrsti-sampon-za-kosu","9":"product_cat-nega-kose","10":"product_cat-prirodna-kozmetika","11":"product_cat-prirodni-sapuni","12":"product_cat-veganska-kozmetika","14":"first","15":"instock","16":"featured","17":"taxable","18":"shipping-taxable","19":"purchasable","20":"product-type-simple"},"_links":{"self":[{"href":"https:\/\/balavander.com\/de\/wp-json\/wp\/v2\/product\/1952","targetHints":{"allow":["GET"]}}],"collection":[{"href":"https:\/\/balavander.com\/de\/wp-json\/wp\/v2\/product"}],"about":[{"href":"https:\/\/balavander.com\/de\/wp-json\/wp\/v2\/types\/product"}],"replies":[{"embeddable":true,"href":"https:\/\/balavander.com\/de\/wp-json\/wp\/v2\/comments?post=1952"}],"wp:featuredmedia":[{"embeddable":true,"href":"https:\/\/balavander.com\/de\/wp-json\/wp\/v2\/media\/7739"}],"wp:attachment":[{"href":"https:\/\/balavander.com\/de\/wp-json\/wp\/v2\/media?parent=1952"}],"wp:term":[{"taxonomy":"product_brand","embeddable":true,"href":"https:\/\/balavander.com\/de\/wp-json\/wp\/v2\/product_brand?post=1952"},{"taxonomy":"product_cat","embeddable":true,"href":"https:\/\/balavander.com\/de\/wp-json\/wp\/v2\/product_cat?post=1952"},{"taxonomy":"product_tag","embeddable":true,"href":"https:\/\/balavander.com\/de\/wp-json\/wp\/v2\/product_tag?post=1952"}],"curies":[{"name":"wp","href":"https:\/\/api.w.org\/{rel}","templated":true}]}}