{"id":1741,"date":"2021-02-28T11:35:48","date_gmt":"2021-02-28T10:35:48","guid":{"rendered":"https:\/\/balavander.com\/?post_type=product&#038;p=1741"},"modified":"2026-05-10T01:39:22","modified_gmt":"2026-05-09T23:39:22","slug":"vera-prirodni-sapun-aloe-vera","status":"publish","type":"product","link":"https:\/\/balavander.com\/de\/prodavnica\/vera-prirodni-sapun-aloe-vera\/","title":{"rendered":"Vera \u2013 nat\u00fcrliche Aloe Vera Seife"},"content":{"rendered":"<div class=\"_xlr\">\n<p><strong>Vera \u2013 Nat\u00fcrliche Aloe Vera Seife f\u00fcr Alle Hauttypen<\/strong><\/p>\n<div class=\"mb-2 whitespace-pre-line last:mb-0\">Unser <strong>Vera<\/strong> Nat\u00fcrliche Seife mit Aloe Vera ist ein perfektes K\u00f6rperhygienprodukt, das entwickelt wurde, um Ihre Haut mit nat\u00fcrlichen Inhaltsstoffen zu n\u00e4hren. Geeignet f\u00fcr alle Hauttypen, bietet diese Seife sanfte Reinigung, tiefe Hydratation und erfrischende Wirkung, dank der Vorteile von Aloe Vera und Gurke.<\/div>\n<div class=\"mb-2 whitespace-pre-line last:mb-0\">Einzigartiges Produkt, das die beruhigenden Eigenschaften von Aloe Vera mit n\u00e4hrenden Inhaltsstoffen wie Oliven-, Palm- und Kokos\u00f6l kombiniert. Diese Aloe Vera Seife ist die perfekte Wahl f\u00fcr alle, die eine sanfte, aber effektive Art der Hauthydratation und -pflege suchen, egal ob Sie sie f\u00fcr Gesicht, H\u00e4nde oder den ganzen K\u00f6rper verwenden.<\/div>\n<h3><strong>Wie verwendet man Aloe Vera Seife?<br \/>\n<\/strong><\/h3>\n<p>Vera Aloe Vera Seife ist \u00e4u\u00dferst vielseitig und kann als Gesichtsseife, Handseife oder Duschseife verwendet werden. Sie ist ideal f\u00fcr den t\u00e4glichen Gebrauch, sicher sowohl f\u00fcr Erwachsene als auch f\u00fcr Kinder. Diese nat\u00fcrliche Aloe Vera Seife ist eine perfekte Wahl f\u00fcr die ganze Familie, besonders f\u00fcr diejenigen mit trockener oder empfindlicher Haut.<\/p>\n<h3><strong>Inhaltsstoffe:<\/strong><\/h3>\n<ul>\n<li>Unraffiniertes Oliven\u00f6l<\/li>\n<li>Palm\u00f6l<\/li>\n<li>Kokos\u00f6l<\/li>\n<li>Mirisno ulje aloe vera \u2013 krastavac<\/li>\n<li>Mica-Kristalle<\/li>\n<\/ul>\n<div class=\"mb-2 whitespace-pre-line last:mb-0\"><strong>Nettogewicht:<\/strong> 130 g<\/div>\n<\/div>\n<div><\/div>\n<div><\/div>\n<div class=\"_xlr\">\n<div><strong style=\"color: #008080;\">\u2714 100% nat\u00fcrlich<\/strong><\/div>\n<\/div>\n<div><span style=\"color: #008080;\"><strong>\u2714\u00a0vegan<br \/>\n\u2714 premium-qualit\u00e4t<br \/>\n\u2714 handgefertigt<br \/>\n\u2714 nicht an tieren getestet<\/strong><\/span><\/div>\n<p>\u00a0<\/p>\n<h3><strong>Eigenschaften der Inhaltsstoffe in Aloe Vera Seife:<\/strong><\/h3>\n<div class=\"mb-2 whitespace-pre-line last:mb-0\"><strong>Oliven\u00f6l:<\/strong> : Dieser Inhaltsstoff ist f\u00fcr seine hydratisierenden Eigenschaften und seinen Reichtum an Vitamin E bekannt. Er hilft dabei, die Hautfeuchtigkeit zu bewahren, reduziert Entz\u00fcndungen und sorgt f\u00fcr Weichheit und Gl\u00e4tte.<\/div>\n<div class=\"mb-2 whitespace-pre-line last:mb-0\"><strong>Palm\u00f6l:<\/strong> Gew\u00e4hrleistet stabilen Schaum und Festigkeit der Seife, bietet zus\u00e4tzliche Hydratation und Erhaltung der Hautweichheit.<\/div>\n<div class=\"mb-2 whitespace-pre-line last:mb-0\"><strong>Kokos\u00f6l:<\/strong> Bekannt f\u00fcr seine antibakteriellen Eigenschaften, hydratisiert und erweicht Kokos\u00f6l die Haut, w\u00e4hrend es gleichzeitig eine sanfte Peeling-Wirkung bietet.<\/div>\n<div class=\"mb-2 whitespace-pre-line last:mb-0\"><strong>Mirisno ulje aloe vera \u2013 krastavac:<\/strong> Der Hauptinhaltsstoff unserer Aloe Vera Seife, die Kombination aus Aloe Vera und Gurke hat eine beruhigende und feuchtigkeitsspendende Wirkung. Dieser erfrischende Duft beruhigt den Geist und vermittelt ein Gef\u00fchl der Sauberkeit, w\u00e4hrend er gleichzeitig Ihre Haut n\u00e4hrt und hydratisiert.<\/div>\n<div class=\"mb-2 whitespace-pre-line last:mb-0\"><strong>Mica-Kristalle:<\/strong> Sie bieten einen sanften Peeling-Effekt, der abgestorbene Hautzellen sanft entfernt und sie glatt und strahlend hinterl\u00e4sst.<\/div>\n<div class=\"mb-2 whitespace-pre-line last:mb-0\">Vera Seife kombiniert nat\u00fcrliche Inhaltsstoffe, um Ihre Haut hydratisiert, gen\u00e4hrt und erfrischt zu halten. Diese Seife ist ideal f\u00fcr diejenigen, die eine nat\u00fcrliche L\u00f6sung f\u00fcr die t\u00e4gliche Hautpflege suchen, mit besonderem Schwerpunkt auf der feuchtigkeitsspendenden Wirkung von Aloe Vera.<\/div>\n<h3><strong>Warum Aloe Vera Seife w\u00e4hlen?<\/strong><\/h3>\n<div class=\"mb-2 whitespace-pre-line last:mb-0\">Vera Seife ist mehr als gew\u00f6hnliche Seife. Ihre Formel, basierend auf nat\u00fcrlichen Inhaltsstoffen, ist sorgf\u00e4ltig entwickelt, um umfassende Hydratation und Hautpflege zu bieten.<\/div>\n<div class=\"mb-2 whitespace-pre-line last:mb-0\">Dank des Aloe Vera und Gurken-Duft\u00f6ls wirkt die Seife erfrischend und feuchtigkeitsspendend, reduziert Hauttrockenheit, w\u00e4hrend andere Inhaltsstoffe wie Oliven- und Kokos\u00f6l tiefe Hydratation und Schutz bieten.<\/div>\n<div class=\"mb-2 whitespace-pre-line last:mb-0\">Aloe Vera ist f\u00fcr ihre feuchtigkeitsspendenden und beruhigenden Eigenschaften bekannt. Sie wird seit Jahrhunderten in der traditionellen Medizin und Kosmetik verwendet aufgrund ihrer F\u00e4higkeit, die Haut zu beruhigen, zu hydratisieren und zu regenerieren. In Kombination mit Pflanzen\u00f6len reinigt Vera Aloe Vera Seife nicht nur, sondern hydratisiert und n\u00e4hrt auch tiefgehend Ihre Haut und hinterl\u00e4sst sie weich, glatt und erfrischt.<\/div>\n<h3><strong>Anwendung und Lagerung:<\/strong><\/h3>\n<div class=\"mb-2 whitespace-pre-line last:mb-0\">Um die Vorteile der Vera Seife maximal zu nutzen, empfehlen wir, sie t\u00e4glich zu verwenden. Egal ob Sie sie f\u00fcr Gesicht, H\u00e4nde oder K\u00f6rper verwenden, diese Aloe Vera Seife wird Ihnen umfassende Hydratation und Schutz bieten. Nach dem Gebrauch lagern Sie die Seife an einem trockenen Ort, um ihre Lebensdauer zu verl\u00e4ngern. Vor dem Gebrauch bewahren Sie sie an einem trockenen und k\u00fchlen Ort in der Originalverpackung auf.<\/div>\n<h3><strong>Ihre T\u00e4gliche Dosis Nat\u00fcrlicher Hydratation<\/strong><\/h3>\n<div class=\"mb-2 whitespace-pre-line last:mb-0\">Aloe Vera Seife ist die perfekte Wahl f\u00fcr alle, die nat\u00fcrliche, aber kraftvolle Hauthydratation wollen. Die Kombination aus Aloe Vera Duft und n\u00e4hrenden Pflanzen\u00f6len versorgt die Haut mit allem, was sie braucht, um gesund, hydratisiert und gesch\u00fctzt zu sein. Unabh\u00e4ngig vom Hauttyp wird Sie diese Aloe Vera Seife mit ihrem erfrischenden Duft und feuchtigkeitsspendenden Ergebnissen verzaubern. Geben Sie sich der nat\u00fcrlichen Pflege hin und genie\u00dfen Sie t\u00e4gliche Rituale mit Vera Aloe Vera Seife.<\/div>","protected":false},"excerpt":{"rendered":"<p class=\"translation-block\"><strong>Vera<\/strong> ist eine Seife f\u00fcr die K\u00f6rperhygiene, die umfassende Pflege f\u00fcr alle Hauttypen bietet.<br>\nMit sorgf\u00e4ltig ausgew\u00e4hlten Inhaltsstoffen wie unraffiniertem Oliven\u00f6l, Palm\u00f6l, Kokos\u00f6l, Aloe Vera \u2013 Gurken-Duft\u00f6l und Mica-Kristallen reinigt diese Seife sanft und erfrischt die Haut.<\/p>\n<p><strong>Vera<\/strong> die Seife ist praktisch f\u00fcr den t\u00e4glichen Gebrauch und sorgt f\u00fcr saubere, hydratisierte Haut und ein Gef\u00fchl der Frische.<\/p>","protected":false},"featured_media":10279,"comment_status":"open","ping_status":"closed","template":"","meta":{"wprm-recipe-roundup-name":"","wprm-recipe-roundup-description":""},"product_brand":[],"product_cat":[32,26,92,30,95],"product_tag":[144],"class_list":{"0":"post-1741","1":"product","2":"type-product","3":"status-publish","4":"has-post-thumbnail","6":"product_cat-prirodni-sapuni","7":"product_cat-aromaterapija","8":"product_cat-nega-koze","9":"product_cat-prirodna-kozmetika","10":"product_cat-veganska-kozmetika","11":"product_tag-prirodni-sapun","13":"first","14":"instock","15":"featured","16":"taxable","17":"shipping-taxable","18":"purchasable","19":"product-type-simple"},"_links":{"self":[{"href":"https:\/\/balavander.com\/de\/wp-json\/wp\/v2\/product\/1741","targetHints":{"allow":["GET"]}}],"collection":[{"href":"https:\/\/balavander.com\/de\/wp-json\/wp\/v2\/product"}],"about":[{"href":"https:\/\/balavander.com\/de\/wp-json\/wp\/v2\/types\/product"}],"replies":[{"embeddable":true,"href":"https:\/\/balavander.com\/de\/wp-json\/wp\/v2\/comments?post=1741"}],"wp:featuredmedia":[{"embeddable":true,"href":"https:\/\/balavander.com\/de\/wp-json\/wp\/v2\/media\/10279"}],"wp:attachment":[{"href":"https:\/\/balavander.com\/de\/wp-json\/wp\/v2\/media?parent=1741"}],"wp:term":[{"taxonomy":"product_brand","embeddable":true,"href":"https:\/\/balavander.com\/de\/wp-json\/wp\/v2\/product_brand?post=1741"},{"taxonomy":"product_cat","embeddable":true,"href":"https:\/\/balavander.com\/de\/wp-json\/wp\/v2\/product_cat?post=1741"},{"taxonomy":"product_tag","embeddable":true,"href":"https:\/\/balavander.com\/de\/wp-json\/wp\/v2\/product_tag?post=1741"}],"curies":[{"name":"wp","href":"https:\/\/api.w.org\/{rel}","templated":true}]}}