{"id":1739,"date":"2021-02-28T11:27:22","date_gmt":"2021-02-28T10:27:22","guid":{"rendered":"https:\/\/balavander.com\/?post_type=product&#038;p=1739"},"modified":"2026-04-16T01:39:20","modified_gmt":"2026-04-15T23:39:20","slug":"fresh-prirodni-sapun","status":"publish","type":"product","link":"https:\/\/balavander.com\/de\/prodavnica\/fresh-prirodni-sapun\/","title":{"rendered":"Fresh - nat\u00fcrliche Seife"},"content":{"rendered":"<div class=\"_xlr\">\n<p><strong>Anwendung:<\/strong><br \/>\nPflegeprodukt f\u00fcr die pers\u00f6nliche Hygiene, geeignet f\u00fcr alle Hauttypen.<\/p>\n<p><strong>Gebrauchsanweisung:<\/strong><br \/>\nVor Gebrauch an einem k\u00fchlen, trockenen Ort in der Originalverpackung aufbewahren.<br \/>\nDamit Ihre nat\u00fcrliche Seife l\u00e4nger h\u00e4lt, bewahren Sie sie nach der Verwendung an einem trockenen Ort auf.<\/p>\n<p>&nbsp;<\/p>\n<\/div>\n<p class=\"translation-block\"><strong>Inhaltsstoffe<\/strong>:<br \/>\n\u2013 Unraffiniertes Oliven\u00f6l<br \/>\n\u2013 Palm\u00f6l<br \/>\n\u2013 Kokos\u00f6l<br \/>\n\u2013 Zitronengras-\u00d6l<br \/>\n\u2013 Mica-Kristalle<\/p>\n<p><strong>Nettogewicht<\/strong>: 90g<\/p>","protected":false},"excerpt":{"rendered":"<div class=\"flex-1 overflow-hidden\">\n<div class=\"react-scroll-to-bottom--css-hcocl-79elbk h-full\">\n<div class=\"react-scroll-to-bottom--css-hcocl-1n7m0yu\">\n<div class=\"flex flex-col pb-9 text-sm\">\n<div class=\"w-full text-token-text-primary\" data-testid=\"conversation-turn-3\">\n<div class=\"px-4 py-2 justify-center text-base md:gap-6 m-auto\">\n<div class=\"flex flex-1 text-base mx-auto gap-3 md:px-5 lg:px-1 xl:px-5 md:max-w-3xl lg:max-w-[40rem] xl:max-w-[48rem] group final-completion\">\n<div class=\"relative flex w-full flex-col lg:w-[calc(100%-115px)] agent-turn\">\n<div class=\"flex-col gap-1 md:gap-3\">\n<div class=\"flex flex-grow flex-col max-w-full\">\n<div class=\"min-h-[20px] text-message flex flex-col items-start gap-3 whitespace-pre-wrap break-words [.text-message+&amp;]:mt-5 overflow-x-auto\" data-message-author-role=\"assistant\" data-message-id=\"03bf6c26-f733-4ece-b6aa-752abb9025cc\">\n<div class=\"markdown prose w-full break-words dark:prose-invert dark\">\n<p><strong>Fresh<\/strong> je prirodni ru\u010dno pravljeni sapun namenjen za sve tipove ko\u017ee.<br \/>\nSavr\u0161eno za sve tipove ko\u017ee, ovo sredstvo za li\u010dnu higijenu obezbe\u0111uje ne\u017eno \u010di\u0161\u0107enje.<br \/>\nSadr\u017ei nerafinisano maslinovo ulje, palmino ulje i kokosovo ulje za hidrataciju, dok miris limunove trave pru\u017ea osve\u017eavaju\u0107i do\u017eivljaj.<br \/>\nMica kristali dodaju blistav sjaj.<\/p>\n<p>Pakovanje od 90g \u010dini ga prakti\u010dnim i idealnim za svakodnevnu upotrebu.<\/p>\n<\/div>\n<\/div>\n<\/div>\n<\/div>\n<\/div>\n<\/div>\n<\/div>\n<\/div>\n<\/div>\n<\/div>\n<\/div>\n<\/div>\n<div class=\"w-full pt-2 md:pt-0 dark:border-white\/20 md:border-transparent md:dark:border-transparent md:w-[calc(100%-.5rem)]\">\n<form class=\"stretch mx-2 flex flex-row gap-3 last:mb-2 md:mx-4 md:last:mb-6 lg:mx-auto lg:max-w-2xl xl:max-w-3xl\">\n<div class=\"relative flex h-full flex-1 items-stretch md:flex-col\">\n<div class=\"flex w-full items-center\"><\/div>\n<\/div>\n<\/form>\n<\/div>\n","protected":false},"featured_media":16497,"comment_status":"open","ping_status":"closed","template":"","meta":{"wprm-recipe-roundup-name":"","wprm-recipe-roundup-description":""},"product_brand":[],"product_cat":[32,26,92,30,95],"product_tag":[144],"class_list":{"0":"post-1739","1":"product","2":"type-product","3":"status-publish","4":"has-post-thumbnail","6":"product_cat-prirodni-sapuni","7":"product_cat-aromaterapija","8":"product_cat-nega-koze","9":"product_cat-prirodna-kozmetika","10":"product_cat-veganska-kozmetika","11":"product_tag-prirodni-sapun","13":"first","14":"instock","15":"taxable","16":"shipping-taxable","17":"purchasable","18":"product-type-simple"},"_links":{"self":[{"href":"https:\/\/balavander.com\/de\/wp-json\/wp\/v2\/product\/1739","targetHints":{"allow":["GET"]}}],"collection":[{"href":"https:\/\/balavander.com\/de\/wp-json\/wp\/v2\/product"}],"about":[{"href":"https:\/\/balavander.com\/de\/wp-json\/wp\/v2\/types\/product"}],"replies":[{"embeddable":true,"href":"https:\/\/balavander.com\/de\/wp-json\/wp\/v2\/comments?post=1739"}],"wp:featuredmedia":[{"embeddable":true,"href":"https:\/\/balavander.com\/de\/wp-json\/wp\/v2\/media\/16497"}],"wp:attachment":[{"href":"https:\/\/balavander.com\/de\/wp-json\/wp\/v2\/media?parent=1739"}],"wp:term":[{"taxonomy":"product_brand","embeddable":true,"href":"https:\/\/balavander.com\/de\/wp-json\/wp\/v2\/product_brand?post=1739"},{"taxonomy":"product_cat","embeddable":true,"href":"https:\/\/balavander.com\/de\/wp-json\/wp\/v2\/product_cat?post=1739"},{"taxonomy":"product_tag","embeddable":true,"href":"https:\/\/balavander.com\/de\/wp-json\/wp\/v2\/product_tag?post=1739"}],"curies":[{"name":"wp","href":"https:\/\/api.w.org\/{rel}","templated":true}]}}